{"id":2104,"date":"2021-03-23T09:33:48","date_gmt":"2021-03-23T09:33:48","guid":{"rendered":"http:\/\/localhost\/nuss\/?page_id=167"},"modified":"2025-07-30T08:41:54","modified_gmt":"2025-07-30T08:41:54","slug":"unsere-geschichte","status":"publish","type":"page","link":"https:\/\/jianguohiddenhotel.com\/de\/unsere-geschichte\/","title":{"rendered":"Unsere Geschichte"},"content":{"rendered":"<div data-elementor-type=\"wp-page\" data-elementor-id=\"2104\" class=\"elementor elementor-2104\">\n\t\t\t\t\t\t<section class=\"elementor-section elementor-top-section elementor-element elementor-element-8f5bb9d elementor-section-boxed elementor-section-gap-beside-yes elementor-section-height-default elementor-section-height-default elementor-section-column-vertical-align-stretch\" data-id=\"8f5bb9d\" data-element_type=\"section\" data-e-type=\"section\">\n\t\t\t\t\t\t<div class=\"elementor-container elementor-column-gap-extended\">\n\t\t\t\t\t<div class=\"elementor-column elementor-col-100 elementor-top-column elementor-element elementor-element-7ec4215\" data-id=\"7ec4215\" data-element_type=\"column\" data-e-type=\"column\">\n\t\t\t<div class=\"elementor-widget-wrap elementor-element-populated\">\n\t\t\t\t\t\t<div class=\"elementor-element elementor-element-edd9d03 elementor-widget__width-initial elementor-invisible elementor-widget elementor-widget-text-editor\" data-id=\"edd9d03\" data-element_type=\"widget\" data-e-type=\"widget\" data-settings=\"{&quot;_animation&quot;:&quot;nussFadeInUp&quot;}\" data-widget_type=\"text-editor.default\">\n\t\t\t\t\t\t\t\t\t<p><strong data-spm-anchor-id=\"a2ty_o01.29997173.0.i28.6242c921Bll23M\">Die Seele des JIANGUO HIDDEN HOTEL \u2013 Wo Erbe auf verborgene Harmonie trifft<\/strong><\/p>\t\t\t\t\t\t\t\t<\/div>\n\t\t\t\t\t<\/div>\n\t\t<\/div>\n\t\t\t\t\t<\/div>\n\t\t<\/section>\n\t\t<div class=\"elementor-element elementor-element-2d9bb20 e-flex e-con-boxed e-con e-parent\" data-id=\"2d9bb20\" data-element_type=\"container\" data-e-type=\"container\">\n\t\t\t\t\t<div class=\"e-con-inner\">\n\t\t\t\t<div class=\"elementor-element elementor-element-fd4c4ca elementor-widget elementor-widget-text-editor\" data-id=\"fd4c4ca\" data-element_type=\"widget\" data-e-type=\"widget\" data-widget_type=\"text-editor.default\">\n\t\t\t\t\t\t\t\t\t<p data-spm-anchor-id=\"a2ty_o01.29997173.0.i30.6242c921Bll23M\">In der historischen Stadt Datong, wo jahrhundertelange imperiale Ambitionen, der Handel auf der Seidenstra\u00dfe und buddhistische Hingabe die Seele Nordchinas gepr\u00e4gt haben, beginnt ein neues Kapitel der Gastfreundschaft. Hier, eingebettet in die elegante Silhouette des Yongtai-Geb\u00e4udes an der South Yongtai Road im historischen Bezirk Pingcheng, erhebt sich <strong>JIANGUO VERSTECKTES HOTEL<\/strong>\u2013 nicht nur als ein Ort zum Verweilen, sondern als lebendige Erz\u00e4hlung der Wiederentdeckung, Ehrfurcht und des kultivierten R\u00fcckzugs.<\/p><p>Unsere Geschichte beginnt nicht mit Baupl\u00e4nen oder Gesch\u00e4ftspl\u00e4nen, sondern mit einer Vision: ein Refugium zu schaffen, das die tiefen kulturellen Wurzeln der Provinz Shanxi ehrt und gleichzeitig die ruhige Eleganz moderner Gelassenheit verk\u00f6rpert. Der Name <em>\u201eJianguo versteckt\u201c<\/em> ist mehr als nur ein Branding \u2013 es ist eine Philosophie. \u201eJianguo\u201c ist eine Hommage an das best\u00e4ndige Erbe chinesischer Handwerkskunst, Widerstandsf\u00e4higkeit und Nationalstolz, w\u00e4hrend \u201eHidden\u201c die stille, besinnliche Sch\u00f6nheit thematisiert, die unter der Oberfl\u00e4che des gesch\u00e4ftigen Stadtlebens liegt. Gemeinsam bilden sie ein Versprechen: G\u00e4sten eine Reise nach innen zu bieten, weg vom L\u00e4rm, hin zu Authentizit\u00e4t, Ausgeglichenheit und Verbundenheit.<\/p><p>Datong, einst die Hauptstadt der N\u00f6rdlichen Wei-Dynastie und zentraler Knotenpunkt des Ost-West-Handels, ist seit jeher eine Stadt der Kontraste \u2013 wo in Sandsteinfelsen gehauene alte Grotten neben moderner Stadterneuerung stehen und wo sich das Echo der Tempelglocken mit dem Rhythmus des modernen Lebens vermischt. Das JIANGUO HIDDEN HOTEL wurde als Br\u00fccke zwischen diesen Welten konzipiert. Inspiriert von der Anmut der Architektur der Ming- und Qing-Dynastie, jedoch durch die Linse minimalistischen modernen Designs neu interpretiert, ist die \u00c4sthetik des Hotels ein Dialog zwischen Vergangenheit und Gegenwart. H\u00f6lzerne Gitterw\u00e4nde, handgemei\u00dfelte Steinmotive und ruhige Wasserh\u00f6fe gehen nahtlos in R\u00e4ume \u00fcber, die von sanfter Umgebungsbeleuchtung und raumhohen Fenstern erhellt werden und eine Atmosph\u00e4re ruhiger Eleganz schaffen.<\/p><p>Aber unsere Geschichte dreht sich nicht nur um Architektur \u2013 sie dreht sich um Menschen. Die Idee f\u00fcr das JIANGUO HIDDEN HOTEL entstand aus einer zehnj\u00e4hrigen Reise einer Gruppe lokaler Unternehmer, Historiker und Vision\u00e4re der Hotellerie, die glaubten, dass wahrer Luxus nicht im Reichtum, sondern in der Absicht liegt. Sie reisten durch Shanxi und berieten sich mit Handwerkern, M\u00f6nchen und \u00c4ltesten, um das Wesen von <em>&quot;versteckt&quot;<\/em> Sch\u00f6nheit \u2013 die subtile Harmonie einer perfekt gebr\u00fchten Tasse gereiften Pu-Erh-Tees, die stille W\u00fcrde handgewebter Textilien oder die Ruhe eines Innenhofs im Morgengrauen. Diese Elemente sind in die Struktur des Hotels eingewoben, von den M\u00f6beln aus Walnussholz aus der Region bis hin zum individuellen Duft, der in jedem Zimmer verbreitet wird \u2013 eine Mischung aus Zypresse, Osmanthus und wilder Chrysantheme, inspiriert von der Bergluft des nahegelegenen Hengshan.<\/p><p data-spm-anchor-id=\"a2ty_o01.29997173.0.i29.6242c921Bll23M\">\u00a0<\/p>\t\t\t\t\t\t\t\t<\/div>\n\t\t\t\t\t<\/div>\n\t\t\t\t<\/div>\n\t\t<div class=\"elementor-element elementor-element-36bd9c6 e-flex e-con-boxed e-con e-parent\" data-id=\"36bd9c6\" data-element_type=\"container\" data-e-type=\"container\">\n\t\t\t\t\t<div class=\"e-con-inner\">\n\t\t\t\t<div class=\"elementor-element elementor-element-224fdb7 elementor-widget elementor-widget-nuss-image-gallery\" data-id=\"224fdb7\" data-element_type=\"widget\" data-e-type=\"widget\" data-widget_type=\"nuss-image-gallery.default\">\n\t\t\t\t<div class=\"elementor-widget-container\">\n\t\t\t\t\t\t\t<div class=\"nuss-grid-wrapper\" data-grid=\"{&quot;type&quot;:&quot;grid&quot;,&quot;ratio&quot;:null,&quot;columns&quot;:3,&quot;gutter&quot;:30}\">\r\n\t\t\t<div class=\"nuss-grid lazy-grid\">\r\n\t\t\t\t<div class=\"grid-sizer\"><\/div>\r\n\r\n\t\t\t\t\t\t\t\t\t\t\t\t<div class=\"grid-item\">\r\n\t\t\t\t\t\t<div class=\"nuss-box\">\t\t<div class=\"nuss-image image\">\r\n\t\t\t<img decoding=\"async\"  src=\"https:\/\/jianguohiddenhotel.com\/wp-content\/uploads\/2025\/07\/JIANGUO-HIDDEN-HOTEL-36.webp\" alt=\"JIANGUO VERSTECKTES HOTEL (36)\" \/>\t\t<\/div>\r\n\t\t\t\t<\/div>\t\t\t\t\t<\/div>\r\n\t\t\t\t\t\t<div class=\"grid-item\">\r\n\t\t\t\t\t\t<div class=\"nuss-box\">\t\t<div class=\"nuss-image image\">\r\n\t\t\t<img decoding=\"async\"  src=\"https:\/\/jianguohiddenhotel.com\/wp-content\/uploads\/2025\/07\/JIANGUO-HIDDEN-HOTEL-25.webp\" alt=\"JIANGUO VERSTECKTES HOTEL (25)\" \/>\t\t<\/div>\r\n\t\t\t\t<\/div>\t\t\t\t\t<\/div>\r\n\t\t\t\t\t\t<div class=\"grid-item\">\r\n\t\t\t\t\t\t<div class=\"nuss-box\">\t\t<div class=\"nuss-image image\">\r\n\t\t\t<img decoding=\"async\"  src=\"https:\/\/jianguohiddenhotel.com\/wp-content\/uploads\/2025\/07\/JIANGUO-HIDDEN-HOTEL-103.webp\" alt=\"JIANGUO VERSTECKTES HOTEL (103)\" \/>\t\t<\/div>\r\n\t\t\t\t<\/div>\t\t\t\t\t<\/div>\r\n\t\t\t\t\t\t<div class=\"grid-item\">\r\n\t\t\t\t\t\t<div class=\"nuss-box\">\t\t<div class=\"nuss-image image\">\r\n\t\t\t<img decoding=\"async\"  src=\"https:\/\/jianguohiddenhotel.com\/wp-content\/uploads\/2025\/07\/JIANGUO-HIDDEN-HOTEL-95.webp\" alt=\"JIANGUO VERSTECKTES HOTEL (95)\" \/>\t\t<\/div>\r\n\t\t\t\t<\/div>\t\t\t\t\t<\/div>\r\n\t\t\t\t\t\t<div class=\"grid-item\">\r\n\t\t\t\t\t\t<div class=\"nuss-box\">\t\t<div class=\"nuss-image image\">\r\n\t\t\t<img decoding=\"async\"  src=\"https:\/\/jianguohiddenhotel.com\/wp-content\/uploads\/2025\/07\/JIANGUO-HIDDEN-HOTEL-87.webp\" alt=\"JIANGUO VERSTECKTES HOTEL (87)\" \/>\t\t<\/div>\r\n\t\t\t\t<\/div>\t\t\t\t\t<\/div>\r\n\t\t\t\t\t\t<div class=\"grid-item\">\r\n\t\t\t\t\t\t<div class=\"nuss-box\">\t\t<div class=\"nuss-image image\">\r\n\t\t\t<img decoding=\"async\"  src=\"https:\/\/jianguohiddenhotel.com\/wp-content\/uploads\/2025\/07\/JIANGUO-HIDDEN-HOTEL-86.webp\" alt=\"JIANGUO VERSTECKTES HOTEL (86)\" \/>\t\t<\/div>\r\n\t\t\t\t<\/div>\t\t\t\t\t<\/div>\r\n\t\t\t\t\t\t<div class=\"grid-item\">\r\n\t\t\t\t\t\t<div class=\"nuss-box\">\t\t<div class=\"nuss-image image\">\r\n\t\t\t<img decoding=\"async\"  src=\"https:\/\/jianguohiddenhotel.com\/wp-content\/uploads\/2025\/07\/JIANGUO-HIDDEN-HOTEL-77.webp\" alt=\"JIANGUO VERSTECKTES HOTEL (77)\" \/>\t\t<\/div>\r\n\t\t\t\t<\/div>\t\t\t\t\t<\/div>\r\n\t\t\t\t\t\t<div class=\"grid-item\">\r\n\t\t\t\t\t\t<div class=\"nuss-box\">\t\t<div class=\"nuss-image image\">\r\n\t\t\t<img decoding=\"async\"  src=\"https:\/\/jianguohiddenhotel.com\/wp-content\/uploads\/2025\/07\/JIANGUO-HIDDEN-HOTEL-78.webp\" alt=\"JIANGUO VERSTECKTES HOTEL (78)\" \/>\t\t<\/div>\r\n\t\t\t\t<\/div>\t\t\t\t\t<\/div>\r\n\t\t\t\t\t\t<div class=\"grid-item\">\r\n\t\t\t\t\t\t<div class=\"nuss-box\">\t\t<div class=\"nuss-image image\">\r\n\t\t\t<img decoding=\"async\"  src=\"https:\/\/jianguohiddenhotel.com\/wp-content\/uploads\/2025\/07\/JIANGUO-HIDDEN-HOTEL-82.webp\" alt=\"JIANGUO VERSTECKTES HOTEL (82)\" \/>\t\t<\/div>\r\n\t\t\t\t<\/div>\t\t\t\t\t<\/div>\r\n\t\t\t\t\t\t\t\r\n\t\t\t<\/div>\r\n\t\t<\/div>\r\n\t\t\t\t\t\t<\/div>\n\t\t\t\t<\/div>\n\t\t\t\t\t<\/div>\n\t\t\t\t<\/div>\n\t\t<div class=\"elementor-element elementor-element-4e74ae1 e-flex e-con-boxed e-con e-parent\" data-id=\"4e74ae1\" data-element_type=\"container\" data-e-type=\"container\">\n\t\t\t\t\t<div class=\"e-con-inner\">\n\t\t\t\t<div class=\"elementor-element elementor-element-fdccf0b elementor-widget elementor-widget-text-editor\" data-id=\"fdccf0b\" data-element_type=\"widget\" data-e-type=\"widget\" data-widget_type=\"text-editor.default\">\n\t\t\t\t\t\t\t\t\t<p>Als sich die T\u00fcren des JIANGUO HIDDEN HOTEL zum ersten Mal \u00f6ffneten, geschah dies mit stiller Bescheidenheit. Es gab keine gro\u00dfen Fanfaren, nur eine sanfte Einladung: <em>Komm, mach langsam. Atme. H\u00f6r zu.<\/em> Sobald die G\u00e4ste die schwach beleuchtete Lobby betreten \u2013 wo eine einzelne Koto eine traditionelle Melodie spielt und eine Wand aus lebendigem Moos Erneuerung symbolisiert \u2013 sind sie eingeladen, die Hektik der Au\u00dfenwelt hinter sich zu lassen. Das Erlebnis ist pers\u00f6nlich und intuitiv. Die Mitarbeiter sind nicht nur im Service geschult, sondern auch in <em>Wu Wei<\/em>\u2013 die Kunst des m\u00fchelosen Handelns \u2013 Bed\u00fcrfnisse vorwegnehmen, ohne aufzudringlich zu sein, W\u00e4rme bieten, ohne zu \u00fcbertreiben.<\/p><p>Im Laufe der Zeit ist das Hotel mehr als nur ein Reiseziel geworden; es ist zu einem H\u00fcter von Geschichten geworden. Wir beherbergen Gelehrte, die die Tradition buddhistischer Kunst erforschen, Familien, die ihre Wurzeln in Shanxi wiederentdecken, und internationale Reisende, die ein tieferes Verst\u00e4ndnis von China jenseits der Postkarte suchen. Unsere kuratierten Kulturprogramme \u2013 Kalligrafie-Workshops mit lokalen Meistern, private Tai-Chi-Stunden im Mondgarten und Abendessen bei Laternenlicht unter dem Sternenhimmel \u2013 spiegeln unser Engagement f\u00fcr bedeutungsvolle Verbindungen wider.<\/p><p>Das JIANGUO HIDDEN HOTEL ist auch eine Geschichte von Nachhaltigkeit und Gemeinschaft. Wir arbeiten mit umliegenden D\u00f6rfern zusammen, um Bio-Zutaten f\u00fcr unser Restaurant Yunxiang zu beziehen, wo Shanxis ber\u00fchmter gereifter Essig, messergeschnittene Nudeln und Hirsekuchen zu kulinarischen Kunstwerken erhoben werden. Wir unterst\u00fctzen lokale Kunsthandwerker, indem wir ihr Kunsthandwerk in unserer Lobby-Galerie ausstellen und verkaufen, und investieren in Projekte zum Erhalt des kulturellen Erbes, darunter die Restaurierung vergessener Tempelmalereien und alter Brunnenanlagen.<\/p><p>Datong entwickelt sich st\u00e4ndig weiter und balanciert dabei rasante Entwicklung mit der Bewahrung seiner Seele. Das JIANGUO HIDDEN HOTEL bleibt ein treuer H\u00fcter der Ruhe und Authentizit\u00e4t. Wir verstecken uns nicht, weil wir ungesehen bleiben wollen, sondern weil wir glauben, dass die tiefsten Erfahrungen in der Stille, im Detail und in den Zwischenr\u00e4umen zwischen den Worten zu finden sind.<\/p><p>Dies ist unsere Geschichte: eine Erz\u00e4hlung von Ort, Zweck und Pr\u00e4senz.<br \/>Von einem Hotel, das nicht schreit, sondern fl\u00fcstert.<br \/>Von einem Verm\u00e4chtnis, das nicht in Stein gemei\u00dfelt ist, sondern in die Herzen derer, die bleiben.<\/p><p data-spm-anchor-id=\"a2ty_o01.29997173.0.i29.6242c921Bll23M\">Willkommen im JIANGUO HIDDEN HOTEL.<br \/>Ihre Reise ins Verborgene beginnt hier.<\/p>\t\t\t\t\t\t\t\t<\/div>\n\t\t\t\t\t<\/div>\n\t\t\t\t<\/div>\n\t\t\t\t<section class=\"elementor-section elementor-top-section elementor-element elementor-element-78dd6be elementor-section-boxed elementor-section-gap-beside-yes elementor-section-height-default elementor-section-height-default elementor-section-column-vertical-align-stretch\" data-id=\"78dd6be\" data-element_type=\"section\" data-e-type=\"section\" data-settings=\"{&quot;background_background&quot;:&quot;classic&quot;}\">\n\t\t\t\t\t\t<div class=\"elementor-container elementor-column-gap-extended\">\n\t\t\t\t\t<div class=\"elementor-column elementor-col-100 elementor-top-column elementor-element elementor-element-44218aaa\" data-id=\"44218aaa\" data-element_type=\"column\" data-e-type=\"column\">\n\t\t\t<div class=\"elementor-widget-wrap elementor-element-populated\">\n\t\t\t\t\t\t<div class=\"elementor-element elementor-element-365f29a7 elementor-widget elementor-widget-heading\" data-id=\"365f29a7\" data-element_type=\"widget\" data-e-type=\"widget\" data-widget_type=\"heading.default\">\n\t\t\t\t\t<h2 class=\"elementor-heading-title elementor-size-default\">Verf\u00fcgbarkeit pr\u00fcfen <\/h2>\t\t\t\t<\/div>\n\t\t\t\t<div class=\"elementor-element elementor-element-46519b47 elementor-widget elementor-widget-text-editor\" data-id=\"46519b47\" data-element_type=\"widget\" data-e-type=\"widget\" data-widget_type=\"text-editor.default\">\n\t\t\t\t\t\t\t\t\t<iframe border=\"0\" src=\"https:\/\/www.trip.com\/partners\/ad\/S4653525?Allianceid=4590391&#038;SID=243021108&#038;trip_sub1=\" style=\"width:900px;height:200px\" frameborder=\"0\" scrolling=\"no\" id=\"S4653525\"><\/iframe>\t\t\t\t\t\t\t\t<\/div>\n\t\t\t\t\t<\/div>\n\t\t<\/div>\n\t\t\t\t\t<\/div>\n\t\t<\/section>\n\t\t\t\t<\/div>","protected":false},"excerpt":{"rendered":"<p>The Soul of JIANGUO HIDDEN HOTEL \u2013 Where Heritage Meets Hidden Harmony In the ancient city of Datong, where centuries of imperial ambition, Silk Road trade, and Buddhist devotion have shaped the soul of northern China, a new chapter in hospitality quietly unfolds. Here, nestled within the elegant silhouette of the Yongtai Building on South [&hellip;]<\/p>\n","protected":false},"author":1,"featured_media":0,"parent":0,"menu_order":0,"comment_status":"closed","ping_status":"closed","template":"","meta":{"footnotes":""},"class_list":["post-2104","page","type-page","status-publish","hentry","post-no-thumbnail"],"_links":{"self":[{"href":"https:\/\/jianguohiddenhotel.com\/de\/wp-json\/wp\/v2\/pages\/2104","targetHints":{"allow":["GET"]}}],"collection":[{"href":"https:\/\/jianguohiddenhotel.com\/de\/wp-json\/wp\/v2\/pages"}],"about":[{"href":"https:\/\/jianguohiddenhotel.com\/de\/wp-json\/wp\/v2\/types\/page"}],"author":[{"embeddable":true,"href":"https:\/\/jianguohiddenhotel.com\/de\/wp-json\/wp\/v2\/users\/1"}],"replies":[{"embeddable":true,"href":"https:\/\/jianguohiddenhotel.com\/de\/wp-json\/wp\/v2\/comments?post=2104"}],"version-history":[{"count":0,"href":"https:\/\/jianguohiddenhotel.com\/de\/wp-json\/wp\/v2\/pages\/2104\/revisions"}],"wp:attachment":[{"href":"https:\/\/jianguohiddenhotel.com\/de\/wp-json\/wp\/v2\/media?parent=2104"}],"curies":[{"name":"wp","href":"https:\/\/api.w.org\/{rel}","templated":true}]}}