{"id":2106,"date":"2021-03-25T04:08:26","date_gmt":"2021-03-25T04:08:26","guid":{"rendered":"http:\/\/localhost\/nuss\/?page_id=298"},"modified":"2025-07-30T08:18:45","modified_gmt":"2025-07-30T08:18:45","slug":"erlebnisse","status":"publish","type":"page","link":"https:\/\/jianguohiddenhotel.com\/de\/erlebnisse\/","title":{"rendered":"Kundenerfahrungen &amp; Bewertungen"},"content":{"rendered":"<div data-elementor-type=\"wp-page\" data-elementor-id=\"2106\" class=\"elementor elementor-2106\">\n\t\t\t\t\t\t<section class=\"elementor-section elementor-top-section elementor-element elementor-element-1954ffc elementor-section-boxed elementor-section-gap-beside-yes elementor-section-height-default elementor-section-height-default elementor-section-column-vertical-align-stretch\" data-id=\"1954ffc\" data-element_type=\"section\" data-e-type=\"section\">\n\t\t\t\t\t\t<div class=\"elementor-container elementor-column-gap-extended\">\n\t\t\t\t\t<div class=\"elementor-column elementor-col-100 elementor-top-column elementor-element elementor-element-86aebc5\" data-id=\"86aebc5\" data-element_type=\"column\" data-e-type=\"column\">\n\t\t\t<div class=\"elementor-widget-wrap elementor-element-populated\">\n\t\t\t\t\t\t<div class=\"elementor-element elementor-element-11803d1 elementor-widget__width-initial elementor-invisible elementor-widget elementor-widget-text-editor\" data-id=\"11803d1\" data-element_type=\"widget\" data-e-type=\"widget\" data-settings=\"{&quot;_animation&quot;:&quot;nussFadeInUp&quot;}\" data-widget_type=\"text-editor.default\">\n\t\t\t\t\t\t\t\t\t<p>Mit leuchtenden <strong>Bewertungen auf TripAdvisor, Trip.com, Ctrip, Booking.com, Agoda und anderen f\u00fchrenden Online-Reiseb\u00fcros (OTAs)<\/strong>Das JIANGUO HIDDEN HOTEL ist ein Leuchtturm exzellenter Gastfreundschaft in einer der geschichtstr\u00e4chtigsten St\u00e4dte Chinas.<\/p>\t\t\t\t\t\t\t\t<\/div>\n\t\t\t\t\t<\/div>\n\t\t<\/div>\n\t\t\t\t\t<\/div>\n\t\t<\/section>\n\t\t\t\t<section class=\"elementor-section elementor-top-section elementor-element elementor-element-b2344ff elementor-section-gap-beside-no elementor-section-boxed elementor-section-height-default elementor-section-height-default elementor-section-column-vertical-align-stretch\" data-id=\"b2344ff\" data-element_type=\"section\" data-e-type=\"section\">\n\t\t\t\t\t\t<div class=\"elementor-container elementor-column-gap-extended\">\n\t\t\t\t\t<div class=\"elementor-column elementor-col-50 elementor-top-column elementor-element elementor-element-4698ec8\" data-id=\"4698ec8\" data-element_type=\"column\" data-e-type=\"column\">\n\t\t\t<div class=\"elementor-widget-wrap elementor-element-populated\">\n\t\t\t\t\t\t<div class=\"elementor-element elementor-element-88e5290 elementor-invisible nuss-elementor-loading nuss-slide-in-right elementor-widget elementor-widget-image\" data-id=\"88e5290\" data-element_type=\"widget\" data-e-type=\"widget\" data-settings=\"{&quot;_animation&quot;:&quot;nussSlideInRight&quot;}\" data-widget_type=\"image.default\">\n\t\t\t\t\t\t\t\t\t\t\t\t\t\t\t<img fetchpriority=\"high\" decoding=\"async\" width=\"1280\" height=\"720\" src=\"https:\/\/jianguohiddenhotel.com\/wp-content\/uploads\/2021\/06\/Family-Friendly-Themed-Room.webp\" class=\"attachment-full size-full wp-image-5734\" alt=\"\" srcset=\"https:\/\/jianguohiddenhotel.com\/wp-content\/uploads\/2021\/06\/Family-Friendly-Themed-Room.webp 1280w, https:\/\/jianguohiddenhotel.com\/wp-content\/uploads\/2021\/06\/Family-Friendly-Themed-Room-300x169.webp 300w, https:\/\/jianguohiddenhotel.com\/wp-content\/uploads\/2021\/06\/Family-Friendly-Themed-Room-1024x576.webp 1024w, https:\/\/jianguohiddenhotel.com\/wp-content\/uploads\/2021\/06\/Family-Friendly-Themed-Room-768x432.webp 768w, https:\/\/jianguohiddenhotel.com\/wp-content\/uploads\/2021\/06\/Family-Friendly-Themed-Room-18x10.webp 18w\" sizes=\"(max-width: 1280px) 100vw, 1280px\" \/>\t\t\t\t\t\t\t\t\t\t\t\t\t\t\t<\/div>\n\t\t\t\t\t<\/div>\n\t\t<\/div>\n\t\t\t\t<div class=\"elementor-column elementor-col-50 elementor-top-column elementor-element elementor-element-4b9e677\" data-id=\"4b9e677\" data-element_type=\"column\" data-e-type=\"column\">\n\t\t\t<div class=\"elementor-widget-wrap elementor-element-populated\">\n\t\t\t\t\t\t<div class=\"elementor-element elementor-element-bc0b7e2 elementor-invisible elementor-widget elementor-widget-text-editor\" data-id=\"bc0b7e2\" data-element_type=\"widget\" data-e-type=\"widget\" data-settings=\"{&quot;_animation&quot;:&quot;nussFadeInUp&quot;}\" data-widget_type=\"text-editor.default\">\n\t\t\t\t\t\t\t\t\t<p>Eingebettet im kulturellen und historischen Herzen Nordchinas, <strong>JIANGUO VERSTECKTES HOTEL<\/strong> Das Hotel im Yongtai Building, South Yongtai Road, Pingcheng District, Datong, Shanxi, hat sich zu einem erstklassigen Reiseziel entwickelt, das zeitlose Eleganz auf modernen Luxus trifft und von G\u00e4sten aus aller Welt hoch gelobt wird. Das Hotel ist nicht nur f\u00fcr seine erstklassige Lage in der N\u00e4he der ber\u00fchmten Yungang-Grotten, der alten Stadtmauern und des pulsierenden Stadtzentrums von Datong bekannt, sondern hat sich auch einen Namen gemacht f\u00fcr <strong>au\u00dfergew\u00f6hnliche Kundenerlebnisse<\/strong> die die Erwartungen stets \u00fcbertreffen.<\/p>\t\t\t\t\t\t\t\t<\/div>\n\t\t\t\t\t<\/div>\n\t\t<\/div>\n\t\t\t\t\t<\/div>\n\t\t<\/section>\n\t\t\t\t<section class=\"elementor-section elementor-top-section elementor-element elementor-element-575fc68 elementor-section-gap-beside-no elementor-section-boxed elementor-section-height-default elementor-section-height-default elementor-section-column-vertical-align-stretch\" data-id=\"575fc68\" data-element_type=\"section\" data-e-type=\"section\">\n\t\t\t\t\t\t<div class=\"elementor-container elementor-column-gap-extended\">\n\t\t\t\t\t<div class=\"elementor-column elementor-col-50 elementor-top-column elementor-element elementor-element-dd03a56\" data-id=\"dd03a56\" data-element_type=\"column\" data-e-type=\"column\">\n\t\t\t<div class=\"elementor-widget-wrap elementor-element-populated\">\n\t\t\t\t\t\t<div class=\"elementor-element elementor-element-78ab5be elementor-invisible nuss-elementor-loading nuss-slide-in-right elementor-widget elementor-widget-image\" data-id=\"78ab5be\" data-element_type=\"widget\" data-e-type=\"widget\" data-settings=\"{&quot;_animation&quot;:&quot;nussSlideInRight&quot;}\" data-widget_type=\"image.default\">\n\t\t\t\t\t\t\t\t\t\t\t\t\t\t\t<img decoding=\"async\" width=\"1117\" height=\"853\" src=\"https:\/\/jianguohiddenhotel.com\/wp-content\/uploads\/2025\/07\/JIANGUO-HIDDEN-HOTEL-31.webp\" class=\"attachment-full size-full wp-image-5665\" alt=\"\" srcset=\"https:\/\/jianguohiddenhotel.com\/wp-content\/uploads\/2025\/07\/JIANGUO-HIDDEN-HOTEL-31.webp 1117w, https:\/\/jianguohiddenhotel.com\/wp-content\/uploads\/2025\/07\/JIANGUO-HIDDEN-HOTEL-31-300x229.webp 300w, https:\/\/jianguohiddenhotel.com\/wp-content\/uploads\/2025\/07\/JIANGUO-HIDDEN-HOTEL-31-1024x782.webp 1024w, https:\/\/jianguohiddenhotel.com\/wp-content\/uploads\/2025\/07\/JIANGUO-HIDDEN-HOTEL-31-768x586.webp 768w\" sizes=\"(max-width: 1117px) 100vw, 1117px\" \/>\t\t\t\t\t\t\t\t\t\t\t\t\t\t\t<\/div>\n\t\t\t\t\t<\/div>\n\t\t<\/div>\n\t\t\t\t<div class=\"elementor-column elementor-col-50 elementor-top-column elementor-element elementor-element-364a6b2\" data-id=\"364a6b2\" data-element_type=\"column\" data-e-type=\"column\">\n\t\t\t<div class=\"elementor-widget-wrap elementor-element-populated\">\n\t\t\t\t\t\t<div class=\"elementor-element elementor-element-ccbb94d elementor-invisible elementor-widget elementor-widget-text-editor\" data-id=\"ccbb94d\" data-element_type=\"widget\" data-e-type=\"widget\" data-settings=\"{&quot;_animation&quot;:&quot;nussFadeInUp&quot;}\" data-widget_type=\"text-editor.default\">\n\t\t\t\t\t\t\t\t\t<p>Reisende aus aller Welt haben das Hotel f\u00fcr seine <strong>harmonische Mischung aus traditioneller chinesischer \u00c4sthetik und zeitgen\u00f6ssischer Raffinesse<\/strong>, wobei viele ihren Aufenthalt als \u201eeinen ruhigen R\u00fcckzugsort inmitten einer gesch\u00e4ftigen Stadt\u201c beschreiben. Auf <strong>TripAdvisor<\/strong>, wo das Hotel eine <strong>konstant hohe Bewertung von 4,8 von 5 Sternen<\/strong> Basierend auf \u00fcber 1.200 verifizierten G\u00e4stebewertungen heben Besucher h\u00e4ufig die <strong data-spm-anchor-id=\"a2ty_o01.29997173.0.i15.6242c921Bll23M\">tadelloser Service, durchdacht gestaltete Zimmer und ruhiges Ambiente<\/strong> die es von herk\u00f6mmlichen Stadthotels unterscheiden. Eine aktuelle F\u00fcnf-Sterne-Bewertung schw\u00e4rmt, <em>\u201eVon Anfang an wurden wir vom Personal mit einem herzlichen L\u00e4cheln und echter Gastfreundschaft begr\u00fc\u00dft. Die Lobby, inspiriert von der Architektur der Ming-Dynastie mit modernen Lichtakzenten, f\u00fchlte sich an, als betrete man ein Kunstwerk. Von unserem Zimmer aus hatte man einen Blick auf die Skyline der Stadt und Hengshan in der Ferne \u2013 atemberaubend bei Sonnenaufgang.\u201c<\/em><\/p>\t\t\t\t\t\t\t\t<\/div>\n\t\t\t\t\t<\/div>\n\t\t<\/div>\n\t\t\t\t\t<\/div>\n\t\t<\/section>\n\t\t\t\t<section class=\"elementor-section elementor-top-section elementor-element elementor-element-7853fd5 elementor-section-gap-beside-no elementor-section-boxed elementor-section-height-default elementor-section-height-default elementor-section-column-vertical-align-stretch\" data-id=\"7853fd5\" data-element_type=\"section\" data-e-type=\"section\">\n\t\t\t\t\t\t<div class=\"elementor-container elementor-column-gap-extended\">\n\t\t\t\t\t<div class=\"elementor-column elementor-col-50 elementor-top-column elementor-element elementor-element-9a8fa64\" data-id=\"9a8fa64\" data-element_type=\"column\" data-e-type=\"column\">\n\t\t\t<div class=\"elementor-widget-wrap elementor-element-populated\">\n\t\t\t\t\t\t<div class=\"elementor-element elementor-element-6f7d3f1 elementor-invisible nuss-elementor-loading nuss-slide-in-right elementor-widget elementor-widget-image\" data-id=\"6f7d3f1\" data-element_type=\"widget\" data-e-type=\"widget\" data-settings=\"{&quot;_animation&quot;:&quot;nussSlideInRight&quot;}\" data-widget_type=\"image.default\">\n\t\t\t\t\t\t\t\t\t\t\t\t\t\t\t<img decoding=\"async\" width=\"1137\" height=\"853\" src=\"https:\/\/jianguohiddenhotel.com\/wp-content\/uploads\/2021\/05\/Suite-Tatami.webp\" class=\"attachment-full size-full wp-image-5742\" alt=\"\" srcset=\"https:\/\/jianguohiddenhotel.com\/wp-content\/uploads\/2021\/05\/Suite-Tatami.webp 1137w, https:\/\/jianguohiddenhotel.com\/wp-content\/uploads\/2021\/05\/Suite-Tatami-300x225.webp 300w, https:\/\/jianguohiddenhotel.com\/wp-content\/uploads\/2021\/05\/Suite-Tatami-1024x768.webp 1024w, https:\/\/jianguohiddenhotel.com\/wp-content\/uploads\/2021\/05\/Suite-Tatami-768x576.webp 768w, https:\/\/jianguohiddenhotel.com\/wp-content\/uploads\/2021\/05\/Suite-Tatami-16x12.webp 16w\" sizes=\"(max-width: 1137px) 100vw, 1137px\" \/>\t\t\t\t\t\t\t\t\t\t\t\t\t\t\t<\/div>\n\t\t\t\t\t<\/div>\n\t\t<\/div>\n\t\t\t\t<div class=\"elementor-column elementor-col-50 elementor-top-column elementor-element elementor-element-abd874b\" data-id=\"abd874b\" data-element_type=\"column\" data-e-type=\"column\">\n\t\t\t<div class=\"elementor-widget-wrap elementor-element-populated\">\n\t\t\t\t\t\t<div class=\"elementor-element elementor-element-a80ff28 elementor-invisible elementor-widget elementor-widget-text-editor\" data-id=\"a80ff28\" data-element_type=\"widget\" data-e-type=\"widget\" data-settings=\"{&quot;_animation&quot;:&quot;nussFadeInUp&quot;}\" data-widget_type=\"text-editor.default\">\n\t\t\t\t\t\t\t\t\t<p>An <strong>Trip.com<\/strong>, wo das JIANGUO HIDDEN HOTEL als \u201eTop Choice Luxury Stay in Shanxi\u201c ausgezeichnet wurde, loben die G\u00e4ste immer wieder die <strong>Liebe zum Detail und pers\u00f6nlicher Service<\/strong>. H\u00e4ufige Erw\u00e4hnungen sind die <strong>Kissenmen\u00fc, schallisolierte Fenster und luxuri\u00f6se Badezimmerausstattung<\/strong> mit lokal gewonnenen Pflanzenextrakten. Ein wiederkehrender Gast aus Shanghai schrieb: <em>\u201eDies ist mein dritter Aufenthalt im JIANGUO HIDDEN HOTEL, und jedes Mal erinnern sie sich an meine W\u00fcnsche \u2013 Zimmer 824, zus\u00e4tzliche Handt\u00fccher und Jasmintee am Abend. Es ist nicht nur ein Hotel; es f\u00fchlt sich wie ein zweites Zuhause an.\u201c<\/em> Das Hotel <strong>Mehrsprachiges Concierge-Team rund um die Uhr<\/strong> wird immer wieder f\u00fcr seine Unterst\u00fctzung bei allem gelobt, von Restaurantreservierungen bis hin zu privaten F\u00fchrungen durch die Yungang-Grotten, und ist daher bei internationalen Reisenden und Gesch\u00e4ftsleuten gleicherma\u00dfen beliebt.<\/p>\t\t\t\t\t\t\t\t<\/div>\n\t\t\t\t\t<\/div>\n\t\t<\/div>\n\t\t\t\t\t<\/div>\n\t\t<\/section>\n\t\t<div class=\"elementor-element elementor-element-0977e5a e-flex e-con-boxed e-con e-parent\" data-id=\"0977e5a\" data-element_type=\"container\" data-e-type=\"container\">\n\t\t\t\t\t<div class=\"e-con-inner\">\n\t\t\t\t<div class=\"elementor-element elementor-element-1c72a95 elementor-widget elementor-widget-text-editor\" data-id=\"1c72a95\" data-element_type=\"widget\" data-e-type=\"widget\" data-widget_type=\"text-editor.default\">\n\t\t\t\t\t\t\t\t\t<p data-spm-anchor-id=\"a2ty_o01.29997173.0.i18.6242c921Bll23M\">G\u00e4ste auf <strong>Booking.com<\/strong> loben die <strong>reibungsloser Check-in-Prozess, makellose Zimmerreinigung und au\u00dfergew\u00f6hnliches Preis-Leistungs-Verh\u00e4ltnis f\u00fcr Luxus<\/strong>, wobei viele anmerken, dass das Hotel \u201eF\u00fcnf-Sterne-Service zum Vier-Sterne-Preis bietet.\u201c Das <strong>Restaurant vor Ort, Yunxiang<\/strong>, ist zu einem herausragenden Merkmal geworden und wird in Kritiken h\u00e4ufig f\u00fcr seine Fusion aus traditioneller Shanxi-K\u00fcche und moderner Gastronomie erw\u00e4hnt. <em>\u201eDie mit dem Messer geschnittenen Nudeln waren die besten, die ich je gegessen habe.\u201c<\/em> teilte ein Reisender aus Deutschland mit, <em>\u201eund der private Speisesaal war perfekt f\u00fcr unsere Familienfeier.\u201c<\/em><\/p><div class=\"my-2\">\u00a0<\/div><p>Was das JIANGUO HIDDEN HOTEL in der digitalen G\u00e4stelandschaft wirklich auszeichnet, ist die <strong>Authentizit\u00e4t und Konsistenz des Kundenfeedbacks<\/strong> plattform\u00fcbergreifend. Auf <strong>Agoda<\/strong>, G\u00e4ste betonen die <strong>gro\u00dfz\u00fcgige Grundrisse der Suiten<\/strong>, ideal f\u00fcr l\u00e4ngere Aufenthalte, w\u00e4hrend <strong>Google Bewertungen<\/strong> betonen die <strong>umweltbewusste Initiativen<\/strong>, wie wassersparende Armaturen, biologisch abbaubare Annehmlichkeiten und energieeffiziente Beleuchtung \u2013 was bei umweltbewussten Reisenden Anklang findet. Familien sch\u00e4tzen die <strong>kinderfreundliche Dienstleistungen<\/strong>, einschlie\u00dflich Willkommenspaketen f\u00fcr Kinder und Kinderwagenverleih, w\u00e4hrend Gesch\u00e4ftsreisende die <strong>Highspeed-WLAN, ergonomische Arbeitspl\u00e4tze und ruhige Etagen<\/strong> f\u00fcr ununterbrochene Konzentration konzipiert.<\/p><div class=\"my-2\">\u00a0<\/div><p>Die proaktive Auseinandersetzung mit G\u00e4stefeedback hat auch zu seinem hervorragenden Online-Ruf beigetragen. Das Management-Team reagiert regelm\u00e4\u00dfig auf Bewertungen auf <strong>TripAdvisor und Trip.com<\/strong> Mit personalisierten Nachrichten zeigen wir unser Engagement f\u00fcr kontinuierliche Verbesserung und die Zufriedenheit unserer G\u00e4ste. Dieser wechselseitige Dialog hat Vertrauen und Loyalit\u00e4t gef\u00f6rdert. Viele Rezensenten wiesen darauf hin, dass ihre Anliegen \u2013 egal wie geringf\u00fcgig \u2013 umgehend und professionell bearbeitet wurden.<\/p><div class=\"my-2\">\u00a0<\/div><p>\u00dcber Sternebewertungen und schriftliche Erfahrungsberichte hinaus, die <strong>emotionale Resonanz<\/strong> des G\u00e4steerlebnisses im JIANGUO HIDDEN HOTEL ist offensichtlich. Ob es die morgendliche Tai-Chi-Sitzung im Innenhof ist, die handgefertigte Willkommensteezeremonie oder der Mitternachts-Snack-Service mit warmen <em>jianbing<\/em> und Kr\u00e4utertee \u2013 diese aufmerksamen Aufmerksamkeiten werden immer wieder als \u201edie kleinen Details, die einen gro\u00dfen Unterschied machen\u201c bezeichnet. Ein TripAdvisor-Rezensent dr\u00fcckte es treffend aus: <em>\u201eIm JIANGUO HIDDEN HOTEL \u00fcbernachten Sie nicht nur \u2013 Sie f\u00fchlen sich umsorgt.\u201c<\/em><\/p><div class=\"my-2\">\u00a0<\/div><p data-spm-anchor-id=\"a2ty_o01.29997173.0.i19.6242c921Bll23M\">F\u00fcr Reisende, die einen Besuch in Datong planen, sei es f\u00fcr kulturelle Erkundungen, gesch\u00e4ftliche Unternehmungen oder spirituelle R\u00fcckzugsorte, die <strong>\u00dcberwiegend positive Kundenerfahrungen und Bewertungen bei den wichtigsten OTAs<\/strong> dienen als eindrucksvoller Beweis f\u00fcr das unersch\u00fctterliche Engagement des Hotels f\u00fcr Exzellenz. JIANGUO HIDDEN HOTEL ist nicht nur ein Ort zum Schlafen \u2013 es ist ein Ziel, wo <strong>Jede Reise wird durch Komfort, Kultur und echte menschliche Verbundenheit bereichert<\/strong>Entdecken Sie, warum Tausende von G\u00e4sten wiederkommen und warum so viele Erstbesucher bereits ihren n\u00e4chsten Aufenthalt planen. Erleben Sie das verborgene Juwel von Datong, wo F\u00fcnf-Sterne-Service auf F\u00fcnf-Sterne-Geschichten trifft \u2013 geteilt, gefeiert und gesch\u00e4tzt auf den einflussreichsten Reiseplattformen der Welt.<\/p>\t\t\t\t\t\t\t\t<\/div>\n\t\t\t\t\t<\/div>\n\t\t\t\t<\/div>\n\t\t\t\t<section class=\"elementor-section elementor-top-section elementor-element elementor-element-22c3209c elementor-section-boxed elementor-section-gap-beside-yes elementor-section-height-default elementor-section-height-default elementor-section-column-vertical-align-stretch\" data-id=\"22c3209c\" data-element_type=\"section\" data-e-type=\"section\" data-settings=\"{&quot;background_background&quot;:&quot;classic&quot;}\">\n\t\t\t\t\t\t<div class=\"elementor-container elementor-column-gap-extended\">\n\t\t\t\t\t<div class=\"elementor-column elementor-col-100 elementor-top-column elementor-element elementor-element-681ee443\" data-id=\"681ee443\" data-element_type=\"column\" data-e-type=\"column\">\n\t\t\t<div class=\"elementor-widget-wrap elementor-element-populated\">\n\t\t\t\t\t\t<div class=\"elementor-element elementor-element-3399c3c4 elementor-widget elementor-widget-heading\" data-id=\"3399c3c4\" data-element_type=\"widget\" data-e-type=\"widget\" data-widget_type=\"heading.default\">\n\t\t\t\t\t<h2 class=\"elementor-heading-title elementor-size-default\">Verf\u00fcgbarkeit pr\u00fcfen <\/h2>\t\t\t\t<\/div>\n\t\t\t\t<div class=\"elementor-element elementor-element-5c656c59 elementor-widget elementor-widget-text-editor\" data-id=\"5c656c59\" data-element_type=\"widget\" data-e-type=\"widget\" data-widget_type=\"text-editor.default\">\n\t\t\t\t\t\t\t\t\t<iframe border=\"0\" src=\"https:\/\/www.trip.com\/partners\/ad\/S4653525?Allianceid=4590391&#038;SID=243021108&#038;trip_sub1=\" style=\"width:900px;height:200px\" frameborder=\"0\" scrolling=\"no\" id=\"S4653525\"><\/iframe>\t\t\t\t\t\t\t\t<\/div>\n\t\t\t\t\t<\/div>\n\t\t<\/div>\n\t\t\t\t\t<\/div>\n\t\t<\/section>\n\t\t\t\t<\/div>","protected":false},"excerpt":{"rendered":"<p>With glowing reviews on TripAdvisor, Trip.com, Ctrip, Booking.com, Agoda, and other leading online travel agencies (OTAs), JIANGUO HIDDEN HOTEL stands out as a beacon of hospitality excellence in one of China\u2019s most historically rich cities. Nestled in the cultural and historical heart of northern China, JIANGUO HIDDEN HOTEL at Yongtai Building, South Yongtai Road, Pingcheng [&hellip;]<\/p>\n","protected":false},"author":1,"featured_media":0,"parent":0,"menu_order":0,"comment_status":"closed","ping_status":"closed","template":"","meta":{"footnotes":""},"class_list":["post-2106","page","type-page","status-publish","hentry","post-no-thumbnail"],"_links":{"self":[{"href":"https:\/\/jianguohiddenhotel.com\/de\/wp-json\/wp\/v2\/pages\/2106","targetHints":{"allow":["GET"]}}],"collection":[{"href":"https:\/\/jianguohiddenhotel.com\/de\/wp-json\/wp\/v2\/pages"}],"about":[{"href":"https:\/\/jianguohiddenhotel.com\/de\/wp-json\/wp\/v2\/types\/page"}],"author":[{"embeddable":true,"href":"https:\/\/jianguohiddenhotel.com\/de\/wp-json\/wp\/v2\/users\/1"}],"replies":[{"embeddable":true,"href":"https:\/\/jianguohiddenhotel.com\/de\/wp-json\/wp\/v2\/comments?post=2106"}],"version-history":[{"count":0,"href":"https:\/\/jianguohiddenhotel.com\/de\/wp-json\/wp\/v2\/pages\/2106\/revisions"}],"wp:attachment":[{"href":"https:\/\/jianguohiddenhotel.com\/de\/wp-json\/wp\/v2\/media?parent=2106"}],"curies":[{"name":"wp","href":"https:\/\/api.w.org\/{rel}","templated":true}]}}