{"id":2109,"date":"2021-03-26T08:35:58","date_gmt":"2021-03-26T08:35:58","guid":{"rendered":"http:\/\/localhost\/nuss\/?page_id=536"},"modified":"2025-07-30T08:10:47","modified_gmt":"2025-07-30T08:10:47","slug":"business-einrichtungen","status":"publish","type":"page","link":"https:\/\/jianguohiddenhotel.com\/de\/business-einrichtungen\/","title":{"rendered":"Business-Einrichtungen"},"content":{"rendered":"<div data-elementor-type=\"wp-page\" data-elementor-id=\"2109\" class=\"elementor elementor-2109\">\n\t\t\t\t\t\t<section class=\"elementor-section elementor-top-section elementor-element elementor-element-bb2901b elementor-section-boxed elementor-section-gap-beside-yes elementor-section-height-default elementor-section-height-default elementor-section-column-vertical-align-stretch\" data-id=\"bb2901b\" data-element_type=\"section\" data-e-type=\"section\">\n\t\t\t\t\t\t<div class=\"elementor-container elementor-column-gap-extended\">\n\t\t\t\t\t<div class=\"elementor-column elementor-col-100 elementor-top-column elementor-element elementor-element-1919db9\" data-id=\"1919db9\" data-element_type=\"column\" data-e-type=\"column\">\n\t\t\t<div class=\"elementor-widget-wrap elementor-element-populated\">\n\t\t\t\t\t\t<div class=\"elementor-element elementor-element-41a7b9c elementor-widget__width-initial elementor-invisible elementor-widget elementor-widget-text-editor\" data-id=\"41a7b9c\" data-element_type=\"widget\" data-e-type=\"widget\" data-settings=\"{&quot;_animation&quot;:&quot;nussFadeInUp&quot;}\" data-widget_type=\"text-editor.default\">\n\t\t\t\t\t\t\t\t\t<p>Unser Hotel-Konferenzraum bietet einen privaten, eleganten Tagungsraum im Herzen von New York f\u00fcr Gruppen von 8 bis 10 Personen. F\u00fcr Ihren Komfort und Ihre Bequemlichkeit sind Kaffeepausenpakete verf\u00fcgbar.<\/p>\t\t\t\t\t\t\t\t<\/div>\n\t\t\t\t\t<\/div>\n\t\t<\/div>\n\t\t\t\t\t<\/div>\n\t\t<\/section>\n\t\t<div class=\"elementor-element elementor-element-a828ae4 e-flex e-con-boxed e-con e-parent\" data-id=\"a828ae4\" data-element_type=\"container\" data-e-type=\"container\">\n\t\t\t\t\t<div class=\"e-con-inner\">\n\t\t\t\t<div class=\"elementor-element elementor-element-ac47a29 elementor-widget elementor-widget-nuss-image-gallery\" data-id=\"ac47a29\" data-element_type=\"widget\" data-e-type=\"widget\" data-widget_type=\"nuss-image-gallery.default\">\n\t\t\t\t<div class=\"elementor-widget-container\">\n\t\t\t\t\t\t\t<div class=\"nuss-grid-wrapper\" data-grid=\"{&quot;type&quot;:&quot;grid&quot;,&quot;ratio&quot;:null,&quot;columns&quot;:3,&quot;gutter&quot;:30}\">\r\n\t\t\t<div class=\"nuss-grid lazy-grid\">\r\n\t\t\t\t<div class=\"grid-sizer\"><\/div>\r\n\r\n\t\t\t\t\t\t\t\t\t\t\t\t<div class=\"grid-item\">\r\n\t\t\t\t\t\t<div class=\"nuss-box\">\t\t<div class=\"nuss-image image\">\r\n\t\t\t<img decoding=\"async\"  src=\"https:\/\/jianguohiddenhotel.com\/wp-content\/uploads\/2025\/07\/JIANGUO-HIDDEN-HOTEL-57.webp\" alt=\"JIANGUO VERSTECKTES HOTEL (57)\" \/>\t\t<\/div>\r\n\t\t\t\t<\/div>\t\t\t\t\t<\/div>\r\n\t\t\t\t\t\t<div class=\"grid-item\">\r\n\t\t\t\t\t\t<div class=\"nuss-box\">\t\t<div class=\"nuss-image image\">\r\n\t\t\t<img decoding=\"async\"  src=\"https:\/\/jianguohiddenhotel.com\/wp-content\/uploads\/2025\/07\/JIANGUO-HIDDEN-HOTEL-56.webp\" alt=\"JIANGUO VERSTECKTES HOTEL (56)\" \/>\t\t<\/div>\r\n\t\t\t\t<\/div>\t\t\t\t\t<\/div>\r\n\t\t\t\t\t\t<div class=\"grid-item\">\r\n\t\t\t\t\t\t<div class=\"nuss-box\">\t\t<div class=\"nuss-image image\">\r\n\t\t\t<img decoding=\"async\"  src=\"https:\/\/jianguohiddenhotel.com\/wp-content\/uploads\/2025\/07\/JIANGUO-HIDDEN-HOTEL-55.webp\" alt=\"JIANGUO VERSTECKTES HOTEL (55)\" \/>\t\t<\/div>\r\n\t\t\t\t<\/div>\t\t\t\t\t<\/div>\r\n\t\t\t\t\t\t\t\r\n\t\t\t<\/div>\r\n\t\t<\/div>\r\n\t\t\t\t\t\t<\/div>\n\t\t\t\t<\/div>\n\t\t\t\t\t<\/div>\n\t\t\t\t<\/div>\n\t\t<div class=\"elementor-element elementor-element-acc94a1 e-flex e-con-boxed e-con e-parent\" data-id=\"acc94a1\" data-element_type=\"container\" data-e-type=\"container\">\n\t\t\t\t\t<div class=\"e-con-inner\">\n\t\t\t\t<div class=\"elementor-element elementor-element-63cabc5 elementor-widget elementor-widget-text-editor\" data-id=\"63cabc5\" data-element_type=\"widget\" data-e-type=\"widget\" data-widget_type=\"text-editor.default\">\n\t\t\t\t\t\t\t\t\t<p data-spm-anchor-id=\"a2ty_o01.29997173.0.i1.6242c921Bll23M\">Eingebettet im Herzen des aufstrebenden Pingcheng-Distrikts von Datong, <strong>JIANGUO VERSTECKTES HOTEL<\/strong> Das JIANGUO HIDDEN HOTEL ist eine meisterhafte Verbindung von traditioneller Eleganz und zeitgen\u00f6ssischer Raffinesse und definiert die Standards luxuri\u00f6ser Gastfreundschaft in Nord-Shanxi neu. Dieses exklusive urbane Refugium befindet sich im ikonischen Yongtai-Geb\u00e4ude an der South Yongtai Road und befindet sich in strategischer Lage an der Schnittstelle von Geschichte und Moderne \u2013 nur wenige Augenblicke von den alten Stadtmauern Datongs entfernt und dennoch nahtlos verbunden mit dem dynamischen Puls der Wirtschaft und des Handels, der diese wiederbelebte Region auszeichnet. Das JIANGUO HIDDEN HOTEL ist mehr als nur ein Ort zum Ausruhen. Es ist ein Reiseziel, das raffiniertes Design, kulturelle Resonanz und modernste Gesch\u00e4ftsinfrastruktur vereint, um anspruchsvollen Reisenden, zukunftsorientierten Unternehmern und globalen F\u00fchrungskr\u00e4ften gleicherma\u00dfen gerecht zu werden.<\/p><p>Im Mittelpunkt der Identit\u00e4t des Hotels steht die Verpflichtung, einen au\u00dfergew\u00f6hnlichen <strong>Gesch\u00e4ftsumfeld<\/strong> das \u00fcber das Gew\u00f6hnliche hinausgeht. Die Business-Einrichtungen des Hotels wurden speziell f\u00fcr den modernen Berufst\u00e4tigen konzipiert und sind sorgf\u00e4ltig kuratiert, um Produktivit\u00e4t, Zusammenarbeit und nahtlose Konnektivit\u00e4t zu unterst\u00fctzen. Auf \u00fcber 800 Quadratmetern intelligent gestalteter Arbeitsfl\u00e4che bietet das <strong>Business Center im JIANGUO HIDDEN HOTEL<\/strong> bietet ein umfassendes Serviceangebot, das auf die vielf\u00e4ltigen Bed\u00fcrfnisse von Gesch\u00e4ftsreisenden zugeschnitten ist. Ob Sie eine wichtige Vorstandssitzung abhalten, eine regionale Strategie umsetzen oder eine private Videokonferenz mit der Zentrale weltweit abhalten \u2013 wir bieten Ihnen ein \u00d6kosystem an Unterst\u00fctzung, das Diskretion, Technologie und Komfort vereint.<\/p><p>Das Herzst\u00fcck des Gesch\u00e4ftsangebots ist die <strong>Gro\u00dfer Executive-Sitzungssaal<\/strong>, ein heller, schallisolierter Raum mit handgefertigten Walnussm\u00f6beln und stimmungsvoller Beleuchtung. Ausgestattet mit einem hochmodernen interaktiven 8K-Display, integrierten Telekonferenzsystemen (einschlie\u00dflich Zoom-, Microsoft Teams- und Tencent Meeting-Kompatibilit\u00e4t) und mehrsprachigen Echtzeit-\u00dcbersetzungsfunktionen gew\u00e4hrleistet der Sitzungssaal eine reibungslose Kommunikation \u00fcber Zeitzonen und Sprachen hinweg. Raumhohe Fenster bieten einen Panoramablick auf die Skyline der Stadt und das ferne Hengshan-Gebirge und bieten sowohl Inspiration als auch eine subtile Erinnerung an die anhaltende St\u00e4rke und Widerstandsf\u00e4higkeit dieser alten Region.<\/p><p data-spm-anchor-id=\"a2ty_o01.29997173.0.i2.6242c921Bll23M\">Erg\u00e4nzend zum Sitzungssaal sind <strong>drei flexible Tagungssuiten<\/strong>, jeweils mit modularem Grundriss, der sich f\u00fcr Veranstaltungen von vertraulichen Brainstorming-Sitzungen bis hin zu mittelgro\u00dfen Unternehmensworkshops eignet. Diese R\u00e4ume verf\u00fcgen \u00fcber eine intelligente Klimaregelung, Verdunkelungsfunktionen und kabellose Pr\u00e4sentationsspiegelung, sodass Teams nahtlos zwischen gemeinsamer Ideenfindung und formalen Pr\u00e4sentationen wechseln k\u00f6nnen. Schallabsorbierende Akustikplatten und hochwertige Bodenbel\u00e4ge gew\u00e4hrleisten die Wahrung der Vertraulichkeit \u2013 ein entscheidender Vorteil bei Rechtsberatungen, Finanzverhandlungen oder vertraulichen Unternehmensinformationen.<\/p>\t\t\t\t\t\t\t\t<\/div>\n\t\t\t\t\t<\/div>\n\t\t\t\t<\/div>\n\t\t<div class=\"elementor-element elementor-element-c75d996 e-flex e-con-boxed e-con e-parent\" data-id=\"c75d996\" data-element_type=\"container\" data-e-type=\"container\">\n\t\t\t\t\t<div class=\"e-con-inner\">\n\t\t\t\t<div class=\"elementor-element elementor-element-8ee29ab elementor-widget elementor-widget-image\" data-id=\"8ee29ab\" data-element_type=\"widget\" data-e-type=\"widget\" data-widget_type=\"image.default\">\n\t\t\t\t\t\t\t\t\t\t\t\t\t\t\t<img fetchpriority=\"high\" decoding=\"async\" width=\"1024\" height=\"768\" src=\"https:\/\/jianguohiddenhotel.com\/wp-content\/uploads\/2025\/07\/JIANGUO-HIDDEN-HOTEL-53-1024x768.webp\" class=\"attachment-large size-large wp-image-5581\" alt=\"\" srcset=\"https:\/\/jianguohiddenhotel.com\/wp-content\/uploads\/2025\/07\/JIANGUO-HIDDEN-HOTEL-53-1024x768.webp 1024w, https:\/\/jianguohiddenhotel.com\/wp-content\/uploads\/2025\/07\/JIANGUO-HIDDEN-HOTEL-53-300x225.webp 300w, https:\/\/jianguohiddenhotel.com\/wp-content\/uploads\/2025\/07\/JIANGUO-HIDDEN-HOTEL-53-768x576.webp 768w, https:\/\/jianguohiddenhotel.com\/wp-content\/uploads\/2025\/07\/JIANGUO-HIDDEN-HOTEL-53.webp 1137w\" sizes=\"(max-width: 1024px) 100vw, 1024px\" \/>\t\t\t\t\t\t\t\t\t\t\t\t\t\t\t<\/div>\n\t\t\t\t\t<\/div>\n\t\t\t\t<\/div>\n\t\t<div class=\"elementor-element elementor-element-d294841 e-flex e-con-boxed e-con e-parent\" data-id=\"d294841\" data-element_type=\"container\" data-e-type=\"container\">\n\t\t\t\t\t<div class=\"e-con-inner\">\n\t\t\t\t<div class=\"elementor-element elementor-element-1adee48 elementor-widget elementor-widget-text-editor\" data-id=\"1adee48\" data-element_type=\"widget\" data-e-type=\"widget\" data-widget_type=\"text-editor.default\">\n\t\t\t\t\t\t\t\t\t<p>F\u00fcr den unabh\u00e4ngigen Berufst\u00e4tigen oder den digitalen Nomaden, der von unterwegs aus Gesch\u00e4fte macht, ist die <strong>Concierge Business Lounge<\/strong> Die Lounge bietet eine ruhige, club\u00e4hnliche Atmosph\u00e4re mit ergonomischen Arbeitspl\u00e4tzen, privaten Telefonzellen und ultraschnellem Glasfaser-Internet (bis zu 1 Gbit\/s). Sie ist rund um die Uhr ge\u00f6ffnet und verf\u00fcgt \u00fcber mehrsprachige Business-Concierges, die flie\u00dfend Mandarin, Englisch und Japanisch sprechen. Sie bietet On-Demand-Support beim Drucken von Dokumenten, Kurierdiensten, Visa-Unterst\u00fctzung und sogar kurzfristige \u00dcbersetzungs- oder Beglaubigungsw\u00fcnsche. Kostenloser handwerklich hergestellter Kaffee, eine kuratierte Auswahl chinesischer Teesorten und leichte Gourmet-Snacks werden den ganzen Tag \u00fcber serviert und sorgen f\u00fcr anhaltende Energie und Konzentration.<\/p><p>Was die Gesch\u00e4ftsangebote des JIANGUO HIDDEN HOTELS wirklich auszeichnet, ist die Integration von <strong>kulturelle Intelligenz in die Unternehmenserfahrung<\/strong>Datong ist ein zentraler Knotenpunkt der chinesischen Belt and Road Initiative und ein aufstrebendes Zentrum f\u00fcr Energie, Tourismus und kulturellen Austausch. Daher kooperiert das Hotel mit lokalen Wirtschaftsentwicklungszonen, akademischen Einrichtungen und Innovationszentren, um seinen Kunden regionale Einblicke und Networking-M\u00f6glichkeiten zu bieten. G\u00e4ste k\u00f6nnen kuratierte Briefings \u00fcber die Industrielandschaft Shanxis anfordern, Besichtigungen von nahegelegenen Projekten f\u00fcr erneuerbare Energien vereinbaren oder Kundenessen mit traditioneller Pingyao-K\u00fcche veranstalten, die vom preisgekr\u00f6nten Chefkoch des Hotels neu interpretiert wird \u2013 all dies organisiert durch das hoteleigene <strong>Business-Liaison-Programm<\/strong>.<\/p><p>Dar\u00fcber hinaus ist das Hotel <strong>Intelligente Event-Management-Plattform<\/strong> Planer k\u00f6nnen Raumkonfigurationen aus der Ferne konfigurieren, AV-Anforderungen verwalten und das Catering \u00fcber ein intuitives digitales Dashboard koordinieren. Integriert mit Gesichtserkennung beim Check-in und KI-gest\u00fctzten Planungsassistenten reduziert die Plattform administrativen Aufwand und steigert die Gesamteffizienz jeder Firmenveranstaltung. F\u00fcr gr\u00f6\u00dfere Konferenzen oder Produkteinf\u00fchrungen bietet die angrenzende <strong>Gro\u00dfer Ballsaal Yongtai<\/strong>\u2013 zug\u00e4nglich \u00fcber eine private Skybridge \u2013 k\u00f6nnen zusammen reserviert werden und bieten eine Kapazit\u00e4t f\u00fcr 1.200 G\u00e4ste mit voller Theaterbeleuchtung, Kabinen f\u00fcr Simultandolmetschen und Live-Streaming-Funktionen per Drohne.<\/p><p>Sicherheit und Datenschutz stehen an erster Stelle. Der gesamte Business-Fl\u00fcgel verf\u00fcgt \u00fcber ein biometrisches Zugangssystem mit verschl\u00fcsselten WLAN-Netzwerken und 24\/7-Cybersicherheits\u00fcberwachung zum Schutz sensibler Daten. Alle Tagungsr\u00e4ume sind mit Abh\u00f6rschutz ausgestattet, und das Hotel h\u00e4lt sich an die DSGVO und das chinesische Gesetz zum Schutz personenbezogener Daten (PIPL), um die Einhaltung der Vorschriften f\u00fcr internationale Unternehmen zu gew\u00e4hrleisten.<\/p><p>Trotz all dieser technologischen Leistung verliert das JIANGUO HIDDEN HOTEL nie den menschlichen Faktor aus den Augen. Die Mitarbeiter sind nicht nur technisch geschult, sondern auch in der Kunst des vorausschauenden Services \u2013 sie merken sich die bevorzugte Besprechungsanordnung eines Gastes, schlagen optimale Zeiten f\u00fcr Anrufe basierend auf globalen Zeitzonen vor oder arrangieren nach dem Meeting einen ruhigen R\u00fcckzugsort im Zen-inspirierten Sky Garden des Hotels zum Nachdenken und Neuzentrieren.<\/p><p data-spm-anchor-id=\"a2ty_o01.29997173.0.i5.6242c921Bll23M\">Die Business-Einrichtungen des JIANGUO HIDDEN HOTEL sind nicht nur funktionale R\u00e4ume, sondern strategische Vorteile. Sie spiegeln ein tiefes Verst\u00e4ndnis f\u00fcr die Bed\u00fcrfnisse moderner Berufst\u00e4tiger wider: Flexibilit\u00e4t, Eleganz und ein Umfeld, in dem Ideen kompromisslos gedeihen k\u00f6nnen. Ob Sie im Herzen Nordchinas neue Partnerschaften schmieden, grenz\u00fcberschreitende Verhandlungen f\u00fchren oder einfach einen R\u00fcckzugsort f\u00fcr klare und ruhige Arbeit suchen \u2013 das JIANGUO HIDDEN HOTEL steht bereit \u2013 hier trifft Tradition auf Innovation und jedes Detail ist auf Erfolg ausgelegt. Willkommen in der Zukunft der Business-Hotellerie in Datong.<\/p>\t\t\t\t\t\t\t\t<\/div>\n\t\t\t\t\t<\/div>\n\t\t\t\t<\/div>\n\t\t\t\t<section class=\"elementor-section elementor-top-section elementor-element elementor-element-6420a89d elementor-section-boxed elementor-section-gap-beside-yes elementor-section-height-default elementor-section-height-default elementor-section-column-vertical-align-stretch\" data-id=\"6420a89d\" data-element_type=\"section\" data-e-type=\"section\" data-settings=\"{&quot;background_background&quot;:&quot;classic&quot;}\">\n\t\t\t\t\t\t<div class=\"elementor-container elementor-column-gap-extended\">\n\t\t\t\t\t<div class=\"elementor-column elementor-col-100 elementor-top-column elementor-element elementor-element-6538b4e0\" data-id=\"6538b4e0\" data-element_type=\"column\" data-e-type=\"column\">\n\t\t\t<div class=\"elementor-widget-wrap elementor-element-populated\">\n\t\t\t\t\t\t<div class=\"elementor-element elementor-element-14c1c6f3 elementor-widget elementor-widget-heading\" data-id=\"14c1c6f3\" data-element_type=\"widget\" data-e-type=\"widget\" data-widget_type=\"heading.default\">\n\t\t\t\t\t<h2 class=\"elementor-heading-title elementor-size-default\">Verf\u00fcgbarkeit pr\u00fcfen <\/h2>\t\t\t\t<\/div>\n\t\t\t\t<div class=\"elementor-element elementor-element-5764d352 elementor-widget elementor-widget-text-editor\" data-id=\"5764d352\" data-element_type=\"widget\" data-e-type=\"widget\" data-widget_type=\"text-editor.default\">\n\t\t\t\t\t\t\t\t\t<iframe border=\"0\" src=\"https:\/\/www.trip.com\/partners\/ad\/S4653525?Allianceid=4590391&#038;SID=243021108&#038;trip_sub1=\" style=\"width:900px;height:200px\" frameborder=\"0\" scrolling=\"no\" id=\"S4653525\"><\/iframe>\t\t\t\t\t\t\t\t<\/div>\n\t\t\t\t\t<\/div>\n\t\t<\/div>\n\t\t\t\t\t<\/div>\n\t\t<\/section>\n\t\t\t\t<\/div>","protected":false},"excerpt":{"rendered":"<p>Our Hotel board room offers a private, elegant meeting space in the heart of New York for groups of 8 to 10 persons. For your comfort and convenience, coffee break packages are available. Nestled in the heart of Datong\u2019s burgeoning Pingcheng District, the JIANGUO HIDDEN HOTEL emerges as a masterful fusion of heritage elegance and [&hellip;]<\/p>\n","protected":false},"author":1,"featured_media":0,"parent":0,"menu_order":0,"comment_status":"closed","ping_status":"closed","template":"","meta":{"footnotes":""},"class_list":["post-2109","page","type-page","status-publish","hentry","post-no-thumbnail"],"_links":{"self":[{"href":"https:\/\/jianguohiddenhotel.com\/de\/wp-json\/wp\/v2\/pages\/2109","targetHints":{"allow":["GET"]}}],"collection":[{"href":"https:\/\/jianguohiddenhotel.com\/de\/wp-json\/wp\/v2\/pages"}],"about":[{"href":"https:\/\/jianguohiddenhotel.com\/de\/wp-json\/wp\/v2\/types\/page"}],"author":[{"embeddable":true,"href":"https:\/\/jianguohiddenhotel.com\/de\/wp-json\/wp\/v2\/users\/1"}],"replies":[{"embeddable":true,"href":"https:\/\/jianguohiddenhotel.com\/de\/wp-json\/wp\/v2\/comments?post=2109"}],"version-history":[{"count":0,"href":"https:\/\/jianguohiddenhotel.com\/de\/wp-json\/wp\/v2\/pages\/2109\/revisions"}],"wp:attachment":[{"href":"https:\/\/jianguohiddenhotel.com\/de\/wp-json\/wp\/v2\/media?parent=2109"}],"curies":[{"name":"wp","href":"https:\/\/api.w.org\/{rel}","templated":true}]}}