{"id":612,"date":"2021-03-26T10:04:13","date_gmt":"2021-03-26T10:04:13","guid":{"rendered":"http:\/\/localhost\/nuss\/?page_id=612"},"modified":"2025-07-30T08:54:29","modified_gmt":"2025-07-30T08:54:29","slug":"restaurant","status":"publish","type":"page","link":"https:\/\/jianguohiddenhotel.com\/de\/restaurant\/","title":{"rendered":"Restaurant"},"content":{"rendered":"<div data-elementor-type=\"wp-page\" data-elementor-id=\"612\" class=\"elementor elementor-612\">\n\t\t\t\t\t\t<section class=\"elementor-section elementor-top-section elementor-element elementor-element-e2effe8 elementor-section-boxed elementor-section-gap-beside-yes elementor-section-height-default elementor-section-height-default elementor-section-column-vertical-align-stretch\" data-id=\"e2effe8\" data-element_type=\"section\" data-e-type=\"section\">\n\t\t\t\t\t\t<div class=\"elementor-container elementor-column-gap-extended\">\n\t\t\t\t\t<div class=\"elementor-column elementor-col-100 elementor-top-column elementor-element elementor-element-e18f688\" data-id=\"e18f688\" data-element_type=\"column\" data-e-type=\"column\">\n\t\t\t<div class=\"elementor-widget-wrap elementor-element-populated\">\n\t\t\t\t\t\t<div class=\"elementor-element elementor-element-6db146d elementor-widget__width-initial elementor-invisible elementor-widget elementor-widget-text-editor\" data-id=\"6db146d\" data-element_type=\"widget\" data-e-type=\"widget\" data-settings=\"{&quot;_animation&quot;:&quot;nussFadeInUp&quot;}\" data-widget_type=\"text-editor.default\">\n\t\t\t\t\t\t\t\t\t<p><strong data-spm-anchor-id=\"a2ty_o01.29997173.0.i43.6242c921Bll23M\">Entdecken Sie kulinarische Spitzenleistungen im Yunxiang Restaurant \u2013 dem Herzst\u00fcck des JIANGUO HIDDEN HOTEL, Datong<\/strong><\/p>\t\t\t\t\t\t\t\t<\/div>\n\t\t\t\t\t<\/div>\n\t\t<\/div>\n\t\t\t\t\t<\/div>\n\t\t<\/section>\n\t\t<div class=\"elementor-element elementor-element-8f7cca6 e-flex e-con-boxed e-con e-parent\" data-id=\"8f7cca6\" data-element_type=\"container\" data-e-type=\"container\">\n\t\t\t\t\t<div class=\"e-con-inner\">\n\t\t\t\t<div class=\"elementor-element elementor-element-521a286 elementor-widget elementor-widget-text-editor\" data-id=\"521a286\" data-element_type=\"widget\" data-e-type=\"widget\" data-widget_type=\"text-editor.default\">\n\t\t\t\t\t\t\t\t\t<p data-spm-anchor-id=\"a2ty_o01.29997173.0.i36.6242c921Bll23M\">Eingebettet in die ruhige Eleganz von <strong>JIANGUO VERSTECKTES HOTEL<\/strong> im Yongtai-Geb\u00e4ude, South Yongtai Road, Bezirk Pingcheng, Datong, Shanxi, liegt <strong>Yunxiang-Restaurant<\/strong>\u2013 ein Reiseziel, das das reiche kulinarische Erbe Nordchinas mit moderner Kunstfertigkeit, saisonaler Integrit\u00e4t und gef\u00fchlvoller Authentizit\u00e4t neu interpretiert. Yunxiang ist mehr als nur ein kulinarisches Hotelerlebnis. Es ist eine Hommage an die tief verwurzelten gastronomischen Traditionen Shanxis, aufgewertet durch moderne Techniken, Zutaten aus der Region und ein unersch\u00fctterliches Engagement f\u00fcr das kulturelle Geschichtenerz\u00e4hlen durch Essen.<\/p><p>Als Flaggschiff-Restaurant des JIANGUO HIDDEN HOTELS l\u00e4sst sich Yunxiang (was so viel wie \u201eDuft der Wolken\u201c) von den nebelverhangenen Gipfeln des Hengshan, den alten Handelsrouten der Seidenstra\u00dfe, die einst durch Datong f\u00fchrten, und den althergebrachten Aromen des l\u00e4ndlichen Kernlandes Shanxi inspirieren. Jedes Gericht ist eine Hommage an das Erbe der Region \u2013 Heimat einiger der ber\u00fchmtesten kulinarischen Sch\u00e4tze Chinas, von handgezogenen, mit dem Messer geschnittenen Nudeln (<em>dao xiao mian<\/em>) bis hin zu Schmorgerichten mit gereiftem Essig, Delikatessen auf Hirsebasis und langsam gegarten Lamm-Eint\u00f6pfen mit Bergkr\u00e4utern.<\/p><p>Treten Sie ein und Sie werden von einer Atmosph\u00e4re kultivierter Ruhe begr\u00fc\u00dft. Der Raum ist in einer Mischung aus Minimalismus der Ming-Dynastie und zeitgen\u00f6ssischer Zen-\u00c4sthetik gestaltet und besticht durch warme Walnussholzvert\u00e4felungen, handglasiertes Keramikgeschirr und sanfte, je nach Tageszeit wechselnde Beleuchtung. Raumhohe Fenster bieten einen Panoramablick auf die Skyline von Datong und die Silhouette der alten Stadtmauern in der Ferne und schaffen eine ebenso intime wie gro\u00dfz\u00fcgige Atmosph\u00e4re.<\/p>\t\t\t\t\t\t\t\t<\/div>\n\t\t\t\t\t<\/div>\n\t\t\t\t<\/div>\n\t\t<div class=\"elementor-element elementor-element-4edb6f4 e-flex e-con-boxed e-con e-parent\" data-id=\"4edb6f4\" data-element_type=\"container\" data-e-type=\"container\">\n\t\t\t\t\t<div class=\"e-con-inner\">\n\t\t\t\t<div class=\"elementor-element elementor-element-6d6c3a5 elementor-widget elementor-widget-nuss-image-gallery\" data-id=\"6d6c3a5\" data-element_type=\"widget\" data-e-type=\"widget\" data-widget_type=\"nuss-image-gallery.default\">\n\t\t\t\t<div class=\"elementor-widget-container\">\n\t\t\t\t\t\t\t<div class=\"nuss-grid-wrapper\" data-grid=\"{&quot;type&quot;:&quot;grid&quot;,&quot;ratio&quot;:null,&quot;columns&quot;:3,&quot;gutter&quot;:30}\">\r\n\t\t\t<div class=\"nuss-grid lazy-grid\">\r\n\t\t\t\t<div class=\"grid-sizer\"><\/div>\r\n\r\n\t\t\t\t\t\t\t\t\t\t\t\t<div class=\"grid-item\">\r\n\t\t\t\t\t\t<div class=\"nuss-box\">\t\t<div class=\"nuss-image image\">\r\n\t\t\t<img decoding=\"async\"  src=\"https:\/\/jianguohiddenhotel.com\/wp-content\/uploads\/2025\/07\/JIANGUO-HIDDEN-HOTEL-76.webp\" alt=\"JIANGUO VERSTECKTES HOTEL (76)\" \/>\t\t<\/div>\r\n\t\t\t\t<\/div>\t\t\t\t\t<\/div>\r\n\t\t\t\t\t\t<div class=\"grid-item\">\r\n\t\t\t\t\t\t<div class=\"nuss-box\">\t\t<div class=\"nuss-image image\">\r\n\t\t\t<img decoding=\"async\"  src=\"https:\/\/jianguohiddenhotel.com\/wp-content\/uploads\/2025\/07\/JIANGUO-HIDDEN-HOTEL-72.webp\" alt=\"JIANGUO VERSTECKTES HOTEL (72)\" \/>\t\t<\/div>\r\n\t\t\t\t<\/div>\t\t\t\t\t<\/div>\r\n\t\t\t\t\t\t<div class=\"grid-item\">\r\n\t\t\t\t\t\t<div class=\"nuss-box\">\t\t<div class=\"nuss-image image\">\r\n\t\t\t<img decoding=\"async\"  src=\"https:\/\/jianguohiddenhotel.com\/wp-content\/uploads\/2025\/07\/JIANGUO-HIDDEN-HOTEL-70.webp\" alt=\"JIANGUO VERSTECKTES HOTEL (70)\" \/>\t\t<\/div>\r\n\t\t\t\t<\/div>\t\t\t\t\t<\/div>\r\n\t\t\t\t\t\t<div class=\"grid-item\">\r\n\t\t\t\t\t\t<div class=\"nuss-box\">\t\t<div class=\"nuss-image image\">\r\n\t\t\t<img decoding=\"async\"  src=\"https:\/\/jianguohiddenhotel.com\/wp-content\/uploads\/2025\/07\/JIANGUO-HIDDEN-HOTEL-75.webp\" alt=\"JIANGUO VERSTECKTES HOTEL (75)\" \/>\t\t<\/div>\r\n\t\t\t\t<\/div>\t\t\t\t\t<\/div>\r\n\t\t\t\t\t\t<div class=\"grid-item\">\r\n\t\t\t\t\t\t<div class=\"nuss-box\">\t\t<div class=\"nuss-image image\">\r\n\t\t\t<img decoding=\"async\"  src=\"https:\/\/jianguohiddenhotel.com\/wp-content\/uploads\/2025\/07\/JIANGUO-HIDDEN-HOTEL-74.webp\" alt=\"JIANGUO VERSTECKTES HOTEL (74)\" \/>\t\t<\/div>\r\n\t\t\t\t<\/div>\t\t\t\t\t<\/div>\r\n\t\t\t\t\t\t<div class=\"grid-item\">\r\n\t\t\t\t\t\t<div class=\"nuss-box\">\t\t<div class=\"nuss-image image\">\r\n\t\t\t<img decoding=\"async\"  src=\"https:\/\/jianguohiddenhotel.com\/wp-content\/uploads\/2025\/07\/JIANGUO-HIDDEN-HOTEL-71.webp\" alt=\"JIANGUO VERSTECKTES HOTEL (71)\" \/>\t\t<\/div>\r\n\t\t\t\t<\/div>\t\t\t\t\t<\/div>\r\n\t\t\t\t\t\t\t\r\n\t\t\t<\/div>\r\n\t\t<\/div>\r\n\t\t\t\t\t\t<\/div>\n\t\t\t\t<\/div>\n\t\t\t\t\t<\/div>\n\t\t\t\t<\/div>\n\t\t<div class=\"elementor-element elementor-element-1e79a6d e-flex e-con-boxed e-con e-parent\" data-id=\"1e79a6d\" data-element_type=\"container\" data-e-type=\"container\">\n\t\t\t\t\t<div class=\"e-con-inner\">\n\t\t\t\t<div class=\"elementor-element elementor-element-e41bed1 elementor-widget elementor-widget-text-editor\" data-id=\"e41bed1\" data-element_type=\"widget\" data-e-type=\"widget\" data-widget_type=\"text-editor.default\">\n\t\t\t\t\t\t\t\t\t<p data-spm-anchor-id=\"a2ty_o01.29997173.0.i38.6242c921Bll23M\">Im Mittelpunkt der Philosophie von Yunxiang steht <strong>hyperlokale Beschaffung<\/strong>Unser Chefkoch, Chefkoch Li Wei, stammt aus Datong und verf\u00fcgt \u00fcber mehr als zwei Jahrzehnte Erfahrung in der regionalen und internationalen K\u00fcche. Er leitet ein leidenschaftliches K\u00fcchenteam, das direkt mit Bauern, Sammlern und handwerklichen Produzenten in ganz Shanxi zusammenarbeitet. Von Bio-Buchweizen aus dem Hochland von Ningwu \u00fcber Freilandgefl\u00fcgel aus Xinzhou bis hin zu drei Jahre in traditionellen Tongef\u00e4\u00dfen gereiftem Essig erz\u00e4hlt jede Zutat eine Geschichte \u00fcber Ort und Herkunft.<\/p><p>Die Speisekarte ist eine sorgf\u00e4ltig zusammengestellte Reise durch Nordchinas Geschmacksspektrum. Zu den Spezialit\u00e4ten geh\u00f6ren:<\/p><ul><li><strong>Rauchige Messernudeln mit Wildpilzen und fermentierten schwarzen Bohnen<\/strong> \u2013 eine moderne Variante eines Shanxi-Klassikers, am Tisch serviert mit theatralischem Wok-Flair.<\/li><li><strong>Geschmortes Dongshan-Lamm mit getrockneten Jujuben und Goji-Beeren<\/strong> \u2013 12 Stunden lang langsam gegart, zart und aromatisch, inspiriert von kaiserlichen Banketten des Nordens.<\/li><li><strong>Knusprige Hirsepfannkuchen mit Honigwaln\u00fcssen und Sesamcreme<\/strong> \u2013 eine Anspielung auf die alten Hirseanbautraditionen von Shanxi, neu erfunden als delikate Vorspeise.<\/li><li><strong>Yungang Buddhas Freude<\/strong> \u2013 ein vegetarisches Meisterwerk mit Bergtofu, Lotuswurzel, Bambusmark und Judasohren, benannt zu Ehren der zum UNESCO-Weltkulturerbe geh\u00f6renden Yungang-Grotten in Datong.<\/li><\/ul><p>Zum Fr\u00fchst\u00fcck erwartet die G\u00e4ste ein umfangreiches <strong>Erbe-Buffet<\/strong> das chinesische Dim Sum mit westlichen Favoriten verbindet, einschlie\u00dflich hausgemachter <em>Baozi<\/em>, Fr\u00fchlingszwiebelpfannkuchen nach Shanxi-Art, Bio-Congee mit eingelegtem Ei und Schweinefleischflocken sowie frisch gebackenes Geb\u00e4ck mit Honig und Waln\u00fcssen aus der Region. Spezielle Ern\u00e4hrungsw\u00fcnsche \u2013 darunter vegane, glutenfreie und Halal-Optionen \u2013 werden nach vorheriger Ank\u00fcndigung gerne ber\u00fccksichtigt.<\/p><p>Yunxiang bietet auch <strong>Private kulinarische Erlebnisse<\/strong> in seinen exklusiven Innenhofpavillons und Teekammern, perfekt f\u00fcr intime Zusammenk\u00fcnfte, Gesch\u00e4ftsessen oder kulturelle Feiern. Unsere <strong>Degustationsmen\u00fc \u201eTaste of Pingcheng\u201c<\/strong>, verf\u00fcgbar nach Reservierung, f\u00fchrt die G\u00e4ste durch acht G\u00e4nge mit saisonalen Innovationen, gepaart mit ausgew\u00e4hlten chinesischen Tees oder Boutique-Weinen aus Shanxi.<\/p><p data-spm-anchor-id=\"a2ty_o01.29997173.0.i40.6242c921Bll23M\">Aber Yunxiang ist mehr als ein Restaurant \u2013 es ist ein kultureller Botschafter. Monatlich <strong>kulinarische Events<\/strong> Wir laden unsere G\u00e4ste zu Nudel-Workshops, Essig-Verkostungen und Kooperationen mit lokalen K\u00f6chen ein, die gef\u00e4hrdete Shanxi-Rezepte bewahren. Wir arbeiten mit der Datong Culinary Heritage Foundation zusammen, um vergessene Gerichte zu dokumentieren und wiederzubeleben, damit die Aromen der Vergangenheit auch in Zukunft eine Inspiration sind.<\/p>\t\t\t\t\t\t\t\t<\/div>\n\t\t\t\t\t<\/div>\n\t\t\t\t<\/div>\n\t\t<div class=\"elementor-element elementor-element-f06c144 e-flex e-con-boxed e-con e-parent\" data-id=\"f06c144\" data-element_type=\"container\" data-e-type=\"container\">\n\t\t\t\t\t<div class=\"e-con-inner\">\n\t\t\t\t<div class=\"elementor-element elementor-element-970e5d1 elementor-widget elementor-widget-nuss-image-gallery\" data-id=\"970e5d1\" data-element_type=\"widget\" data-e-type=\"widget\" data-widget_type=\"nuss-image-gallery.default\">\n\t\t\t\t<div class=\"elementor-widget-container\">\n\t\t\t\t\t\t\t<div class=\"nuss-grid-wrapper\" data-grid=\"{&quot;type&quot;:&quot;grid&quot;,&quot;ratio&quot;:null,&quot;columns&quot;:3,&quot;gutter&quot;:30}\">\r\n\t\t\t<div class=\"nuss-grid lazy-grid\">\r\n\t\t\t\t<div class=\"grid-sizer\"><\/div>\r\n\r\n\t\t\t\t\t\t\t\t\t\t\t\t<div class=\"grid-item\">\r\n\t\t\t\t\t\t<div class=\"nuss-box\">\t\t<div class=\"nuss-image image\">\r\n\t\t\t<img decoding=\"async\"  src=\"https:\/\/jianguohiddenhotel.com\/wp-content\/uploads\/2025\/07\/JIANGUO-HIDDEN-HOTEL-65.webp\" alt=\"JIANGUO VERSTECKTES HOTEL (65)\" \/>\t\t<\/div>\r\n\t\t\t\t<\/div>\t\t\t\t\t<\/div>\r\n\t\t\t\t\t\t<div class=\"grid-item\">\r\n\t\t\t\t\t\t<div class=\"nuss-box\">\t\t<div class=\"nuss-image image\">\r\n\t\t\t<img decoding=\"async\"  src=\"https:\/\/jianguohiddenhotel.com\/wp-content\/uploads\/2025\/07\/JIANGUO-HIDDEN-HOTEL-62.webp\" alt=\"JIANGUO VERSTECKTES HOTEL (62)\" \/>\t\t<\/div>\r\n\t\t\t\t<\/div>\t\t\t\t\t<\/div>\r\n\t\t\t\t\t\t<div class=\"grid-item\">\r\n\t\t\t\t\t\t<div class=\"nuss-box\">\t\t<div class=\"nuss-image image\">\r\n\t\t\t<img decoding=\"async\"  src=\"https:\/\/jianguohiddenhotel.com\/wp-content\/uploads\/2025\/07\/JIANGUO-HIDDEN-HOTEL-34.webp\" alt=\"JIANGUO VERSTECKTES HOTEL (34)\" \/>\t\t<\/div>\r\n\t\t\t\t<\/div>\t\t\t\t\t<\/div>\r\n\t\t\t\t\t\t<div class=\"grid-item\">\r\n\t\t\t\t\t\t<div class=\"nuss-box\">\t\t<div class=\"nuss-image image\">\r\n\t\t\t<img decoding=\"async\"  src=\"https:\/\/jianguohiddenhotel.com\/wp-content\/uploads\/2025\/07\/JIANGUO-HIDDEN-HOTEL-68.webp\" alt=\"JIANGUO VERSTECKTES HOTEL (68)\" \/>\t\t<\/div>\r\n\t\t\t\t<\/div>\t\t\t\t\t<\/div>\r\n\t\t\t\t\t\t<div class=\"grid-item\">\r\n\t\t\t\t\t\t<div class=\"nuss-box\">\t\t<div class=\"nuss-image image\">\r\n\t\t\t<img decoding=\"async\"  src=\"https:\/\/jianguohiddenhotel.com\/wp-content\/uploads\/2025\/07\/JIANGUO-HIDDEN-HOTEL-50.webp\" alt=\"JIANGUO VERSTECKTES HOTEL (50)\" \/>\t\t<\/div>\r\n\t\t\t\t<\/div>\t\t\t\t\t<\/div>\r\n\t\t\t\t\t\t<div class=\"grid-item\">\r\n\t\t\t\t\t\t<div class=\"nuss-box\">\t\t<div class=\"nuss-image image\">\r\n\t\t\t<img decoding=\"async\"  src=\"https:\/\/jianguohiddenhotel.com\/wp-content\/uploads\/2025\/07\/JIANGUO-HIDDEN-HOTEL-69.webp\" alt=\"JIANGUO VERSTECKTES HOTEL (69)\" \/>\t\t<\/div>\r\n\t\t\t\t<\/div>\t\t\t\t\t<\/div>\r\n\t\t\t\t\t\t\t\r\n\t\t\t<\/div>\r\n\t\t<\/div>\r\n\t\t\t\t\t\t<\/div>\n\t\t\t\t<\/div>\n\t\t\t\t\t<\/div>\n\t\t\t\t<\/div>\n\t\t<div class=\"elementor-element elementor-element-53435b1 e-flex e-con-boxed e-con e-parent\" data-id=\"53435b1\" data-element_type=\"container\" data-e-type=\"container\">\n\t\t\t\t\t<div class=\"e-con-inner\">\n\t\t\t\t<div class=\"elementor-element elementor-element-8461420 elementor-widget elementor-widget-text-editor\" data-id=\"8461420\" data-element_type=\"widget\" data-e-type=\"widget\" data-widget_type=\"text-editor.default\">\n\t\t\t\t\t\t\t\t\t<p data-spm-anchor-id=\"a2ty_o01.29997173.0.i42.6242c921Bll23M\">Anerkannt am <strong>TripAdvisors \u201eBeste Restaurants in Datong\u201c<\/strong>, gelobt am <strong>Trip.com<\/strong> Und <strong>Dianping<\/strong> Yunxiang wird von Gastronomiekritikern f\u00fcr seine authentische und zugleich innovative K\u00fcche gelobt und ist aufgrund seiner Balance aus Tradition und Kreativit\u00e4t zu einem Muss geworden \u2013 nicht nur f\u00fcr Hotelg\u00e4ste, sondern f\u00fcr anspruchsvolle Feinschmecker in ganz Nordchina.<\/p><p data-spm-anchor-id=\"a2ty_o01.29997173.0.i41.6242c921Bll23M\">Ob Sie in aller Ruhe eine Tasse Phoenix Oolong an unserer Teebar genie\u00dfen, sich auf unserer Dachterrasse ein Abendessen bei Kerzenschein unter den Sternen g\u00f6nnen oder die Kunstfertigkeit eines Kaiseki-inspirierten Shanxi-Banketts erleben, das Restaurant Yunxiang l\u00e4dt Sie ein, zur Ruhe zu kommen, intensiv zu genie\u00dfen und sich mit der Seele von Shanxi zu verbinden.<\/p><div class=\"my-2\">\u00a0<\/div><p>Bei <strong>JIANGUO VERSTECKTES HOTEL<\/strong>Wir glauben, dass Essen Erinnerung, Identit\u00e4t und Gastfreundschaft in ihrer reinsten Form ist.<br \/>Willkommen bei <strong>Yunxiang<\/strong>\u2013 wo jeder Bissen den Duft der Geschichte tr\u00e4gt und jede Mahlzeit zu einer Reise wird.<\/p><p data-spm-anchor-id=\"a2ty_o01.29997173.0.i35.6242c921Bll23M\"><em>Entdecken Sie den wahren Geschmack von Datong. Nur im Yunxiang Restaurant.<\/em><\/p>\t\t\t\t\t\t\t\t<\/div>\n\t\t\t\t\t<\/div>\n\t\t\t\t<\/div>\n\t\t\t\t<section class=\"elementor-section elementor-top-section elementor-element elementor-element-2ef13886 elementor-section-boxed elementor-section-gap-beside-yes elementor-section-height-default elementor-section-height-default elementor-section-column-vertical-align-stretch\" data-id=\"2ef13886\" data-element_type=\"section\" data-e-type=\"section\" data-settings=\"{&quot;background_background&quot;:&quot;classic&quot;}\">\n\t\t\t\t\t\t<div class=\"elementor-container elementor-column-gap-extended\">\n\t\t\t\t\t<div class=\"elementor-column elementor-col-100 elementor-top-column elementor-element elementor-element-5f88eb06\" data-id=\"5f88eb06\" data-element_type=\"column\" data-e-type=\"column\">\n\t\t\t<div class=\"elementor-widget-wrap elementor-element-populated\">\n\t\t\t\t\t\t<div class=\"elementor-element elementor-element-7bf95790 elementor-widget elementor-widget-heading\" data-id=\"7bf95790\" data-element_type=\"widget\" data-e-type=\"widget\" data-widget_type=\"heading.default\">\n\t\t\t\t\t<h2 class=\"elementor-heading-title elementor-size-default\">Verf\u00fcgbarkeit pr\u00fcfen <\/h2>\t\t\t\t<\/div>\n\t\t\t\t<div class=\"elementor-element elementor-element-4ef3c900 elementor-widget elementor-widget-text-editor\" data-id=\"4ef3c900\" data-element_type=\"widget\" data-e-type=\"widget\" data-widget_type=\"text-editor.default\">\n\t\t\t\t\t\t\t\t\t<iframe border=\"0\" src=\"https:\/\/www.trip.com\/partners\/ad\/S4653525?Allianceid=4590391&#038;SID=243021108&#038;trip_sub1=\" style=\"width:900px;height:200px\" frameborder=\"0\" scrolling=\"no\" id=\"S4653525\"><\/iframe>\t\t\t\t\t\t\t\t<\/div>\n\t\t\t\t\t<\/div>\n\t\t<\/div>\n\t\t\t\t\t<\/div>\n\t\t<\/section>\n\t\t\t\t<\/div>","protected":false},"excerpt":{"rendered":"<p>Discover Culinary Excellence at Yunxiang Restaurant \u2013 The Heartbeat of JIANGUO HIDDEN HOTEL, Datong Nestled within the serene elegance of JIANGUO HIDDEN HOTEL at Yongtai Building, South Yongtai Road, Pingcheng District, Datong, Shanxi, lies Yunxiang Restaurant\u2014a destination where the rich culinary heritage of northern China is reimagined with modern artistry, seasonal integrity, and soulful authenticity. [&hellip;]<\/p>\n","protected":false},"author":1,"featured_media":0,"parent":0,"menu_order":0,"comment_status":"closed","ping_status":"closed","template":"","meta":{"footnotes":""},"class_list":["post-612","page","type-page","status-publish","hentry","post-no-thumbnail"],"_links":{"self":[{"href":"https:\/\/jianguohiddenhotel.com\/de\/wp-json\/wp\/v2\/pages\/612","targetHints":{"allow":["GET"]}}],"collection":[{"href":"https:\/\/jianguohiddenhotel.com\/de\/wp-json\/wp\/v2\/pages"}],"about":[{"href":"https:\/\/jianguohiddenhotel.com\/de\/wp-json\/wp\/v2\/types\/page"}],"author":[{"embeddable":true,"href":"https:\/\/jianguohiddenhotel.com\/de\/wp-json\/wp\/v2\/users\/1"}],"replies":[{"embeddable":true,"href":"https:\/\/jianguohiddenhotel.com\/de\/wp-json\/wp\/v2\/comments?post=612"}],"version-history":[{"count":0,"href":"https:\/\/jianguohiddenhotel.com\/de\/wp-json\/wp\/v2\/pages\/612\/revisions"}],"wp:attachment":[{"href":"https:\/\/jianguohiddenhotel.com\/de\/wp-json\/wp\/v2\/media?parent=612"}],"curies":[{"name":"wp","href":"https:\/\/api.w.org\/{rel}","templated":true}]}}