{"id":2104,"date":"2021-03-23T09:33:48","date_gmt":"2021-03-23T09:33:48","guid":{"rendered":"http:\/\/localhost\/nuss\/?page_id=167"},"modified":"2025-07-30T08:41:54","modified_gmt":"2025-07-30T08:41:54","slug":"nuestra-historia","status":"publish","type":"page","link":"https:\/\/jianguohiddenhotel.com\/es\/nuestra-historia\/","title":{"rendered":"Nuestra historia"},"content":{"rendered":"<div data-elementor-type=\"wp-page\" data-elementor-id=\"2104\" class=\"elementor elementor-2104\">\n\t\t\t\t\t\t<section class=\"elementor-section elementor-top-section elementor-element elementor-element-8f5bb9d elementor-section-boxed elementor-section-gap-beside-yes elementor-section-height-default elementor-section-height-default elementor-section-column-vertical-align-stretch\" data-id=\"8f5bb9d\" data-element_type=\"section\" data-e-type=\"section\">\n\t\t\t\t\t\t<div class=\"elementor-container elementor-column-gap-extended\">\n\t\t\t\t\t<div class=\"elementor-column elementor-col-100 elementor-top-column elementor-element elementor-element-7ec4215\" data-id=\"7ec4215\" data-element_type=\"column\" data-e-type=\"column\">\n\t\t\t<div class=\"elementor-widget-wrap elementor-element-populated\">\n\t\t\t\t\t\t<div class=\"elementor-element elementor-element-edd9d03 elementor-widget__width-initial elementor-invisible elementor-widget elementor-widget-text-editor\" data-id=\"edd9d03\" data-element_type=\"widget\" data-e-type=\"widget\" data-settings=\"{&quot;_animation&quot;:&quot;nussFadeInUp&quot;}\" data-widget_type=\"text-editor.default\">\n\t\t\t\t\t\t\t\t\t<p><strong data-spm-anchor-id=\"a2ty_o01.29997173.0.i28.6242c921Bll23M\">El alma del JIANGUO HIDDEN HOTEL: donde la tradici\u00f3n se fusiona con la armon\u00eda oculta<\/strong><\/p>\t\t\t\t\t\t\t\t<\/div>\n\t\t\t\t\t<\/div>\n\t\t<\/div>\n\t\t\t\t\t<\/div>\n\t\t<\/section>\n\t\t<div class=\"elementor-element elementor-element-2d9bb20 e-flex e-con-boxed e-con e-parent\" data-id=\"2d9bb20\" data-element_type=\"container\" data-e-type=\"container\">\n\t\t\t\t\t<div class=\"e-con-inner\">\n\t\t\t\t<div class=\"elementor-element elementor-element-fd4c4ca elementor-widget elementor-widget-text-editor\" data-id=\"fd4c4ca\" data-element_type=\"widget\" data-e-type=\"widget\" data-widget_type=\"text-editor.default\">\n\t\t\t\t\t\t\t\t\t<p data-spm-anchor-id=\"a2ty_o01.29997173.0.i30.6242c921Bll23M\">En la antigua ciudad de Datong, donde siglos de ambici\u00f3n imperial, comercio de la Ruta de la Seda y devoci\u00f3n budista han forjado el alma del norte de China, se abre discretamente un nuevo cap\u00edtulo en la hospitalidad. Aqu\u00ed, enclavado en la elegante silueta del Edificio Yongtai en la calle Yongtai Sur, en el hist\u00f3rico distrito de Pingcheng, se alza <strong>HOTEL OCULTO DE JIANGUO<\/strong>\u2014no s\u00f3lo como un lugar donde quedarse, sino como una narrativa viviente de redescubrimiento, reverencia y retiro refinado.<\/p><p>Nuestra historia no comienza con planos ni planes de negocios, sino con una visi\u00f3n: crear un santuario que honre las profundas ra\u00edces culturales de la provincia de Shanxi, a la vez que abraza la serena elegancia de la serenidad moderna. El nombre <em>\u201cJianguo escondido\u201d<\/em> No es una simple marca, es una filosof\u00eda. &quot;Jianguo&quot; rinde homenaje al perdurable legado de la artesan\u00eda, la resiliencia y el orgullo nacional chinos, mientras que &quot;Hidden&quot; evoca la belleza serena y contemplativa que se esconde tras la superficie de la bulliciosa vida urbana. Juntos, forman una promesa: ofrecer a los hu\u00e9spedes un viaje interior, lejos del ruido, hacia la autenticidad, el equilibrio y la conexi\u00f3n.<\/p><p>Datong, antigua capital de la dinast\u00eda Wei del Norte y un punto clave de intercambio entre Oriente y Occidente, ha sido durante mucho tiempo una ciudad de contrastes, donde antiguas grutas excavadas en acantilados de arenisca se alzan junto a la renovaci\u00f3n urbana moderna, y donde el eco de las campanas de los templos se funde con el ritmo de la vida contempor\u00e1nea. El JIANGUO HIDDEN HOTEL fue concebido como un puente entre estos mundos. Inspirado en la elegancia arquitect\u00f3nica de las dinast\u00edas Ming y Qing, pero reinventado a trav\u00e9s de la lente del dise\u00f1o moderno minimalista, la est\u00e9tica del hotel es un di\u00e1logo entre el pasado y el presente. Biombos de celos\u00eda de madera, motivos de piedra tallada a mano y tranquilos patios con agua se integran a la perfecci\u00f3n en espacios iluminados por una suave iluminaci\u00f3n ambiental y cristaleras de suelo a techo, creando una atm\u00f3sfera de serena sofisticaci\u00f3n.<\/p><p>Pero nuestra historia no se trata solo de arquitectura, sino tambi\u00e9n de personas. La idea del JIANGUO HIDDEN HOTEL surgi\u00f3 de un viaje de una d\u00e9cada de un grupo de empresarios, historiadores y visionarios de la hospitalidad locales que cre\u00edan que el verdadero lujo no reside en la opulencia, sino en la intenci\u00f3n. Recorrieron Shanxi, consultando con artesanos, monjes y ancianos para comprender la esencia de... <em>&quot;oculto&quot;<\/em> Belleza: la sutil armon\u00eda que se encuentra en una taza de t\u00e9 pu&#039;er a\u00f1ejo perfectamente preparado, la serena dignidad de una tela tejida a mano o la quietud de un patio al amanecer. Estos elementos se integraron en la esencia del hotel, desde los muebles de nogal de origen local hasta el aroma personalizado que se difunde en cada habitaci\u00f3n: una mezcla de cipr\u00e9s, osmanto y crisantemo silvestre, inspirada en el aire monta\u00f1oso de la cercana Hengshan.<\/p><p data-spm-anchor-id=\"a2ty_o01.29997173.0.i29.6242c921Bll23M\">\u00a0<\/p>\t\t\t\t\t\t\t\t<\/div>\n\t\t\t\t\t<\/div>\n\t\t\t\t<\/div>\n\t\t<div class=\"elementor-element elementor-element-36bd9c6 e-flex e-con-boxed e-con e-parent\" data-id=\"36bd9c6\" data-element_type=\"container\" data-e-type=\"container\">\n\t\t\t\t\t<div class=\"e-con-inner\">\n\t\t\t\t<div class=\"elementor-element elementor-element-224fdb7 elementor-widget elementor-widget-nuss-image-gallery\" data-id=\"224fdb7\" data-element_type=\"widget\" data-e-type=\"widget\" data-widget_type=\"nuss-image-gallery.default\">\n\t\t\t\t<div class=\"elementor-widget-container\">\n\t\t\t\t\t\t\t<div class=\"nuss-grid-wrapper\" data-grid=\"{&quot;type&quot;:&quot;grid&quot;,&quot;ratio&quot;:null,&quot;columns&quot;:3,&quot;gutter&quot;:30}\">\r\n\t\t\t<div class=\"nuss-grid lazy-grid\">\r\n\t\t\t\t<div class=\"grid-sizer\"><\/div>\r\n\r\n\t\t\t\t\t\t\t\t\t\t\t\t<div class=\"grid-item\">\r\n\t\t\t\t\t\t<div class=\"nuss-box\">\t\t<div class=\"nuss-image image\">\r\n\t\t\t<img decoding=\"async\"  src=\"https:\/\/jianguohiddenhotel.com\/wp-content\/uploads\/2025\/07\/JIANGUO-HIDDEN-HOTEL-36.webp\" alt=\"HOTEL OCULTO DE JIANGUO (36)\" \/>\t\t<\/div>\r\n\t\t\t\t<\/div>\t\t\t\t\t<\/div>\r\n\t\t\t\t\t\t<div class=\"grid-item\">\r\n\t\t\t\t\t\t<div class=\"nuss-box\">\t\t<div class=\"nuss-image image\">\r\n\t\t\t<img decoding=\"async\"  src=\"https:\/\/jianguohiddenhotel.com\/wp-content\/uploads\/2025\/07\/JIANGUO-HIDDEN-HOTEL-25.webp\" alt=\"HOTEL OCULTO DE JIANGUO (25)\" \/>\t\t<\/div>\r\n\t\t\t\t<\/div>\t\t\t\t\t<\/div>\r\n\t\t\t\t\t\t<div class=\"grid-item\">\r\n\t\t\t\t\t\t<div class=\"nuss-box\">\t\t<div class=\"nuss-image image\">\r\n\t\t\t<img decoding=\"async\"  src=\"https:\/\/jianguohiddenhotel.com\/wp-content\/uploads\/2025\/07\/JIANGUO-HIDDEN-HOTEL-103.webp\" alt=\"HOTEL OCULTO DE JIANGUO (103)\" \/>\t\t<\/div>\r\n\t\t\t\t<\/div>\t\t\t\t\t<\/div>\r\n\t\t\t\t\t\t<div class=\"grid-item\">\r\n\t\t\t\t\t\t<div class=\"nuss-box\">\t\t<div class=\"nuss-image image\">\r\n\t\t\t<img decoding=\"async\"  src=\"https:\/\/jianguohiddenhotel.com\/wp-content\/uploads\/2025\/07\/JIANGUO-HIDDEN-HOTEL-95.webp\" alt=\"HOTEL OCULTO DE JIANGUO (95)\" \/>\t\t<\/div>\r\n\t\t\t\t<\/div>\t\t\t\t\t<\/div>\r\n\t\t\t\t\t\t<div class=\"grid-item\">\r\n\t\t\t\t\t\t<div class=\"nuss-box\">\t\t<div class=\"nuss-image image\">\r\n\t\t\t<img decoding=\"async\"  src=\"https:\/\/jianguohiddenhotel.com\/wp-content\/uploads\/2025\/07\/JIANGUO-HIDDEN-HOTEL-87.webp\" alt=\"HOTEL OCULTO DE JIANGUO (87)\" \/>\t\t<\/div>\r\n\t\t\t\t<\/div>\t\t\t\t\t<\/div>\r\n\t\t\t\t\t\t<div class=\"grid-item\">\r\n\t\t\t\t\t\t<div class=\"nuss-box\">\t\t<div class=\"nuss-image image\">\r\n\t\t\t<img decoding=\"async\"  src=\"https:\/\/jianguohiddenhotel.com\/wp-content\/uploads\/2025\/07\/JIANGUO-HIDDEN-HOTEL-86.webp\" alt=\"HOTEL OCULTO DE JIANGUO (86)\" \/>\t\t<\/div>\r\n\t\t\t\t<\/div>\t\t\t\t\t<\/div>\r\n\t\t\t\t\t\t<div class=\"grid-item\">\r\n\t\t\t\t\t\t<div class=\"nuss-box\">\t\t<div class=\"nuss-image image\">\r\n\t\t\t<img decoding=\"async\"  src=\"https:\/\/jianguohiddenhotel.com\/wp-content\/uploads\/2025\/07\/JIANGUO-HIDDEN-HOTEL-77.webp\" alt=\"HOTEL OCULTO DE JIANGUO (77)\" \/>\t\t<\/div>\r\n\t\t\t\t<\/div>\t\t\t\t\t<\/div>\r\n\t\t\t\t\t\t<div class=\"grid-item\">\r\n\t\t\t\t\t\t<div class=\"nuss-box\">\t\t<div class=\"nuss-image image\">\r\n\t\t\t<img decoding=\"async\"  src=\"https:\/\/jianguohiddenhotel.com\/wp-content\/uploads\/2025\/07\/JIANGUO-HIDDEN-HOTEL-78.webp\" alt=\"HOTEL OCULTO DE JIANGUO (78)\" \/>\t\t<\/div>\r\n\t\t\t\t<\/div>\t\t\t\t\t<\/div>\r\n\t\t\t\t\t\t<div class=\"grid-item\">\r\n\t\t\t\t\t\t<div class=\"nuss-box\">\t\t<div class=\"nuss-image image\">\r\n\t\t\t<img decoding=\"async\"  src=\"https:\/\/jianguohiddenhotel.com\/wp-content\/uploads\/2025\/07\/JIANGUO-HIDDEN-HOTEL-82.webp\" alt=\"HOTEL OCULTO DE JIANGUO (82)\" \/>\t\t<\/div>\r\n\t\t\t\t<\/div>\t\t\t\t\t<\/div>\r\n\t\t\t\t\t\t\t\r\n\t\t\t<\/div>\r\n\t\t<\/div>\r\n\t\t\t\t\t\t<\/div>\n\t\t\t\t<\/div>\n\t\t\t\t\t<\/div>\n\t\t\t\t<\/div>\n\t\t<div class=\"elementor-element elementor-element-4e74ae1 e-flex e-con-boxed e-con e-parent\" data-id=\"4e74ae1\" data-element_type=\"container\" data-e-type=\"container\">\n\t\t\t\t\t<div class=\"e-con-inner\">\n\t\t\t\t<div class=\"elementor-element elementor-element-fdccf0b elementor-widget elementor-widget-text-editor\" data-id=\"fdccf0b\" data-element_type=\"widget\" data-e-type=\"widget\" data-widget_type=\"text-editor.default\">\n\t\t\t\t\t\t\t\t\t<p>Cuando las puertas del HOTEL OCULTO JIANGUO se abrieron por primera vez, lo hicieron con una modestia serena. No hubo grandes fanfarrias, solo una amable invitaci\u00f3n: <em>Ven, baja el ritmo. Respira. Escucha.<\/em> Desde el momento en que los hu\u00e9spedes entran al vest\u00edbulo tenuemente iluminado, donde un koto toca una melod\u00eda tradicional y una pared de musgo vivo simboliza la renovaci\u00f3n, se les invita a desconectar del ritmo del mundo exterior. La experiencia es personal e intuitiva. El personal est\u00e1 capacitado no solo en servicio, sino tambi\u00e9n en... <em>wu wei<\/em>\u2014el arte de actuar sin esfuerzo\u2014anticiparse a las necesidades sin intrusiones, ofrecer calidez sin exageraciones.<\/p><p>Con el tiempo, el hotel se ha convertido en m\u00e1s que un destino; se ha convertido en un custodio de historias. Recibimos a acad\u00e9micos que rastrean el linaje del arte budista, familias que redescubren sus ra\u00edces ancestrales en Shanxi y viajeros internacionales que buscan una comprensi\u00f3n m\u00e1s profunda de China m\u00e1s all\u00e1 de las postales. Nuestros programas culturales cuidadosamente seleccionados \u2014talleres de caligraf\u00eda con maestros locales, sesiones privadas de tai chi en el jard\u00edn lunar y cenas a la luz de los faroles bajo las estrellas\u2014 reflejan nuestro compromiso con la conexi\u00f3n significativa.<\/p><p>JIANGUO HIDDEN HOTEL tambi\u00e9n es una historia de sostenibilidad y comunidad. Colaboramos con pueblos cercanos para obtener ingredientes org\u00e1nicos para nuestro restaurante, Yunxiang, donde el famoso vinagre a\u00f1ejo de Shanxi, los fideos cortados a cuchillo y las tortas de mijo se convierten en arte culinario. Apoyamos a los artesanos locales exhibiendo y vendiendo sus artesan\u00edas en la galer\u00eda de nuestro vest\u00edbulo e invertimos en proyectos de preservaci\u00f3n del patrimonio, incluyendo la restauraci\u00f3n de murales de templos olvidados y antiguos pozos.<\/p><p>A medida que Datong contin\u00faa evolucionando, equilibrando su r\u00e1pido desarrollo con la preservaci\u00f3n de su esencia, el HOTEL OCULTO JIANGUO se mantiene como un firme defensor de la quietud y la autenticidad. No nos ocultamos porque queramos pasar desapercibidos, sino porque creemos que las experiencias m\u00e1s profundas se encuentran en la quietud, en los detalles, en los espacios entre las palabras.<\/p><p>Esta es nuestra historia: un relato de lugar, prop\u00f3sito y presencia.<br \/>De un hotel que no grita, sino susurra.<br \/>De un legado que no est\u00e1 escrito en piedra, sino en los corazones de los que se quedan.<\/p><p data-spm-anchor-id=\"a2ty_o01.29997173.0.i29.6242c921Bll23M\">Bienvenido al HOTEL OCULTO JIANGUO.<br \/>Tu viaje hacia lo oculto comienza aqu\u00ed.<\/p>\t\t\t\t\t\t\t\t<\/div>\n\t\t\t\t\t<\/div>\n\t\t\t\t<\/div>\n\t\t\t\t<section class=\"elementor-section elementor-top-section elementor-element elementor-element-78dd6be elementor-section-boxed elementor-section-gap-beside-yes elementor-section-height-default elementor-section-height-default elementor-section-column-vertical-align-stretch\" data-id=\"78dd6be\" data-element_type=\"section\" data-e-type=\"section\" data-settings=\"{&quot;background_background&quot;:&quot;classic&quot;}\">\n\t\t\t\t\t\t<div class=\"elementor-container elementor-column-gap-extended\">\n\t\t\t\t\t<div class=\"elementor-column elementor-col-100 elementor-top-column elementor-element elementor-element-44218aaa\" data-id=\"44218aaa\" data-element_type=\"column\" data-e-type=\"column\">\n\t\t\t<div class=\"elementor-widget-wrap elementor-element-populated\">\n\t\t\t\t\t\t<div class=\"elementor-element elementor-element-365f29a7 elementor-widget elementor-widget-heading\" data-id=\"365f29a7\" data-element_type=\"widget\" data-e-type=\"widget\" data-widget_type=\"heading.default\">\n\t\t\t\t\t<h2 class=\"elementor-heading-title elementor-size-default\">Consultar disponibilidad <\/h2>\t\t\t\t<\/div>\n\t\t\t\t<div class=\"elementor-element elementor-element-46519b47 elementor-widget elementor-widget-text-editor\" data-id=\"46519b47\" data-element_type=\"widget\" data-e-type=\"widget\" data-widget_type=\"text-editor.default\">\n\t\t\t\t\t\t\t\t\t<iframe border=\"0\" src=\"https:\/\/www.trip.com\/partners\/ad\/S4653525?Allianceid=4590391&#038;SID=243021108&#038;trip_sub1=\" style=\"width:900px;height:200px\" frameborder=\"0\" scrolling=\"no\" id=\"S4653525\"><\/iframe>\t\t\t\t\t\t\t\t<\/div>\n\t\t\t\t\t<\/div>\n\t\t<\/div>\n\t\t\t\t\t<\/div>\n\t\t<\/section>\n\t\t\t\t<\/div>","protected":false},"excerpt":{"rendered":"<p>The Soul of JIANGUO HIDDEN HOTEL \u2013 Where Heritage Meets Hidden Harmony In the ancient city of Datong, where centuries of imperial ambition, Silk Road trade, and Buddhist devotion have shaped the soul of northern China, a new chapter in hospitality quietly unfolds. Here, nestled within the elegant silhouette of the Yongtai Building on South [&hellip;]<\/p>\n","protected":false},"author":1,"featured_media":0,"parent":0,"menu_order":0,"comment_status":"closed","ping_status":"closed","template":"","meta":{"footnotes":""},"class_list":["post-2104","page","type-page","status-publish","hentry","post-no-thumbnail"],"_links":{"self":[{"href":"https:\/\/jianguohiddenhotel.com\/es\/wp-json\/wp\/v2\/pages\/2104","targetHints":{"allow":["GET"]}}],"collection":[{"href":"https:\/\/jianguohiddenhotel.com\/es\/wp-json\/wp\/v2\/pages"}],"about":[{"href":"https:\/\/jianguohiddenhotel.com\/es\/wp-json\/wp\/v2\/types\/page"}],"author":[{"embeddable":true,"href":"https:\/\/jianguohiddenhotel.com\/es\/wp-json\/wp\/v2\/users\/1"}],"replies":[{"embeddable":true,"href":"https:\/\/jianguohiddenhotel.com\/es\/wp-json\/wp\/v2\/comments?post=2104"}],"version-history":[{"count":0,"href":"https:\/\/jianguohiddenhotel.com\/es\/wp-json\/wp\/v2\/pages\/2104\/revisions"}],"wp:attachment":[{"href":"https:\/\/jianguohiddenhotel.com\/es\/wp-json\/wp\/v2\/media?parent=2104"}],"curies":[{"name":"gracias","href":"https:\/\/api.w.org\/{rel}","templated":true}]}}