{"id":2106,"date":"2021-03-25T04:08:26","date_gmt":"2021-03-25T04:08:26","guid":{"rendered":"http:\/\/localhost\/nuss\/?page_id=298"},"modified":"2025-07-30T08:18:45","modified_gmt":"2025-07-30T08:18:45","slug":"experiencias","status":"publish","type":"page","link":"https:\/\/jianguohiddenhotel.com\/es\/experiencias\/","title":{"rendered":"Experiencias y rese\u00f1as de clientes"},"content":{"rendered":"<div data-elementor-type=\"wp-page\" data-elementor-id=\"2106\" class=\"elementor elementor-2106\">\n\t\t\t\t\t\t<section class=\"elementor-section elementor-top-section elementor-element elementor-element-1954ffc elementor-section-boxed elementor-section-gap-beside-yes elementor-section-height-default elementor-section-height-default elementor-section-column-vertical-align-stretch\" data-id=\"1954ffc\" data-element_type=\"section\" data-e-type=\"section\">\n\t\t\t\t\t\t<div class=\"elementor-container elementor-column-gap-extended\">\n\t\t\t\t\t<div class=\"elementor-column elementor-col-100 elementor-top-column elementor-element elementor-element-86aebc5\" data-id=\"86aebc5\" data-element_type=\"column\" data-e-type=\"column\">\n\t\t\t<div class=\"elementor-widget-wrap elementor-element-populated\">\n\t\t\t\t\t\t<div class=\"elementor-element elementor-element-11803d1 elementor-widget__width-initial elementor-invisible elementor-widget elementor-widget-text-editor\" data-id=\"11803d1\" data-element_type=\"widget\" data-e-type=\"widget\" data-settings=\"{&quot;_animation&quot;:&quot;nussFadeInUp&quot;}\" data-widget_type=\"text-editor.default\">\n\t\t\t\t\t\t\t\t\t<p>Con resplandor <strong>Rese\u00f1as en TripAdvisor, Trip.com, Ctrip, Booking.com, Agoda y otras agencias de viajes en l\u00ednea (OTA) l\u00edderes<\/strong>JIANGUO HIDDEN HOTEL se destaca como un faro de excelencia en hospitalidad en una de las ciudades hist\u00f3ricamente m\u00e1s ricas de China.<\/p>\t\t\t\t\t\t\t\t<\/div>\n\t\t\t\t\t<\/div>\n\t\t<\/div>\n\t\t\t\t\t<\/div>\n\t\t<\/section>\n\t\t\t\t<section class=\"elementor-section elementor-top-section elementor-element elementor-element-b2344ff elementor-section-gap-beside-no elementor-section-boxed elementor-section-height-default elementor-section-height-default elementor-section-column-vertical-align-stretch\" data-id=\"b2344ff\" data-element_type=\"section\" data-e-type=\"section\">\n\t\t\t\t\t\t<div class=\"elementor-container elementor-column-gap-extended\">\n\t\t\t\t\t<div class=\"elementor-column elementor-col-50 elementor-top-column elementor-element elementor-element-4698ec8\" data-id=\"4698ec8\" data-element_type=\"column\" data-e-type=\"column\">\n\t\t\t<div class=\"elementor-widget-wrap elementor-element-populated\">\n\t\t\t\t\t\t<div class=\"elementor-element elementor-element-88e5290 elementor-invisible nuss-elementor-loading nuss-slide-in-right elementor-widget elementor-widget-image\" data-id=\"88e5290\" data-element_type=\"widget\" data-e-type=\"widget\" data-settings=\"{&quot;_animation&quot;:&quot;nussSlideInRight&quot;}\" data-widget_type=\"image.default\">\n\t\t\t\t\t\t\t\t\t\t\t\t\t\t\t<img fetchpriority=\"high\" decoding=\"async\" width=\"1280\" height=\"720\" src=\"https:\/\/jianguohiddenhotel.com\/wp-content\/uploads\/2021\/06\/Family-Friendly-Themed-Room.webp\" class=\"attachment-full size-full wp-image-5734\" alt=\"\" srcset=\"https:\/\/jianguohiddenhotel.com\/wp-content\/uploads\/2021\/06\/Family-Friendly-Themed-Room.webp 1280w, https:\/\/jianguohiddenhotel.com\/wp-content\/uploads\/2021\/06\/Family-Friendly-Themed-Room-300x169.webp 300w, https:\/\/jianguohiddenhotel.com\/wp-content\/uploads\/2021\/06\/Family-Friendly-Themed-Room-1024x576.webp 1024w, https:\/\/jianguohiddenhotel.com\/wp-content\/uploads\/2021\/06\/Family-Friendly-Themed-Room-768x432.webp 768w, https:\/\/jianguohiddenhotel.com\/wp-content\/uploads\/2021\/06\/Family-Friendly-Themed-Room-18x10.webp 18w\" sizes=\"(max-width: 1280px) 100vw, 1280px\" \/>\t\t\t\t\t\t\t\t\t\t\t\t\t\t\t<\/div>\n\t\t\t\t\t<\/div>\n\t\t<\/div>\n\t\t\t\t<div class=\"elementor-column elementor-col-50 elementor-top-column elementor-element elementor-element-4b9e677\" data-id=\"4b9e677\" data-element_type=\"column\" data-e-type=\"column\">\n\t\t\t<div class=\"elementor-widget-wrap elementor-element-populated\">\n\t\t\t\t\t\t<div class=\"elementor-element elementor-element-bc0b7e2 elementor-invisible elementor-widget elementor-widget-text-editor\" data-id=\"bc0b7e2\" data-element_type=\"widget\" data-e-type=\"widget\" data-settings=\"{&quot;_animation&quot;:&quot;nussFadeInUp&quot;}\" data-widget_type=\"text-editor.default\">\n\t\t\t\t\t\t\t\t\t<p>Ubicado en el coraz\u00f3n cultural e hist\u00f3rico del norte de China, <strong>HOTEL OCULTO DE JIANGUO<\/strong> Ubicado en el Edificio Yongtai, en la calle Yongtai Sur, distrito de Pingcheng, Datong, Shanxi, se ha consolidado como un destino de primer nivel que combina la elegancia atemporal con el lujo moderno, gan\u00e1ndose el reconocimiento de hu\u00e9spedes de todo el mundo. Famoso no solo por su ubicaci\u00f3n privilegiada cerca de las ic\u00f3nicas Grutas de Yungang de Datong, las antiguas murallas de la ciudad y el vibrante centro urbano, el hotel se ha labrado una reputaci\u00f3n por ofrecer... <strong>experiencias de cliente excepcionales<\/strong> que superan constantemente las expectativas.<\/p>\t\t\t\t\t\t\t\t<\/div>\n\t\t\t\t\t<\/div>\n\t\t<\/div>\n\t\t\t\t\t<\/div>\n\t\t<\/section>\n\t\t\t\t<section class=\"elementor-section elementor-top-section elementor-element elementor-element-575fc68 elementor-section-gap-beside-no elementor-section-boxed elementor-section-height-default elementor-section-height-default elementor-section-column-vertical-align-stretch\" data-id=\"575fc68\" data-element_type=\"section\" data-e-type=\"section\">\n\t\t\t\t\t\t<div class=\"elementor-container elementor-column-gap-extended\">\n\t\t\t\t\t<div class=\"elementor-column elementor-col-50 elementor-top-column elementor-element elementor-element-dd03a56\" data-id=\"dd03a56\" data-element_type=\"column\" data-e-type=\"column\">\n\t\t\t<div class=\"elementor-widget-wrap elementor-element-populated\">\n\t\t\t\t\t\t<div class=\"elementor-element elementor-element-78ab5be elementor-invisible nuss-elementor-loading nuss-slide-in-right elementor-widget elementor-widget-image\" data-id=\"78ab5be\" data-element_type=\"widget\" data-e-type=\"widget\" data-settings=\"{&quot;_animation&quot;:&quot;nussSlideInRight&quot;}\" data-widget_type=\"image.default\">\n\t\t\t\t\t\t\t\t\t\t\t\t\t\t\t<img decoding=\"async\" width=\"1117\" height=\"853\" src=\"https:\/\/jianguohiddenhotel.com\/wp-content\/uploads\/2025\/07\/JIANGUO-HIDDEN-HOTEL-31.webp\" class=\"attachment-full size-full wp-image-5665\" alt=\"\" srcset=\"https:\/\/jianguohiddenhotel.com\/wp-content\/uploads\/2025\/07\/JIANGUO-HIDDEN-HOTEL-31.webp 1117w, https:\/\/jianguohiddenhotel.com\/wp-content\/uploads\/2025\/07\/JIANGUO-HIDDEN-HOTEL-31-300x229.webp 300w, https:\/\/jianguohiddenhotel.com\/wp-content\/uploads\/2025\/07\/JIANGUO-HIDDEN-HOTEL-31-1024x782.webp 1024w, https:\/\/jianguohiddenhotel.com\/wp-content\/uploads\/2025\/07\/JIANGUO-HIDDEN-HOTEL-31-768x586.webp 768w\" sizes=\"(max-width: 1117px) 100vw, 1117px\" \/>\t\t\t\t\t\t\t\t\t\t\t\t\t\t\t<\/div>\n\t\t\t\t\t<\/div>\n\t\t<\/div>\n\t\t\t\t<div class=\"elementor-column elementor-col-50 elementor-top-column elementor-element elementor-element-364a6b2\" data-id=\"364a6b2\" data-element_type=\"column\" data-e-type=\"column\">\n\t\t\t<div class=\"elementor-widget-wrap elementor-element-populated\">\n\t\t\t\t\t\t<div class=\"elementor-element elementor-element-ccbb94d elementor-invisible elementor-widget elementor-widget-text-editor\" data-id=\"ccbb94d\" data-element_type=\"widget\" data-e-type=\"widget\" data-settings=\"{&quot;_animation&quot;:&quot;nussFadeInUp&quot;}\" data-widget_type=\"text-editor.default\">\n\t\t\t\t\t\t\t\t\t<p>Viajeros de todo el mundo han elogiado al hotel por su <strong>Mezcla armoniosa de est\u00e9tica tradicional china y sofisticaci\u00f3n contempor\u00e1nea.<\/strong>, y muchos describen su estad\u00eda como &quot;un refugio sereno en medio de una ciudad bulliciosa&quot;. <strong>TripAdvisor<\/strong>, donde el hotel mantiene un <strong>Calificaci\u00f3n consistentemente alta de 4,8 de 5 estrellas<\/strong> Basado en m\u00e1s de 1200 opiniones de hu\u00e9spedes verificadas, los visitantes destacan con frecuencia la <strong data-spm-anchor-id=\"a2ty_o01.29997173.0.i15.6242c921Bll23M\">Servicio impecable, habitaciones cuidadosamente dise\u00f1adas y un ambiente tranquilo.<\/strong> que lo distinguen de los hoteles urbanos convencionales. Una rese\u00f1a reciente de cinco estrellas elogia... <em>Desde nuestra llegada, el personal nos recibi\u00f3 con una c\u00e1lida sonrisa y una hospitalidad genuina. El vest\u00edbulo, inspirado en la arquitectura de la dinast\u00eda Ming con modernos detalles de iluminaci\u00f3n, nos hizo sentir como si estuvi\u00e9ramos en una obra de arte. Nuestra habitaci\u00f3n ten\u00eda vistas al horizonte de la ciudad, con vistas de Hengshan a lo lejos, un amanecer impresionante.<\/em><\/p>\t\t\t\t\t\t\t\t<\/div>\n\t\t\t\t\t<\/div>\n\t\t<\/div>\n\t\t\t\t\t<\/div>\n\t\t<\/section>\n\t\t\t\t<section class=\"elementor-section elementor-top-section elementor-element elementor-element-7853fd5 elementor-section-gap-beside-no elementor-section-boxed elementor-section-height-default elementor-section-height-default elementor-section-column-vertical-align-stretch\" data-id=\"7853fd5\" data-element_type=\"section\" data-e-type=\"section\">\n\t\t\t\t\t\t<div class=\"elementor-container elementor-column-gap-extended\">\n\t\t\t\t\t<div class=\"elementor-column elementor-col-50 elementor-top-column elementor-element elementor-element-9a8fa64\" data-id=\"9a8fa64\" data-element_type=\"column\" data-e-type=\"column\">\n\t\t\t<div class=\"elementor-widget-wrap elementor-element-populated\">\n\t\t\t\t\t\t<div class=\"elementor-element elementor-element-6f7d3f1 elementor-invisible nuss-elementor-loading nuss-slide-in-right elementor-widget elementor-widget-image\" data-id=\"6f7d3f1\" data-element_type=\"widget\" data-e-type=\"widget\" data-settings=\"{&quot;_animation&quot;:&quot;nussSlideInRight&quot;}\" data-widget_type=\"image.default\">\n\t\t\t\t\t\t\t\t\t\t\t\t\t\t\t<img decoding=\"async\" width=\"1137\" height=\"853\" src=\"https:\/\/jianguohiddenhotel.com\/wp-content\/uploads\/2021\/05\/Suite-Tatami.webp\" class=\"attachment-full size-full wp-image-5742\" alt=\"\" srcset=\"https:\/\/jianguohiddenhotel.com\/wp-content\/uploads\/2021\/05\/Suite-Tatami.webp 1137w, https:\/\/jianguohiddenhotel.com\/wp-content\/uploads\/2021\/05\/Suite-Tatami-300x225.webp 300w, https:\/\/jianguohiddenhotel.com\/wp-content\/uploads\/2021\/05\/Suite-Tatami-1024x768.webp 1024w, https:\/\/jianguohiddenhotel.com\/wp-content\/uploads\/2021\/05\/Suite-Tatami-768x576.webp 768w, https:\/\/jianguohiddenhotel.com\/wp-content\/uploads\/2021\/05\/Suite-Tatami-16x12.webp 16w\" sizes=\"(max-width: 1137px) 100vw, 1137px\" \/>\t\t\t\t\t\t\t\t\t\t\t\t\t\t\t<\/div>\n\t\t\t\t\t<\/div>\n\t\t<\/div>\n\t\t\t\t<div class=\"elementor-column elementor-col-50 elementor-top-column elementor-element elementor-element-abd874b\" data-id=\"abd874b\" data-element_type=\"column\" data-e-type=\"column\">\n\t\t\t<div class=\"elementor-widget-wrap elementor-element-populated\">\n\t\t\t\t\t\t<div class=\"elementor-element elementor-element-a80ff28 elementor-invisible elementor-widget elementor-widget-text-editor\" data-id=\"a80ff28\" data-element_type=\"widget\" data-e-type=\"widget\" data-settings=\"{&quot;_animation&quot;:&quot;nussFadeInUp&quot;}\" data-widget_type=\"text-editor.default\">\n\t\t\t\t\t\t\t\t\t<p>En <strong>Trip.com<\/strong>, donde JIANGUO HIDDEN HOTEL es reconocido como una de las &quot;Mejores opciones de estad\u00eda de lujo en Shanxi&quot;, los hu\u00e9spedes elogian constantemente el <strong>Atenci\u00f3n al detalle y servicio personalizado<\/strong>Las menciones frecuentes incluyen la <strong>Men\u00fa de almohadas, ventanas insonorizadas y lujosos art\u00edculos de ba\u00f1o.<\/strong> con extractos bot\u00e1nicos de origen local. Un hu\u00e9sped que regresa de Shangh\u00e1i escribi\u00f3: <em>Esta es mi tercera estancia en el JIANGUO HIDDEN HOTEL, y siempre recuerdan mis preferencias: habitaci\u00f3n 824, toallas extra y t\u00e9 de jazm\u00edn por la noche. No es solo un hotel; se siente como un segundo hogar.<\/em> El hotel <strong>Equipo de conserjer\u00eda multiling\u00fce disponible las 24 horas, los 7 d\u00edas de la semana<\/strong> Es elogiado repetidamente por ayudar con todo, desde reservas en restaurantes hasta visitas guiadas privadas a las grutas de Yungang, lo que lo convierte en uno de los favoritos entre viajeros internacionales y profesionales de negocios por igual.<\/p>\t\t\t\t\t\t\t\t<\/div>\n\t\t\t\t\t<\/div>\n\t\t<\/div>\n\t\t\t\t\t<\/div>\n\t\t<\/section>\n\t\t<div class=\"elementor-element elementor-element-0977e5a e-flex e-con-boxed e-con e-parent\" data-id=\"0977e5a\" data-element_type=\"container\" data-e-type=\"container\">\n\t\t\t\t\t<div class=\"e-con-inner\">\n\t\t\t\t<div class=\"elementor-element elementor-element-1c72a95 elementor-widget elementor-widget-text-editor\" data-id=\"1c72a95\" data-element_type=\"widget\" data-e-type=\"widget\" data-widget_type=\"text-editor.default\">\n\t\t\t\t\t\t\t\t\t<p data-spm-anchor-id=\"a2ty_o01.29997173.0.i18.6242c921Bll23M\">Invitados en <strong>Booking.com<\/strong> alabar el <strong>Proceso de registro sin problemas, limpieza impecable y una relaci\u00f3n calidad-precio excepcional para el lujo.<\/strong>, y muchos se\u00f1alan que el hotel \u201cofrece un servicio de cinco estrellas a un precio de cuatro estrellas\u201d. <strong>restaurante en el hotel, Yunxiang<\/strong>, se ha convertido en un restaurante destacado, mencionado frecuentemente en las rese\u00f1as por su fusi\u00f3n de cocina tradicional de Shanxi y gastronom\u00eda moderna. <em>\u201cLos fideos cortados a cuchillo fueron los mejores que he probado jam\u00e1s\u201d.<\/em> comparti\u00f3 un viajero de Alemania, <em>\u201cY el comedor privado fue perfecto para nuestra celebraci\u00f3n familiar\u201d.<\/em><\/p><div class=\"my-2\">\u00a0<\/div><p>Lo que realmente distingue a JIANGUO HIDDEN HOTEL en el panorama digital de los hu\u00e9spedes es la <strong>Autenticidad y consistencia de los comentarios de sus clientes<\/strong> en todas las plataformas. En <strong>Agoda<\/strong>Los hu\u00e9spedes destacan la <strong>Amplios dise\u00f1os de las suites<\/strong>, ideal para estancias prolongadas, mientras que <strong>Rese\u00f1as de Google<\/strong> Destacar el hotel <strong>iniciativas ecoconscientes<\/strong>, como accesorios que ahorran agua, art\u00edculos de tocador biodegradables e iluminaci\u00f3n de bajo consumo, que conectan con los viajeros con conciencia ambiental. Las familias aprecian... <strong>servicios adaptados a los ni\u00f1os<\/strong>, incluidos kits de bienvenida para ni\u00f1os y alquiler de cochecitos, mientras que los viajeros de negocios elogian el <strong>Wi-Fi de alta velocidad, espacios de trabajo ergon\u00f3micos y pisos silenciosos<\/strong> Dise\u00f1ado para un enfoque ininterrumpido.<\/p><div class=\"my-2\">\u00a0<\/div><p>La interacci\u00f3n proactiva del hotel con los comentarios de los hu\u00e9spedes tambi\u00e9n ha contribuido a su excelente reputaci\u00f3n en l\u00ednea. El equipo directivo responde regularmente a las rese\u00f1as en <strong>TripAdvisor y Trip.com<\/strong> Con mensajes personalizados, demostrando un compromiso con la mejora continua y la satisfacci\u00f3n del hu\u00e9sped. Este di\u00e1logo bidireccional ha fomentado un sentido de confianza y lealtad, y muchos usuarios comentan que sus inquietudes, por insignificantes que fueran, fueron atendidas con prontitud y profesionalidad.<\/p><div class=\"my-2\">\u00a0<\/div><p>M\u00e1s all\u00e1 de las calificaciones de estrellas y los testimonios escritos, la <strong>resonancia emocional<\/strong> La experiencia del hu\u00e9sped en el JIANGUO HIDDEN HOTEL es evidente. Ya sea la sesi\u00f3n de tai chi matutina en el patio, la ceremonia artesanal del t\u00e9 de bienvenida o el servicio de refrigerios de medianoche con bebidas calientes... <em>jianbing<\/em> y t\u00e9 de hierbas, estos detalles considerados se mencionan repetidamente como &quot;los peque\u00f1os detalles que marcan la diferencia&quot;. Como bien lo expres\u00f3 un usuario de TripAdvisor: <em>\u201cEn el JIANGUO HIDDEN HOTEL no solo te quedas, sino que te sientes cuidado\u201d.<\/em><\/p><div class=\"my-2\">\u00a0<\/div><p data-spm-anchor-id=\"a2ty_o01.29997173.0.i19.6242c921Bll23M\">Para los viajeros que planean visitar Datong, ya sea para exploraci\u00f3n cultural, emprendimientos comerciales o retiros espirituales, el <strong>Experiencias y rese\u00f1as de clientes abrumadoramente positivas en las principales OTA<\/strong> Sirven como un poderoso testimonio de la inquebrantable dedicaci\u00f3n del hotel a la excelencia. JIANGUO HIDDEN HOTEL no es solo un lugar para dormir, es un destino donde <strong>Cada viaje se ve realzado por la comodidad, la cultura y la conexi\u00f3n humana genuina.<\/strong>Descubra por qu\u00e9 miles de hu\u00e9spedes han decidido regresar y por qu\u00e9 tantos visitantes primerizos se marchan ya planeando su pr\u00f3xima estancia. Descubra la joya escondida de Datong, donde el servicio de cinco estrellas se une a las historias de cinco estrellas, compartidas, celebradas y confiables en las plataformas de viajes m\u00e1s influyentes del mundo.<\/p>\t\t\t\t\t\t\t\t<\/div>\n\t\t\t\t\t<\/div>\n\t\t\t\t<\/div>\n\t\t\t\t<section class=\"elementor-section elementor-top-section elementor-element elementor-element-22c3209c elementor-section-boxed elementor-section-gap-beside-yes elementor-section-height-default elementor-section-height-default elementor-section-column-vertical-align-stretch\" data-id=\"22c3209c\" data-element_type=\"section\" data-e-type=\"section\" data-settings=\"{&quot;background_background&quot;:&quot;classic&quot;}\">\n\t\t\t\t\t\t<div class=\"elementor-container elementor-column-gap-extended\">\n\t\t\t\t\t<div class=\"elementor-column elementor-col-100 elementor-top-column elementor-element elementor-element-681ee443\" data-id=\"681ee443\" data-element_type=\"column\" data-e-type=\"column\">\n\t\t\t<div class=\"elementor-widget-wrap elementor-element-populated\">\n\t\t\t\t\t\t<div class=\"elementor-element elementor-element-3399c3c4 elementor-widget elementor-widget-heading\" data-id=\"3399c3c4\" data-element_type=\"widget\" data-e-type=\"widget\" data-widget_type=\"heading.default\">\n\t\t\t\t\t<h2 class=\"elementor-heading-title elementor-size-default\">Consultar disponibilidad <\/h2>\t\t\t\t<\/div>\n\t\t\t\t<div class=\"elementor-element elementor-element-5c656c59 elementor-widget elementor-widget-text-editor\" data-id=\"5c656c59\" data-element_type=\"widget\" data-e-type=\"widget\" data-widget_type=\"text-editor.default\">\n\t\t\t\t\t\t\t\t\t<iframe border=\"0\" src=\"https:\/\/www.trip.com\/partners\/ad\/S4653525?Allianceid=4590391&#038;SID=243021108&#038;trip_sub1=\" style=\"width:900px;height:200px\" frameborder=\"0\" scrolling=\"no\" id=\"S4653525\"><\/iframe>\t\t\t\t\t\t\t\t<\/div>\n\t\t\t\t\t<\/div>\n\t\t<\/div>\n\t\t\t\t\t<\/div>\n\t\t<\/section>\n\t\t\t\t<\/div>","protected":false},"excerpt":{"rendered":"<p>With glowing reviews on TripAdvisor, Trip.com, Ctrip, Booking.com, Agoda, and other leading online travel agencies (OTAs), JIANGUO HIDDEN HOTEL stands out as a beacon of hospitality excellence in one of China\u2019s most historically rich cities. Nestled in the cultural and historical heart of northern China, JIANGUO HIDDEN HOTEL at Yongtai Building, South Yongtai Road, Pingcheng [&hellip;]<\/p>\n","protected":false},"author":1,"featured_media":0,"parent":0,"menu_order":0,"comment_status":"closed","ping_status":"closed","template":"","meta":{"footnotes":""},"class_list":["post-2106","page","type-page","status-publish","hentry","post-no-thumbnail"],"_links":{"self":[{"href":"https:\/\/jianguohiddenhotel.com\/es\/wp-json\/wp\/v2\/pages\/2106","targetHints":{"allow":["GET"]}}],"collection":[{"href":"https:\/\/jianguohiddenhotel.com\/es\/wp-json\/wp\/v2\/pages"}],"about":[{"href":"https:\/\/jianguohiddenhotel.com\/es\/wp-json\/wp\/v2\/types\/page"}],"author":[{"embeddable":true,"href":"https:\/\/jianguohiddenhotel.com\/es\/wp-json\/wp\/v2\/users\/1"}],"replies":[{"embeddable":true,"href":"https:\/\/jianguohiddenhotel.com\/es\/wp-json\/wp\/v2\/comments?post=2106"}],"version-history":[{"count":0,"href":"https:\/\/jianguohiddenhotel.com\/es\/wp-json\/wp\/v2\/pages\/2106\/revisions"}],"wp:attachment":[{"href":"https:\/\/jianguohiddenhotel.com\/es\/wp-json\/wp\/v2\/media?parent=2106"}],"curies":[{"name":"gracias","href":"https:\/\/api.w.org\/{rel}","templated":true}]}}