{"id":2109,"date":"2021-03-26T08:35:58","date_gmt":"2021-03-26T08:35:58","guid":{"rendered":"http:\/\/localhost\/nuss\/?page_id=536"},"modified":"2025-07-30T08:10:47","modified_gmt":"2025-07-30T08:10:47","slug":"instalaciones-comerciales","status":"publish","type":"page","link":"https:\/\/jianguohiddenhotel.com\/es\/instalaciones-comerciales\/","title":{"rendered":"Instalaciones comerciales"},"content":{"rendered":"<div data-elementor-type=\"wp-page\" data-elementor-id=\"2109\" class=\"elementor elementor-2109\">\n\t\t\t\t\t\t<section class=\"elementor-section elementor-top-section elementor-element elementor-element-bb2901b elementor-section-boxed elementor-section-gap-beside-yes elementor-section-height-default elementor-section-height-default elementor-section-column-vertical-align-stretch\" data-id=\"bb2901b\" data-element_type=\"section\" data-e-type=\"section\">\n\t\t\t\t\t\t<div class=\"elementor-container elementor-column-gap-extended\">\n\t\t\t\t\t<div class=\"elementor-column elementor-col-100 elementor-top-column elementor-element elementor-element-1919db9\" data-id=\"1919db9\" data-element_type=\"column\" data-e-type=\"column\">\n\t\t\t<div class=\"elementor-widget-wrap elementor-element-populated\">\n\t\t\t\t\t\t<div class=\"elementor-element elementor-element-41a7b9c elementor-widget__width-initial elementor-invisible elementor-widget elementor-widget-text-editor\" data-id=\"41a7b9c\" data-element_type=\"widget\" data-e-type=\"widget\" data-settings=\"{&quot;_animation&quot;:&quot;nussFadeInUp&quot;}\" data-widget_type=\"text-editor.default\">\n\t\t\t\t\t\t\t\t\t<p>La sala de juntas de nuestro hotel ofrece un espacio de reuniones privado y elegante en el coraz\u00f3n de Nueva York para grupos de 8 a 10 personas. Para su comodidad, ofrecemos paquetes de coffee break.<\/p>\t\t\t\t\t\t\t\t<\/div>\n\t\t\t\t\t<\/div>\n\t\t<\/div>\n\t\t\t\t\t<\/div>\n\t\t<\/section>\n\t\t<div class=\"elementor-element elementor-element-a828ae4 e-flex e-con-boxed e-con e-parent\" data-id=\"a828ae4\" data-element_type=\"container\" data-e-type=\"container\">\n\t\t\t\t\t<div class=\"e-con-inner\">\n\t\t\t\t<div class=\"elementor-element elementor-element-ac47a29 elementor-widget elementor-widget-nuss-image-gallery\" data-id=\"ac47a29\" data-element_type=\"widget\" data-e-type=\"widget\" data-widget_type=\"nuss-image-gallery.default\">\n\t\t\t\t<div class=\"elementor-widget-container\">\n\t\t\t\t\t\t\t<div class=\"nuss-grid-wrapper\" data-grid=\"{&quot;type&quot;:&quot;grid&quot;,&quot;ratio&quot;:null,&quot;columns&quot;:3,&quot;gutter&quot;:30}\">\r\n\t\t\t<div class=\"nuss-grid lazy-grid\">\r\n\t\t\t\t<div class=\"grid-sizer\"><\/div>\r\n\r\n\t\t\t\t\t\t\t\t\t\t\t\t<div class=\"grid-item\">\r\n\t\t\t\t\t\t<div class=\"nuss-box\">\t\t<div class=\"nuss-image image\">\r\n\t\t\t<img decoding=\"async\"  src=\"https:\/\/jianguohiddenhotel.com\/wp-content\/uploads\/2025\/07\/JIANGUO-HIDDEN-HOTEL-57.webp\" alt=\"HOTEL OCULTO DE JIANGUO (57)\" \/>\t\t<\/div>\r\n\t\t\t\t<\/div>\t\t\t\t\t<\/div>\r\n\t\t\t\t\t\t<div class=\"grid-item\">\r\n\t\t\t\t\t\t<div class=\"nuss-box\">\t\t<div class=\"nuss-image image\">\r\n\t\t\t<img decoding=\"async\"  src=\"https:\/\/jianguohiddenhotel.com\/wp-content\/uploads\/2025\/07\/JIANGUO-HIDDEN-HOTEL-56.webp\" alt=\"HOTEL OCULTO DE JIANGUO (56)\" \/>\t\t<\/div>\r\n\t\t\t\t<\/div>\t\t\t\t\t<\/div>\r\n\t\t\t\t\t\t<div class=\"grid-item\">\r\n\t\t\t\t\t\t<div class=\"nuss-box\">\t\t<div class=\"nuss-image image\">\r\n\t\t\t<img decoding=\"async\"  src=\"https:\/\/jianguohiddenhotel.com\/wp-content\/uploads\/2025\/07\/JIANGUO-HIDDEN-HOTEL-55.webp\" alt=\"HOTEL OCULTO DE JIANGUO (55)\" \/>\t\t<\/div>\r\n\t\t\t\t<\/div>\t\t\t\t\t<\/div>\r\n\t\t\t\t\t\t\t\r\n\t\t\t<\/div>\r\n\t\t<\/div>\r\n\t\t\t\t\t\t<\/div>\n\t\t\t\t<\/div>\n\t\t\t\t\t<\/div>\n\t\t\t\t<\/div>\n\t\t<div class=\"elementor-element elementor-element-acc94a1 e-flex e-con-boxed e-con e-parent\" data-id=\"acc94a1\" data-element_type=\"container\" data-e-type=\"container\">\n\t\t\t\t\t<div class=\"e-con-inner\">\n\t\t\t\t<div class=\"elementor-element elementor-element-63cabc5 elementor-widget elementor-widget-text-editor\" data-id=\"63cabc5\" data-element_type=\"widget\" data-e-type=\"widget\" data-widget_type=\"text-editor.default\">\n\t\t\t\t\t\t\t\t\t<p data-spm-anchor-id=\"a2ty_o01.29997173.0.i1.6242c921Bll23M\">Ubicado en el coraz\u00f3n del floreciente distrito Pingcheng de Datong, el <strong>HOTEL OCULTO DE JIANGUO<\/strong> Surge como una fusi\u00f3n magistral de elegancia tradicional y sofisticaci\u00f3n contempor\u00e1nea, redefiniendo los est\u00e1ndares de la hospitalidad de lujo en el norte de Shanxi. Ubicado en el ic\u00f3nico Edificio Yongtai, en la calle Yongtai Sur, este distinguido santuario urbano ocupa una posici\u00f3n estrat\u00e9gica en la encrucijada entre la historia y la modernidad, a pocos minutos de las antiguas murallas de Datong, pero conectado a la perfecci\u00f3n con el dinamismo empresarial y comercial que define a esta revitalizada regi\u00f3n. M\u00e1s que un simple lugar de descanso, el JIANGUO HIDDEN HOTEL es un destino donde convergen el dise\u00f1o refinado, la resonancia cultural y una infraestructura empresarial de vanguardia para servir al viajero exigente, al emprendedor con visi\u00f3n de futuro y al ejecutivo global por igual.<\/p><p>En el centro de la identidad del hotel est\u00e1 su compromiso de ofrecer un servicio excepcional. <strong>entorno empresarial<\/strong> que trasciende lo com\u00fan. Dise\u00f1adas pensando en el profesional moderno, las instalaciones de negocios del hotel est\u00e1n meticulosamente dise\u00f1adas para fomentar la productividad, la colaboraci\u00f3n y una conectividad fluida. Con m\u00e1s de 800 metros cuadrados de espacio de trabajo inteligentemente dise\u00f1ado, <strong>Centro de negocios en JIANGUO HIDDEN HOTEL<\/strong> Ofrece un conjunto integral de servicios dise\u00f1ados para satisfacer las diversas necesidades de los hu\u00e9spedes corporativos. Ya sea para organizar una reuni\u00f3n de directorio importante, lanzar una estrategia regional o realizar una videoconferencia privada con sedes en todo el mundo, los hu\u00e9spedes encontrar\u00e1n un ecosistema de apoyo que combina discreci\u00f3n, tecnolog\u00eda y comodidad.<\/p><p>La pieza central de la oferta comercial es la <strong>Gran sala de juntas ejecutiva<\/strong>Un espacio luminoso y con aislamiento ac\u00fastico, decorado con muebles artesanales de nogal e iluminaci\u00f3n ambiental. Equipada con una pantalla interactiva 8K de \u00faltima generaci\u00f3n, sistemas de teleconferencia integrados (compatibles con Zoom, Microsoft Teams y Tencent Meeting) y traducci\u00f3n multiling\u00fce en tiempo real, la sala de juntas garantiza una comunicaci\u00f3n fluida en diferentes zonas horarias e idiomas. Los ventanales ofrecen vistas panor\u00e1micas del horizonte de la ciudad y las lejanas monta\u00f1as Hengshan, inspirando y recordando sutilmente la fuerza y resiliencia imperecederas de esta antigua regi\u00f3n.<\/p><p data-spm-anchor-id=\"a2ty_o01.29997173.0.i2.6242c921Bll23M\">Complementando la sala de juntas se encuentran <strong>tres salas de reuniones flexibles<\/strong>Cada espacio, dise\u00f1ado con dise\u00f1os modulares, permite reuniones desde sesiones privadas de lluvia de ideas hasta talleres corporativos de tama\u00f1o mediano. Estos espacios cuentan con climatizaci\u00f3n inteligente, opciones de privacidad con oscurecimiento y duplicaci\u00f3n inal\u00e1mbrica de presentaciones, lo que permite a los equipos pasar sin problemas de la generaci\u00f3n de ideas colaborativas a las presentaciones formales. Los paneles ac\u00fasticos fonoabsorbentes y el suelo de primera calidad garantizan que la confidencialidad nunca se vea comprometida, un recurso crucial para consultas legales, negociaciones financieras o informaci\u00f3n corporativa sensible.<\/p>\t\t\t\t\t\t\t\t<\/div>\n\t\t\t\t\t<\/div>\n\t\t\t\t<\/div>\n\t\t<div class=\"elementor-element elementor-element-c75d996 e-flex e-con-boxed e-con e-parent\" data-id=\"c75d996\" data-element_type=\"container\" data-e-type=\"container\">\n\t\t\t\t\t<div class=\"e-con-inner\">\n\t\t\t\t<div class=\"elementor-element elementor-element-8ee29ab elementor-widget elementor-widget-image\" data-id=\"8ee29ab\" data-element_type=\"widget\" data-e-type=\"widget\" data-widget_type=\"image.default\">\n\t\t\t\t\t\t\t\t\t\t\t\t\t\t\t<img fetchpriority=\"high\" decoding=\"async\" width=\"1024\" height=\"768\" src=\"https:\/\/jianguohiddenhotel.com\/wp-content\/uploads\/2025\/07\/JIANGUO-HIDDEN-HOTEL-53-1024x768.webp\" class=\"attachment-large size-large wp-image-5581\" alt=\"\" srcset=\"https:\/\/jianguohiddenhotel.com\/wp-content\/uploads\/2025\/07\/JIANGUO-HIDDEN-HOTEL-53-1024x768.webp 1024w, https:\/\/jianguohiddenhotel.com\/wp-content\/uploads\/2025\/07\/JIANGUO-HIDDEN-HOTEL-53-300x225.webp 300w, https:\/\/jianguohiddenhotel.com\/wp-content\/uploads\/2025\/07\/JIANGUO-HIDDEN-HOTEL-53-768x576.webp 768w, https:\/\/jianguohiddenhotel.com\/wp-content\/uploads\/2025\/07\/JIANGUO-HIDDEN-HOTEL-53.webp 1137w\" sizes=\"(max-width: 1024px) 100vw, 1024px\" \/>\t\t\t\t\t\t\t\t\t\t\t\t\t\t\t<\/div>\n\t\t\t\t\t<\/div>\n\t\t\t\t<\/div>\n\t\t<div class=\"elementor-element elementor-element-d294841 e-flex e-con-boxed e-con e-parent\" data-id=\"d294841\" data-element_type=\"container\" data-e-type=\"container\">\n\t\t\t\t\t<div class=\"e-con-inner\">\n\t\t\t\t<div class=\"elementor-element elementor-element-1adee48 elementor-widget elementor-widget-text-editor\" data-id=\"1adee48\" data-element_type=\"widget\" data-e-type=\"widget\" data-widget_type=\"text-editor.default\">\n\t\t\t\t\t\t\t\t\t<p>Para el profesional independiente o el n\u00f3mada digital que realiza negocios mientras est\u00e1 en movimiento, <strong>Sal\u00f3n de negocios Concierge<\/strong> Ofrece un ambiente sereno, similar a un club, con estaciones de trabajo ergon\u00f3micas, cabinas telef\u00f3nicas privadas e internet de fibra \u00f3ptica de alta velocidad (hasta 1 Gbps). Abierto las 24 horas, los 7 d\u00edas de la semana, y atendido por conserjes multiling\u00fces que dominan el mandar\u00edn, el ingl\u00e9s y el japon\u00e9s, el sal\u00f3n ofrece asistencia a la carta para la impresi\u00f3n de documentos, servicios de mensajer\u00eda, asistencia con visas e incluso servicios de traducci\u00f3n o certificaci\u00f3n notarial de \u00faltima hora. Se sirve caf\u00e9 artesanal de cortes\u00eda, una selecci\u00f3n selecta de t\u00e9s chinos y refrigerios gourmet ligeros durante todo el d\u00eda, lo que garantiza energ\u00eda y concentraci\u00f3n constantes.<\/p><p>Lo que realmente distingue la oferta comercial de JIANGUO HIDDEN HOTEL es su integraci\u00f3n de <strong>inteligencia cultural en la experiencia corporativa<\/strong>Reconociendo que Datong es un nodo clave en la Iniciativa de la Franja y la Ruta de China y un centro en auge para la energ\u00eda, el turismo y el intercambio cultural, el hotel colabora con zonas de desarrollo econ\u00f3mico locales, instituciones acad\u00e9micas e incubadoras de innovaci\u00f3n para ofrecer a sus clientes acceso a informaci\u00f3n regional y oportunidades de networking. Los hu\u00e9spedes pueden solicitar sesiones informativas personalizadas sobre el panorama industrial de Shanxi, concertar visitas a proyectos de energ\u00eda renovable cercanos u organizar cenas con clientes que incluyen la cocina tradicional de Pingyao, reinventada por el galardonado chef ejecutivo del hotel, todo ello organizado a trav\u00e9s del... <strong>Programa de Enlace Empresarial<\/strong>.<\/p><p>Adem\u00e1s, el hotel <strong>Plataforma de gesti\u00f3n de eventos inteligentes<\/strong> Permite a los organizadores configurar remotamente la configuraci\u00f3n de las salas, gestionar los requisitos audiovisuales y coordinar el catering a trav\u00e9s de un panel digital intuitivo. Integrada con el registro mediante reconocimiento facial y asistentes de programaci\u00f3n con inteligencia artificial, la plataforma reduce la fricci\u00f3n administrativa y mejora la eficiencia general de cualquier evento corporativo. Para conferencias m\u00e1s grandes o lanzamientos de productos, la plataforma adyacente... <strong>Gran sal\u00f3n de baile Yongtai<\/strong>\u2014accesible a trav\u00e9s de un puente elevado privado\u2014 se pueden reservar en conjunto y ofrecen una capacidad para 1200 invitados con iluminaci\u00f3n teatral completa, cabinas de interpretaci\u00f3n simult\u00e1nea y capacidades de transmisi\u00f3n en vivo con drones.<\/p><p>La seguridad y la privacidad son primordiales. Toda la zona de negocios opera con un sistema de acceso biom\u00e9trico, redes wifi cifradas y monitoreo de ciberseguridad 24\/7 para proteger la informaci\u00f3n confidencial. Todas las salas de reuniones est\u00e1n equipadas con tecnolog\u00eda antiespionaje, y el hotel cumple con el RGPD y la Ley de Protecci\u00f3n de Datos Personales de China (PIPL), lo que garantiza el cumplimiento normativo para empresas internacionales.<\/p><p>Sin embargo, en medio de toda esta proeza tecnol\u00f3gica, el JIANGUO HIDDEN HOTEL nunca olvida el factor humano. El personal de negocios est\u00e1 capacitado no solo en competencias t\u00e9cnicas, sino tambi\u00e9n en el arte de anticiparse al servicio: recuerdan la configuraci\u00f3n de reuni\u00f3n preferida por el hu\u00e9sped, sugieren horarios \u00f3ptimos para llamadas seg\u00fan las zonas horarias globales u organizan un tranquilo retiro posterior a la reuni\u00f3n en el Sky Garden del hotel, de inspiraci\u00f3n zen, para reflexionar y reenfocarse.<\/p><p data-spm-anchor-id=\"a2ty_o01.29997173.0.i5.6242c921Bll23M\">En esencia, las instalaciones de negocios del JIANGUO HIDDEN HOTEL no son meros espacios funcionales, sino activos estrat\u00e9gicos. Reflejan una profunda comprensi\u00f3n de las necesidades de los profesionales modernos: agilidad, elegancia y un entorno donde las ideas puedan florecer sin concesiones. Ya sea que est\u00e9 forjando nuevas alianzas en el coraz\u00f3n del norte de China, liderando una negociaci\u00f3n transfronteriza o simplemente buscando un refugio para trabajar con claridad y tranquilidad, el JIANGUO HIDDEN HOTEL est\u00e1 listo para usted: donde el legado se fusiona con la innovaci\u00f3n, y cada detalle est\u00e1 dise\u00f1ado para el \u00e9xito. Bienvenido al futuro de la hospitalidad empresarial en Datong.<\/p>\t\t\t\t\t\t\t\t<\/div>\n\t\t\t\t\t<\/div>\n\t\t\t\t<\/div>\n\t\t\t\t<section class=\"elementor-section elementor-top-section elementor-element elementor-element-6420a89d elementor-section-boxed elementor-section-gap-beside-yes elementor-section-height-default elementor-section-height-default elementor-section-column-vertical-align-stretch\" data-id=\"6420a89d\" data-element_type=\"section\" data-e-type=\"section\" data-settings=\"{&quot;background_background&quot;:&quot;classic&quot;}\">\n\t\t\t\t\t\t<div class=\"elementor-container elementor-column-gap-extended\">\n\t\t\t\t\t<div class=\"elementor-column elementor-col-100 elementor-top-column elementor-element elementor-element-6538b4e0\" data-id=\"6538b4e0\" data-element_type=\"column\" data-e-type=\"column\">\n\t\t\t<div class=\"elementor-widget-wrap elementor-element-populated\">\n\t\t\t\t\t\t<div class=\"elementor-element elementor-element-14c1c6f3 elementor-widget elementor-widget-heading\" data-id=\"14c1c6f3\" data-element_type=\"widget\" data-e-type=\"widget\" data-widget_type=\"heading.default\">\n\t\t\t\t\t<h2 class=\"elementor-heading-title elementor-size-default\">Consultar disponibilidad <\/h2>\t\t\t\t<\/div>\n\t\t\t\t<div class=\"elementor-element elementor-element-5764d352 elementor-widget elementor-widget-text-editor\" data-id=\"5764d352\" data-element_type=\"widget\" data-e-type=\"widget\" data-widget_type=\"text-editor.default\">\n\t\t\t\t\t\t\t\t\t<iframe border=\"0\" src=\"https:\/\/www.trip.com\/partners\/ad\/S4653525?Allianceid=4590391&#038;SID=243021108&#038;trip_sub1=\" style=\"width:900px;height:200px\" frameborder=\"0\" scrolling=\"no\" id=\"S4653525\"><\/iframe>\t\t\t\t\t\t\t\t<\/div>\n\t\t\t\t\t<\/div>\n\t\t<\/div>\n\t\t\t\t\t<\/div>\n\t\t<\/section>\n\t\t\t\t<\/div>","protected":false},"excerpt":{"rendered":"<p>Our Hotel board room offers a private, elegant meeting space in the heart of New York for groups of 8 to 10 persons. For your comfort and convenience, coffee break packages are available. Nestled in the heart of Datong\u2019s burgeoning Pingcheng District, the JIANGUO HIDDEN HOTEL emerges as a masterful fusion of heritage elegance and [&hellip;]<\/p>\n","protected":false},"author":1,"featured_media":0,"parent":0,"menu_order":0,"comment_status":"closed","ping_status":"closed","template":"","meta":{"footnotes":""},"class_list":["post-2109","page","type-page","status-publish","hentry","post-no-thumbnail"],"_links":{"self":[{"href":"https:\/\/jianguohiddenhotel.com\/es\/wp-json\/wp\/v2\/pages\/2109","targetHints":{"allow":["GET"]}}],"collection":[{"href":"https:\/\/jianguohiddenhotel.com\/es\/wp-json\/wp\/v2\/pages"}],"about":[{"href":"https:\/\/jianguohiddenhotel.com\/es\/wp-json\/wp\/v2\/types\/page"}],"author":[{"embeddable":true,"href":"https:\/\/jianguohiddenhotel.com\/es\/wp-json\/wp\/v2\/users\/1"}],"replies":[{"embeddable":true,"href":"https:\/\/jianguohiddenhotel.com\/es\/wp-json\/wp\/v2\/comments?post=2109"}],"version-history":[{"count":0,"href":"https:\/\/jianguohiddenhotel.com\/es\/wp-json\/wp\/v2\/pages\/2109\/revisions"}],"wp:attachment":[{"href":"https:\/\/jianguohiddenhotel.com\/es\/wp-json\/wp\/v2\/media?parent=2109"}],"curies":[{"name":"gracias","href":"https:\/\/api.w.org\/{rel}","templated":true}]}}