{"id":612,"date":"2021-03-26T10:04:13","date_gmt":"2021-03-26T10:04:13","guid":{"rendered":"http:\/\/localhost\/nuss\/?page_id=612"},"modified":"2025-07-30T08:54:29","modified_gmt":"2025-07-30T08:54:29","slug":"restaurante","status":"publish","type":"page","link":"https:\/\/jianguohiddenhotel.com\/es\/restaurante\/","title":{"rendered":"Restaurante"},"content":{"rendered":"<div data-elementor-type=\"wp-page\" data-elementor-id=\"612\" class=\"elementor elementor-612\">\n\t\t\t\t\t\t<section class=\"elementor-section elementor-top-section elementor-element elementor-element-e2effe8 elementor-section-boxed elementor-section-gap-beside-yes elementor-section-height-default elementor-section-height-default elementor-section-column-vertical-align-stretch\" data-id=\"e2effe8\" data-element_type=\"section\" data-e-type=\"section\">\n\t\t\t\t\t\t<div class=\"elementor-container elementor-column-gap-extended\">\n\t\t\t\t\t<div class=\"elementor-column elementor-col-100 elementor-top-column elementor-element elementor-element-e18f688\" data-id=\"e18f688\" data-element_type=\"column\" data-e-type=\"column\">\n\t\t\t<div class=\"elementor-widget-wrap elementor-element-populated\">\n\t\t\t\t\t\t<div class=\"elementor-element elementor-element-6db146d elementor-widget__width-initial elementor-invisible elementor-widget elementor-widget-text-editor\" data-id=\"6db146d\" data-element_type=\"widget\" data-e-type=\"widget\" data-settings=\"{&quot;_animation&quot;:&quot;nussFadeInUp&quot;}\" data-widget_type=\"text-editor.default\">\n\t\t\t\t\t\t\t\t\t<p><strong data-spm-anchor-id=\"a2ty_o01.29997173.0.i43.6242c921Bll23M\">Descubra la excelencia culinaria en el restaurante Yunxiang, el coraz\u00f3n del JIANGUO HIDDEN HOTEL, Datong<\/strong><\/p>\t\t\t\t\t\t\t\t<\/div>\n\t\t\t\t\t<\/div>\n\t\t<\/div>\n\t\t\t\t\t<\/div>\n\t\t<\/section>\n\t\t<div class=\"elementor-element elementor-element-8f7cca6 e-flex e-con-boxed e-con e-parent\" data-id=\"8f7cca6\" data-element_type=\"container\" data-e-type=\"container\">\n\t\t\t\t\t<div class=\"e-con-inner\">\n\t\t\t\t<div class=\"elementor-element elementor-element-521a286 elementor-widget elementor-widget-text-editor\" data-id=\"521a286\" data-element_type=\"widget\" data-e-type=\"widget\" data-widget_type=\"text-editor.default\">\n\t\t\t\t\t\t\t\t\t<p data-spm-anchor-id=\"a2ty_o01.29997173.0.i36.6242c921Bll23M\">Ubicado dentro de la serena elegancia de <strong>HOTEL OCULTO DE JIANGUO<\/strong> En el edificio Yongtai, South Yongtai Road, distrito de Pingcheng, Datong, Shanxi, se encuentra <strong>Restaurante Yunxiang<\/strong>Un destino donde el rico patrimonio culinario del norte de China se reinventa con arte moderno, la autenticidad de las estaciones y una conmovedora autenticidad. M\u00e1s que una simple experiencia gastron\u00f3mica en un hotel, Yunxiang es una celebraci\u00f3n de las arraigadas tradiciones gastron\u00f3micas de Shanxi, realzadas con t\u00e9cnicas contempor\u00e1neas, ingredientes locales y un compromiso inquebrantable con la narraci\u00f3n cultural a trav\u00e9s de la gastronom\u00eda.<\/p><p>Como restaurante insignia del JIANGUO HIDDEN HOTEL, Yunxiang (que significa &quot;Fragancia de Nube&quot;) se inspira en los picos neblinosos de Hengshan, las antiguas rutas comerciales de la Ruta de la Seda que anta\u00f1o pasaban por Datong y los sabores ancestrales del coraz\u00f3n agrario de Shanxi. Cada plato rinde homenaje al legado de la regi\u00f3n, hogar de algunos de los tesoros culinarios m\u00e1s emblem\u00e1ticos de China, desde los fideos desmenuzados a mano cortados a cuchillo (<em>dao xiao mian<\/em>) hasta guisos de vinagre a\u00f1ejo, delicias a base de mijo y guisos de cordero cocinados a fuego lento con hierbas de monta\u00f1a.<\/p><p>Al entrar, le recibir\u00e1 un ambiente de refinada tranquilidad. Dise\u00f1ado con una fusi\u00f3n del minimalismo de la dinast\u00eda Ming y la est\u00e9tica zen contempor\u00e1nea, el espacio cuenta con c\u00e1lidos paneles de madera de nogal, vajilla de cer\u00e1mica esmaltada a mano y una suave iluminaci\u00f3n ambiental que cambia con la hora del d\u00eda. Los ventanales de suelo a techo ofrecen vistas panor\u00e1micas del horizonte de Datong y la silueta lejana de las antiguas murallas de la ciudad, creando un ambiente \u00edntimo y a la vez amplio.<\/p>\t\t\t\t\t\t\t\t<\/div>\n\t\t\t\t\t<\/div>\n\t\t\t\t<\/div>\n\t\t<div class=\"elementor-element elementor-element-4edb6f4 e-flex e-con-boxed e-con e-parent\" data-id=\"4edb6f4\" data-element_type=\"container\" data-e-type=\"container\">\n\t\t\t\t\t<div class=\"e-con-inner\">\n\t\t\t\t<div class=\"elementor-element elementor-element-6d6c3a5 elementor-widget elementor-widget-nuss-image-gallery\" data-id=\"6d6c3a5\" data-element_type=\"widget\" data-e-type=\"widget\" data-widget_type=\"nuss-image-gallery.default\">\n\t\t\t\t<div class=\"elementor-widget-container\">\n\t\t\t\t\t\t\t<div class=\"nuss-grid-wrapper\" data-grid=\"{&quot;type&quot;:&quot;grid&quot;,&quot;ratio&quot;:null,&quot;columns&quot;:3,&quot;gutter&quot;:30}\">\r\n\t\t\t<div class=\"nuss-grid lazy-grid\">\r\n\t\t\t\t<div class=\"grid-sizer\"><\/div>\r\n\r\n\t\t\t\t\t\t\t\t\t\t\t\t<div class=\"grid-item\">\r\n\t\t\t\t\t\t<div class=\"nuss-box\">\t\t<div class=\"nuss-image image\">\r\n\t\t\t<img decoding=\"async\"  src=\"https:\/\/jianguohiddenhotel.com\/wp-content\/uploads\/2025\/07\/JIANGUO-HIDDEN-HOTEL-76.webp\" alt=\"HOTEL OCULTO DE JIANGUO (76)\" \/>\t\t<\/div>\r\n\t\t\t\t<\/div>\t\t\t\t\t<\/div>\r\n\t\t\t\t\t\t<div class=\"grid-item\">\r\n\t\t\t\t\t\t<div class=\"nuss-box\">\t\t<div class=\"nuss-image image\">\r\n\t\t\t<img decoding=\"async\"  src=\"https:\/\/jianguohiddenhotel.com\/wp-content\/uploads\/2025\/07\/JIANGUO-HIDDEN-HOTEL-72.webp\" alt=\"HOTEL OCULTO DE JIANGUO (72)\" \/>\t\t<\/div>\r\n\t\t\t\t<\/div>\t\t\t\t\t<\/div>\r\n\t\t\t\t\t\t<div class=\"grid-item\">\r\n\t\t\t\t\t\t<div class=\"nuss-box\">\t\t<div class=\"nuss-image image\">\r\n\t\t\t<img decoding=\"async\"  src=\"https:\/\/jianguohiddenhotel.com\/wp-content\/uploads\/2025\/07\/JIANGUO-HIDDEN-HOTEL-70.webp\" alt=\"HOTEL OCULTO DE JIANGUO (70)\" \/>\t\t<\/div>\r\n\t\t\t\t<\/div>\t\t\t\t\t<\/div>\r\n\t\t\t\t\t\t<div class=\"grid-item\">\r\n\t\t\t\t\t\t<div class=\"nuss-box\">\t\t<div class=\"nuss-image image\">\r\n\t\t\t<img decoding=\"async\"  src=\"https:\/\/jianguohiddenhotel.com\/wp-content\/uploads\/2025\/07\/JIANGUO-HIDDEN-HOTEL-75.webp\" alt=\"HOTEL OCULTO DE JIANGUO (75)\" \/>\t\t<\/div>\r\n\t\t\t\t<\/div>\t\t\t\t\t<\/div>\r\n\t\t\t\t\t\t<div class=\"grid-item\">\r\n\t\t\t\t\t\t<div class=\"nuss-box\">\t\t<div class=\"nuss-image image\">\r\n\t\t\t<img decoding=\"async\"  src=\"https:\/\/jianguohiddenhotel.com\/wp-content\/uploads\/2025\/07\/JIANGUO-HIDDEN-HOTEL-74.webp\" alt=\"HOTEL OCULTO DE JIANGUO (74)\" \/>\t\t<\/div>\r\n\t\t\t\t<\/div>\t\t\t\t\t<\/div>\r\n\t\t\t\t\t\t<div class=\"grid-item\">\r\n\t\t\t\t\t\t<div class=\"nuss-box\">\t\t<div class=\"nuss-image image\">\r\n\t\t\t<img decoding=\"async\"  src=\"https:\/\/jianguohiddenhotel.com\/wp-content\/uploads\/2025\/07\/JIANGUO-HIDDEN-HOTEL-71.webp\" alt=\"HOTEL OCULTO DE JIANGUO (71)\" \/>\t\t<\/div>\r\n\t\t\t\t<\/div>\t\t\t\t\t<\/div>\r\n\t\t\t\t\t\t\t\r\n\t\t\t<\/div>\r\n\t\t<\/div>\r\n\t\t\t\t\t\t<\/div>\n\t\t\t\t<\/div>\n\t\t\t\t\t<\/div>\n\t\t\t\t<\/div>\n\t\t<div class=\"elementor-element elementor-element-1e79a6d e-flex e-con-boxed e-con e-parent\" data-id=\"1e79a6d\" data-element_type=\"container\" data-e-type=\"container\">\n\t\t\t\t\t<div class=\"e-con-inner\">\n\t\t\t\t<div class=\"elementor-element elementor-element-e41bed1 elementor-widget elementor-widget-text-editor\" data-id=\"e41bed1\" data-element_type=\"widget\" data-e-type=\"widget\" data-widget_type=\"text-editor.default\">\n\t\t\t\t\t\t\t\t\t<p data-spm-anchor-id=\"a2ty_o01.29997173.0.i38.6242c921Bll23M\">En el coraz\u00f3n de la filosof\u00eda de Yunxiang se encuentra <strong>abastecimiento hiperlocal<\/strong>Nuestro chef ejecutivo, el chef Li Wei, originario de Datong con m\u00e1s de dos d\u00e9cadas de experiencia en cocina regional e internacional, lidera un apasionado equipo culinario que colabora directamente con agricultores, recolectores y productores artesanales de Shanxi. Desde trigo sarraceno org\u00e1nico cultivado en las tierras altas de Ningwu hasta aves de corral de Xinzhou y vinagre a\u00f1ejado durante tres a\u00f1os en tinajas de barro tradicionales, cada ingrediente cuenta la historia de su lugar y su procedencia.<\/p><p>El men\u00fa es un recorrido cuidadosamente seleccionado por el espectro de sabores del norte de China. Entre sus platos estrella se incluyen:<\/p><ul><li><strong>Fideos ahumados cortados a cuchillo con hongos silvestres y frijoles negros fermentados<\/strong> \u2013 una versi\u00f3n moderna de un cl\u00e1sico de Shanxi, servido en la mesa con un toque teatral de wok.<\/li><li><strong>Cordero Dongshan estofado con azufaifo seco y bayas de goji<\/strong> \u2013 cocinado a fuego lento durante 12 horas, tierno y arom\u00e1tico, inspirado en los banquetes imperiales del norte.<\/li><li><strong>Tortitas crujientes de mijo con nueces con miel y crema de s\u00e9samo<\/strong> \u2013 un gui\u00f1o a las antiguas tradiciones de cultivo de mijo de Shanxi, reinventado como un delicado aperitivo.<\/li><li><strong>El deleite del Buda Yungang<\/strong> \u2013 una obra maestra vegetariana con tofu de monta\u00f1a, ra\u00edz de loto, m\u00e9dula de bamb\u00fa y hongos oreja de madera, llamada as\u00ed en honor a las grutas de Yungang de Datong, declaradas Patrimonio de la Humanidad por la UNESCO.<\/li><\/ul><p>Para el desayuno, los hu\u00e9spedes pueden disfrutar de un amplio... <strong>buffet patrimonial<\/strong> que combina el dim sum chino con los favoritos occidentales, incluidos los platos caseros. <em>baozi<\/em>Tortitas de cebolleta al estilo Shanxi, gachas org\u00e1nicas con huevo en conserva y fibra de cerdo, y pasteles reci\u00e9n horneados con miel y nueces locales. Se adaptan las necesidades diet\u00e9ticas especiales, incluyendo opciones veganas, sin gluten y halal, con previo aviso.<\/p><p>Yunxiang tambi\u00e9n ofrece <strong>experiencias gastron\u00f3micas privadas<\/strong> en sus exclusivos pabellones y salones de t\u00e9, perfectos para reuniones \u00edntimas, cenas de negocios o celebraciones culturales. Nuestro <strong>Men\u00fa degustaci\u00f3n \u201cSabor de Pingcheng\u201d<\/strong>, disponible con reserva, gu\u00eda a los hu\u00e9spedes a trav\u00e9s de ocho platos de innovaci\u00f3n de temporada, combinados con t\u00e9s chinos seleccionados o vinos boutique de Shanxi.<\/p><p data-spm-anchor-id=\"a2ty_o01.29997173.0.i40.6242c921Bll23M\">Pero Yunxiang es m\u00e1s que un restaurante: es un embajador cultural. Mensual <strong>eventos culinarios<\/strong> Invitamos a nuestros comensales a participar en talleres de desmoldeo de fideos, catas de vinagre y colaboraciones con chefs locales que preservan recetas de Shanxi en peligro de extinci\u00f3n. Colaboramos con la Fundaci\u00f3n del Patrimonio Culinario de Datong para documentar y revivir platos olvidados, garantizando que los sabores del pasado sigan inspirando el futuro.<\/p>\t\t\t\t\t\t\t\t<\/div>\n\t\t\t\t\t<\/div>\n\t\t\t\t<\/div>\n\t\t<div class=\"elementor-element elementor-element-f06c144 e-flex e-con-boxed e-con e-parent\" data-id=\"f06c144\" data-element_type=\"container\" data-e-type=\"container\">\n\t\t\t\t\t<div class=\"e-con-inner\">\n\t\t\t\t<div class=\"elementor-element elementor-element-970e5d1 elementor-widget elementor-widget-nuss-image-gallery\" data-id=\"970e5d1\" data-element_type=\"widget\" data-e-type=\"widget\" data-widget_type=\"nuss-image-gallery.default\">\n\t\t\t\t<div class=\"elementor-widget-container\">\n\t\t\t\t\t\t\t<div class=\"nuss-grid-wrapper\" data-grid=\"{&quot;type&quot;:&quot;grid&quot;,&quot;ratio&quot;:null,&quot;columns&quot;:3,&quot;gutter&quot;:30}\">\r\n\t\t\t<div class=\"nuss-grid lazy-grid\">\r\n\t\t\t\t<div class=\"grid-sizer\"><\/div>\r\n\r\n\t\t\t\t\t\t\t\t\t\t\t\t<div class=\"grid-item\">\r\n\t\t\t\t\t\t<div class=\"nuss-box\">\t\t<div class=\"nuss-image image\">\r\n\t\t\t<img decoding=\"async\"  src=\"https:\/\/jianguohiddenhotel.com\/wp-content\/uploads\/2025\/07\/JIANGUO-HIDDEN-HOTEL-65.webp\" alt=\"HOTEL OCULTO DE JIANGUO (65)\" \/>\t\t<\/div>\r\n\t\t\t\t<\/div>\t\t\t\t\t<\/div>\r\n\t\t\t\t\t\t<div class=\"grid-item\">\r\n\t\t\t\t\t\t<div class=\"nuss-box\">\t\t<div class=\"nuss-image image\">\r\n\t\t\t<img decoding=\"async\"  src=\"https:\/\/jianguohiddenhotel.com\/wp-content\/uploads\/2025\/07\/JIANGUO-HIDDEN-HOTEL-62.webp\" alt=\"HOTEL OCULTO DE JIANGUO (62)\" \/>\t\t<\/div>\r\n\t\t\t\t<\/div>\t\t\t\t\t<\/div>\r\n\t\t\t\t\t\t<div class=\"grid-item\">\r\n\t\t\t\t\t\t<div class=\"nuss-box\">\t\t<div class=\"nuss-image image\">\r\n\t\t\t<img decoding=\"async\"  src=\"https:\/\/jianguohiddenhotel.com\/wp-content\/uploads\/2025\/07\/JIANGUO-HIDDEN-HOTEL-34.webp\" alt=\"HOTEL OCULTO DE JIANGUO (34)\" \/>\t\t<\/div>\r\n\t\t\t\t<\/div>\t\t\t\t\t<\/div>\r\n\t\t\t\t\t\t<div class=\"grid-item\">\r\n\t\t\t\t\t\t<div class=\"nuss-box\">\t\t<div class=\"nuss-image image\">\r\n\t\t\t<img decoding=\"async\"  src=\"https:\/\/jianguohiddenhotel.com\/wp-content\/uploads\/2025\/07\/JIANGUO-HIDDEN-HOTEL-68.webp\" alt=\"HOTEL OCULTO DE JIANGUO (68)\" \/>\t\t<\/div>\r\n\t\t\t\t<\/div>\t\t\t\t\t<\/div>\r\n\t\t\t\t\t\t<div class=\"grid-item\">\r\n\t\t\t\t\t\t<div class=\"nuss-box\">\t\t<div class=\"nuss-image image\">\r\n\t\t\t<img decoding=\"async\"  src=\"https:\/\/jianguohiddenhotel.com\/wp-content\/uploads\/2025\/07\/JIANGUO-HIDDEN-HOTEL-50.webp\" alt=\"HOTEL OCULTO DE JIANGUO (50)\" \/>\t\t<\/div>\r\n\t\t\t\t<\/div>\t\t\t\t\t<\/div>\r\n\t\t\t\t\t\t<div class=\"grid-item\">\r\n\t\t\t\t\t\t<div class=\"nuss-box\">\t\t<div class=\"nuss-image image\">\r\n\t\t\t<img decoding=\"async\"  src=\"https:\/\/jianguohiddenhotel.com\/wp-content\/uploads\/2025\/07\/JIANGUO-HIDDEN-HOTEL-69.webp\" alt=\"HOTEL OCULTO DE JIANGUO (69)\" \/>\t\t<\/div>\r\n\t\t\t\t<\/div>\t\t\t\t\t<\/div>\r\n\t\t\t\t\t\t\t\r\n\t\t\t<\/div>\r\n\t\t<\/div>\r\n\t\t\t\t\t\t<\/div>\n\t\t\t\t<\/div>\n\t\t\t\t\t<\/div>\n\t\t\t\t<\/div>\n\t\t<div class=\"elementor-element elementor-element-53435b1 e-flex e-con-boxed e-con e-parent\" data-id=\"53435b1\" data-element_type=\"container\" data-e-type=\"container\">\n\t\t\t\t\t<div class=\"e-con-inner\">\n\t\t\t\t<div class=\"elementor-element elementor-element-8461420 elementor-widget elementor-widget-text-editor\" data-id=\"8461420\" data-element_type=\"widget\" data-e-type=\"widget\" data-widget_type=\"text-editor.default\">\n\t\t\t\t\t\t\t\t\t<p data-spm-anchor-id=\"a2ty_o01.29997173.0.i42.6242c921Bll23M\">Reconocido en <strong>Los mejores restaurantes de Datong seg\u00fan TripAdvisor<\/strong>, elogiado en <strong>Trip.com<\/strong> y <strong>Dianping<\/strong> Por su cocina aut\u00e9ntica pero innovadora, y celebrado por los cr\u00edticos gastron\u00f3micos por su equilibrio entre tradici\u00f3n y creatividad, Yunxiang se ha convertido en un destino obligado, no solo para los hu\u00e9spedes del hotel, sino para los comensales m\u00e1s exigentes del norte de China.<\/p><p data-spm-anchor-id=\"a2ty_o01.29997173.0.i41.6242c921Bll23M\">Ya sea que est\u00e9 saboreando una tranquila taza de t\u00e9 oolong Phoenix en nuestro bar de t\u00e9, disfrutando de una cena a la luz de las velas bajo las estrellas en nuestra terraza en la azotea o experimentando el arte de un banquete de Shanxi inspirado en el kaiseki, el restaurante Yunxiang lo invita a reducir la velocidad, saborear profundamente y conectarse con el alma de Shanxi.<\/p><div class=\"my-2\">\u00a0<\/div><p>En <strong>HOTEL OCULTO DE JIANGUO<\/strong>Creemos que la comida es memoria, identidad y hospitalidad en su forma m\u00e1s pura.<br \/>Bienvenido a <strong>Yunxiang<\/strong>\u2014donde cada bocado lleva la fragancia de la historia y cada comida se convierte en un viaje.<\/p><p data-spm-anchor-id=\"a2ty_o01.29997173.0.i35.6242c921Bll23M\"><em>Descubra el aut\u00e9ntico sabor de Datong. Solo en el Restaurante Yunxiang.<\/em><\/p>\t\t\t\t\t\t\t\t<\/div>\n\t\t\t\t\t<\/div>\n\t\t\t\t<\/div>\n\t\t\t\t<section class=\"elementor-section elementor-top-section elementor-element elementor-element-2ef13886 elementor-section-boxed elementor-section-gap-beside-yes elementor-section-height-default elementor-section-height-default elementor-section-column-vertical-align-stretch\" data-id=\"2ef13886\" data-element_type=\"section\" data-e-type=\"section\" data-settings=\"{&quot;background_background&quot;:&quot;classic&quot;}\">\n\t\t\t\t\t\t<div class=\"elementor-container elementor-column-gap-extended\">\n\t\t\t\t\t<div class=\"elementor-column elementor-col-100 elementor-top-column elementor-element elementor-element-5f88eb06\" data-id=\"5f88eb06\" data-element_type=\"column\" data-e-type=\"column\">\n\t\t\t<div class=\"elementor-widget-wrap elementor-element-populated\">\n\t\t\t\t\t\t<div class=\"elementor-element elementor-element-7bf95790 elementor-widget elementor-widget-heading\" data-id=\"7bf95790\" data-element_type=\"widget\" data-e-type=\"widget\" data-widget_type=\"heading.default\">\n\t\t\t\t\t<h2 class=\"elementor-heading-title elementor-size-default\">Consultar disponibilidad <\/h2>\t\t\t\t<\/div>\n\t\t\t\t<div class=\"elementor-element elementor-element-4ef3c900 elementor-widget elementor-widget-text-editor\" data-id=\"4ef3c900\" data-element_type=\"widget\" data-e-type=\"widget\" data-widget_type=\"text-editor.default\">\n\t\t\t\t\t\t\t\t\t<iframe border=\"0\" src=\"https:\/\/www.trip.com\/partners\/ad\/S4653525?Allianceid=4590391&#038;SID=243021108&#038;trip_sub1=\" style=\"width:900px;height:200px\" frameborder=\"0\" scrolling=\"no\" id=\"S4653525\"><\/iframe>\t\t\t\t\t\t\t\t<\/div>\n\t\t\t\t\t<\/div>\n\t\t<\/div>\n\t\t\t\t\t<\/div>\n\t\t<\/section>\n\t\t\t\t<\/div>","protected":false},"excerpt":{"rendered":"<p>Discover Culinary Excellence at Yunxiang Restaurant \u2013 The Heartbeat of JIANGUO HIDDEN HOTEL, Datong Nestled within the serene elegance of JIANGUO HIDDEN HOTEL at Yongtai Building, South Yongtai Road, Pingcheng District, Datong, Shanxi, lies Yunxiang Restaurant\u2014a destination where the rich culinary heritage of northern China is reimagined with modern artistry, seasonal integrity, and soulful authenticity. [&hellip;]<\/p>\n","protected":false},"author":1,"featured_media":0,"parent":0,"menu_order":0,"comment_status":"closed","ping_status":"closed","template":"","meta":{"footnotes":""},"class_list":["post-612","page","type-page","status-publish","hentry","post-no-thumbnail"],"_links":{"self":[{"href":"https:\/\/jianguohiddenhotel.com\/es\/wp-json\/wp\/v2\/pages\/612","targetHints":{"allow":["GET"]}}],"collection":[{"href":"https:\/\/jianguohiddenhotel.com\/es\/wp-json\/wp\/v2\/pages"}],"about":[{"href":"https:\/\/jianguohiddenhotel.com\/es\/wp-json\/wp\/v2\/types\/page"}],"author":[{"embeddable":true,"href":"https:\/\/jianguohiddenhotel.com\/es\/wp-json\/wp\/v2\/users\/1"}],"replies":[{"embeddable":true,"href":"https:\/\/jianguohiddenhotel.com\/es\/wp-json\/wp\/v2\/comments?post=612"}],"version-history":[{"count":0,"href":"https:\/\/jianguohiddenhotel.com\/es\/wp-json\/wp\/v2\/pages\/612\/revisions"}],"wp:attachment":[{"href":"https:\/\/jianguohiddenhotel.com\/es\/wp-json\/wp\/v2\/media?parent=612"}],"curies":[{"name":"gracias","href":"https:\/\/api.w.org\/{rel}","templated":true}]}}