{"id":2103,"date":"2021-03-23T04:33:54","date_gmt":"2021-03-23T04:33:54","guid":{"rendered":"http:\/\/localhost\/nuss\/?page_id=103"},"modified":"2025-07-30T07:55:50","modified_gmt":"2025-07-30T07:55:50","slug":"a-propos-de-nous","status":"publish","type":"page","link":"https:\/\/jianguohiddenhotel.com\/fr\/a-propos-de-nous\/","title":{"rendered":"\u00c0 propos de nous"},"content":{"rendered":"<div data-elementor-type=\"wp-page\" data-elementor-id=\"2103\" class=\"elementor elementor-2103\">\n\t\t\t\t\t\t<section class=\"elementor-section elementor-top-section elementor-element elementor-element-8f5bb9d elementor-section-boxed elementor-section-gap-beside-yes elementor-section-height-default elementor-section-height-default elementor-section-column-vertical-align-stretch\" data-id=\"8f5bb9d\" data-element_type=\"section\" data-e-type=\"section\">\n\t\t\t\t\t\t<div class=\"elementor-container elementor-column-gap-extended\">\n\t\t\t\t\t<div class=\"elementor-column elementor-col-100 elementor-top-column elementor-element elementor-element-7ec4215\" data-id=\"7ec4215\" data-element_type=\"column\" data-e-type=\"column\">\n\t\t\t<div class=\"elementor-widget-wrap elementor-element-populated\">\n\t\t\t\t\t\t<div class=\"elementor-element elementor-element-edd9d03 elementor-widget__width-initial elementor-invisible elementor-widget elementor-widget-text-editor\" data-id=\"edd9d03\" data-element_type=\"widget\" data-e-type=\"widget\" data-settings=\"{&quot;_animation&quot;:&quot;nussFadeInUp&quot;}\" data-widget_type=\"text-editor.default\">\n\t\t\t\t\t\t\t\t\t<p data-spm-anchor-id=\"a2ty_o01.29997173.0.i9.be03c921qMAvYf\">Nich\u00e9 dans le quartier historique <strong>District de Pingcheng<\/strong> de <strong>Datong, province du Shanxi<\/strong>, le <strong>Jianguo Hidden Hotel<\/strong> red\u00e9finit l&#039;h\u00f4tellerie-boutique avec un m\u00e9lange serein de charme ancien et d&#039;\u00e9l\u00e9gance contemporaine. Install\u00e9 dans un cadre raffin\u00e9 <strong>B\u00e2timent Yongtai<\/strong> sur <strong>Route de Yongtai Sud<\/strong>, cette retraite intime offre aux voyageurs exigeants un sanctuaire paisible \u00e0 quelques pas de certains des monuments culturels les plus pr\u00e9cieux de Chine, notamment le majestueux <strong>Grottes de Yungang<\/strong>, l&#039;ancien <strong>Remparts de la ville de Datong<\/strong>, et l&#039;embl\u00e9matique <strong>Temple suspendu<\/strong>.<\/p>\t\t\t\t\t\t\t\t<\/div>\n\t\t\t\t\t<\/div>\n\t\t<\/div>\n\t\t\t\t\t<\/div>\n\t\t<\/section>\n\t\t\t\t<section class=\"elementor-section elementor-top-section elementor-element elementor-element-22f368b elementor-section-boxed elementor-section-gap-beside-yes elementor-section-height-default elementor-section-height-default elementor-section-column-vertical-align-stretch\" data-id=\"22f368b\" data-element_type=\"section\" data-e-type=\"section\">\n\t\t\t\t\t\t<div class=\"elementor-container elementor-column-gap-extended\">\n\t\t\t\t\t<div class=\"elementor-column elementor-col-50 elementor-top-column elementor-element elementor-element-cd50ecf\" data-id=\"cd50ecf\" data-element_type=\"column\" data-e-type=\"column\">\n\t\t\t<div class=\"elementor-widget-wrap elementor-element-populated\">\n\t\t\t\t\t\t<div class=\"elementor-element elementor-element-e8c92e2 elementor-invisible elementor-widget elementor-widget-text-editor\" data-id=\"e8c92e2\" data-element_type=\"widget\" data-e-type=\"widget\" data-settings=\"{&quot;_animation&quot;:&quot;nussFadeInUp&quot;}\" data-widget_type=\"text-editor.default\">\n\t\t\t\t\t\t\t\t\t<p data-spm-anchor-id=\"a2ty_o01.29997173.0.i10.be03c921qMAvYf\">Contrairement aux h\u00f4tels traditionnels, le Jianguo Hidden Hotel est con\u00e7u comme une escapade contemplative, o\u00f9 chaque d\u00e9tail refl\u00e8te l&#039;esprit du patrimoine du nord de la Chine. De ses cours paisibles et de ses touches architecturales traditionnelles \u00e0 ses int\u00e9rieurs soigneusement con\u00e7us, mettant en valeur l&#039;artisanat local, l&#039;h\u00f4tel invite ses clients \u00e0 ralentir et \u00e0 s&#039;immerger dans l&#039;authenticit\u00e9. Chaque chambre est un havre de luxe discret, alliant confort moderne \u2013 literie moelleuse, Wi-Fi haut d\u00e9bit, climatisation et \u00e9l\u00e9gantes salles de bains privatives \u2013 \u00e0 un design chaleureux et minimaliste inspir\u00e9 de la riche histoire du Shanxi.<\/p>\t\t\t\t\t\t\t\t<\/div>\n\t\t\t\t\t<\/div>\n\t\t<\/div>\n\t\t\t\t<div class=\"elementor-column elementor-col-50 elementor-top-column elementor-element elementor-element-414be75\" data-id=\"414be75\" data-element_type=\"column\" data-e-type=\"column\">\n\t\t\t<div class=\"elementor-widget-wrap elementor-element-populated\">\n\t\t\t\t\t\t<div class=\"elementor-element elementor-element-40fafc4 elementor-widget elementor-widget-image\" data-id=\"40fafc4\" data-element_type=\"widget\" data-e-type=\"widget\" data-widget_type=\"image.default\">\n\t\t\t\t\t\t\t\t\t\t\t\t\t\t\t<img fetchpriority=\"high\" decoding=\"async\" width=\"1024\" height=\"738\" src=\"https:\/\/jianguohiddenhotel.com\/wp-content\/uploads\/2025\/07\/JIANGUO-HIDDEN-HOTEL-36-1024x738.webp\" class=\"attachment-large size-large wp-image-5670\" alt=\"\" srcset=\"https:\/\/jianguohiddenhotel.com\/wp-content\/uploads\/2025\/07\/JIANGUO-HIDDEN-HOTEL-36-1024x738.webp 1024w, https:\/\/jianguohiddenhotel.com\/wp-content\/uploads\/2025\/07\/JIANGUO-HIDDEN-HOTEL-36-300x216.webp 300w, https:\/\/jianguohiddenhotel.com\/wp-content\/uploads\/2025\/07\/JIANGUO-HIDDEN-HOTEL-36-768x553.webp 768w, https:\/\/jianguohiddenhotel.com\/wp-content\/uploads\/2025\/07\/JIANGUO-HIDDEN-HOTEL-36.webp 1184w\" sizes=\"(max-width: 1024px) 100vw, 1024px\" \/>\t\t\t\t\t\t\t\t\t\t\t\t\t\t\t<\/div>\n\t\t\t\t\t<\/div>\n\t\t<\/div>\n\t\t\t\t\t<\/div>\n\t\t<\/section>\n\t\t\t\t<section class=\"elementor-section elementor-top-section elementor-element elementor-element-2393bc4 elementor-section-height-min-height elementor-section-stretched elementor-section-full_width elementor-section-items-stretch elementor-section-height-default elementor-section-column-vertical-align-stretch\" data-id=\"2393bc4\" data-element_type=\"section\" data-e-type=\"section\" data-settings=\"{&quot;stretch_section&quot;:&quot;section-stretched&quot;}\">\n\t\t\t\t\t\t<div class=\"elementor-container elementor-column-gap-no\">\n\t\t\t\t\t<div class=\"elementor-column elementor-col-50 elementor-top-column elementor-element elementor-element-41b487e\" data-id=\"41b487e\" data-element_type=\"column\" data-e-type=\"column\">\n\t\t\t<div class=\"elementor-widget-wrap elementor-element-populated\">\n\t\t\t\t\t\t<div class=\"elementor-element elementor-element-d12a3c0 elementor-widget__width-initial elementor-widget-mobile__width-inherit elementor-invisible nuss-elementor-loading nuss-slide-in-right elementor-widget elementor-widget-image\" data-id=\"d12a3c0\" data-element_type=\"widget\" data-e-type=\"widget\" data-settings=\"{&quot;_animation&quot;:&quot;nussSlideInRight&quot;}\" data-widget_type=\"image.default\">\n\t\t\t\t\t\t\t\t\t\t\t\t\t\t\t<img decoding=\"async\" width=\"1280\" height=\"853\" src=\"https:\/\/jianguohiddenhotel.com\/wp-content\/uploads\/2025\/07\/JIANGUO-HIDDEN-HOTEL-23.webp\" class=\"attachment-full size-full wp-image-5657\" alt=\"\" srcset=\"https:\/\/jianguohiddenhotel.com\/wp-content\/uploads\/2025\/07\/JIANGUO-HIDDEN-HOTEL-23.webp 1280w, https:\/\/jianguohiddenhotel.com\/wp-content\/uploads\/2025\/07\/JIANGUO-HIDDEN-HOTEL-23-300x200.webp 300w, https:\/\/jianguohiddenhotel.com\/wp-content\/uploads\/2025\/07\/JIANGUO-HIDDEN-HOTEL-23-1024x682.webp 1024w, https:\/\/jianguohiddenhotel.com\/wp-content\/uploads\/2025\/07\/JIANGUO-HIDDEN-HOTEL-23-768x512.webp 768w\" sizes=\"(max-width: 1280px) 100vw, 1280px\" \/>\t\t\t\t\t\t\t\t\t\t\t\t\t\t\t<\/div>\n\t\t\t\t\t<\/div>\n\t\t<\/div>\n\t\t\t\t<div class=\"elementor-column elementor-col-50 elementor-top-column elementor-element elementor-element-281747b\" data-id=\"281747b\" data-element_type=\"column\" data-e-type=\"column\">\n\t\t\t<div class=\"elementor-widget-wrap elementor-element-populated\">\n\t\t\t\t\t\t<div class=\"elementor-element elementor-element-2ba7908 elementor-invisible elementor-widget elementor-widget-text-editor\" data-id=\"2ba7908\" data-element_type=\"widget\" data-e-type=\"widget\" data-settings=\"{&quot;_animation&quot;:&quot;nussFadeInUp&quot;}\" data-widget_type=\"text-editor.default\">\n\t\t\t\t\t\t\t\t\t<p data-spm-anchor-id=\"a2ty_o01.29997173.0.i13.be03c921qMAvYf\">Les clients b\u00e9n\u00e9ficient d&#039;un service personnalis\u00e9, d&#039;une ambiance sereine et d&#039;un emplacement id\u00e9al alliant calme et isolement, avec un acc\u00e8s facile aux attractions de la ville et aux merveilles naturelles. Que vous souhaitiez explorer les sites de Datong class\u00e9s au patrimoine mondial de l&#039;UNESCO, partir sur les traces des anciens empires ou simplement vous \u00e9vader du rythme de la vie moderne, le Jianguo Hidden Hotel offre bien plus qu&#039;un h\u00e9bergement\u00a0: il vous offre un voyage culturel, apaisant et convivial.<\/p><div class=\"my-2\">\u00a0<\/div><p data-spm-anchor-id=\"a2ty_o01.29997173.0.i11.be03c921qMAvYf\">Id\u00e9al pour les couples, les voyageurs culturels et les aventuriers solitaires, ce joyau cach\u00e9 allie patrimoine, hospitalit\u00e9 et harmonie pour un s\u00e9jour inoubliable dans l&#039;une des villes les plus importantes de Chine sur le plan historique. D\u00e9couvrez le luxe paisible de <strong>Jianguo Hidden Hotel<\/strong> \u2014 o\u00f9 le pass\u00e9 rencontre la paix, et o\u00f9 chaque s\u00e9jour ressemble \u00e0 un secret bien gard\u00e9.<\/p>\t\t\t\t\t\t\t\t<\/div>\n\t\t\t\t\t<\/div>\n\t\t<\/div>\n\t\t\t\t\t<\/div>\n\t\t<\/section>\n\t\t\t\t<section class=\"elementor-section elementor-top-section elementor-element elementor-element-e0daf14 elementor-section-boxed elementor-section-gap-beside-yes elementor-section-height-default elementor-section-height-default elementor-section-column-vertical-align-stretch\" data-id=\"e0daf14\" data-element_type=\"section\" data-e-type=\"section\" data-settings=\"{&quot;background_background&quot;:&quot;classic&quot;}\">\n\t\t\t\t\t\t<div class=\"elementor-container elementor-column-gap-extended\">\n\t\t\t\t\t<div class=\"elementor-column elementor-col-100 elementor-top-column elementor-element elementor-element-46a5fbd\" data-id=\"46a5fbd\" data-element_type=\"column\" data-e-type=\"column\">\n\t\t\t<div class=\"elementor-widget-wrap elementor-element-populated\">\n\t\t\t\t\t\t<div class=\"elementor-element elementor-element-94fde59 elementor-widget elementor-widget-heading\" data-id=\"94fde59\" data-element_type=\"widget\" data-e-type=\"widget\" data-widget_type=\"heading.default\">\n\t\t\t\t\t<h2 class=\"elementor-heading-title elementor-size-default\">Ch\u00e8que disponible <\/h2>\t\t\t\t<\/div>\n\t\t\t\t<div class=\"elementor-element elementor-element-0c9a038 elementor-widget elementor-widget-text-editor\" data-id=\"0c9a038\" data-element_type=\"widget\" data-e-type=\"widget\" data-widget_type=\"text-editor.default\">\n\t\t\t\t\t\t\t\t\t<iframe border=\"0\" src=\"https:\/\/www.trip.com\/partners\/ad\/S4653525?Allianceid=4590391&#038;SID=243021108&#038;trip_sub1=\" style=\"width:900px;height:200px\" frameborder=\"0\" scrolling=\"no\" id=\"S4653525\"><\/iframe>\t\t\t\t\t\t\t\t<\/div>\n\t\t\t\t\t<\/div>\n\t\t<\/div>\n\t\t\t\t\t<\/div>\n\t\t<\/section>\n\t\t\t\t<\/div>","protected":false},"excerpt":{"rendered":"<p>Nestled in the historic Pingcheng District of Datong, Shanxi Province, the Jianguo Hidden Hotel redefines boutique hospitality with a serene blend of ancient charm and contemporary elegance. Housed within the refined Yongtai Building on South Yongtai Road, this intimate retreat offers discerning travelers a peaceful sanctuary just steps away from some of China\u2019s most treasured [&hellip;]<\/p>\n","protected":false},"author":1,"featured_media":0,"parent":0,"menu_order":0,"comment_status":"closed","ping_status":"closed","template":"elementor_header_footer","meta":{"footnotes":""},"class_list":["post-2103","page","type-page","status-publish","hentry","post-no-thumbnail"],"_links":{"self":[{"href":"https:\/\/jianguohiddenhotel.com\/fr\/wp-json\/wp\/v2\/pages\/2103","targetHints":{"allow":["GET"]}}],"collection":[{"href":"https:\/\/jianguohiddenhotel.com\/fr\/wp-json\/wp\/v2\/pages"}],"about":[{"href":"https:\/\/jianguohiddenhotel.com\/fr\/wp-json\/wp\/v2\/types\/page"}],"author":[{"embeddable":true,"href":"https:\/\/jianguohiddenhotel.com\/fr\/wp-json\/wp\/v2\/users\/1"}],"replies":[{"embeddable":true,"href":"https:\/\/jianguohiddenhotel.com\/fr\/wp-json\/wp\/v2\/comments?post=2103"}],"version-history":[{"count":0,"href":"https:\/\/jianguohiddenhotel.com\/fr\/wp-json\/wp\/v2\/pages\/2103\/revisions"}],"wp:attachment":[{"href":"https:\/\/jianguohiddenhotel.com\/fr\/wp-json\/wp\/v2\/media?parent=2103"}],"curies":[{"name":"wp","href":"https:\/\/api.w.org\/{rel}","templated":true}]}}