{"id":2104,"date":"2021-03-23T09:33:48","date_gmt":"2021-03-23T09:33:48","guid":{"rendered":"http:\/\/localhost\/nuss\/?page_id=167"},"modified":"2025-07-30T08:41:54","modified_gmt":"2025-07-30T08:41:54","slug":"notre-histoire","status":"publish","type":"page","link":"https:\/\/jianguohiddenhotel.com\/fr\/notre-histoire\/","title":{"rendered":"Notre histoire"},"content":{"rendered":"<div data-elementor-type=\"wp-page\" data-elementor-id=\"2104\" class=\"elementor elementor-2104\">\n\t\t\t\t\t\t<section class=\"elementor-section elementor-top-section elementor-element elementor-element-8f5bb9d elementor-section-boxed elementor-section-gap-beside-yes elementor-section-height-default elementor-section-height-default elementor-section-column-vertical-align-stretch\" data-id=\"8f5bb9d\" data-element_type=\"section\" data-e-type=\"section\">\n\t\t\t\t\t\t<div class=\"elementor-container elementor-column-gap-extended\">\n\t\t\t\t\t<div class=\"elementor-column elementor-col-100 elementor-top-column elementor-element elementor-element-7ec4215\" data-id=\"7ec4215\" data-element_type=\"column\" data-e-type=\"column\">\n\t\t\t<div class=\"elementor-widget-wrap elementor-element-populated\">\n\t\t\t\t\t\t<div class=\"elementor-element elementor-element-edd9d03 elementor-widget__width-initial elementor-invisible elementor-widget elementor-widget-text-editor\" data-id=\"edd9d03\" data-element_type=\"widget\" data-e-type=\"widget\" data-settings=\"{&quot;_animation&quot;:&quot;nussFadeInUp&quot;}\" data-widget_type=\"text-editor.default\">\n\t\t\t\t\t\t\t\t\t<p><strong data-spm-anchor-id=\"a2ty_o01.29997173.0.i28.6242c921Bll23M\">L&#039;\u00e2me du JIANGUO HIDDEN HOTEL \u2013 O\u00f9 l&#039;h\u00e9ritage rencontre l&#039;harmonie cach\u00e9e<\/strong><\/p>\t\t\t\t\t\t\t\t<\/div>\n\t\t\t\t\t<\/div>\n\t\t<\/div>\n\t\t\t\t\t<\/div>\n\t\t<\/section>\n\t\t<div class=\"elementor-element elementor-element-2d9bb20 e-flex e-con-boxed e-con e-parent\" data-id=\"2d9bb20\" data-element_type=\"container\" data-e-type=\"container\">\n\t\t\t\t\t<div class=\"e-con-inner\">\n\t\t\t\t<div class=\"elementor-element elementor-element-fd4c4ca elementor-widget elementor-widget-text-editor\" data-id=\"fd4c4ca\" data-element_type=\"widget\" data-e-type=\"widget\" data-widget_type=\"text-editor.default\">\n\t\t\t\t\t\t\t\t\t<p data-spm-anchor-id=\"a2ty_o01.29997173.0.i30.6242c921Bll23M\">Dans la cit\u00e9 antique de Datong, o\u00f9 des si\u00e8cles d&#039;ambition imp\u00e9riale, de commerce sur la Route de la Soie et de d\u00e9votion bouddhiste ont fa\u00e7onn\u00e9 l&#039;\u00e2me de la Chine du Nord, un nouveau chapitre de l&#039;hospitalit\u00e9 s&#039;ouvre discr\u00e8tement. C&#039;est ici, nich\u00e9 dans l&#039;\u00e9l\u00e9gant b\u00e2timent Yongtai, sur South Yongtai Road, dans le quartier historique de Pingcheng, que se dresse le restaurant. <strong>H\u00d4TEL CACH\u00c9 DE JIANGUO<\/strong>\u2014non pas simplement comme un lieu de s\u00e9jour, mais comme un r\u00e9cit vivant de red\u00e9couverte, de r\u00e9v\u00e9rence et de retraite raffin\u00e9e.<\/p><p>Notre histoire ne commence pas par des plans ou des business plans, mais par une vision\u00a0: cr\u00e9er un sanctuaire qui honore les profondes racines culturelles de la province du Shanxi tout en embrassant l&#039;\u00e9l\u00e9gance discr\u00e8te de la s\u00e9r\u00e9nit\u00e9 moderne. Le nom <em>&quot;Jianguo cach\u00e9&quot;<\/em> Ce n&#039;est pas une simple image de marque, c&#039;est une philosophie. \u00ab Jianguo \u00bb rend hommage \u00e0 l&#039;h\u00e9ritage durable de l&#039;artisanat chinois, \u00e0 la r\u00e9silience et \u00e0 la fiert\u00e9 nationale, tandis que \u00ab Hidden \u00bb \u00e9voque la beaut\u00e9 paisible et contemplative qui se cache sous la surface de la vie urbaine tr\u00e9pidante. Ensemble, ils forment une promesse\u00a0: offrir aux clients un voyage int\u00e9rieur, loin du bruit, vers l&#039;authenticit\u00e9, l&#039;\u00e9quilibre et la connexion.<\/p><p>Datong, autrefois capitale de la dynastie des Wei du Nord et carrefour crucial des \u00e9changes Est-Ouest, est depuis longtemps une ville de contrastes\u00a0: d&#039;anciennes grottes creus\u00e9es dans des falaises de gr\u00e8s c\u00f4toient le renouveau urbain moderne, et le son des cloches des temples se m\u00eale au rythme de la vie contemporaine. Le JIANGUO HIDDEN HOTEL a \u00e9t\u00e9 con\u00e7u comme un pont entre ces deux mondes. Inspir\u00e9 par la gr\u00e2ce de l&#039;architecture des dynasties Ming et Qing, mais revisit\u00e9 \u00e0 travers un design moderne et minimaliste, l&#039;esth\u00e9tique de l&#039;h\u00f4tel est un dialogue entre pass\u00e9 et pr\u00e9sent. Des paravents en bois, des motifs en pierre sculpt\u00e9s \u00e0 la main et des cours d&#039;eau paisibles se fondent harmonieusement dans des espaces \u00e9clair\u00e9s par une douce lumi\u00e8re ambiante et des baies vitr\u00e9es, cr\u00e9ant une atmosph\u00e8re de sophistication sereine.<\/p><p>Mais notre histoire ne se r\u00e9sume pas \u00e0 l&#039;architecture, elle est aussi celle des gens. L&#039;id\u00e9e du JIANGUO HIDDEN HOTEL est n\u00e9e d&#039;une d\u00e9cennie de recherche men\u00e9e par un groupe d&#039;entrepreneurs, d&#039;historiens et de visionnaires de l&#039;h\u00f4tellerie locaux, convaincus que le v\u00e9ritable luxe ne r\u00e9side pas dans l&#039;opulence, mais dans l&#039;intention. Ils ont sillonn\u00e9 le Shanxi, consultant artisans, moines et anciens pour comprendre l&#039;essence m\u00eame du luxe. <em>&quot;cach\u00e9&quot;<\/em> La beaut\u00e9 \u2013 l&#039;harmonie subtile d&#039;une tasse de th\u00e9 pu&#039;er affin\u00e9 parfaitement infus\u00e9, la dignit\u00e9 tranquille d&#039;un textile tiss\u00e9 main ou le calme d&#039;une cour \u00e0 l&#039;aube. Ces \u00e9l\u00e9ments ont impr\u00e9gn\u00e9 l&#039;h\u00f4tel, du mobilier en noyer local au parfum personnalis\u00e9 diffus\u00e9 dans chaque chambre \u2013 un m\u00e9lange de cypr\u00e8s, d&#039;osmanthus et de chrysanth\u00e8me sauvage, inspir\u00e9 par l&#039;air des montagnes du Hengshan voisin.<\/p><p data-spm-anchor-id=\"a2ty_o01.29997173.0.i29.6242c921Bll23M\">\u00a0<\/p>\t\t\t\t\t\t\t\t<\/div>\n\t\t\t\t\t<\/div>\n\t\t\t\t<\/div>\n\t\t<div class=\"elementor-element elementor-element-36bd9c6 e-flex e-con-boxed e-con e-parent\" data-id=\"36bd9c6\" data-element_type=\"container\" data-e-type=\"container\">\n\t\t\t\t\t<div class=\"e-con-inner\">\n\t\t\t\t<div class=\"elementor-element elementor-element-224fdb7 elementor-widget elementor-widget-nuss-image-gallery\" data-id=\"224fdb7\" data-element_type=\"widget\" data-e-type=\"widget\" data-widget_type=\"nuss-image-gallery.default\">\n\t\t\t\t<div class=\"elementor-widget-container\">\n\t\t\t\t\t\t\t<div class=\"nuss-grid-wrapper\" data-grid=\"{&quot;type&quot;:&quot;grid&quot;,&quot;ratio&quot;:null,&quot;columns&quot;:3,&quot;gutter&quot;:30}\">\r\n\t\t\t<div class=\"nuss-grid lazy-grid\">\r\n\t\t\t\t<div class=\"grid-sizer\"><\/div>\r\n\r\n\t\t\t\t\t\t\t\t\t\t\t\t<div class=\"grid-item\">\r\n\t\t\t\t\t\t<div class=\"nuss-box\">\t\t<div class=\"nuss-image image\">\r\n\t\t\t<img decoding=\"async\"  src=\"https:\/\/jianguohiddenhotel.com\/wp-content\/uploads\/2025\/07\/JIANGUO-HIDDEN-HOTEL-36.webp\" alt=\"H\u00d4TEL CACH\u00c9 DE JIANGUO (36)\" \/>\t\t<\/div>\r\n\t\t\t\t<\/div>\t\t\t\t\t<\/div>\r\n\t\t\t\t\t\t<div class=\"grid-item\">\r\n\t\t\t\t\t\t<div class=\"nuss-box\">\t\t<div class=\"nuss-image image\">\r\n\t\t\t<img decoding=\"async\"  src=\"https:\/\/jianguohiddenhotel.com\/wp-content\/uploads\/2025\/07\/JIANGUO-HIDDEN-HOTEL-25.webp\" alt=\"H\u00d4TEL CACH\u00c9 DE JIANGUO (25)\" \/>\t\t<\/div>\r\n\t\t\t\t<\/div>\t\t\t\t\t<\/div>\r\n\t\t\t\t\t\t<div class=\"grid-item\">\r\n\t\t\t\t\t\t<div class=\"nuss-box\">\t\t<div class=\"nuss-image image\">\r\n\t\t\t<img decoding=\"async\"  src=\"https:\/\/jianguohiddenhotel.com\/wp-content\/uploads\/2025\/07\/JIANGUO-HIDDEN-HOTEL-103.webp\" alt=\"H\u00d4TEL CACH\u00c9 DE JIANGUO (103)\" \/>\t\t<\/div>\r\n\t\t\t\t<\/div>\t\t\t\t\t<\/div>\r\n\t\t\t\t\t\t<div class=\"grid-item\">\r\n\t\t\t\t\t\t<div class=\"nuss-box\">\t\t<div class=\"nuss-image image\">\r\n\t\t\t<img decoding=\"async\"  src=\"https:\/\/jianguohiddenhotel.com\/wp-content\/uploads\/2025\/07\/JIANGUO-HIDDEN-HOTEL-95.webp\" alt=\"H\u00d4TEL CACH\u00c9 DE JIANGUO (95)\" \/>\t\t<\/div>\r\n\t\t\t\t<\/div>\t\t\t\t\t<\/div>\r\n\t\t\t\t\t\t<div class=\"grid-item\">\r\n\t\t\t\t\t\t<div class=\"nuss-box\">\t\t<div class=\"nuss-image image\">\r\n\t\t\t<img decoding=\"async\"  src=\"https:\/\/jianguohiddenhotel.com\/wp-content\/uploads\/2025\/07\/JIANGUO-HIDDEN-HOTEL-87.webp\" alt=\"H\u00d4TEL CACH\u00c9 DE JIANGUO (87)\" \/>\t\t<\/div>\r\n\t\t\t\t<\/div>\t\t\t\t\t<\/div>\r\n\t\t\t\t\t\t<div class=\"grid-item\">\r\n\t\t\t\t\t\t<div class=\"nuss-box\">\t\t<div class=\"nuss-image image\">\r\n\t\t\t<img decoding=\"async\"  src=\"https:\/\/jianguohiddenhotel.com\/wp-content\/uploads\/2025\/07\/JIANGUO-HIDDEN-HOTEL-86.webp\" alt=\"H\u00d4TEL CACH\u00c9 DE JIANGUO (86)\" \/>\t\t<\/div>\r\n\t\t\t\t<\/div>\t\t\t\t\t<\/div>\r\n\t\t\t\t\t\t<div class=\"grid-item\">\r\n\t\t\t\t\t\t<div class=\"nuss-box\">\t\t<div class=\"nuss-image image\">\r\n\t\t\t<img decoding=\"async\"  src=\"https:\/\/jianguohiddenhotel.com\/wp-content\/uploads\/2025\/07\/JIANGUO-HIDDEN-HOTEL-77.webp\" alt=\"H\u00d4TEL CACH\u00c9 DE JIANGUO (77)\" \/>\t\t<\/div>\r\n\t\t\t\t<\/div>\t\t\t\t\t<\/div>\r\n\t\t\t\t\t\t<div class=\"grid-item\">\r\n\t\t\t\t\t\t<div class=\"nuss-box\">\t\t<div class=\"nuss-image image\">\r\n\t\t\t<img decoding=\"async\"  src=\"https:\/\/jianguohiddenhotel.com\/wp-content\/uploads\/2025\/07\/JIANGUO-HIDDEN-HOTEL-78.webp\" alt=\"H\u00d4TEL CACH\u00c9 DE JIANGUO (78)\" \/>\t\t<\/div>\r\n\t\t\t\t<\/div>\t\t\t\t\t<\/div>\r\n\t\t\t\t\t\t<div class=\"grid-item\">\r\n\t\t\t\t\t\t<div class=\"nuss-box\">\t\t<div class=\"nuss-image image\">\r\n\t\t\t<img decoding=\"async\"  src=\"https:\/\/jianguohiddenhotel.com\/wp-content\/uploads\/2025\/07\/JIANGUO-HIDDEN-HOTEL-82.webp\" alt=\"H\u00d4TEL CACH\u00c9 DE JIANGUO (82)\" \/>\t\t<\/div>\r\n\t\t\t\t<\/div>\t\t\t\t\t<\/div>\r\n\t\t\t\t\t\t\t\r\n\t\t\t<\/div>\r\n\t\t<\/div>\r\n\t\t\t\t\t\t<\/div>\n\t\t\t\t<\/div>\n\t\t\t\t\t<\/div>\n\t\t\t\t<\/div>\n\t\t<div class=\"elementor-element elementor-element-4e74ae1 e-flex e-con-boxed e-con e-parent\" data-id=\"4e74ae1\" data-element_type=\"container\" data-e-type=\"container\">\n\t\t\t\t\t<div class=\"e-con-inner\">\n\t\t\t\t<div class=\"elementor-element elementor-element-fdccf0b elementor-widget elementor-widget-text-editor\" data-id=\"fdccf0b\" data-element_type=\"widget\" data-e-type=\"widget\" data-widget_type=\"text-editor.default\">\n\t\t\t\t\t\t\t\t\t<p>Lorsque les portes du JIANGUO HIDDEN HOTEL ont ouvert pour la premi\u00e8re fois, c&#039;\u00e9tait avec une humilit\u00e9 discr\u00e8te. Pas de fanfare, juste une douce invitation\u00a0: <em>Allez, ralentis. Respire. \u00c9coute.<\/em> D\u00e8s l&#039;entr\u00e9e dans le hall tamis\u00e9 \u2013 o\u00f9 un koto joue une m\u00e9lodie traditionnelle et o\u00f9 un mur de mousse vivante symbolise le renouveau \u2013 les clients sont invit\u00e9s \u00e0 s&#039;\u00e9vader du monde ext\u00e9rieur. L&#039;exp\u00e9rience est personnalis\u00e9e et intuitive. Le personnel est form\u00e9 non seulement au service, mais aussi \u00e0 la <em>Wu Wei<\/em>\u2014l\u2019art d\u2019agir sans effort\u2014anticiper les besoins sans intrusion, offrir de la chaleur sans exag\u00e9ration.<\/p><p>Au fil du temps, l&#039;h\u00f4tel est devenu plus qu&#039;une simple destination\u00a0; il est devenu le gardien d&#039;histoires. Nous accueillons des \u00e9rudits retra\u00e7ant la lign\u00e9e de l&#039;art bouddhiste, des familles red\u00e9couvrant leurs racines ancestrales dans le Shanxi et des voyageurs internationaux en qu\u00eate d&#039;une compr\u00e9hension plus profonde de la Chine au-del\u00e0 des cartes postales. Nos programmes culturels soigneusement s\u00e9lectionn\u00e9s \u2013 ateliers de calligraphie avec des ma\u00eetres locaux, s\u00e9ances priv\u00e9es de tai-chi dans le jardin lunaire et d\u00eeners aux lanternes sous les \u00e9toiles \u2013 refl\u00e8tent notre engagement envers des liens profonds.<\/p><p>Le JIANGUO HIDDEN HOTEL est aussi une histoire de d\u00e9veloppement durable et de communaut\u00e9. Nous collaborons avec les villages voisins pour nous approvisionner en ingr\u00e9dients biologiques pour notre restaurant, Yunxiang, o\u00f9 le c\u00e9l\u00e8bre vinaigre vieilli du Shanxi, les nouilles coup\u00e9es au couteau et les galettes de millet sont \u00e9lev\u00e9s au rang d&#039;art culinaire. Nous soutenons les artisans locaux en exposant et en vendant leurs cr\u00e9ations dans la galerie de notre hall, et nous investissons dans des projets de pr\u00e9servation du patrimoine, notamment la restauration de fresques de temples oubli\u00e9s et d&#039;anciens puits.<\/p><p>Alors que Datong poursuit son \u00e9volution, conciliant d\u00e9veloppement rapide et pr\u00e9servation de son \u00e2me, le JIANGUO HIDDEN HOTEL demeure un fid\u00e8le gardien de la qui\u00e9tude et de l&#039;authenticit\u00e9. Nous ne sommes pas cach\u00e9s par d\u00e9sir d&#039;invisibilit\u00e9, mais parce que nous croyons que les exp\u00e9riences les plus profondes se trouvent dans le silence, dans le d\u00e9tail, dans les espaces entre les mots.<\/p><p>C&#039;est notre histoire : une histoire de lieu, de but et de pr\u00e9sence.<br \/>D&#039;un h\u00f4tel qui ne crie pas, mais chuchote.<br \/>D\u2019un h\u00e9ritage qui n\u2019est pas \u00e9crit dans la pierre, mais dans le c\u0153ur de ceux qui restent.<\/p><p data-spm-anchor-id=\"a2ty_o01.29997173.0.i29.6242c921Bll23M\">Bienvenue \u00e0 l&#039;H\u00d4TEL JIANGUO HIDDEN.<br \/>Votre voyage dans l&#039;inconnu commence ici.<\/p>\t\t\t\t\t\t\t\t<\/div>\n\t\t\t\t\t<\/div>\n\t\t\t\t<\/div>\n\t\t\t\t<section class=\"elementor-section elementor-top-section elementor-element elementor-element-78dd6be elementor-section-boxed elementor-section-gap-beside-yes elementor-section-height-default elementor-section-height-default elementor-section-column-vertical-align-stretch\" data-id=\"78dd6be\" data-element_type=\"section\" data-e-type=\"section\" data-settings=\"{&quot;background_background&quot;:&quot;classic&quot;}\">\n\t\t\t\t\t\t<div class=\"elementor-container elementor-column-gap-extended\">\n\t\t\t\t\t<div class=\"elementor-column elementor-col-100 elementor-top-column elementor-element elementor-element-44218aaa\" data-id=\"44218aaa\" data-element_type=\"column\" data-e-type=\"column\">\n\t\t\t<div class=\"elementor-widget-wrap elementor-element-populated\">\n\t\t\t\t\t\t<div class=\"elementor-element elementor-element-365f29a7 elementor-widget elementor-widget-heading\" data-id=\"365f29a7\" data-element_type=\"widget\" data-e-type=\"widget\" data-widget_type=\"heading.default\">\n\t\t\t\t\t<h2 class=\"elementor-heading-title elementor-size-default\">Ch\u00e8que disponible <\/h2>\t\t\t\t<\/div>\n\t\t\t\t<div class=\"elementor-element elementor-element-46519b47 elementor-widget elementor-widget-text-editor\" data-id=\"46519b47\" data-element_type=\"widget\" data-e-type=\"widget\" data-widget_type=\"text-editor.default\">\n\t\t\t\t\t\t\t\t\t<iframe border=\"0\" src=\"https:\/\/www.trip.com\/partners\/ad\/S4653525?Allianceid=4590391&#038;SID=243021108&#038;trip_sub1=\" style=\"width:900px;height:200px\" frameborder=\"0\" scrolling=\"no\" id=\"S4653525\"><\/iframe>\t\t\t\t\t\t\t\t<\/div>\n\t\t\t\t\t<\/div>\n\t\t<\/div>\n\t\t\t\t\t<\/div>\n\t\t<\/section>\n\t\t\t\t<\/div>","protected":false},"excerpt":{"rendered":"<p>The Soul of JIANGUO HIDDEN HOTEL \u2013 Where Heritage Meets Hidden Harmony In the ancient city of Datong, where centuries of imperial ambition, Silk Road trade, and Buddhist devotion have shaped the soul of northern China, a new chapter in hospitality quietly unfolds. Here, nestled within the elegant silhouette of the Yongtai Building on South [&hellip;]<\/p>\n","protected":false},"author":1,"featured_media":0,"parent":0,"menu_order":0,"comment_status":"closed","ping_status":"closed","template":"","meta":{"footnotes":""},"class_list":["post-2104","page","type-page","status-publish","hentry","post-no-thumbnail"],"_links":{"self":[{"href":"https:\/\/jianguohiddenhotel.com\/fr\/wp-json\/wp\/v2\/pages\/2104","targetHints":{"allow":["GET"]}}],"collection":[{"href":"https:\/\/jianguohiddenhotel.com\/fr\/wp-json\/wp\/v2\/pages"}],"about":[{"href":"https:\/\/jianguohiddenhotel.com\/fr\/wp-json\/wp\/v2\/types\/page"}],"author":[{"embeddable":true,"href":"https:\/\/jianguohiddenhotel.com\/fr\/wp-json\/wp\/v2\/users\/1"}],"replies":[{"embeddable":true,"href":"https:\/\/jianguohiddenhotel.com\/fr\/wp-json\/wp\/v2\/comments?post=2104"}],"version-history":[{"count":0,"href":"https:\/\/jianguohiddenhotel.com\/fr\/wp-json\/wp\/v2\/pages\/2104\/revisions"}],"wp:attachment":[{"href":"https:\/\/jianguohiddenhotel.com\/fr\/wp-json\/wp\/v2\/media?parent=2104"}],"curies":[{"name":"wp","href":"https:\/\/api.w.org\/{rel}","templated":true}]}}