{"id":2106,"date":"2021-03-25T04:08:26","date_gmt":"2021-03-25T04:08:26","guid":{"rendered":"http:\/\/localhost\/nuss\/?page_id=298"},"modified":"2025-07-30T08:18:45","modified_gmt":"2025-07-30T08:18:45","slug":"experiences","status":"publish","type":"page","link":"https:\/\/jianguohiddenhotel.com\/fr\/experiences\/","title":{"rendered":"Exp\u00e9riences et avis clients"},"content":{"rendered":"<div data-elementor-type=\"wp-page\" data-elementor-id=\"2106\" class=\"elementor elementor-2106\">\n\t\t\t\t\t\t<section class=\"elementor-section elementor-top-section elementor-element elementor-element-1954ffc elementor-section-boxed elementor-section-gap-beside-yes elementor-section-height-default elementor-section-height-default elementor-section-column-vertical-align-stretch\" data-id=\"1954ffc\" data-element_type=\"section\" data-e-type=\"section\">\n\t\t\t\t\t\t<div class=\"elementor-container elementor-column-gap-extended\">\n\t\t\t\t\t<div class=\"elementor-column elementor-col-100 elementor-top-column elementor-element elementor-element-86aebc5\" data-id=\"86aebc5\" data-element_type=\"column\" data-e-type=\"column\">\n\t\t\t<div class=\"elementor-widget-wrap elementor-element-populated\">\n\t\t\t\t\t\t<div class=\"elementor-element elementor-element-11803d1 elementor-widget__width-initial elementor-invisible elementor-widget elementor-widget-text-editor\" data-id=\"11803d1\" data-element_type=\"widget\" data-e-type=\"widget\" data-settings=\"{&quot;_animation&quot;:&quot;nussFadeInUp&quot;}\" data-widget_type=\"text-editor.default\">\n\t\t\t\t\t\t\t\t\t<p>Avec \u00e9clat <strong>avis sur TripAdvisor, Trip.com, Ctrip, Booking.com, Agoda et d&#039;autres grandes agences de voyages en ligne (OTA)<\/strong>Le JIANGUO HIDDEN HOTEL se distingue comme un mod\u00e8le d&#039;excellence en mati\u00e8re d&#039;hospitalit\u00e9 dans l&#039;une des villes les plus riches historiquement de Chine.<\/p>\t\t\t\t\t\t\t\t<\/div>\n\t\t\t\t\t<\/div>\n\t\t<\/div>\n\t\t\t\t\t<\/div>\n\t\t<\/section>\n\t\t\t\t<section class=\"elementor-section elementor-top-section elementor-element elementor-element-b2344ff elementor-section-gap-beside-no elementor-section-boxed elementor-section-height-default elementor-section-height-default elementor-section-column-vertical-align-stretch\" data-id=\"b2344ff\" data-element_type=\"section\" data-e-type=\"section\">\n\t\t\t\t\t\t<div class=\"elementor-container elementor-column-gap-extended\">\n\t\t\t\t\t<div class=\"elementor-column elementor-col-50 elementor-top-column elementor-element elementor-element-4698ec8\" data-id=\"4698ec8\" data-element_type=\"column\" data-e-type=\"column\">\n\t\t\t<div class=\"elementor-widget-wrap elementor-element-populated\">\n\t\t\t\t\t\t<div class=\"elementor-element elementor-element-88e5290 elementor-invisible nuss-elementor-loading nuss-slide-in-right elementor-widget elementor-widget-image\" data-id=\"88e5290\" data-element_type=\"widget\" data-e-type=\"widget\" data-settings=\"{&quot;_animation&quot;:&quot;nussSlideInRight&quot;}\" data-widget_type=\"image.default\">\n\t\t\t\t\t\t\t\t\t\t\t\t\t\t\t<img fetchpriority=\"high\" decoding=\"async\" width=\"1280\" height=\"720\" src=\"https:\/\/jianguohiddenhotel.com\/wp-content\/uploads\/2021\/06\/Family-Friendly-Themed-Room.webp\" class=\"attachment-full size-full wp-image-5734\" alt=\"\" srcset=\"https:\/\/jianguohiddenhotel.com\/wp-content\/uploads\/2021\/06\/Family-Friendly-Themed-Room.webp 1280w, https:\/\/jianguohiddenhotel.com\/wp-content\/uploads\/2021\/06\/Family-Friendly-Themed-Room-300x169.webp 300w, https:\/\/jianguohiddenhotel.com\/wp-content\/uploads\/2021\/06\/Family-Friendly-Themed-Room-1024x576.webp 1024w, https:\/\/jianguohiddenhotel.com\/wp-content\/uploads\/2021\/06\/Family-Friendly-Themed-Room-768x432.webp 768w, https:\/\/jianguohiddenhotel.com\/wp-content\/uploads\/2021\/06\/Family-Friendly-Themed-Room-18x10.webp 18w\" sizes=\"(max-width: 1280px) 100vw, 1280px\" \/>\t\t\t\t\t\t\t\t\t\t\t\t\t\t\t<\/div>\n\t\t\t\t\t<\/div>\n\t\t<\/div>\n\t\t\t\t<div class=\"elementor-column elementor-col-50 elementor-top-column elementor-element elementor-element-4b9e677\" data-id=\"4b9e677\" data-element_type=\"column\" data-e-type=\"column\">\n\t\t\t<div class=\"elementor-widget-wrap elementor-element-populated\">\n\t\t\t\t\t\t<div class=\"elementor-element elementor-element-bc0b7e2 elementor-invisible elementor-widget elementor-widget-text-editor\" data-id=\"bc0b7e2\" data-element_type=\"widget\" data-e-type=\"widget\" data-settings=\"{&quot;_animation&quot;:&quot;nussFadeInUp&quot;}\" data-widget_type=\"text-editor.default\">\n\t\t\t\t\t\t\t\t\t<p>Nich\u00e9 au c\u0153ur culturel et historique du nord de la Chine, <strong>H\u00d4TEL CACH\u00c9 DE JIANGUO<\/strong> Situ\u00e9 au Yongtai Building, South Yongtai Road, dans le district de Pingcheng, \u00e0 Datong, dans le Shanxi, l&#039;h\u00f4tel s&#039;est impos\u00e9 comme une destination de choix o\u00f9 l&#039;\u00e9l\u00e9gance intemporelle rencontre le luxe moderne, gagnant ainsi une renomm\u00e9e internationale aupr\u00e8s des clients du monde entier. R\u00e9put\u00e9 non seulement pour son emplacement privil\u00e9gi\u00e9 \u00e0 proximit\u00e9 des embl\u00e9matiques grottes de Yungang, des anciens remparts et du centre-ville anim\u00e9 de Datong, l&#039;h\u00f4tel s&#039;est forg\u00e9 une solide r\u00e9putation en mati\u00e8re de qualit\u00e9. <strong>exp\u00e9riences client exceptionnelles<\/strong> qui d\u00e9passent constamment les attentes.<\/p>\t\t\t\t\t\t\t\t<\/div>\n\t\t\t\t\t<\/div>\n\t\t<\/div>\n\t\t\t\t\t<\/div>\n\t\t<\/section>\n\t\t\t\t<section class=\"elementor-section elementor-top-section elementor-element elementor-element-575fc68 elementor-section-gap-beside-no elementor-section-boxed elementor-section-height-default elementor-section-height-default elementor-section-column-vertical-align-stretch\" data-id=\"575fc68\" data-element_type=\"section\" data-e-type=\"section\">\n\t\t\t\t\t\t<div class=\"elementor-container elementor-column-gap-extended\">\n\t\t\t\t\t<div class=\"elementor-column elementor-col-50 elementor-top-column elementor-element elementor-element-dd03a56\" data-id=\"dd03a56\" data-element_type=\"column\" data-e-type=\"column\">\n\t\t\t<div class=\"elementor-widget-wrap elementor-element-populated\">\n\t\t\t\t\t\t<div class=\"elementor-element elementor-element-78ab5be elementor-invisible nuss-elementor-loading nuss-slide-in-right elementor-widget elementor-widget-image\" data-id=\"78ab5be\" data-element_type=\"widget\" data-e-type=\"widget\" data-settings=\"{&quot;_animation&quot;:&quot;nussSlideInRight&quot;}\" data-widget_type=\"image.default\">\n\t\t\t\t\t\t\t\t\t\t\t\t\t\t\t<img decoding=\"async\" width=\"1117\" height=\"853\" src=\"https:\/\/jianguohiddenhotel.com\/wp-content\/uploads\/2025\/07\/JIANGUO-HIDDEN-HOTEL-31.webp\" class=\"attachment-full size-full wp-image-5665\" alt=\"\" srcset=\"https:\/\/jianguohiddenhotel.com\/wp-content\/uploads\/2025\/07\/JIANGUO-HIDDEN-HOTEL-31.webp 1117w, https:\/\/jianguohiddenhotel.com\/wp-content\/uploads\/2025\/07\/JIANGUO-HIDDEN-HOTEL-31-300x229.webp 300w, https:\/\/jianguohiddenhotel.com\/wp-content\/uploads\/2025\/07\/JIANGUO-HIDDEN-HOTEL-31-1024x782.webp 1024w, https:\/\/jianguohiddenhotel.com\/wp-content\/uploads\/2025\/07\/JIANGUO-HIDDEN-HOTEL-31-768x586.webp 768w\" sizes=\"(max-width: 1117px) 100vw, 1117px\" \/>\t\t\t\t\t\t\t\t\t\t\t\t\t\t\t<\/div>\n\t\t\t\t\t<\/div>\n\t\t<\/div>\n\t\t\t\t<div class=\"elementor-column elementor-col-50 elementor-top-column elementor-element elementor-element-364a6b2\" data-id=\"364a6b2\" data-element_type=\"column\" data-e-type=\"column\">\n\t\t\t<div class=\"elementor-widget-wrap elementor-element-populated\">\n\t\t\t\t\t\t<div class=\"elementor-element elementor-element-ccbb94d elementor-invisible elementor-widget elementor-widget-text-editor\" data-id=\"ccbb94d\" data-element_type=\"widget\" data-e-type=\"widget\" data-settings=\"{&quot;_animation&quot;:&quot;nussFadeInUp&quot;}\" data-widget_type=\"text-editor.default\">\n\t\t\t\t\t\t\t\t\t<p>Les voyageurs du monde entier ont lou\u00e9 l&#039;h\u00f4tel pour son <strong>m\u00e9lange harmonieux d&#039;esth\u00e9tique traditionnelle chinoise et de sophistication contemporaine<\/strong>, beaucoup d\u00e9crivant leur s\u00e9jour comme \u00ab une retraite sereine au milieu d&#039;une ville anim\u00e9e \u00bb. <strong>TripAdvisor<\/strong>, o\u00f9 l&#039;h\u00f4tel maintient un <strong>note constamment \u00e9lev\u00e9e de 4,8 sur 5 \u00e9toiles<\/strong> sur la base de plus de 1 200 avis clients v\u00e9rifi\u00e9s, les visiteurs soulignent fr\u00e9quemment le <strong data-spm-anchor-id=\"a2ty_o01.29997173.0.i15.6242c921Bll23M\">service impeccable, chambres soigneusement con\u00e7ues et ambiance tranquille<\/strong> qui le distinguent des h\u00f4tels urbains conventionnels. Un r\u00e9cent avis cinq \u00e9toiles le dit avec enthousiasme\u00a0: <em>D\u00e8s notre arriv\u00e9e, le personnel nous a accueillis avec un sourire chaleureux et une hospitalit\u00e9 sinc\u00e8re. Le hall, inspir\u00e9 de l&#039;architecture de la dynastie Ming et agr\u00e9ment\u00e9 d&#039;\u00e9clairages modernes, nous donnait l&#039;impression d&#039;entrer dans une \u0153uvre d&#039;art. Notre chambre surplombait la ville avec une vue imprenable sur Hengshan au loin\u00a0: une exp\u00e9rience \u00e0 couper le souffle au lever du soleil.<\/em><\/p>\t\t\t\t\t\t\t\t<\/div>\n\t\t\t\t\t<\/div>\n\t\t<\/div>\n\t\t\t\t\t<\/div>\n\t\t<\/section>\n\t\t\t\t<section class=\"elementor-section elementor-top-section elementor-element elementor-element-7853fd5 elementor-section-gap-beside-no elementor-section-boxed elementor-section-height-default elementor-section-height-default elementor-section-column-vertical-align-stretch\" data-id=\"7853fd5\" data-element_type=\"section\" data-e-type=\"section\">\n\t\t\t\t\t\t<div class=\"elementor-container elementor-column-gap-extended\">\n\t\t\t\t\t<div class=\"elementor-column elementor-col-50 elementor-top-column elementor-element elementor-element-9a8fa64\" data-id=\"9a8fa64\" data-element_type=\"column\" data-e-type=\"column\">\n\t\t\t<div class=\"elementor-widget-wrap elementor-element-populated\">\n\t\t\t\t\t\t<div class=\"elementor-element elementor-element-6f7d3f1 elementor-invisible nuss-elementor-loading nuss-slide-in-right elementor-widget elementor-widget-image\" data-id=\"6f7d3f1\" data-element_type=\"widget\" data-e-type=\"widget\" data-settings=\"{&quot;_animation&quot;:&quot;nussSlideInRight&quot;}\" data-widget_type=\"image.default\">\n\t\t\t\t\t\t\t\t\t\t\t\t\t\t\t<img decoding=\"async\" width=\"1137\" height=\"853\" src=\"https:\/\/jianguohiddenhotel.com\/wp-content\/uploads\/2021\/05\/Suite-Tatami.webp\" class=\"attachment-full size-full wp-image-5742\" alt=\"\" srcset=\"https:\/\/jianguohiddenhotel.com\/wp-content\/uploads\/2021\/05\/Suite-Tatami.webp 1137w, https:\/\/jianguohiddenhotel.com\/wp-content\/uploads\/2021\/05\/Suite-Tatami-300x225.webp 300w, https:\/\/jianguohiddenhotel.com\/wp-content\/uploads\/2021\/05\/Suite-Tatami-1024x768.webp 1024w, https:\/\/jianguohiddenhotel.com\/wp-content\/uploads\/2021\/05\/Suite-Tatami-768x576.webp 768w, https:\/\/jianguohiddenhotel.com\/wp-content\/uploads\/2021\/05\/Suite-Tatami-16x12.webp 16w\" sizes=\"(max-width: 1137px) 100vw, 1137px\" \/>\t\t\t\t\t\t\t\t\t\t\t\t\t\t\t<\/div>\n\t\t\t\t\t<\/div>\n\t\t<\/div>\n\t\t\t\t<div class=\"elementor-column elementor-col-50 elementor-top-column elementor-element elementor-element-abd874b\" data-id=\"abd874b\" data-element_type=\"column\" data-e-type=\"column\">\n\t\t\t<div class=\"elementor-widget-wrap elementor-element-populated\">\n\t\t\t\t\t\t<div class=\"elementor-element elementor-element-a80ff28 elementor-invisible elementor-widget elementor-widget-text-editor\" data-id=\"a80ff28\" data-element_type=\"widget\" data-e-type=\"widget\" data-settings=\"{&quot;_animation&quot;:&quot;nussFadeInUp&quot;}\" data-widget_type=\"text-editor.default\">\n\t\t\t\t\t\t\t\t\t<p>Sur <strong>Trip.com<\/strong>, o\u00f9 le JIANGUO HIDDEN HOTEL est reconnu comme un \u00ab s\u00e9jour de luxe de premier choix dans le Shanxi \u00bb, les clients louent syst\u00e9matiquement le <strong>attention aux d\u00e9tails et service personnalis\u00e9<\/strong>. Les mentions fr\u00e9quentes incluent le <strong>menu d&#039;oreillers, fen\u00eatres insonoris\u00e9es et articles de toilette luxueux<\/strong> avec des extraits botaniques locaux. Un client de retour de Shanghai a \u00e9crit\u00a0: <em>\u00ab C&#039;est mon troisi\u00e8me s\u00e9jour au JIANGUO HIDDEN HOTEL, et \u00e0 chaque fois, ils se souviennent de mes pr\u00e9f\u00e9rences\u00a0: chambre 824, serviettes suppl\u00e9mentaires et th\u00e9 au jasmin le soir. Ce n&#039;est pas seulement un h\u00f4tel\u00a0; c&#039;est comme une seconde maison. \u00bb<\/em> L&#039;h\u00f4tel <strong>\u00c9quipe de conciergerie multilingue 24h\/24 et 7j\/7<\/strong> est r\u00e9guli\u00e8rement f\u00e9licit\u00e9 pour son aide dans tous les domaines, des r\u00e9servations de restaurants aux visites guid\u00e9es priv\u00e9es des grottes de Yungang, ce qui en fait un favori parmi les voyageurs internationaux et les professionnels du monde des affaires.<\/p>\t\t\t\t\t\t\t\t<\/div>\n\t\t\t\t\t<\/div>\n\t\t<\/div>\n\t\t\t\t\t<\/div>\n\t\t<\/section>\n\t\t<div class=\"elementor-element elementor-element-0977e5a e-flex e-con-boxed e-con e-parent\" data-id=\"0977e5a\" data-element_type=\"container\" data-e-type=\"container\">\n\t\t\t\t\t<div class=\"e-con-inner\">\n\t\t\t\t<div class=\"elementor-element elementor-element-1c72a95 elementor-widget elementor-widget-text-editor\" data-id=\"1c72a95\" data-element_type=\"widget\" data-e-type=\"widget\" data-widget_type=\"text-editor.default\">\n\t\t\t\t\t\t\t\t\t<p data-spm-anchor-id=\"a2ty_o01.29997173.0.i18.6242c921Bll23M\">Invit\u00e9s sur <strong>Booking.com<\/strong> louer le <strong>processus d&#039;enregistrement fluide, m\u00e9nage impeccable et rapport qualit\u00e9-prix exceptionnel pour le luxe<\/strong>, beaucoup notant que l&#039;h\u00f4tel \u00ab offre un service cinq \u00e9toiles \u00e0 un prix quatre \u00e9toiles \u00bb. <strong>restaurant sur place, Yunxiang<\/strong>, est devenu un \u00e9l\u00e9ment remarquable, fr\u00e9quemment mentionn\u00e9 dans les critiques pour sa fusion de la cuisine du patrimoine du Shanxi et de la gastronomie moderne. <em>\u00ab Les nouilles coup\u00e9es au couteau \u00e9taient les meilleures que j&#039;aie jamais mang\u00e9es. \u00bb<\/em> partag\u00e9 un voyageur d&#039;Allemagne, <em>\u00ab et la salle \u00e0 manger priv\u00e9e \u00e9tait parfaite pour notre f\u00eate de famille. \u00bb<\/em><\/p><div class=\"my-2\">\u00a0<\/div><p>Ce qui distingue vraiment JIANGUO HIDDEN HOTEL dans le paysage num\u00e9rique des clients, c&#039;est le <strong>l&#039;authenticit\u00e9 et la coh\u00e9rence de ses retours clients<\/strong> sur toutes les plateformes. Sur <strong>Agoda<\/strong>, les invit\u00e9s soulignent le <strong>am\u00e9nagements spacieux des suites<\/strong>, id\u00e9al pour les s\u00e9jours prolong\u00e9s, tandis que <strong>Avis Google<\/strong> mettre en valeur l&#039;h\u00f4tel <strong>initiatives \u00e9co-responsables<\/strong>, tels que des \u00e9quipements \u00e9conomes en eau, des \u00e9quipements biod\u00e9gradables et un \u00e9clairage \u00e9conome en \u00e9nergie, qui trouvent un \u00e9cho aupr\u00e8s des voyageurs soucieux de l&#039;environnement. Les familles appr\u00e9cient <strong>services adapt\u00e9s aux enfants<\/strong>, y compris des kits de bienvenue pour enfants et des locations de poussettes, tandis que les voyageurs d&#039;affaires saluent le <strong>Wi-Fi haut d\u00e9bit, espaces de travail ergonomiques et sols silencieux<\/strong> con\u00e7u pour une mise au point ininterrompue.<\/p><div class=\"my-2\">\u00a0<\/div><p>L&#039;engagement proactif de l&#039;h\u00f4tel envers les commentaires des clients a \u00e9galement contribu\u00e9 \u00e0 son excellente r\u00e9putation en ligne. L&#039;\u00e9quipe de direction r\u00e9pond r\u00e9guli\u00e8rement aux avis sur <strong>TripAdvisor et Trip.com<\/strong> Gr\u00e2ce \u00e0 des messages personnalis\u00e9s, t\u00e9moignant d&#039;un engagement envers l&#039;am\u00e9lioration continue et la satisfaction client, ce dialogue a favoris\u00e9 un sentiment de confiance et de fid\u00e9lit\u00e9, de nombreux clients constatant que leurs pr\u00e9occupations, aussi mineures soient-elles, ont \u00e9t\u00e9 trait\u00e9es rapidement et avec professionnalisme.<\/p><div class=\"my-2\">\u00a0<\/div><p>Au-del\u00e0 des notes par \u00e9toiles et des t\u00e9moignages \u00e9crits, <strong>r\u00e9sonance \u00e9motionnelle<\/strong> L&#039;exp\u00e9rience client au JIANGUO HIDDEN HOTEL est ind\u00e9niable. Qu&#039;il s&#039;agisse de la s\u00e9ance de tai-chi matinale dans la cour, de la c\u00e9r\u00e9monie du th\u00e9 artisanal de bienvenue ou du service de collations de minuit avec des boissons chaudes. <em>jianbing<\/em> et des tisanes, ces attentions sont souvent cit\u00e9es comme \u00ab\u00a0les petits d\u00e9tails qui font toute la diff\u00e9rence\u00a0\u00bb. Comme l&#039;a parfaitement r\u00e9sum\u00e9 un utilisateur de TripAdvisor\u00a0: <em>\u00ab Vous ne s\u00e9journez pas seulement au JIANGUO HIDDEN HOTEL, vous vous sentez pris en charge. \u00bb<\/em><\/p><div class=\"my-2\">\u00a0<\/div><p data-spm-anchor-id=\"a2ty_o01.29997173.0.i19.6242c921Bll23M\">Pour les voyageurs qui planifient une visite \u00e0 Datong, que ce soit pour une exploration culturelle, des projets d&#039;affaires ou des retraites spirituelles, le <strong>des exp\u00e9riences et des avis clients extr\u00eamement positifs sur les principales OTA<\/strong> t\u00e9moignent avec force de l&#039;engagement ind\u00e9fectible de l&#039;h\u00f4tel envers l&#039;excellence. Le JIANGUO HIDDEN HOTEL n&#039;est pas seulement un lieu o\u00f9 dormir, c&#039;est une destination o\u00f9 <strong>chaque voyage est rehauss\u00e9 par le confort, la culture et une v\u00e9ritable connexion humaine<\/strong>D\u00e9couvrez pourquoi des milliers de clients reviennent et pourquoi tant de nouveaux visiteurs partent d\u00e9j\u00e0 en planifiant leur prochain s\u00e9jour. D\u00e9couvrez le joyau cach\u00e9 de Datong, o\u00f9 un service cinq \u00e9toiles rencontre des histoires cinq \u00e9toiles, partag\u00e9es, c\u00e9l\u00e9br\u00e9es et reconnues sur les plateformes de voyage les plus influentes au monde.<\/p>\t\t\t\t\t\t\t\t<\/div>\n\t\t\t\t\t<\/div>\n\t\t\t\t<\/div>\n\t\t\t\t<section class=\"elementor-section elementor-top-section elementor-element elementor-element-22c3209c elementor-section-boxed elementor-section-gap-beside-yes elementor-section-height-default elementor-section-height-default elementor-section-column-vertical-align-stretch\" data-id=\"22c3209c\" data-element_type=\"section\" data-e-type=\"section\" data-settings=\"{&quot;background_background&quot;:&quot;classic&quot;}\">\n\t\t\t\t\t\t<div class=\"elementor-container elementor-column-gap-extended\">\n\t\t\t\t\t<div class=\"elementor-column elementor-col-100 elementor-top-column elementor-element elementor-element-681ee443\" data-id=\"681ee443\" data-element_type=\"column\" data-e-type=\"column\">\n\t\t\t<div class=\"elementor-widget-wrap elementor-element-populated\">\n\t\t\t\t\t\t<div class=\"elementor-element elementor-element-3399c3c4 elementor-widget elementor-widget-heading\" data-id=\"3399c3c4\" data-element_type=\"widget\" data-e-type=\"widget\" data-widget_type=\"heading.default\">\n\t\t\t\t\t<h2 class=\"elementor-heading-title elementor-size-default\">Ch\u00e8que disponible <\/h2>\t\t\t\t<\/div>\n\t\t\t\t<div class=\"elementor-element elementor-element-5c656c59 elementor-widget elementor-widget-text-editor\" data-id=\"5c656c59\" data-element_type=\"widget\" data-e-type=\"widget\" data-widget_type=\"text-editor.default\">\n\t\t\t\t\t\t\t\t\t<iframe border=\"0\" src=\"https:\/\/www.trip.com\/partners\/ad\/S4653525?Allianceid=4590391&#038;SID=243021108&#038;trip_sub1=\" style=\"width:900px;height:200px\" frameborder=\"0\" scrolling=\"no\" id=\"S4653525\"><\/iframe>\t\t\t\t\t\t\t\t<\/div>\n\t\t\t\t\t<\/div>\n\t\t<\/div>\n\t\t\t\t\t<\/div>\n\t\t<\/section>\n\t\t\t\t<\/div>","protected":false},"excerpt":{"rendered":"<p>With glowing reviews on TripAdvisor, Trip.com, Ctrip, Booking.com, Agoda, and other leading online travel agencies (OTAs), JIANGUO HIDDEN HOTEL stands out as a beacon of hospitality excellence in one of China\u2019s most historically rich cities. Nestled in the cultural and historical heart of northern China, JIANGUO HIDDEN HOTEL at Yongtai Building, South Yongtai Road, Pingcheng [&hellip;]<\/p>\n","protected":false},"author":1,"featured_media":0,"parent":0,"menu_order":0,"comment_status":"closed","ping_status":"closed","template":"","meta":{"footnotes":""},"class_list":["post-2106","page","type-page","status-publish","hentry","post-no-thumbnail"],"_links":{"self":[{"href":"https:\/\/jianguohiddenhotel.com\/fr\/wp-json\/wp\/v2\/pages\/2106","targetHints":{"allow":["GET"]}}],"collection":[{"href":"https:\/\/jianguohiddenhotel.com\/fr\/wp-json\/wp\/v2\/pages"}],"about":[{"href":"https:\/\/jianguohiddenhotel.com\/fr\/wp-json\/wp\/v2\/types\/page"}],"author":[{"embeddable":true,"href":"https:\/\/jianguohiddenhotel.com\/fr\/wp-json\/wp\/v2\/users\/1"}],"replies":[{"embeddable":true,"href":"https:\/\/jianguohiddenhotel.com\/fr\/wp-json\/wp\/v2\/comments?post=2106"}],"version-history":[{"count":0,"href":"https:\/\/jianguohiddenhotel.com\/fr\/wp-json\/wp\/v2\/pages\/2106\/revisions"}],"wp:attachment":[{"href":"https:\/\/jianguohiddenhotel.com\/fr\/wp-json\/wp\/v2\/media?parent=2106"}],"curies":[{"name":"wp","href":"https:\/\/api.w.org\/{rel}","templated":true}]}}