{"id":2109,"date":"2021-03-26T08:35:58","date_gmt":"2021-03-26T08:35:58","guid":{"rendered":"http:\/\/localhost\/nuss\/?page_id=536"},"modified":"2025-07-30T08:10:47","modified_gmt":"2025-07-30T08:10:47","slug":"installations-commerciales","status":"publish","type":"page","link":"https:\/\/jianguohiddenhotel.com\/fr\/installations-commerciales\/","title":{"rendered":"Installations commerciales"},"content":{"rendered":"<div data-elementor-type=\"wp-page\" data-elementor-id=\"2109\" class=\"elementor elementor-2109\">\n\t\t\t\t\t\t<section class=\"elementor-section elementor-top-section elementor-element elementor-element-bb2901b elementor-section-boxed elementor-section-gap-beside-yes elementor-section-height-default elementor-section-height-default elementor-section-column-vertical-align-stretch\" data-id=\"bb2901b\" data-element_type=\"section\" data-e-type=\"section\">\n\t\t\t\t\t\t<div class=\"elementor-container elementor-column-gap-extended\">\n\t\t\t\t\t<div class=\"elementor-column elementor-col-100 elementor-top-column elementor-element elementor-element-1919db9\" data-id=\"1919db9\" data-element_type=\"column\" data-e-type=\"column\">\n\t\t\t<div class=\"elementor-widget-wrap elementor-element-populated\">\n\t\t\t\t\t\t<div class=\"elementor-element elementor-element-41a7b9c elementor-widget__width-initial elementor-invisible elementor-widget elementor-widget-text-editor\" data-id=\"41a7b9c\" data-element_type=\"widget\" data-e-type=\"widget\" data-settings=\"{&quot;_animation&quot;:&quot;nussFadeInUp&quot;}\" data-widget_type=\"text-editor.default\">\n\t\t\t\t\t\t\t\t\t<p>Notre salle de r\u00e9union offre un espace de r\u00e9union priv\u00e9 et \u00e9l\u00e9gant au c\u0153ur de New York, pour des groupes de 8 \u00e0 10 personnes. Pour votre confort, des forfaits pause-caf\u00e9 sont disponibles.<\/p>\t\t\t\t\t\t\t\t<\/div>\n\t\t\t\t\t<\/div>\n\t\t<\/div>\n\t\t\t\t\t<\/div>\n\t\t<\/section>\n\t\t<div class=\"elementor-element elementor-element-a828ae4 e-flex e-con-boxed e-con e-parent\" data-id=\"a828ae4\" data-element_type=\"container\" data-e-type=\"container\">\n\t\t\t\t\t<div class=\"e-con-inner\">\n\t\t\t\t<div class=\"elementor-element elementor-element-ac47a29 elementor-widget elementor-widget-nuss-image-gallery\" data-id=\"ac47a29\" data-element_type=\"widget\" data-e-type=\"widget\" data-widget_type=\"nuss-image-gallery.default\">\n\t\t\t\t<div class=\"elementor-widget-container\">\n\t\t\t\t\t\t\t<div class=\"nuss-grid-wrapper\" data-grid=\"{&quot;type&quot;:&quot;grid&quot;,&quot;ratio&quot;:null,&quot;columns&quot;:3,&quot;gutter&quot;:30}\">\r\n\t\t\t<div class=\"nuss-grid lazy-grid\">\r\n\t\t\t\t<div class=\"grid-sizer\"><\/div>\r\n\r\n\t\t\t\t\t\t\t\t\t\t\t\t<div class=\"grid-item\">\r\n\t\t\t\t\t\t<div class=\"nuss-box\">\t\t<div class=\"nuss-image image\">\r\n\t\t\t<img decoding=\"async\"  src=\"https:\/\/jianguohiddenhotel.com\/wp-content\/uploads\/2025\/07\/JIANGUO-HIDDEN-HOTEL-57.webp\" alt=\"H\u00d4TEL CACH\u00c9 DE JIANGUO (57)\" \/>\t\t<\/div>\r\n\t\t\t\t<\/div>\t\t\t\t\t<\/div>\r\n\t\t\t\t\t\t<div class=\"grid-item\">\r\n\t\t\t\t\t\t<div class=\"nuss-box\">\t\t<div class=\"nuss-image image\">\r\n\t\t\t<img decoding=\"async\"  src=\"https:\/\/jianguohiddenhotel.com\/wp-content\/uploads\/2025\/07\/JIANGUO-HIDDEN-HOTEL-56.webp\" alt=\"H\u00d4TEL CACH\u00c9 DE JIANGUO (56)\" \/>\t\t<\/div>\r\n\t\t\t\t<\/div>\t\t\t\t\t<\/div>\r\n\t\t\t\t\t\t<div class=\"grid-item\">\r\n\t\t\t\t\t\t<div class=\"nuss-box\">\t\t<div class=\"nuss-image image\">\r\n\t\t\t<img decoding=\"async\"  src=\"https:\/\/jianguohiddenhotel.com\/wp-content\/uploads\/2025\/07\/JIANGUO-HIDDEN-HOTEL-55.webp\" alt=\"H\u00d4TEL CACH\u00c9 DE JIANGUO (55)\" \/>\t\t<\/div>\r\n\t\t\t\t<\/div>\t\t\t\t\t<\/div>\r\n\t\t\t\t\t\t\t\r\n\t\t\t<\/div>\r\n\t\t<\/div>\r\n\t\t\t\t\t\t<\/div>\n\t\t\t\t<\/div>\n\t\t\t\t\t<\/div>\n\t\t\t\t<\/div>\n\t\t<div class=\"elementor-element elementor-element-acc94a1 e-flex e-con-boxed e-con e-parent\" data-id=\"acc94a1\" data-element_type=\"container\" data-e-type=\"container\">\n\t\t\t\t\t<div class=\"e-con-inner\">\n\t\t\t\t<div class=\"elementor-element elementor-element-63cabc5 elementor-widget elementor-widget-text-editor\" data-id=\"63cabc5\" data-element_type=\"widget\" data-e-type=\"widget\" data-widget_type=\"text-editor.default\">\n\t\t\t\t\t\t\t\t\t<p data-spm-anchor-id=\"a2ty_o01.29997173.0.i1.6242c921Bll23M\">Nich\u00e9 au c\u0153ur du district florissant de Pingcheng \u00e0 Datong, le <strong>H\u00d4TEL CACH\u00c9 DE JIANGUO<\/strong> S&#039;affirme comme une fusion magistrale d&#039;\u00e9l\u00e9gance patrimoniale et de sophistication contemporaine, red\u00e9finissant les standards de l&#039;h\u00f4tellerie de luxe dans le nord du Shanxi. Situ\u00e9 dans l&#039;embl\u00e9matique b\u00e2timent Yongtai, sur South Yongtai Road, ce sanctuaire urbain distingu\u00e9 occupe une position strat\u00e9gique au carrefour de l&#039;histoire et de la modernit\u00e9, \u00e0 deux pas des anciens remparts de Datong, tout en \u00e9tant parfaitement connect\u00e9 au dynamisme commercial de cette r\u00e9gion revitalis\u00e9e. Plus qu&#039;un simple lieu de repos, le JIANGUO HIDDEN HOTEL est une destination o\u00f9 design raffin\u00e9, r\u00e9sonance culturelle et infrastructures d&#039;affaires de pointe convergent pour satisfaire aussi bien le voyageur exigeant que l&#039;entrepreneur visionnaire et le dirigeant international.<\/p><p>Au c\u0153ur de l&#039;identit\u00e9 de l&#039;h\u00f4tel se trouve son engagement \u00e0 offrir un service exceptionnel <strong>environnement des affaires<\/strong> qui transcende l&#039;ordinaire. Con\u00e7us pour les professionnels modernes, les espaces d&#039;affaires de l&#039;h\u00f4tel sont m\u00e9ticuleusement am\u00e9nag\u00e9s pour favoriser la productivit\u00e9, la collaboration et une connectivit\u00e9 fluide. S&#039;\u00e9tendant sur plus de 800 m\u00b2 d&#039;espaces de travail intelligemment con\u00e7us, <strong>Centre d&#039;affaires du JIANGUO HIDDEN HOTEL<\/strong> propose une gamme compl\u00e8te de services adapt\u00e9s aux besoins vari\u00e9s des entreprises. Qu&#039;il s&#039;agisse d&#039;organiser une r\u00e9union de conseil d&#039;administration \u00e0 enjeux \u00e9lev\u00e9s, de lancer une strat\u00e9gie r\u00e9gionale ou de mener une visioconf\u00e9rence priv\u00e9e avec des si\u00e8ges sociaux r\u00e9partis dans le monde entier, les clients trouveront un \u00e9cosyst\u00e8me de soutien alliant discr\u00e9tion, technologie et confort.<\/p><p>La pi\u00e8ce ma\u00eetresse des offres commerciales est la <strong>Grande salle de r\u00e9union ex\u00e9cutive<\/strong>, un espace lumineux et insonoris\u00e9, orn\u00e9 d&#039;un mobilier artisanal en noyer et d&#039;un \u00e9clairage d&#039;ambiance. \u00c9quip\u00e9e d&#039;un \u00e9cran interactif 8K de pointe, de syst\u00e8mes de visioconf\u00e9rence int\u00e9gr\u00e9s (compatibles avec Zoom, Microsoft Teams et Tencent Meeting) et de capacit\u00e9s de traduction multilingue en temps r\u00e9el, la salle de r\u00e9union assure une communication fluide par-del\u00e0 les fuseaux horaires et les langues. De grandes baies vitr\u00e9es offrent une vue panoramique sur les toits de la ville et les lointains monts Hengshan, source d&#039;inspiration et rappel subtil de la force et de la r\u00e9silience durables de cette r\u00e9gion ancestrale.<\/p><p data-spm-anchor-id=\"a2ty_o01.29997173.0.i2.6242c921Bll23M\">La salle de r\u00e9union est compl\u00e9t\u00e9e par <strong>trois salles de r\u00e9union flexibles<\/strong>, chacun con\u00e7u avec des am\u00e9nagements modulaires pour accueillir des r\u00e9unions, des s\u00e9ances de brainstorming en petit comit\u00e9 aux ateliers d&#039;entreprise de taille moyenne. Ces espaces sont dot\u00e9s d&#039;une climatisation intelligente, de param\u00e8tres de confidentialit\u00e9 et d&#039;une fonction de duplication de pr\u00e9sentation sans fil, permettant aux \u00e9quipes de passer en toute fluidit\u00e9 de la r\u00e9flexion collaborative aux pr\u00e9sentations formelles. Des panneaux acoustiques absorbants et un rev\u00eatement de sol haut de gamme garantissent une confidentialit\u00e9 absolue, un atout essentiel pour les consultations juridiques, les n\u00e9gociations financi\u00e8res ou les communications d&#039;entreprise sensibles.<\/p>\t\t\t\t\t\t\t\t<\/div>\n\t\t\t\t\t<\/div>\n\t\t\t\t<\/div>\n\t\t<div class=\"elementor-element elementor-element-c75d996 e-flex e-con-boxed e-con e-parent\" data-id=\"c75d996\" data-element_type=\"container\" data-e-type=\"container\">\n\t\t\t\t\t<div class=\"e-con-inner\">\n\t\t\t\t<div class=\"elementor-element elementor-element-8ee29ab elementor-widget elementor-widget-image\" data-id=\"8ee29ab\" data-element_type=\"widget\" data-e-type=\"widget\" data-widget_type=\"image.default\">\n\t\t\t\t\t\t\t\t\t\t\t\t\t\t\t<img fetchpriority=\"high\" decoding=\"async\" width=\"1024\" height=\"768\" src=\"https:\/\/jianguohiddenhotel.com\/wp-content\/uploads\/2025\/07\/JIANGUO-HIDDEN-HOTEL-53-1024x768.webp\" class=\"attachment-large size-large wp-image-5581\" alt=\"\" srcset=\"https:\/\/jianguohiddenhotel.com\/wp-content\/uploads\/2025\/07\/JIANGUO-HIDDEN-HOTEL-53-1024x768.webp 1024w, https:\/\/jianguohiddenhotel.com\/wp-content\/uploads\/2025\/07\/JIANGUO-HIDDEN-HOTEL-53-300x225.webp 300w, https:\/\/jianguohiddenhotel.com\/wp-content\/uploads\/2025\/07\/JIANGUO-HIDDEN-HOTEL-53-768x576.webp 768w, https:\/\/jianguohiddenhotel.com\/wp-content\/uploads\/2025\/07\/JIANGUO-HIDDEN-HOTEL-53.webp 1137w\" sizes=\"(max-width: 1024px) 100vw, 1024px\" \/>\t\t\t\t\t\t\t\t\t\t\t\t\t\t\t<\/div>\n\t\t\t\t\t<\/div>\n\t\t\t\t<\/div>\n\t\t<div class=\"elementor-element elementor-element-d294841 e-flex e-con-boxed e-con e-parent\" data-id=\"d294841\" data-element_type=\"container\" data-e-type=\"container\">\n\t\t\t\t\t<div class=\"e-con-inner\">\n\t\t\t\t<div class=\"elementor-element elementor-element-1adee48 elementor-widget elementor-widget-text-editor\" data-id=\"1adee48\" data-element_type=\"widget\" data-e-type=\"widget\" data-widget_type=\"text-editor.default\">\n\t\t\t\t\t\t\t\t\t<p>Pour le professionnel ind\u00e9pendant ou le nomade num\u00e9rique exer\u00e7ant une activit\u00e9 en d\u00e9placement, le <strong>Salon d&#039;affaires Concierge<\/strong> Le salon offre une atmosph\u00e8re sereine et chaleureuse, avec des postes de travail ergonomiques, des cabines t\u00e9l\u00e9phoniques priv\u00e9es et un acc\u00e8s internet par fibre optique ultra-haut d\u00e9bit (jusqu&#039;\u00e0 1 Gbit\/s). Ouvert 24h\/24 et 7j\/7, et dot\u00e9 d&#039;une \u00e9quipe de concierges d&#039;affaires multilingues parlant couramment le mandarin, l&#039;anglais et le japonais, le salon propose une assistance \u00e0 la demande pour l&#039;impression de documents, les services de coursier, l&#039;obtention de visas et m\u00eame les besoins de traduction ou de notarisation de derni\u00e8re minute. Du caf\u00e9 artisanal, une s\u00e9lection de th\u00e9s chinois et des en-cas l\u00e9gers sont servis gratuitement tout au long de la journ\u00e9e, pour un regain d&#039;\u00e9nergie et de concentration.<\/p><p>Ce qui distingue v\u00e9ritablement les offres commerciales de JIANGUO HIDDEN HOTEL est son int\u00e9gration de <strong>l&#039;intelligence culturelle dans l&#039;exp\u00e9rience d&#039;entreprise<\/strong>Conscient du r\u00f4le central de Datong dans l&#039;initiative chinoise \u00ab\u00a0la Ceinture et la Route\u00a0\u00bb et de son r\u00f4le de p\u00f4le d&#039;attraction pour l&#039;\u00e9nergie, le tourisme et les \u00e9changes culturels, l&#039;h\u00f4tel s&#039;associe \u00e0 des zones de d\u00e9veloppement \u00e9conomique locales, des \u00e9tablissements universitaires et des incubateurs d&#039;innovation pour offrir \u00e0 ses clients un acc\u00e8s \u00e0 des perspectives r\u00e9gionales et \u00e0 des opportunit\u00e9s de r\u00e9seautage. Les clients peuvent demander des s\u00e9ances d&#039;information sur le paysage industriel du Shanxi, organiser des visites de sites de projets d&#039;\u00e9nergie renouvelable \u00e0 proximit\u00e9 ou organiser des d\u00eeners clients proposant une cuisine traditionnelle de Pingyao revisit\u00e9e par le chef prim\u00e9 de l&#039;h\u00f4tel, le tout orchestr\u00e9 par le personnel de l&#039;h\u00f4tel. <strong>Programme de liaison commerciale<\/strong>.<\/p><p>De plus, l&#039;h\u00f4tel <strong>Plateforme de gestion d&#039;\u00e9v\u00e9nements intelligente<\/strong> Permet aux organisateurs de configurer \u00e0 distance l&#039;am\u00e9nagement des salles, de g\u00e9rer les besoins audiovisuels et de coordonner la restauration gr\u00e2ce \u00e0 un tableau de bord num\u00e9rique intuitif. Int\u00e9grant l&#039;enregistrement par reconnaissance faciale et des assistants de planification bas\u00e9s sur l&#039;IA, la plateforme r\u00e9duit les contraintes administratives et am\u00e9liore l&#039;efficacit\u00e9 globale de tout \u00e9v\u00e9nement d&#039;entreprise. Pour les conf\u00e9rences de grande envergure ou les lancements de produits, la section adjacente <strong>Grande salle de bal Yongtai<\/strong>\u2014accessible via une passerelle priv\u00e9e\u2014peut \u00eatre r\u00e9serv\u00e9 en tandem, offrant une capacit\u00e9 de 1 200 invit\u00e9s avec un \u00e9clairage th\u00e9\u00e2tral complet, des cabines d&#039;interpr\u00e9tation simultan\u00e9e et des capacit\u00e9s de diffusion en direct par drone.<\/p><p>La s\u00e9curit\u00e9 et la confidentialit\u00e9 sont primordiales. L&#039;ensemble du b\u00e2timent d&#039;affaires est dot\u00e9 d&#039;un syst\u00e8me d&#039;acc\u00e8s biom\u00e9trique, de r\u00e9seaux Wi-Fi crypt\u00e9s et d&#039;une surveillance de cybers\u00e9curit\u00e9 24h\/24 et 7j\/7 pour prot\u00e9ger les donn\u00e9es sensibles. Toutes les salles de r\u00e9union sont \u00e9quip\u00e9es d&#039;un syst\u00e8me anti-\u00e9coute, et l&#039;h\u00f4tel adh\u00e8re au RGPD et \u00e0 la loi chinoise sur la protection des donn\u00e9es personnelles (PIPL), garantissant ainsi la conformit\u00e9 des entreprises internationales.<\/p><p>Pourtant, malgr\u00e9 toutes ces prouesses technologiques, le JIANGUO HIDDEN HOTEL ne perd jamais de vue l&#039;aspect humain. Son personnel est form\u00e9 non seulement aux comp\u00e9tences techniques, mais aussi \u00e0 l&#039;art du service anticipatif\u00a0: il m\u00e9morise la configuration de r\u00e9union pr\u00e9f\u00e9r\u00e9e de chaque client, sugg\u00e8re les horaires optimaux pour les appels en fonction des fuseaux horaires, ou organise un moment de d\u00e9tente apr\u00e8s la r\u00e9union dans le Sky Garden d&#039;inspiration zen de l&#039;h\u00f4tel, propice \u00e0 la r\u00e9flexion et au recentrage.<\/p><p data-spm-anchor-id=\"a2ty_o01.29997173.0.i5.6242c921Bll23M\">En substance, les installations d&#039;affaires du JIANGUO HIDDEN HOTEL ne sont pas de simples espaces fonctionnels, mais des atouts strat\u00e9giques. Elles refl\u00e8tent une compr\u00e9hension approfondie des exigences des professionnels modernes\u00a0: agilit\u00e9, \u00e9l\u00e9gance et un environnement o\u00f9 les id\u00e9es peuvent s&#039;\u00e9panouir sans compromis. Que vous souhaitiez nouer de nouveaux partenariats au c\u0153ur de la Chine du Nord, mener une n\u00e9gociation transfrontali\u00e8re ou simplement trouver un refuge pour travailler sereinement et sereinement, le JIANGUO HIDDEN HOTEL est l\u00e0 pour vous\u00a0: l\u00e0 o\u00f9 l&#039;h\u00e9ritage rencontre l&#039;innovation, o\u00f9 chaque d\u00e9tail est pens\u00e9 pour la r\u00e9ussite. Bienvenue dans le futur de l&#039;h\u00f4tellerie d&#039;affaires \u00e0 Datong.<\/p>\t\t\t\t\t\t\t\t<\/div>\n\t\t\t\t\t<\/div>\n\t\t\t\t<\/div>\n\t\t\t\t<section class=\"elementor-section elementor-top-section elementor-element elementor-element-6420a89d elementor-section-boxed elementor-section-gap-beside-yes elementor-section-height-default elementor-section-height-default elementor-section-column-vertical-align-stretch\" data-id=\"6420a89d\" data-element_type=\"section\" data-e-type=\"section\" data-settings=\"{&quot;background_background&quot;:&quot;classic&quot;}\">\n\t\t\t\t\t\t<div class=\"elementor-container elementor-column-gap-extended\">\n\t\t\t\t\t<div class=\"elementor-column elementor-col-100 elementor-top-column elementor-element elementor-element-6538b4e0\" data-id=\"6538b4e0\" data-element_type=\"column\" data-e-type=\"column\">\n\t\t\t<div class=\"elementor-widget-wrap elementor-element-populated\">\n\t\t\t\t\t\t<div class=\"elementor-element elementor-element-14c1c6f3 elementor-widget elementor-widget-heading\" data-id=\"14c1c6f3\" data-element_type=\"widget\" data-e-type=\"widget\" data-widget_type=\"heading.default\">\n\t\t\t\t\t<h2 class=\"elementor-heading-title elementor-size-default\">Ch\u00e8que disponible <\/h2>\t\t\t\t<\/div>\n\t\t\t\t<div class=\"elementor-element elementor-element-5764d352 elementor-widget elementor-widget-text-editor\" data-id=\"5764d352\" data-element_type=\"widget\" data-e-type=\"widget\" data-widget_type=\"text-editor.default\">\n\t\t\t\t\t\t\t\t\t<iframe border=\"0\" src=\"https:\/\/www.trip.com\/partners\/ad\/S4653525?Allianceid=4590391&#038;SID=243021108&#038;trip_sub1=\" style=\"width:900px;height:200px\" frameborder=\"0\" scrolling=\"no\" id=\"S4653525\"><\/iframe>\t\t\t\t\t\t\t\t<\/div>\n\t\t\t\t\t<\/div>\n\t\t<\/div>\n\t\t\t\t\t<\/div>\n\t\t<\/section>\n\t\t\t\t<\/div>","protected":false},"excerpt":{"rendered":"<p>Our Hotel board room offers a private, elegant meeting space in the heart of New York for groups of 8 to 10 persons. For your comfort and convenience, coffee break packages are available. Nestled in the heart of Datong\u2019s burgeoning Pingcheng District, the JIANGUO HIDDEN HOTEL emerges as a masterful fusion of heritage elegance and [&hellip;]<\/p>\n","protected":false},"author":1,"featured_media":0,"parent":0,"menu_order":0,"comment_status":"closed","ping_status":"closed","template":"","meta":{"footnotes":""},"class_list":["post-2109","page","type-page","status-publish","hentry","post-no-thumbnail"],"_links":{"self":[{"href":"https:\/\/jianguohiddenhotel.com\/fr\/wp-json\/wp\/v2\/pages\/2109","targetHints":{"allow":["GET"]}}],"collection":[{"href":"https:\/\/jianguohiddenhotel.com\/fr\/wp-json\/wp\/v2\/pages"}],"about":[{"href":"https:\/\/jianguohiddenhotel.com\/fr\/wp-json\/wp\/v2\/types\/page"}],"author":[{"embeddable":true,"href":"https:\/\/jianguohiddenhotel.com\/fr\/wp-json\/wp\/v2\/users\/1"}],"replies":[{"embeddable":true,"href":"https:\/\/jianguohiddenhotel.com\/fr\/wp-json\/wp\/v2\/comments?post=2109"}],"version-history":[{"count":0,"href":"https:\/\/jianguohiddenhotel.com\/fr\/wp-json\/wp\/v2\/pages\/2109\/revisions"}],"wp:attachment":[{"href":"https:\/\/jianguohiddenhotel.com\/fr\/wp-json\/wp\/v2\/media?parent=2109"}],"curies":[{"name":"wp","href":"https:\/\/api.w.org\/{rel}","templated":true}]}}