{"id":612,"date":"2021-03-26T10:04:13","date_gmt":"2021-03-26T10:04:13","guid":{"rendered":"http:\/\/localhost\/nuss\/?page_id=612"},"modified":"2025-07-30T08:54:29","modified_gmt":"2025-07-30T08:54:29","slug":"restaurant","status":"publish","type":"page","link":"https:\/\/jianguohiddenhotel.com\/fr\/restaurant\/","title":{"rendered":"Restaurant"},"content":{"rendered":"<div data-elementor-type=\"wp-page\" data-elementor-id=\"612\" class=\"elementor elementor-612\">\n\t\t\t\t\t\t<section class=\"elementor-section elementor-top-section elementor-element elementor-element-e2effe8 elementor-section-boxed elementor-section-gap-beside-yes elementor-section-height-default elementor-section-height-default elementor-section-column-vertical-align-stretch\" data-id=\"e2effe8\" data-element_type=\"section\" data-e-type=\"section\">\n\t\t\t\t\t\t<div class=\"elementor-container elementor-column-gap-extended\">\n\t\t\t\t\t<div class=\"elementor-column elementor-col-100 elementor-top-column elementor-element elementor-element-e18f688\" data-id=\"e18f688\" data-element_type=\"column\" data-e-type=\"column\">\n\t\t\t<div class=\"elementor-widget-wrap elementor-element-populated\">\n\t\t\t\t\t\t<div class=\"elementor-element elementor-element-6db146d elementor-widget__width-initial elementor-invisible elementor-widget elementor-widget-text-editor\" data-id=\"6db146d\" data-element_type=\"widget\" data-e-type=\"widget\" data-settings=\"{&quot;_animation&quot;:&quot;nussFadeInUp&quot;}\" data-widget_type=\"text-editor.default\">\n\t\t\t\t\t\t\t\t\t<p><strong data-spm-anchor-id=\"a2ty_o01.29997173.0.i43.6242c921Bll23M\">D\u00e9couvrez l&#039;excellence culinaire au restaurant Yunxiang, v\u00e9ritable c\u0153ur battant du JIANGUO HIDDEN HOTEL, Datong<\/strong><\/p>\t\t\t\t\t\t\t\t<\/div>\n\t\t\t\t\t<\/div>\n\t\t<\/div>\n\t\t\t\t\t<\/div>\n\t\t<\/section>\n\t\t<div class=\"elementor-element elementor-element-8f7cca6 e-flex e-con-boxed e-con e-parent\" data-id=\"8f7cca6\" data-element_type=\"container\" data-e-type=\"container\">\n\t\t\t\t\t<div class=\"e-con-inner\">\n\t\t\t\t<div class=\"elementor-element elementor-element-521a286 elementor-widget elementor-widget-text-editor\" data-id=\"521a286\" data-element_type=\"widget\" data-e-type=\"widget\" data-widget_type=\"text-editor.default\">\n\t\t\t\t\t\t\t\t\t<p data-spm-anchor-id=\"a2ty_o01.29997173.0.i36.6242c921Bll23M\">Nich\u00e9 dans l&#039;\u00e9l\u00e9gance sereine de <strong>H\u00d4TEL CACH\u00c9 DE JIANGUO<\/strong> au b\u00e2timent Yongtai, South Yongtai Road, district de Pingcheng, Datong, Shanxi, se trouve <strong>Restaurant Yunxiang<\/strong>\u2014 une destination o\u00f9 le riche patrimoine culinaire du nord de la Chine est revisit\u00e9 avec modernit\u00e9, authenticit\u00e9 et authenticit\u00e9. Plus qu&#039;une simple exp\u00e9rience gastronomique, Yunxiang c\u00e9l\u00e8bre les traditions gastronomiques profond\u00e9ment ancr\u00e9es du Shanxi, sublim\u00e9es par des techniques contemporaines, des ingr\u00e9dients locaux et un engagement ind\u00e9fectible envers la transmission culturelle \u00e0 travers la cuisine.<\/p><p>Restaurant phare du JIANGUO HIDDEN HOTEL, le Yunxiang (qui signifie \u00ab\u00a0Parfum de Nuage\u00a0\u00bb) puise son inspiration dans les sommets brumeux du Hengshan, les anciennes routes commerciales de la soie qui passaient autrefois par Datong, et les saveurs ancestrales du c\u0153ur agraire du Shanxi. Chaque plat rend hommage \u00e0 l&#039;h\u00e9ritage de la r\u00e9gion, berceau de certains des tr\u00e9sors culinaires les plus embl\u00e9matiques de Chine, comme les nouilles coup\u00e9es au couteau et effiloch\u00e9es \u00e0 la main.<em>dao xiao mian<\/em>) aux brais\u00e9s au vinaigre vieilli, aux d\u00e9lices \u00e0 base de millet et aux rago\u00fbts d&#039;agneau mijot\u00e9s lentement avec des herbes de montagne.<\/p><p>D\u00e8s votre entr\u00e9e, vous serez accueilli par une ambiance de tranquillit\u00e9 raffin\u00e9e. Con\u00e7u dans un esprit de fusion entre le minimalisme de la dynastie Ming et l&#039;esth\u00e9tique zen contemporaine, l&#039;espace est dot\u00e9 de boiseries chaleureuses en noyer, de vaisselle en c\u00e9ramique \u00e9maill\u00e9e \u00e0 la main et d&#039;un \u00e9clairage d&#039;ambiance tamis\u00e9 qui s&#039;adapte au moment de la journ\u00e9e. De grandes baies vitr\u00e9es offrent une vue panoramique sur les toits de Datong et la silhouette lointaine des anciens remparts de la ville, cr\u00e9ant une atmosph\u00e8re \u00e0 la fois intime et spacieuse.<\/p>\t\t\t\t\t\t\t\t<\/div>\n\t\t\t\t\t<\/div>\n\t\t\t\t<\/div>\n\t\t<div class=\"elementor-element elementor-element-4edb6f4 e-flex e-con-boxed e-con e-parent\" data-id=\"4edb6f4\" data-element_type=\"container\" data-e-type=\"container\">\n\t\t\t\t\t<div class=\"e-con-inner\">\n\t\t\t\t<div class=\"elementor-element elementor-element-6d6c3a5 elementor-widget elementor-widget-nuss-image-gallery\" data-id=\"6d6c3a5\" data-element_type=\"widget\" data-e-type=\"widget\" data-widget_type=\"nuss-image-gallery.default\">\n\t\t\t\t<div class=\"elementor-widget-container\">\n\t\t\t\t\t\t\t<div class=\"nuss-grid-wrapper\" data-grid=\"{&quot;type&quot;:&quot;grid&quot;,&quot;ratio&quot;:null,&quot;columns&quot;:3,&quot;gutter&quot;:30}\">\r\n\t\t\t<div class=\"nuss-grid lazy-grid\">\r\n\t\t\t\t<div class=\"grid-sizer\"><\/div>\r\n\r\n\t\t\t\t\t\t\t\t\t\t\t\t<div class=\"grid-item\">\r\n\t\t\t\t\t\t<div class=\"nuss-box\">\t\t<div class=\"nuss-image image\">\r\n\t\t\t<img decoding=\"async\"  src=\"https:\/\/jianguohiddenhotel.com\/wp-content\/uploads\/2025\/07\/JIANGUO-HIDDEN-HOTEL-76.webp\" alt=\"H\u00d4TEL CACH\u00c9 DE JIANGUO (76)\" \/>\t\t<\/div>\r\n\t\t\t\t<\/div>\t\t\t\t\t<\/div>\r\n\t\t\t\t\t\t<div class=\"grid-item\">\r\n\t\t\t\t\t\t<div class=\"nuss-box\">\t\t<div class=\"nuss-image image\">\r\n\t\t\t<img decoding=\"async\"  src=\"https:\/\/jianguohiddenhotel.com\/wp-content\/uploads\/2025\/07\/JIANGUO-HIDDEN-HOTEL-72.webp\" alt=\"H\u00d4TEL CACH\u00c9 DE JIANGUO (72)\" \/>\t\t<\/div>\r\n\t\t\t\t<\/div>\t\t\t\t\t<\/div>\r\n\t\t\t\t\t\t<div class=\"grid-item\">\r\n\t\t\t\t\t\t<div class=\"nuss-box\">\t\t<div class=\"nuss-image image\">\r\n\t\t\t<img decoding=\"async\"  src=\"https:\/\/jianguohiddenhotel.com\/wp-content\/uploads\/2025\/07\/JIANGUO-HIDDEN-HOTEL-70.webp\" alt=\"H\u00d4TEL CACH\u00c9 DE JIANGUO (70)\" \/>\t\t<\/div>\r\n\t\t\t\t<\/div>\t\t\t\t\t<\/div>\r\n\t\t\t\t\t\t<div class=\"grid-item\">\r\n\t\t\t\t\t\t<div class=\"nuss-box\">\t\t<div class=\"nuss-image image\">\r\n\t\t\t<img decoding=\"async\"  src=\"https:\/\/jianguohiddenhotel.com\/wp-content\/uploads\/2025\/07\/JIANGUO-HIDDEN-HOTEL-75.webp\" alt=\"H\u00d4TEL CACH\u00c9 DE JIANGUO (75)\" \/>\t\t<\/div>\r\n\t\t\t\t<\/div>\t\t\t\t\t<\/div>\r\n\t\t\t\t\t\t<div class=\"grid-item\">\r\n\t\t\t\t\t\t<div class=\"nuss-box\">\t\t<div class=\"nuss-image image\">\r\n\t\t\t<img decoding=\"async\"  src=\"https:\/\/jianguohiddenhotel.com\/wp-content\/uploads\/2025\/07\/JIANGUO-HIDDEN-HOTEL-74.webp\" alt=\"H\u00d4TEL CACH\u00c9 DE JIANGUO (74)\" \/>\t\t<\/div>\r\n\t\t\t\t<\/div>\t\t\t\t\t<\/div>\r\n\t\t\t\t\t\t<div class=\"grid-item\">\r\n\t\t\t\t\t\t<div class=\"nuss-box\">\t\t<div class=\"nuss-image image\">\r\n\t\t\t<img decoding=\"async\"  src=\"https:\/\/jianguohiddenhotel.com\/wp-content\/uploads\/2025\/07\/JIANGUO-HIDDEN-HOTEL-71.webp\" alt=\"H\u00d4TEL CACH\u00c9 DE JIANGUO (71)\" \/>\t\t<\/div>\r\n\t\t\t\t<\/div>\t\t\t\t\t<\/div>\r\n\t\t\t\t\t\t\t\r\n\t\t\t<\/div>\r\n\t\t<\/div>\r\n\t\t\t\t\t\t<\/div>\n\t\t\t\t<\/div>\n\t\t\t\t\t<\/div>\n\t\t\t\t<\/div>\n\t\t<div class=\"elementor-element elementor-element-1e79a6d e-flex e-con-boxed e-con e-parent\" data-id=\"1e79a6d\" data-element_type=\"container\" data-e-type=\"container\">\n\t\t\t\t\t<div class=\"e-con-inner\">\n\t\t\t\t<div class=\"elementor-element elementor-element-e41bed1 elementor-widget elementor-widget-text-editor\" data-id=\"e41bed1\" data-element_type=\"widget\" data-e-type=\"widget\" data-widget_type=\"text-editor.default\">\n\t\t\t\t\t\t\t\t\t<p data-spm-anchor-id=\"a2ty_o01.29997173.0.i38.6242c921Bll23M\">Au c\u0153ur de la philosophie de Yunxiang se trouve <strong>approvisionnement hyperlocal<\/strong>Notre chef ex\u00e9cutif, le chef Li Wei, originaire de Datong et fort de plus de vingt ans d&#039;exp\u00e9rience en cuisine r\u00e9gionale et internationale, dirige une \u00e9quipe culinaire passionn\u00e9e qui collabore \u00e9troitement avec les agriculteurs, les cueilleurs et les producteurs artisanaux du Shanxi. Du sarrasin biologique cultiv\u00e9 sur les hauts plateaux de Ningwu \u00e0 la volaille fermi\u00e8re de Xinzhou, en passant par le vinaigre vieilli trois ans dans des jarres traditionnelles en terre cuite, chaque ingr\u00e9dient raconte une histoire de lieu et de provenance.<\/p><p>Le menu propose un voyage soigneusement \u00e9labor\u00e9 \u00e0 travers le spectre des saveurs du nord de la Chine. Parmi les plats phares, on trouve\u00a0:<\/p><ul><li><strong>Nouilles fum\u00e9es coup\u00e9es au couteau avec champignons sauvages et haricots noirs ferment\u00e9s<\/strong> \u2013 une version moderne d&#039;un classique du Shanxi, servi \u00e0 table avec une touche de wok th\u00e9\u00e2trale.<\/li><li><strong>Agneau de Dongshan brais\u00e9 aux jujubes s\u00e9ch\u00e9es et aux baies de Goji<\/strong> \u2013 cuit lentement pendant 12 heures, tendre et aromatique, inspir\u00e9 des banquets imp\u00e9riaux du nord.<\/li><li><strong>Cr\u00eapes croustillantes au millet, noix au miel et cr\u00e8me de s\u00e9same<\/strong> \u2013 un clin d&#039;\u0153il aux anciennes traditions de culture du millet du Shanxi, r\u00e9invent\u00e9 comme un ap\u00e9ritif d\u00e9licat.<\/li><li><strong>Les d\u00e9lices du Bouddha Yungang<\/strong> \u2013 un chef-d&#039;\u0153uvre v\u00e9g\u00e9tarien compos\u00e9 de tofu de montagne, de racine de lotus, de moelle de bambou et de champignons \u00e0 oreilles de bois, nomm\u00e9 en l&#039;honneur des grottes de Yungang de Datong, class\u00e9es au patrimoine mondial de l&#039;UNESCO.<\/li><\/ul><p>Pour le petit-d\u00e9jeuner, les clients ont droit \u00e0 un copieux <strong>buffet du patrimoine<\/strong> qui m\u00e9lange les dim sum chinois avec les sp\u00e9cialit\u00e9s occidentales, y compris les plats faits maison <em>baozi<\/em>Cr\u00eapes \u00e0 l&#039;oignon vert fa\u00e7on Shanxi, congee bio aux \u0153ufs confits et \u00e0 la farine de porc, et viennoiseries fra\u00eeches au miel et aux noix locales. Les r\u00e9gimes alimentaires particuliers, notamment v\u00e9g\u00e9taliens, sans gluten et halal, sont soigneusement pris en compte sur demande pr\u00e9alable.<\/p><p>Yunxiang propose \u00e9galement <strong>exp\u00e9riences de restauration priv\u00e9e<\/strong> dans ses pavillons de cour exclusifs et ses salons de th\u00e9, parfaits pour des r\u00e9unions intimes, des d\u00eeners d&#039;affaires ou des c\u00e9l\u00e9brations culturelles. Notre <strong>Menu d\u00e9gustation \u00ab Saveurs de Pingcheng \u00bb<\/strong>, disponible sur r\u00e9servation, guide les clients \u00e0 travers huit plats d&#039;innovation saisonni\u00e8re, associ\u00e9s \u00e0 des th\u00e9s chinois s\u00e9lectionn\u00e9s ou \u00e0 des vins de boutique du Shanxi.<\/p><p data-spm-anchor-id=\"a2ty_o01.29997173.0.i40.6242c921Bll23M\">Mais Yunxiang est plus qu&#039;un restaurant\u00a0: c&#039;est un ambassadeur culturel. <strong>\u00e9v\u00e9nements culinaires<\/strong> Nous invitons nos clients \u00e0 participer \u00e0 des ateliers de fabrication de nouilles, \u00e0 des d\u00e9gustations de vinaigre et \u00e0 des collaborations avec des chefs locaux qui pr\u00e9servent des recettes du Shanxi menac\u00e9es. Nous collaborons avec la Fondation du patrimoine culinaire de Datong pour documenter et faire revivre des plats oubli\u00e9s, garantissant ainsi que les saveurs du pass\u00e9 continuent d&#039;inspirer l&#039;avenir.<\/p>\t\t\t\t\t\t\t\t<\/div>\n\t\t\t\t\t<\/div>\n\t\t\t\t<\/div>\n\t\t<div class=\"elementor-element elementor-element-f06c144 e-flex e-con-boxed e-con e-parent\" data-id=\"f06c144\" data-element_type=\"container\" data-e-type=\"container\">\n\t\t\t\t\t<div class=\"e-con-inner\">\n\t\t\t\t<div class=\"elementor-element elementor-element-970e5d1 elementor-widget elementor-widget-nuss-image-gallery\" data-id=\"970e5d1\" data-element_type=\"widget\" data-e-type=\"widget\" data-widget_type=\"nuss-image-gallery.default\">\n\t\t\t\t<div class=\"elementor-widget-container\">\n\t\t\t\t\t\t\t<div class=\"nuss-grid-wrapper\" data-grid=\"{&quot;type&quot;:&quot;grid&quot;,&quot;ratio&quot;:null,&quot;columns&quot;:3,&quot;gutter&quot;:30}\">\r\n\t\t\t<div class=\"nuss-grid lazy-grid\">\r\n\t\t\t\t<div class=\"grid-sizer\"><\/div>\r\n\r\n\t\t\t\t\t\t\t\t\t\t\t\t<div class=\"grid-item\">\r\n\t\t\t\t\t\t<div class=\"nuss-box\">\t\t<div class=\"nuss-image image\">\r\n\t\t\t<img decoding=\"async\"  src=\"https:\/\/jianguohiddenhotel.com\/wp-content\/uploads\/2025\/07\/JIANGUO-HIDDEN-HOTEL-65.webp\" alt=\"H\u00d4TEL CACH\u00c9 DE JIANGUO (65)\" \/>\t\t<\/div>\r\n\t\t\t\t<\/div>\t\t\t\t\t<\/div>\r\n\t\t\t\t\t\t<div class=\"grid-item\">\r\n\t\t\t\t\t\t<div class=\"nuss-box\">\t\t<div class=\"nuss-image image\">\r\n\t\t\t<img decoding=\"async\"  src=\"https:\/\/jianguohiddenhotel.com\/wp-content\/uploads\/2025\/07\/JIANGUO-HIDDEN-HOTEL-62.webp\" alt=\"H\u00d4TEL CACH\u00c9 DE JIANGUO (62)\" \/>\t\t<\/div>\r\n\t\t\t\t<\/div>\t\t\t\t\t<\/div>\r\n\t\t\t\t\t\t<div class=\"grid-item\">\r\n\t\t\t\t\t\t<div class=\"nuss-box\">\t\t<div class=\"nuss-image image\">\r\n\t\t\t<img decoding=\"async\"  src=\"https:\/\/jianguohiddenhotel.com\/wp-content\/uploads\/2025\/07\/JIANGUO-HIDDEN-HOTEL-34.webp\" alt=\"H\u00d4TEL CACH\u00c9 DE JIANGUO (34)\" \/>\t\t<\/div>\r\n\t\t\t\t<\/div>\t\t\t\t\t<\/div>\r\n\t\t\t\t\t\t<div class=\"grid-item\">\r\n\t\t\t\t\t\t<div class=\"nuss-box\">\t\t<div class=\"nuss-image image\">\r\n\t\t\t<img decoding=\"async\"  src=\"https:\/\/jianguohiddenhotel.com\/wp-content\/uploads\/2025\/07\/JIANGUO-HIDDEN-HOTEL-68.webp\" alt=\"H\u00d4TEL CACH\u00c9 DE JIANGUO (68)\" \/>\t\t<\/div>\r\n\t\t\t\t<\/div>\t\t\t\t\t<\/div>\r\n\t\t\t\t\t\t<div class=\"grid-item\">\r\n\t\t\t\t\t\t<div class=\"nuss-box\">\t\t<div class=\"nuss-image image\">\r\n\t\t\t<img decoding=\"async\"  src=\"https:\/\/jianguohiddenhotel.com\/wp-content\/uploads\/2025\/07\/JIANGUO-HIDDEN-HOTEL-50.webp\" alt=\"H\u00d4TEL CACH\u00c9 DE JIANGUO (50)\" \/>\t\t<\/div>\r\n\t\t\t\t<\/div>\t\t\t\t\t<\/div>\r\n\t\t\t\t\t\t<div class=\"grid-item\">\r\n\t\t\t\t\t\t<div class=\"nuss-box\">\t\t<div class=\"nuss-image image\">\r\n\t\t\t<img decoding=\"async\"  src=\"https:\/\/jianguohiddenhotel.com\/wp-content\/uploads\/2025\/07\/JIANGUO-HIDDEN-HOTEL-69.webp\" alt=\"H\u00d4TEL CACH\u00c9 DE JIANGUO (69)\" \/>\t\t<\/div>\r\n\t\t\t\t<\/div>\t\t\t\t\t<\/div>\r\n\t\t\t\t\t\t\t\r\n\t\t\t<\/div>\r\n\t\t<\/div>\r\n\t\t\t\t\t\t<\/div>\n\t\t\t\t<\/div>\n\t\t\t\t\t<\/div>\n\t\t\t\t<\/div>\n\t\t<div class=\"elementor-element elementor-element-53435b1 e-flex e-con-boxed e-con e-parent\" data-id=\"53435b1\" data-element_type=\"container\" data-e-type=\"container\">\n\t\t\t\t\t<div class=\"e-con-inner\">\n\t\t\t\t<div class=\"elementor-element elementor-element-8461420 elementor-widget elementor-widget-text-editor\" data-id=\"8461420\" data-element_type=\"widget\" data-e-type=\"widget\" data-widget_type=\"text-editor.default\">\n\t\t\t\t\t\t\t\t\t<p data-spm-anchor-id=\"a2ty_o01.29997173.0.i42.6242c921Bll23M\">Reconnu le <strong>Les \u00ab\u00a0Meilleurs restaurants de Datong\u00a0\u00bb selon TripAdvisor<\/strong>, lou\u00e9 sur <strong>Trip.com<\/strong> et <strong>Dianping<\/strong> Pour sa cuisine authentique mais innovante, et c\u00e9l\u00e9br\u00e9e par les critiques gastronomiques pour son \u00e9quilibre entre tradition et cr\u00e9ativit\u00e9, Yunxiang est devenue une destination incontournable, non seulement pour les clients de l&#039;h\u00f4tel, mais aussi pour les convives exigeants du nord de la Chine.<\/p><p data-spm-anchor-id=\"a2ty_o01.29997173.0.i41.6242c921Bll23M\">Que vous savouriez une tasse tranquille de oolong Phoenix dans notre bar \u00e0 th\u00e9, que vous vous livriez \u00e0 un d\u00eener aux chandelles sous les \u00e9toiles sur notre terrasse sur le toit ou que vous d\u00e9couvriez l&#039;art d&#039;un banquet Shanxi inspir\u00e9 du kaiseki, le restaurant Yunxiang vous invite \u00e0 ralentir, \u00e0 go\u00fbter profond\u00e9ment et \u00e0 vous connecter avec l&#039;\u00e2me du Shanxi.<\/p><div class=\"my-2\">\u00a0<\/div><p>\u00c0 <strong>H\u00d4TEL CACH\u00c9 DE JIANGUO<\/strong>, nous croyons que la nourriture est m\u00e9moire, identit\u00e9 et hospitalit\u00e9 dans sa forme la plus pure.<br \/>Bienvenue \u00e0 <strong>Yunxiang<\/strong>\u2014o\u00f9 chaque bouch\u00e9e porte le parfum de l\u2019histoire et chaque repas devient un voyage.<\/p><p data-spm-anchor-id=\"a2ty_o01.29997173.0.i35.6242c921Bll23M\"><em>D\u00e9couvrez le v\u00e9ritable go\u00fbt de Datong. Uniquement au restaurant Yunxiang.<\/em><\/p>\t\t\t\t\t\t\t\t<\/div>\n\t\t\t\t\t<\/div>\n\t\t\t\t<\/div>\n\t\t\t\t<section class=\"elementor-section elementor-top-section elementor-element elementor-element-2ef13886 elementor-section-boxed elementor-section-gap-beside-yes elementor-section-height-default elementor-section-height-default elementor-section-column-vertical-align-stretch\" data-id=\"2ef13886\" data-element_type=\"section\" data-e-type=\"section\" data-settings=\"{&quot;background_background&quot;:&quot;classic&quot;}\">\n\t\t\t\t\t\t<div class=\"elementor-container elementor-column-gap-extended\">\n\t\t\t\t\t<div class=\"elementor-column elementor-col-100 elementor-top-column elementor-element elementor-element-5f88eb06\" data-id=\"5f88eb06\" data-element_type=\"column\" data-e-type=\"column\">\n\t\t\t<div class=\"elementor-widget-wrap elementor-element-populated\">\n\t\t\t\t\t\t<div class=\"elementor-element elementor-element-7bf95790 elementor-widget elementor-widget-heading\" data-id=\"7bf95790\" data-element_type=\"widget\" data-e-type=\"widget\" data-widget_type=\"heading.default\">\n\t\t\t\t\t<h2 class=\"elementor-heading-title elementor-size-default\">Ch\u00e8que disponible <\/h2>\t\t\t\t<\/div>\n\t\t\t\t<div class=\"elementor-element elementor-element-4ef3c900 elementor-widget elementor-widget-text-editor\" data-id=\"4ef3c900\" data-element_type=\"widget\" data-e-type=\"widget\" data-widget_type=\"text-editor.default\">\n\t\t\t\t\t\t\t\t\t<iframe border=\"0\" src=\"https:\/\/www.trip.com\/partners\/ad\/S4653525?Allianceid=4590391&#038;SID=243021108&#038;trip_sub1=\" style=\"width:900px;height:200px\" frameborder=\"0\" scrolling=\"no\" id=\"S4653525\"><\/iframe>\t\t\t\t\t\t\t\t<\/div>\n\t\t\t\t\t<\/div>\n\t\t<\/div>\n\t\t\t\t\t<\/div>\n\t\t<\/section>\n\t\t\t\t<\/div>","protected":false},"excerpt":{"rendered":"<p>Discover Culinary Excellence at Yunxiang Restaurant \u2013 The Heartbeat of JIANGUO HIDDEN HOTEL, Datong Nestled within the serene elegance of JIANGUO HIDDEN HOTEL at Yongtai Building, South Yongtai Road, Pingcheng District, Datong, Shanxi, lies Yunxiang Restaurant\u2014a destination where the rich culinary heritage of northern China is reimagined with modern artistry, seasonal integrity, and soulful authenticity. [&hellip;]<\/p>\n","protected":false},"author":1,"featured_media":0,"parent":0,"menu_order":0,"comment_status":"closed","ping_status":"closed","template":"","meta":{"footnotes":""},"class_list":["post-612","page","type-page","status-publish","hentry","post-no-thumbnail"],"_links":{"self":[{"href":"https:\/\/jianguohiddenhotel.com\/fr\/wp-json\/wp\/v2\/pages\/612","targetHints":{"allow":["GET"]}}],"collection":[{"href":"https:\/\/jianguohiddenhotel.com\/fr\/wp-json\/wp\/v2\/pages"}],"about":[{"href":"https:\/\/jianguohiddenhotel.com\/fr\/wp-json\/wp\/v2\/types\/page"}],"author":[{"embeddable":true,"href":"https:\/\/jianguohiddenhotel.com\/fr\/wp-json\/wp\/v2\/users\/1"}],"replies":[{"embeddable":true,"href":"https:\/\/jianguohiddenhotel.com\/fr\/wp-json\/wp\/v2\/comments?post=612"}],"version-history":[{"count":0,"href":"https:\/\/jianguohiddenhotel.com\/fr\/wp-json\/wp\/v2\/pages\/612\/revisions"}],"wp:attachment":[{"href":"https:\/\/jianguohiddenhotel.com\/fr\/wp-json\/wp\/v2\/media?parent=612"}],"curies":[{"name":"wp","href":"https:\/\/api.w.org\/{rel}","templated":true}]}}