{"id":647,"date":"2021-03-29T02:13:52","date_gmt":"2021-03-29T02:13:52","guid":{"rendered":"http:\/\/localhost\/nuss\/?page_id=647"},"modified":"2025-07-30T09:40:27","modified_gmt":"2025-07-30T09:40:27","slug":"services","status":"publish","type":"page","link":"https:\/\/jianguohiddenhotel.com\/fr\/services\/","title":{"rendered":"Services"},"content":{"rendered":"<div data-elementor-type=\"wp-page\" data-elementor-id=\"647\" class=\"elementor elementor-647\">\n\t\t\t\t\t\t<section class=\"elementor-section elementor-top-section elementor-element elementor-element-3353bc8 elementor-section-boxed elementor-section-gap-beside-yes elementor-section-height-default elementor-section-height-default elementor-section-column-vertical-align-stretch\" data-id=\"3353bc8\" data-element_type=\"section\" data-e-type=\"section\">\n\t\t\t\t\t\t<div class=\"elementor-container elementor-column-gap-extended\">\n\t\t\t\t\t<div class=\"elementor-column elementor-col-100 elementor-top-column elementor-element elementor-element-0a2bc64\" data-id=\"0a2bc64\" data-element_type=\"column\" data-e-type=\"column\">\n\t\t\t<div class=\"elementor-widget-wrap elementor-element-populated\">\n\t\t\t\t\t\t<div class=\"elementor-element elementor-element-447e3ef elementor-widget__width-initial elementor-invisible elementor-widget elementor-widget-text-editor\" data-id=\"447e3ef\" data-element_type=\"widget\" data-e-type=\"widget\" data-settings=\"{&quot;_animation&quot;:&quot;nussFadeInUp&quot;}\" data-widget_type=\"text-editor.default\">\n\t\t\t\t\t\t\t\t\t<p><strong data-spm-anchor-id=\"a2ty_o01.29997173.0.i48.6242c921Bll23M\">L&#039;art de l&#039;hospitalit\u00e9 au JIANGUO HIDDEN HOTEL, Datong<\/strong><\/p>\t\t\t\t\t\t\t\t<\/div>\n\t\t\t\t\t<\/div>\n\t\t<\/div>\n\t\t\t\t\t<\/div>\n\t\t<\/section>\n\t\t<div class=\"elementor-element elementor-element-1051969 e-flex e-con-boxed e-con e-parent\" data-id=\"1051969\" data-element_type=\"container\" data-e-type=\"container\">\n\t\t\t\t\t<div class=\"e-con-inner\">\n\t\t\t\t<div class=\"elementor-element elementor-element-8c23577 elementor-widget elementor-widget-text-editor\" data-id=\"8c23577\" data-element_type=\"widget\" data-e-type=\"widget\" data-widget_type=\"text-editor.default\">\n\t\t\t\t\t\t\t\t\t<p data-spm-anchor-id=\"a2ty_o01.29997173.0.i47.6242c921Bll23M\">\u00c0 <strong>H\u00d4TEL CACH\u00c9 DE JIANGUO<\/strong>Nich\u00e9 au c\u0153ur de l&#039;\u00e9l\u00e9gant et raffin\u00e9 b\u00e2timent Yongtai, sur South Yongtai Road, dans le quartier historique de Pingcheng \u00e0 Datong, Shanxi, le luxe ne se mesure pas seulement par l&#039;opulence, mais par la profondeur du soin, la pr\u00e9cision du d\u00e9tail et la gr\u00e2ce discr\u00e8te d&#039;un service personnalis\u00e9. Ici, chaque client est accueilli non pas comme un simple visiteur, mais comme un invit\u00e9 d&#039;honneur, et chaque instant de votre s\u00e9jour est soigneusement organis\u00e9 gr\u00e2ce \u00e0 une gamme compl\u00e8te de services. <strong>services sur mesure<\/strong> con\u00e7u pour \u00e9lever votre exp\u00e9rience au-del\u00e0 de vos attentes.<\/p><p>D\u00e8s l&#039;entr\u00e9e discr\u00e8te de l&#039;h\u00f4tel, encadr\u00e9e par une paisible cour d&#039;eau et \u00e9clair\u00e9e par une douce lumi\u00e8re de lanterne, vous serez plong\u00e9 dans une atmosph\u00e8re de sophistication sereine. C&#039;est le premier chapitre d&#039;une histoire fa\u00e7onn\u00e9e par l&#039;intention, o\u00f9 tradition et innovation se rencontrent, et o\u00f9 le service n&#039;est pas seulement ex\u00e9cut\u00e9, mais ressenti.<\/p><h3><strong>Arriv\u00e9e et conciergerie\u00a0: un voyage commence avec gr\u00e2ce<\/strong><\/h3><p>Votre exp\u00e9rience commence par une arriv\u00e9e en douceur. Que vous arriviez en voiture priv\u00e9e, par transfert a\u00e9roport ou par train \u00e0 grande vitesse, notre service <strong>\u00c9quipe de conciergerie multilingue 24h\/24 et 7j\/7<\/strong>\u2014Parlant couramment le mandarin, l&#039;anglais, le japonais et le cor\u00e9en\u2014, vous assurera une transition en douceur vers l&#039;univers paisible de l&#039;h\u00f4tel. Des boissons de bienvenue offertes aux herbes locales et un enregistrement personnalis\u00e9 dans votre suite ou dans le salon intime du hall vous promettent un s\u00e9jour plac\u00e9 sous le signe du confort et de l&#039;attention.<\/p><p>Notre concierge est plus qu&#039;un guide\u00a0; il est votre interlocuteur culturel. Que vous recherchiez une visite priv\u00e9e au lever du soleil <strong>Grottes de Yungang<\/strong>, une visite organis\u00e9e au <strong>Temple suspendu du mont Heng<\/strong>, ou des r\u00e9servations dans les restaurants locaux les plus exclusifs de Datong, notre \u00e9quipe \u00e9labore des itin\u00e9raires sur mesure adapt\u00e9s \u00e0 vos centres d&#039;int\u00e9r\u00eat. Elle peut organiser des repas traditionnels. <strong>Repr\u00e9sentations d&#039;op\u00e9ra du Shanxi<\/strong>, des ateliers de calligraphie avec des ma\u00eetres locaux, ou encore une visite de site ancestral familial pour les invit\u00e9s retra\u00e7ant les racines du patrimoine dans le nord de la Chine.<\/p><h3><strong>H\u00e9bergement et services en chambre\u00a0: un sanctuaire con\u00e7u pour la s\u00e9r\u00e9nit\u00e9<\/strong><\/h3><p>Chacune de nos 188 chambres et suites est un sanctuaire d&#039;\u00e9quilibre et de beaut\u00e9, alliant un design moderne et minimaliste \u00e0 des \u00e9l\u00e9ments chinois classiques\u00a0: paravents en bois sculpt\u00e9s \u00e0 la main, sols en pierre chaleureuse et textiles de soie personnalis\u00e9s. Mais ce sont les services propos\u00e9s dans ces espaces qui transforment le confort en transcendance.<\/p><ul><li><strong>Technologie de chambre intelligente<\/strong>:Contr\u00f4lez l&#039;\u00e9clairage, la temp\u00e9rature, les rideaux et le divertissement via une tablette \u00e9l\u00e9gante dans la chambre ou une application mobile.<\/li><li><strong>Menu Oreillers et Ar\u00f4mes<\/strong>:Choisissez parmi sept types d&#039;oreillers hypoallerg\u00e9niques et cinq parfums signature inspir\u00e9s des paysages naturels du Shanxi : le pin de Hengshan, l&#039;osmanthus des jardins de la ville ou le chrysanth\u00e8me sauvage des hautes terres.<\/li><li><strong>Service de restauration en chambre 24h\/24<\/strong>:Avec des s\u00e9lections de <strong>Restaurant Yunxiang<\/strong>, y compris des plats r\u00e9confortants de fin de soir\u00e9e comme le poulet tir\u00e9 \u00e0 la main <em>dao xiao mian<\/em> nouilles et congee aux herbes.<\/li><li><strong>Rituel de pr\u00e9paration de la nuit<\/strong>:Une c\u00e9r\u00e9monie r\u00e9fl\u00e9chie comprenant des serviettes chaudes, une tasse de th\u00e9 pu&#039;er vieilli et une note manuscrite avec la m\u00e9t\u00e9o et les points forts culturels de demain.<\/li><\/ul><h3><strong>Bien-\u00eatre et rajeunissement\u00a0: l&#039;harmonie du corps et de l&#039;esprit<\/strong><\/h3><p>Au c\u0153ur de la philosophie du bien-\u00eatre du JIANGUO HIDDEN HOTEL se trouve la conviction que le v\u00e9ritable luxe r\u00e9side dans l&#039;\u00e9quilibre. Notre <strong>Centre de bien-\u00eatre Zenith<\/strong> s&#039;\u00e9tend sur plus de 1 200 m\u00e8tres carr\u00e9s et offre une retraite holistique loin des rythmes de la vie quotidienne.<\/p><ul><li><strong>Le Spa du Calme<\/strong>: Dessin de <strong>M\u00e9decine traditionnelle chinoise (MTC)<\/strong>Nos soins comprennent des massages aux pierres de jade, une th\u00e9rapie gua sha, une th\u00e9rapie par compresses \u00e0 base de plantes et des s\u00e9ances d&#039;acupuncture. Des rituels signatures comme le \u00ab\u00a0Renforcement des montagnes Hengshan\u00a0\u00bb utilisent des plantes locales et des pierres min\u00e9rales chaudes pour restaurer la circulation \u00e9nerg\u00e9tique.<\/li><li><strong>Piscine int\u00e9rieure chauff\u00e9e et circuit d&#039;hydroth\u00e9rapie<\/strong>: Dot\u00e9 d&#039;une piscine de 25 m\u00e8tres, de jets d&#039;hydromassage et d&#039;une zone de r\u00e9flexion silencieuse avec musique sous-marine.<\/li><li><strong>Centre de remise en forme ouvert 24h\/24<\/strong>:\u00c9quip\u00e9 de v\u00e9los Peloton, de machines de cardio et de musculation Technogym et de s\u00e9ances d&#039;entra\u00eenement personnel virtuel.<\/li><li><strong>Programmes de bien-\u00eatre quotidiens<\/strong>: Tai-chi matinal gratuit dans la cour, s\u00e9ances de m\u00e9ditation guid\u00e9e et ateliers saisonniers de qi gong avec des ma\u00eetres r\u00e9sidents.<\/li><\/ul><h3><strong>Services culinaires et de restauration\u00a0: un avant-go\u00fbt du Shanxi, sublim\u00e9<\/strong><\/h3><p>D\u00eener au JIANGUO HIDDEN HOTEL est une immersion dans l&#039;\u00e2me de la cuisine du nord de la Chine. Sous la direction du chef ex\u00e9cutif Li Wei, nos services culinaires vont au-del\u00e0 de l&#039;assiette\u00a0:<\/p><ul><li><strong>Restaurant Yunxiang<\/strong>:Notre restaurant prim\u00e9 ouvert toute la journ\u00e9e propose une fusion du patrimoine du Shanxi et de la gastronomie moderne, avec des stations de cuisine en direct et des menus de d\u00e9gustation de saison.<\/li><li><strong>Sky Lounge<\/strong>:Perch\u00e9 au 20e \u00e9tage, cet \u00e9l\u00e9gant bar propose des cocktails artisanaux infus\u00e9s d&#039;ingr\u00e9dients locaux, des d\u00e9gustations rares de baijiu chinois et une vue panoramique sur les toits de Datong.<\/li><li><strong>Services de restauration et de banquet priv\u00e9s<\/strong>:Organisez des r\u00e9unions intimes dans nos pavillons de th\u00e9 ou de grandes c\u00e9l\u00e9brations dans la grande salle de bal, avec des menus personnalis\u00e9s, de la musique live et une d\u00e9coration th\u00e9matique.<\/li><li><strong>Exp\u00e9riences culinaires<\/strong>:Participez \u00e0 des cours de fabrication de nouilles, \u00e0 des s\u00e9ances de d\u00e9gustation de vinaigre ou \u00e0 des excursions de la ferme \u00e0 la table dans les fermes biologiques \u00e0 proximit\u00e9.<\/li><\/ul><h3><strong>Services aux entreprises et \u00e9v\u00e9nements\u00a0: o\u00f9 la vision rencontre la pr\u00e9cision<\/strong><\/h3><p>Pour les professionnels modernes, le JIANGUO HIDDEN HOTEL offre un m\u00e9lange harmonieux de technologie, d&#039;\u00e9l\u00e9gance et d&#039;efficacit\u00e9. Notre <strong>Services aux entreprises et MICE (r\u00e9unions, incentives, conf\u00e9rences, expositions)<\/strong> s&#039;adressent aux clients d&#039;entreprise, aux entrepreneurs et aux d\u00e9l\u00e9gations internationales.<\/p><ul><li><strong>Salle de conseil ex\u00e9cutive et suites de r\u00e9union<\/strong>:\u00c9quip\u00e9 d&#039;\u00e9crans interactifs 8K, de syst\u00e8mes de traduction en temps r\u00e9el, d&#039;une connexion Wi-Fi crypt\u00e9e et d&#039;une conception insonoris\u00e9e.<\/li><li><strong>Salon d&#039;affaires ouvert 24h\/24 et 7j\/7<\/strong>:Proposant des espaces de travail priv\u00e9s, des services d&#039;impression, des cabines de vid\u00e9oconf\u00e9rence et du caf\u00e9 et du th\u00e9 haut de gamme gratuits.<\/li><li><strong>Planification d&#039;\u00e9v\u00e9nements et support technique<\/strong>:Du lancement de produits aux assembl\u00e9es g\u00e9n\u00e9rales d&#039;actionnaires, notre \u00e9quipe d\u00e9di\u00e9e g\u00e8re la logistique, l&#039;installation audiovisuelle, la restauration et la coordination des invit\u00e9s avec une pr\u00e9cision militaire.<\/li><li><strong>Retraites d&#039;entreprise et programmes de consolidation d&#039;\u00e9quipe<\/strong>:Les forfaits personnalis\u00e9s comprennent une immersion culturelle, des ateliers de leadership et des excursions hors site vers des sites du patrimoine de l&#039;UNESCO.<\/li><\/ul><h3><strong>Services aux familles et \u00e0 l&#039;accessibilit\u00e9\u00a0: des soins attentionn\u00e9s pour tous<\/strong><\/h3><p>Nous pensons qu&#039;un service exceptionnel est inclusif. Le JIANGUO HIDDEN HOTEL s&#039;engage \u00e0 ce que chaque client, quel que soit son \u00e2ge ou ses capacit\u00e9s, se sente accueilli et soutenu.<\/p><ul><li><strong>\u00c9quipements adapt\u00e9s aux familles<\/strong>: Berceaux gratuits, peignoirs pour enfants, location de poussettes et un menu pour enfants compos\u00e9 d&#039;ingr\u00e9dients sains et locaux.<\/li><li><strong>Services d&#039;accessibilit\u00e9<\/strong>:Chambres accessibles aux fauteuils roulants, parcours tactiles, boucles magn\u00e9tiques et personnel form\u00e9 \u00e0 l&#039;hospitalit\u00e9 inclusive.<\/li><li><strong>Arrangements acceptant les animaux de compagnie<\/strong>:Bien que les animaux de compagnie ne soient pas autoris\u00e9s, nous proposons des services de garde d&#039;animaux et pouvons organiser un h\u00e9bergement pour animaux de compagnie \u00e0 proximit\u00e9.<\/li><\/ul><h3><strong>Durabilit\u00e9 et gestion culturelle : un service avec un objectif<\/strong><\/h3><p>Nos services vont au-del\u00e0 de la satisfaction de nos clients\u00a0: ils refl\u00e8tent un engagement plus profond en faveur du d\u00e9veloppement durable et de la pr\u00e9servation du patrimoine. Des \u00e9quipements biod\u00e9gradables et des syst\u00e8mes d&#039;\u00e9conomie d&#039;eau aux partenariats avec des artisans locaux et aux projets de restauration du patrimoine, chaque service est con\u00e7u dans un souci de responsabilit\u00e9. Nos clients peuvent participer \u00e0 nos <strong>\u00ab Restez avec le sens \u00bb<\/strong> programme qui soutient la pr\u00e9servation des anciennes peintures murales, des temples et des traditions culinaires du Shanxi.<\/p><div class=\"py-2 my-3\"><hr \/><\/div><p>\u00c0 <strong>H\u00d4TEL CACH\u00c9 DE JIANGUO<\/strong>Le service n&#039;est pas une transaction, c&#039;est une relation. C&#039;est le geste silencieux d&#039;un membre du personnel qui se souvient de votre pr\u00e9f\u00e9rence en mati\u00e8re de th\u00e9, la chaleur d&#039;un concierge qui organise un d\u00eener d&#039;anniversaire surprise, ou la paix d&#039;un bain de minuit sous les \u00e9toiles dans notre piscine d&#039;hydroth\u00e9rapie sur le toit.<\/p><p>Ce n\u2019est pas seulement de l\u2019hospitalit\u00e9.<br \/>C&#039;est <strong>l&#039;art du soin cach\u00e9<\/strong>\u2014o\u00f9 chaque d\u00e9tail est vu, chaque besoin anticip\u00e9 et chaque invit\u00e9 repart non seulement satisfait, mais transform\u00e9.<\/p><p data-spm-anchor-id=\"a2ty_o01.29997173.0.i46.6242c921Bll23M\">Bienvenue dans un nouveau standard de service au c\u0153ur de Datong.<br \/>Bienvenue \u00e0 <strong>H\u00d4TEL CACH\u00c9 DE JIANGUO<\/strong>.<\/p>\t\t\t\t\t\t\t\t<\/div>\n\t\t\t\t\t<\/div>\n\t\t\t\t<\/div>\n\t\t\t\t<section class=\"elementor-section elementor-top-section elementor-element elementor-element-7c4769fd elementor-section-boxed elementor-section-gap-beside-yes elementor-section-height-default elementor-section-height-default elementor-section-column-vertical-align-stretch\" data-id=\"7c4769fd\" data-element_type=\"section\" data-e-type=\"section\" data-settings=\"{&quot;background_background&quot;:&quot;classic&quot;}\">\n\t\t\t\t\t\t<div class=\"elementor-container elementor-column-gap-extended\">\n\t\t\t\t\t<div class=\"elementor-column elementor-col-100 elementor-top-column elementor-element elementor-element-61ff4843\" data-id=\"61ff4843\" data-element_type=\"column\" data-e-type=\"column\">\n\t\t\t<div class=\"elementor-widget-wrap elementor-element-populated\">\n\t\t\t\t\t\t<div class=\"elementor-element elementor-element-36146791 elementor-widget elementor-widget-heading\" data-id=\"36146791\" data-element_type=\"widget\" data-e-type=\"widget\" data-widget_type=\"heading.default\">\n\t\t\t\t\t<h2 class=\"elementor-heading-title elementor-size-default\">Ch\u00e8que disponible <\/h2>\t\t\t\t<\/div>\n\t\t\t\t<div class=\"elementor-element elementor-element-2f0ae9a1 elementor-widget elementor-widget-text-editor\" data-id=\"2f0ae9a1\" data-element_type=\"widget\" data-e-type=\"widget\" data-widget_type=\"text-editor.default\">\n\t\t\t\t\t\t\t\t\t<iframe border=\"0\" src=\"https:\/\/www.trip.com\/partners\/ad\/S4653525?Allianceid=4590391&#038;SID=243021108&#038;trip_sub1=\" style=\"width:900px;height:200px\" frameborder=\"0\" scrolling=\"no\" id=\"S4653525\"><\/iframe>\t\t\t\t\t\t\t\t<\/div>\n\t\t\t\t\t<\/div>\n\t\t<\/div>\n\t\t\t\t\t<\/div>\n\t\t<\/section>\n\t\t\t\t<\/div>","protected":false},"excerpt":{"rendered":"<p>The Art of Hospitality at JIANGUO HIDDEN HOTEL, Datong At JIANGUO HIDDEN HOTEL, nestled within the refined elegance of Yongtai Building on South Yongtai Road in the historic Pingcheng District of Datong, Shanxi, luxury is not measured by opulence alone\u2014but by the depth of care, the precision of detail, and the quiet grace of personalized [&hellip;]<\/p>\n","protected":false},"author":1,"featured_media":0,"parent":0,"menu_order":0,"comment_status":"closed","ping_status":"closed","template":"","meta":{"footnotes":""},"class_list":["post-647","page","type-page","status-publish","hentry","post-no-thumbnail"],"_links":{"self":[{"href":"https:\/\/jianguohiddenhotel.com\/fr\/wp-json\/wp\/v2\/pages\/647","targetHints":{"allow":["GET"]}}],"collection":[{"href":"https:\/\/jianguohiddenhotel.com\/fr\/wp-json\/wp\/v2\/pages"}],"about":[{"href":"https:\/\/jianguohiddenhotel.com\/fr\/wp-json\/wp\/v2\/types\/page"}],"author":[{"embeddable":true,"href":"https:\/\/jianguohiddenhotel.com\/fr\/wp-json\/wp\/v2\/users\/1"}],"replies":[{"embeddable":true,"href":"https:\/\/jianguohiddenhotel.com\/fr\/wp-json\/wp\/v2\/comments?post=647"}],"version-history":[{"count":0,"href":"https:\/\/jianguohiddenhotel.com\/fr\/wp-json\/wp\/v2\/pages\/647\/revisions"}],"wp:attachment":[{"href":"https:\/\/jianguohiddenhotel.com\/fr\/wp-json\/wp\/v2\/media?parent=647"}],"curies":[{"name":"wp","href":"https:\/\/api.w.org\/{rel}","templated":true}]}}