{"id":2104,"date":"2021-03-23T09:33:48","date_gmt":"2021-03-23T09:33:48","guid":{"rendered":"http:\/\/localhost\/nuss\/?page_id=167"},"modified":"2025-07-30T08:41:54","modified_gmt":"2025-07-30T08:41:54","slug":"la-nostra-storia","status":"publish","type":"page","link":"https:\/\/jianguohiddenhotel.com\/it\/la-nostra-storia\/","title":{"rendered":"La nostra storia"},"content":{"rendered":"<div data-elementor-type=\"wp-page\" data-elementor-id=\"2104\" class=\"elementor elementor-2104\">\n\t\t\t\t\t\t<section class=\"elementor-section elementor-top-section elementor-element elementor-element-8f5bb9d elementor-section-boxed elementor-section-gap-beside-yes elementor-section-height-default elementor-section-height-default elementor-section-column-vertical-align-stretch\" data-id=\"8f5bb9d\" data-element_type=\"section\" data-e-type=\"section\">\n\t\t\t\t\t\t<div class=\"elementor-container elementor-column-gap-extended\">\n\t\t\t\t\t<div class=\"elementor-column elementor-col-100 elementor-top-column elementor-element elementor-element-7ec4215\" data-id=\"7ec4215\" data-element_type=\"column\" data-e-type=\"column\">\n\t\t\t<div class=\"elementor-widget-wrap elementor-element-populated\">\n\t\t\t\t\t\t<div class=\"elementor-element elementor-element-edd9d03 elementor-widget__width-initial elementor-invisible elementor-widget elementor-widget-text-editor\" data-id=\"edd9d03\" data-element_type=\"widget\" data-e-type=\"widget\" data-settings=\"{&quot;_animation&quot;:&quot;nussFadeInUp&quot;}\" data-widget_type=\"text-editor.default\">\n\t\t\t\t\t\t\t\t\t<p><strong data-spm-anchor-id=\"a2ty_o01.29997173.0.i28.6242c921Bll23M\">L&#039;anima del JIANGUO HIDDEN HOTEL: dove la tradizione incontra l&#039;armonia nascosta<\/strong><\/p>\t\t\t\t\t\t\t\t<\/div>\n\t\t\t\t\t<\/div>\n\t\t<\/div>\n\t\t\t\t\t<\/div>\n\t\t<\/section>\n\t\t<div class=\"elementor-element elementor-element-2d9bb20 e-flex e-con-boxed e-con e-parent\" data-id=\"2d9bb20\" data-element_type=\"container\" data-e-type=\"container\">\n\t\t\t\t\t<div class=\"e-con-inner\">\n\t\t\t\t<div class=\"elementor-element elementor-element-fd4c4ca elementor-widget elementor-widget-text-editor\" data-id=\"fd4c4ca\" data-element_type=\"widget\" data-e-type=\"widget\" data-widget_type=\"text-editor.default\">\n\t\t\t\t\t\t\t\t\t<p data-spm-anchor-id=\"a2ty_o01.29997173.0.i30.6242c921Bll23M\">Nell&#039;antica citt\u00e0 di Datong, dove secoli di ambizione imperiale, commercio lungo la Via della Seta e devozione buddista hanno plasmato l&#039;anima della Cina settentrionale, si apre silenziosamente un nuovo capitolo dell&#039;ospitalit\u00e0. Qui, incastonato nell&#039;elegante silhouette dell&#039;edificio Yongtai, sulla South Yongtai Road, nello storico distretto di Pingcheng, sorge... <strong>HOTEL NASCOSTO DI JIANGUO<\/strong>\u2014non semplicemente come un luogo in cui soggiornare, ma come una narrazione vivente di riscoperta, riverenza e raffinato rifugio.<\/p><p>La nostra storia non inizia con progetti o piani aziendali, ma con una visione: creare un santuario che onori le profonde radici culturali della provincia dello Shanxi, abbracciando al contempo la tranquilla eleganza della serenit\u00e0 moderna. Il nome <em>\u201cJianguo nascosto\u201d<\/em> non \u00e8 un semplice marchio: \u00e8 una filosofia. &quot;Jianguo&quot; rende omaggio alla duratura tradizione artigianale, alla resilienza e all&#039;orgoglio nazionale cinese, mentre &quot;Hidden&quot; evoca la bellezza silenziosa e contemplativa che si cela sotto la superficie della frenetica vita cittadina. Insieme, formano una promessa: offrire agli ospiti un viaggio interiore, lontano dal rumore, verso l&#039;autenticit\u00e0, l&#039;equilibrio e la connessione.<\/p><p>Datong, un tempo capitale della dinastia Wei Settentrionale e crocevia fondamentale degli scambi tra Oriente e Occidente, \u00e8 da sempre una citt\u00e0 di contrasti, dove antiche grotte scavate nelle scogliere di arenaria si contrappongono a moderni interventi di riqualificazione urbana e dove l&#039;eco delle campane dei templi si fonde con il ritmo della vita contemporanea. Il JIANGUO HIDDEN HOTEL \u00e8 stato concepito come un ponte tra questi mondi. Ispirato alla grazia dell&#039;architettura delle dinastie Ming e Qing, ma reinterpretato attraverso la lente del design moderno minimalista, l&#039;estetica dell&#039;hotel \u00e8 un dialogo tra passato e presente. Schermi a traliccio in legno, motivi in pietra intagliati a mano e tranquilli cortili acquatici si fondono armoniosamente in spazi illuminati da luci soffuse e vetrate a tutta altezza, creando un&#039;atmosfera di calma sofisticatezza.<\/p><p>Ma la nostra storia non riguarda solo l&#039;architettura: riguarda le persone. L&#039;idea del JIANGUO HIDDEN HOTEL \u00e8 nata da un viaggio decennale di un gruppo di imprenditori locali, storici e visionari dell&#039;ospitalit\u00e0, convinti che il vero lusso non risieda nell&#039;opulenza, ma nell&#039;intenzione. Hanno viaggiato attraverso lo Shanxi, consultandosi con artigiani, monaci e anziani per comprendere l&#039;essenza di <em>&quot;nascosto&quot;<\/em> Bellezza: la sottile armonia che si ritrova in una tazza di t\u00e8 pu&#039;er invecchiato preparato alla perfezione, la quieta dignit\u00e0 di un tessuto tessuto a mano o la quiete di un cortile all&#039;alba. Questi elementi si sono intrecciati nella struttura dell&#039;hotel, dai mobili in noce di provenienza locale alla fragranza personalizzata diffusa in ogni camera: una miscela di cipresso, osmanto e crisantemo selvatico, ispirata all&#039;aria di montagna della vicina Hengshan.<\/p><p data-spm-anchor-id=\"a2ty_o01.29997173.0.i29.6242c921Bll23M\">\u00a0<\/p>\t\t\t\t\t\t\t\t<\/div>\n\t\t\t\t\t<\/div>\n\t\t\t\t<\/div>\n\t\t<div class=\"elementor-element elementor-element-36bd9c6 e-flex e-con-boxed e-con e-parent\" data-id=\"36bd9c6\" data-element_type=\"container\" data-e-type=\"container\">\n\t\t\t\t\t<div class=\"e-con-inner\">\n\t\t\t\t<div class=\"elementor-element elementor-element-224fdb7 elementor-widget elementor-widget-nuss-image-gallery\" data-id=\"224fdb7\" data-element_type=\"widget\" data-e-type=\"widget\" data-widget_type=\"nuss-image-gallery.default\">\n\t\t\t\t<div class=\"elementor-widget-container\">\n\t\t\t\t\t\t\t<div class=\"nuss-grid-wrapper\" data-grid=\"{&quot;type&quot;:&quot;grid&quot;,&quot;ratio&quot;:null,&quot;columns&quot;:3,&quot;gutter&quot;:30}\">\r\n\t\t\t<div class=\"nuss-grid lazy-grid\">\r\n\t\t\t\t<div class=\"grid-sizer\"><\/div>\r\n\r\n\t\t\t\t\t\t\t\t\t\t\t\t<div class=\"grid-item\">\r\n\t\t\t\t\t\t<div class=\"nuss-box\">\t\t<div class=\"nuss-image image\">\r\n\t\t\t<img decoding=\"async\"  src=\"https:\/\/jianguohiddenhotel.com\/wp-content\/uploads\/2025\/07\/JIANGUO-HIDDEN-HOTEL-36.webp\" alt=\"JIANGUO HOTEL NASCOSTO (36)\" \/>\t\t<\/div>\r\n\t\t\t\t<\/div>\t\t\t\t\t<\/div>\r\n\t\t\t\t\t\t<div class=\"grid-item\">\r\n\t\t\t\t\t\t<div class=\"nuss-box\">\t\t<div class=\"nuss-image image\">\r\n\t\t\t<img decoding=\"async\"  src=\"https:\/\/jianguohiddenhotel.com\/wp-content\/uploads\/2025\/07\/JIANGUO-HIDDEN-HOTEL-25.webp\" alt=\"JIANGUO HOTEL NASCOSTO (25)\" \/>\t\t<\/div>\r\n\t\t\t\t<\/div>\t\t\t\t\t<\/div>\r\n\t\t\t\t\t\t<div class=\"grid-item\">\r\n\t\t\t\t\t\t<div class=\"nuss-box\">\t\t<div class=\"nuss-image image\">\r\n\t\t\t<img decoding=\"async\"  src=\"https:\/\/jianguohiddenhotel.com\/wp-content\/uploads\/2025\/07\/JIANGUO-HIDDEN-HOTEL-103.webp\" alt=\"HOTEL NASCOSTO JIANGUO (103)\" \/>\t\t<\/div>\r\n\t\t\t\t<\/div>\t\t\t\t\t<\/div>\r\n\t\t\t\t\t\t<div class=\"grid-item\">\r\n\t\t\t\t\t\t<div class=\"nuss-box\">\t\t<div class=\"nuss-image image\">\r\n\t\t\t<img decoding=\"async\"  src=\"https:\/\/jianguohiddenhotel.com\/wp-content\/uploads\/2025\/07\/JIANGUO-HIDDEN-HOTEL-95.webp\" alt=\"JIANGUO ALBERGO NASCOSTO (95)\" \/>\t\t<\/div>\r\n\t\t\t\t<\/div>\t\t\t\t\t<\/div>\r\n\t\t\t\t\t\t<div class=\"grid-item\">\r\n\t\t\t\t\t\t<div class=\"nuss-box\">\t\t<div class=\"nuss-image image\">\r\n\t\t\t<img decoding=\"async\"  src=\"https:\/\/jianguohiddenhotel.com\/wp-content\/uploads\/2025\/07\/JIANGUO-HIDDEN-HOTEL-87.webp\" alt=\"JIANGUO ALBERGO NASCOSTO (87)\" \/>\t\t<\/div>\r\n\t\t\t\t<\/div>\t\t\t\t\t<\/div>\r\n\t\t\t\t\t\t<div class=\"grid-item\">\r\n\t\t\t\t\t\t<div class=\"nuss-box\">\t\t<div class=\"nuss-image image\">\r\n\t\t\t<img decoding=\"async\"  src=\"https:\/\/jianguohiddenhotel.com\/wp-content\/uploads\/2025\/07\/JIANGUO-HIDDEN-HOTEL-86.webp\" alt=\"JIANGUO ALBERGO NASCOSTO (86)\" \/>\t\t<\/div>\r\n\t\t\t\t<\/div>\t\t\t\t\t<\/div>\r\n\t\t\t\t\t\t<div class=\"grid-item\">\r\n\t\t\t\t\t\t<div class=\"nuss-box\">\t\t<div class=\"nuss-image image\">\r\n\t\t\t<img decoding=\"async\"  src=\"https:\/\/jianguohiddenhotel.com\/wp-content\/uploads\/2025\/07\/JIANGUO-HIDDEN-HOTEL-77.webp\" alt=\"JIANGUO ALBERGO NASCOSTO (77)\" \/>\t\t<\/div>\r\n\t\t\t\t<\/div>\t\t\t\t\t<\/div>\r\n\t\t\t\t\t\t<div class=\"grid-item\">\r\n\t\t\t\t\t\t<div class=\"nuss-box\">\t\t<div class=\"nuss-image image\">\r\n\t\t\t<img decoding=\"async\"  src=\"https:\/\/jianguohiddenhotel.com\/wp-content\/uploads\/2025\/07\/JIANGUO-HIDDEN-HOTEL-78.webp\" alt=\"JIANGUO ALBERGO NASCOSTO (78)\" \/>\t\t<\/div>\r\n\t\t\t\t<\/div>\t\t\t\t\t<\/div>\r\n\t\t\t\t\t\t<div class=\"grid-item\">\r\n\t\t\t\t\t\t<div class=\"nuss-box\">\t\t<div class=\"nuss-image image\">\r\n\t\t\t<img decoding=\"async\"  src=\"https:\/\/jianguohiddenhotel.com\/wp-content\/uploads\/2025\/07\/JIANGUO-HIDDEN-HOTEL-82.webp\" alt=\"JIANGUO ALBERGO NASCOSTO (82)\" \/>\t\t<\/div>\r\n\t\t\t\t<\/div>\t\t\t\t\t<\/div>\r\n\t\t\t\t\t\t\t\r\n\t\t\t<\/div>\r\n\t\t<\/div>\r\n\t\t\t\t\t\t<\/div>\n\t\t\t\t<\/div>\n\t\t\t\t\t<\/div>\n\t\t\t\t<\/div>\n\t\t<div class=\"elementor-element elementor-element-4e74ae1 e-flex e-con-boxed e-con e-parent\" data-id=\"4e74ae1\" data-element_type=\"container\" data-e-type=\"container\">\n\t\t\t\t\t<div class=\"e-con-inner\">\n\t\t\t\t<div class=\"elementor-element elementor-element-fdccf0b elementor-widget elementor-widget-text-editor\" data-id=\"fdccf0b\" data-element_type=\"widget\" data-e-type=\"widget\" data-widget_type=\"text-editor.default\">\n\t\t\t\t\t\t\t\t\t<p>Quando le porte dello JIANGUO HIDDEN HOTEL si aprirono per la prima volta, lo fecero con una silenziosa umilt\u00e0. Nessuna fanfara, solo un gentile invito: <em>Forza, rallenta. Respira. Ascolta.<\/em> Dal momento in cui gli ospiti varcano la soglia della hall scarsamente illuminata, dove un singolo koto suona una melodia tradizionale e una parete di muschio vivente simboleggia il rinnovamento, sono invitati a lasciarsi alle spalle il ritmo del mondo esterno. L&#039;esperienza \u00e8 personale e intuitiva. Il personale \u00e8 formato non solo per il servizio, ma anche per... <em>wu wei<\/em>\u2014l&#039;arte dell&#039;azione senza sforzo\u2014anticipare i bisogni senza intrusioni, offrire calore senza esagerare.<\/p><p>Nel tempo, l&#039;hotel \u00e8 diventato pi\u00f9 di una semplice destinazione: \u00e8 diventato un custode di storie. Ospitiamo studiosi che ripercorrono le origini dell&#039;arte buddista, famiglie che riscoprono le proprie radici ancestrali nello Shanxi e viaggiatori internazionali alla ricerca di una comprensione pi\u00f9 profonda della Cina, oltre la cartolina. I nostri programmi culturali curati nei minimi dettagli \u2013 workshop di calligrafia con maestri locali, sessioni private di tai chi nel giardino della luna e cene a lume di lanterna sotto le stelle \u2013 riflettono il nostro impegno per una connessione significativa.<\/p><p>JIANGUO HIDDEN HOTEL \u00e8 anche una storia di sostenibilit\u00e0 e comunit\u00e0. Collaboriamo con i villaggi vicini per reperire ingredienti biologici per il nostro ristorante, Yunxiang, dove il famoso aceto invecchiato dello Shanxi, i noodles tagliati al coltello e le torte di miglio vengono trasformati in arte culinaria. Sosteniamo gli artigiani locali esponendo e vendendo i loro prodotti nella galleria della hall e investiamo in progetti di conservazione del patrimonio, tra cui il restauro di affreschi di templi dimenticati e di antichi pozzi.<\/p><p>Mentre Datong continua a evolversi, bilanciando il rapido sviluppo con la salvaguardia della sua anima, lo JIANGUO HIDDEN HOTEL rimane un incrollabile custode di quiete e autenticit\u00e0. Non ci nascondiamo perch\u00e9 desideriamo essere invisibili, ma perch\u00e9 crediamo che le esperienze pi\u00f9 profonde si trovino nella quiete, nei dettagli, negli spazi tra le parole.<\/p><p>Questa \u00e8 la nostra storia: un racconto di luogo, scopo e presenza.<br \/>Di un hotel che non urla, ma sussurra.<br \/>Di un&#039;eredit\u00e0 scritta non nella pietra, ma nei cuori di coloro che restano.<\/p><p data-spm-anchor-id=\"a2ty_o01.29997173.0.i29.6242c921Bll23M\">Benvenuti allo JIANGUO HIDDEN HOTEL.<br \/>Il tuo viaggio nell&#039;occulto inizia qui.<\/p>\t\t\t\t\t\t\t\t<\/div>\n\t\t\t\t\t<\/div>\n\t\t\t\t<\/div>\n\t\t\t\t<section class=\"elementor-section elementor-top-section elementor-element elementor-element-78dd6be elementor-section-boxed elementor-section-gap-beside-yes elementor-section-height-default elementor-section-height-default elementor-section-column-vertical-align-stretch\" data-id=\"78dd6be\" data-element_type=\"section\" data-e-type=\"section\" data-settings=\"{&quot;background_background&quot;:&quot;classic&quot;}\">\n\t\t\t\t\t\t<div class=\"elementor-container elementor-column-gap-extended\">\n\t\t\t\t\t<div class=\"elementor-column elementor-col-100 elementor-top-column elementor-element elementor-element-44218aaa\" data-id=\"44218aaa\" data-element_type=\"column\" data-e-type=\"column\">\n\t\t\t<div class=\"elementor-widget-wrap elementor-element-populated\">\n\t\t\t\t\t\t<div class=\"elementor-element elementor-element-365f29a7 elementor-widget elementor-widget-heading\" data-id=\"365f29a7\" data-element_type=\"widget\" data-e-type=\"widget\" data-widget_type=\"heading.default\">\n\t\t\t\t\t<h2 class=\"elementor-heading-title elementor-size-default\">Controlla disponibile <\/h2>\t\t\t\t<\/div>\n\t\t\t\t<div class=\"elementor-element elementor-element-46519b47 elementor-widget elementor-widget-text-editor\" data-id=\"46519b47\" data-element_type=\"widget\" data-e-type=\"widget\" data-widget_type=\"text-editor.default\">\n\t\t\t\t\t\t\t\t\t<iframe border=\"0\" src=\"https:\/\/www.trip.com\/partners\/ad\/S4653525?Allianceid=4590391&#038;SID=243021108&#038;trip_sub1=\" style=\"width:900px;height:200px\" frameborder=\"0\" scrolling=\"no\" id=\"S4653525\"><\/iframe>\t\t\t\t\t\t\t\t<\/div>\n\t\t\t\t\t<\/div>\n\t\t<\/div>\n\t\t\t\t\t<\/div>\n\t\t<\/section>\n\t\t\t\t<\/div>","protected":false},"excerpt":{"rendered":"<p>The Soul of JIANGUO HIDDEN HOTEL \u2013 Where Heritage Meets Hidden Harmony In the ancient city of Datong, where centuries of imperial ambition, Silk Road trade, and Buddhist devotion have shaped the soul of northern China, a new chapter in hospitality quietly unfolds. Here, nestled within the elegant silhouette of the Yongtai Building on South [&hellip;]<\/p>\n","protected":false},"author":1,"featured_media":0,"parent":0,"menu_order":0,"comment_status":"closed","ping_status":"closed","template":"","meta":{"footnotes":""},"class_list":["post-2104","page","type-page","status-publish","hentry","post-no-thumbnail"],"_links":{"self":[{"href":"https:\/\/jianguohiddenhotel.com\/it\/wp-json\/wp\/v2\/pages\/2104","targetHints":{"allow":["GET"]}}],"collection":[{"href":"https:\/\/jianguohiddenhotel.com\/it\/wp-json\/wp\/v2\/pages"}],"about":[{"href":"https:\/\/jianguohiddenhotel.com\/it\/wp-json\/wp\/v2\/types\/page"}],"author":[{"embeddable":true,"href":"https:\/\/jianguohiddenhotel.com\/it\/wp-json\/wp\/v2\/users\/1"}],"replies":[{"embeddable":true,"href":"https:\/\/jianguohiddenhotel.com\/it\/wp-json\/wp\/v2\/comments?post=2104"}],"version-history":[{"count":0,"href":"https:\/\/jianguohiddenhotel.com\/it\/wp-json\/wp\/v2\/pages\/2104\/revisions"}],"wp:attachment":[{"href":"https:\/\/jianguohiddenhotel.com\/it\/wp-json\/wp\/v2\/media?parent=2104"}],"curies":[{"name":"parola chiave","href":"https:\/\/api.w.org\/{rel}","templated":true}]}}