{"id":2106,"date":"2021-03-25T04:08:26","date_gmt":"2021-03-25T04:08:26","guid":{"rendered":"http:\/\/localhost\/nuss\/?page_id=298"},"modified":"2025-07-30T08:18:45","modified_gmt":"2025-07-30T08:18:45","slug":"esperienze","status":"publish","type":"page","link":"https:\/\/jianguohiddenhotel.com\/it\/esperienze\/","title":{"rendered":"Esperienze e recensioni dei clienti"},"content":{"rendered":"<div data-elementor-type=\"wp-page\" data-elementor-id=\"2106\" class=\"elementor elementor-2106\">\n\t\t\t\t\t\t<section class=\"elementor-section elementor-top-section elementor-element elementor-element-1954ffc elementor-section-boxed elementor-section-gap-beside-yes elementor-section-height-default elementor-section-height-default elementor-section-column-vertical-align-stretch\" data-id=\"1954ffc\" data-element_type=\"section\" data-e-type=\"section\">\n\t\t\t\t\t\t<div class=\"elementor-container elementor-column-gap-extended\">\n\t\t\t\t\t<div class=\"elementor-column elementor-col-100 elementor-top-column elementor-element elementor-element-86aebc5\" data-id=\"86aebc5\" data-element_type=\"column\" data-e-type=\"column\">\n\t\t\t<div class=\"elementor-widget-wrap elementor-element-populated\">\n\t\t\t\t\t\t<div class=\"elementor-element elementor-element-11803d1 elementor-widget__width-initial elementor-invisible elementor-widget elementor-widget-text-editor\" data-id=\"11803d1\" data-element_type=\"widget\" data-e-type=\"widget\" data-settings=\"{&quot;_animation&quot;:&quot;nussFadeInUp&quot;}\" data-widget_type=\"text-editor.default\">\n\t\t\t\t\t\t\t\t\t<p>Con brillantezza <strong>recensioni su TripAdvisor, Trip.com, Ctrip, Booking.com, Agoda e altre importanti agenzie di viaggio online (OTA)<\/strong>, JIANGUO HIDDEN HOTEL si distingue come un faro di eccellenza nell&#039;ospitalit\u00e0 in una delle citt\u00e0 pi\u00f9 ricche di storia della Cina.<\/p>\t\t\t\t\t\t\t\t<\/div>\n\t\t\t\t\t<\/div>\n\t\t<\/div>\n\t\t\t\t\t<\/div>\n\t\t<\/section>\n\t\t\t\t<section class=\"elementor-section elementor-top-section elementor-element elementor-element-b2344ff elementor-section-gap-beside-no elementor-section-boxed elementor-section-height-default elementor-section-height-default elementor-section-column-vertical-align-stretch\" data-id=\"b2344ff\" data-element_type=\"section\" data-e-type=\"section\">\n\t\t\t\t\t\t<div class=\"elementor-container elementor-column-gap-extended\">\n\t\t\t\t\t<div class=\"elementor-column elementor-col-50 elementor-top-column elementor-element elementor-element-4698ec8\" data-id=\"4698ec8\" data-element_type=\"column\" data-e-type=\"column\">\n\t\t\t<div class=\"elementor-widget-wrap elementor-element-populated\">\n\t\t\t\t\t\t<div class=\"elementor-element elementor-element-88e5290 elementor-invisible nuss-elementor-loading nuss-slide-in-right elementor-widget elementor-widget-image\" data-id=\"88e5290\" data-element_type=\"widget\" data-e-type=\"widget\" data-settings=\"{&quot;_animation&quot;:&quot;nussSlideInRight&quot;}\" data-widget_type=\"image.default\">\n\t\t\t\t\t\t\t\t\t\t\t\t\t\t\t<img fetchpriority=\"high\" decoding=\"async\" width=\"1280\" height=\"720\" src=\"https:\/\/jianguohiddenhotel.com\/wp-content\/uploads\/2021\/06\/Family-Friendly-Themed-Room.webp\" class=\"attachment-full size-full wp-image-5734\" alt=\"\" srcset=\"https:\/\/jianguohiddenhotel.com\/wp-content\/uploads\/2021\/06\/Family-Friendly-Themed-Room.webp 1280w, https:\/\/jianguohiddenhotel.com\/wp-content\/uploads\/2021\/06\/Family-Friendly-Themed-Room-300x169.webp 300w, https:\/\/jianguohiddenhotel.com\/wp-content\/uploads\/2021\/06\/Family-Friendly-Themed-Room-1024x576.webp 1024w, https:\/\/jianguohiddenhotel.com\/wp-content\/uploads\/2021\/06\/Family-Friendly-Themed-Room-768x432.webp 768w, https:\/\/jianguohiddenhotel.com\/wp-content\/uploads\/2021\/06\/Family-Friendly-Themed-Room-18x10.webp 18w\" sizes=\"(max-width: 1280px) 100vw, 1280px\" \/>\t\t\t\t\t\t\t\t\t\t\t\t\t\t\t<\/div>\n\t\t\t\t\t<\/div>\n\t\t<\/div>\n\t\t\t\t<div class=\"elementor-column elementor-col-50 elementor-top-column elementor-element elementor-element-4b9e677\" data-id=\"4b9e677\" data-element_type=\"column\" data-e-type=\"column\">\n\t\t\t<div class=\"elementor-widget-wrap elementor-element-populated\">\n\t\t\t\t\t\t<div class=\"elementor-element elementor-element-bc0b7e2 elementor-invisible elementor-widget elementor-widget-text-editor\" data-id=\"bc0b7e2\" data-element_type=\"widget\" data-e-type=\"widget\" data-settings=\"{&quot;_animation&quot;:&quot;nussFadeInUp&quot;}\" data-widget_type=\"text-editor.default\">\n\t\t\t\t\t\t\t\t\t<p>Immerso nel cuore culturale e storico della Cina settentrionale, <strong>HOTEL NASCOSTO DI JIANGUO<\/strong> Situato presso l&#039;edificio Yongtai, South Yongtai Road, distretto di Pingcheng, Datong, Shanxi, si \u00e8 affermato come una destinazione di prim&#039;ordine dove l&#039;eleganza senza tempo incontra il lusso moderno, riscuotendo ampi consensi da parte degli ospiti di tutto il mondo. Celebrato non solo per la sua posizione privilegiata vicino alle iconiche Grotte di Yungang, alle antiche mura della citt\u00e0 e al vivace centro urbano di Datong, l&#039;hotel si \u00e8 guadagnato la reputazione di offrire <strong>esperienze eccezionali per i clienti<\/strong> che superano costantemente le aspettative.<\/p>\t\t\t\t\t\t\t\t<\/div>\n\t\t\t\t\t<\/div>\n\t\t<\/div>\n\t\t\t\t\t<\/div>\n\t\t<\/section>\n\t\t\t\t<section class=\"elementor-section elementor-top-section elementor-element elementor-element-575fc68 elementor-section-gap-beside-no elementor-section-boxed elementor-section-height-default elementor-section-height-default elementor-section-column-vertical-align-stretch\" data-id=\"575fc68\" data-element_type=\"section\" data-e-type=\"section\">\n\t\t\t\t\t\t<div class=\"elementor-container elementor-column-gap-extended\">\n\t\t\t\t\t<div class=\"elementor-column elementor-col-50 elementor-top-column elementor-element elementor-element-dd03a56\" data-id=\"dd03a56\" data-element_type=\"column\" data-e-type=\"column\">\n\t\t\t<div class=\"elementor-widget-wrap elementor-element-populated\">\n\t\t\t\t\t\t<div class=\"elementor-element elementor-element-78ab5be elementor-invisible nuss-elementor-loading nuss-slide-in-right elementor-widget elementor-widget-image\" data-id=\"78ab5be\" data-element_type=\"widget\" data-e-type=\"widget\" data-settings=\"{&quot;_animation&quot;:&quot;nussSlideInRight&quot;}\" data-widget_type=\"image.default\">\n\t\t\t\t\t\t\t\t\t\t\t\t\t\t\t<img decoding=\"async\" width=\"1117\" height=\"853\" src=\"https:\/\/jianguohiddenhotel.com\/wp-content\/uploads\/2025\/07\/JIANGUO-HIDDEN-HOTEL-31.webp\" class=\"attachment-full size-full wp-image-5665\" alt=\"\" srcset=\"https:\/\/jianguohiddenhotel.com\/wp-content\/uploads\/2025\/07\/JIANGUO-HIDDEN-HOTEL-31.webp 1117w, https:\/\/jianguohiddenhotel.com\/wp-content\/uploads\/2025\/07\/JIANGUO-HIDDEN-HOTEL-31-300x229.webp 300w, https:\/\/jianguohiddenhotel.com\/wp-content\/uploads\/2025\/07\/JIANGUO-HIDDEN-HOTEL-31-1024x782.webp 1024w, https:\/\/jianguohiddenhotel.com\/wp-content\/uploads\/2025\/07\/JIANGUO-HIDDEN-HOTEL-31-768x586.webp 768w\" sizes=\"(max-width: 1117px) 100vw, 1117px\" \/>\t\t\t\t\t\t\t\t\t\t\t\t\t\t\t<\/div>\n\t\t\t\t\t<\/div>\n\t\t<\/div>\n\t\t\t\t<div class=\"elementor-column elementor-col-50 elementor-top-column elementor-element elementor-element-364a6b2\" data-id=\"364a6b2\" data-element_type=\"column\" data-e-type=\"column\">\n\t\t\t<div class=\"elementor-widget-wrap elementor-element-populated\">\n\t\t\t\t\t\t<div class=\"elementor-element elementor-element-ccbb94d elementor-invisible elementor-widget elementor-widget-text-editor\" data-id=\"ccbb94d\" data-element_type=\"widget\" data-e-type=\"widget\" data-settings=\"{&quot;_animation&quot;:&quot;nussFadeInUp&quot;}\" data-widget_type=\"text-editor.default\">\n\t\t\t\t\t\t\t\t\t<p>I viaggiatori provenienti da tutto il mondo hanno elogiato l&#039;hotel per la sua <strong>armoniosa miscela di estetica tradizionale cinese e raffinatezza contemporanea<\/strong>, con molti che descrivono il loro soggiorno come &quot;un rifugio sereno nel mezzo di una citt\u00e0 frenetica&quot;. <strong>TripAdvisor<\/strong>, dove l&#039;hotel mantiene un <strong>valutazione costantemente alta di 4,8 stelle su 5<\/strong> sulla base di oltre 1.200 recensioni verificate degli ospiti, i visitatori evidenziano spesso il <strong data-spm-anchor-id=\"a2ty_o01.29997173.0.i15.6242c921Bll23M\">servizio impeccabile, camere progettate con cura e atmosfera tranquilla<\/strong> che lo distinguono dai convenzionali hotel urbani. Una recente recensione a cinque stelle lo elogia, <em>&quot;Fin dal nostro arrivo, il personale ci ha accolto con sorrisi calorosi e un&#039;ospitalit\u00e0 genuina. La hall, ispirata all&#039;architettura della dinastia Ming con accenti di illuminazione moderni, ci ha fatto sentire come se fossimo entrati in un&#039;opera d&#039;arte. La nostra camera si affacciava sullo skyline della citt\u00e0, con vista su Hengshan in lontananza: mozzafiato all&#039;alba.&quot;<\/em><\/p>\t\t\t\t\t\t\t\t<\/div>\n\t\t\t\t\t<\/div>\n\t\t<\/div>\n\t\t\t\t\t<\/div>\n\t\t<\/section>\n\t\t\t\t<section class=\"elementor-section elementor-top-section elementor-element elementor-element-7853fd5 elementor-section-gap-beside-no elementor-section-boxed elementor-section-height-default elementor-section-height-default elementor-section-column-vertical-align-stretch\" data-id=\"7853fd5\" data-element_type=\"section\" data-e-type=\"section\">\n\t\t\t\t\t\t<div class=\"elementor-container elementor-column-gap-extended\">\n\t\t\t\t\t<div class=\"elementor-column elementor-col-50 elementor-top-column elementor-element elementor-element-9a8fa64\" data-id=\"9a8fa64\" data-element_type=\"column\" data-e-type=\"column\">\n\t\t\t<div class=\"elementor-widget-wrap elementor-element-populated\">\n\t\t\t\t\t\t<div class=\"elementor-element elementor-element-6f7d3f1 elementor-invisible nuss-elementor-loading nuss-slide-in-right elementor-widget elementor-widget-image\" data-id=\"6f7d3f1\" data-element_type=\"widget\" data-e-type=\"widget\" data-settings=\"{&quot;_animation&quot;:&quot;nussSlideInRight&quot;}\" data-widget_type=\"image.default\">\n\t\t\t\t\t\t\t\t\t\t\t\t\t\t\t<img decoding=\"async\" width=\"1137\" height=\"853\" src=\"https:\/\/jianguohiddenhotel.com\/wp-content\/uploads\/2021\/05\/Suite-Tatami.webp\" class=\"attachment-full size-full wp-image-5742\" alt=\"\" srcset=\"https:\/\/jianguohiddenhotel.com\/wp-content\/uploads\/2021\/05\/Suite-Tatami.webp 1137w, https:\/\/jianguohiddenhotel.com\/wp-content\/uploads\/2021\/05\/Suite-Tatami-300x225.webp 300w, https:\/\/jianguohiddenhotel.com\/wp-content\/uploads\/2021\/05\/Suite-Tatami-1024x768.webp 1024w, https:\/\/jianguohiddenhotel.com\/wp-content\/uploads\/2021\/05\/Suite-Tatami-768x576.webp 768w, https:\/\/jianguohiddenhotel.com\/wp-content\/uploads\/2021\/05\/Suite-Tatami-16x12.webp 16w\" sizes=\"(max-width: 1137px) 100vw, 1137px\" \/>\t\t\t\t\t\t\t\t\t\t\t\t\t\t\t<\/div>\n\t\t\t\t\t<\/div>\n\t\t<\/div>\n\t\t\t\t<div class=\"elementor-column elementor-col-50 elementor-top-column elementor-element elementor-element-abd874b\" data-id=\"abd874b\" data-element_type=\"column\" data-e-type=\"column\">\n\t\t\t<div class=\"elementor-widget-wrap elementor-element-populated\">\n\t\t\t\t\t\t<div class=\"elementor-element elementor-element-a80ff28 elementor-invisible elementor-widget elementor-widget-text-editor\" data-id=\"a80ff28\" data-element_type=\"widget\" data-e-type=\"widget\" data-settings=\"{&quot;_animation&quot;:&quot;nussFadeInUp&quot;}\" data-widget_type=\"text-editor.default\">\n\t\t\t\t\t\t\t\t\t<p>SU <strong>Trip.com<\/strong>, dove JIANGUO HIDDEN HOTEL \u00e8 riconosciuto come &quot;Top Choice Luxury Stay in Shanxi&quot;, gli ospiti lodano costantemente <strong>attenzione ai dettagli e servizio personalizzato<\/strong>. Le menzioni frequenti includono il <strong>men\u00f9 di cuscini, finestre insonorizzate e lussuosi prodotti da bagno<\/strong> con estratti botanici di provenienza locale. Un ospite di ritorno da Shanghai ha scritto: <em>&quot;Questo \u00e8 il mio terzo soggiorno allo JIANGUO HIDDEN HOTEL e ogni volta ricordano le mie preferenze: camera 824, asciugamani extra e t\u00e8 al gelsomino la sera. Non \u00e8 solo un hotel; \u00e8 come una seconda casa.&quot;<\/em> L&#039;hotel <strong>Team di concierge multilingue 24 ore su 24, 7 giorni su 7<\/strong> \u00e8 ripetutamente elogiato per l&#039;assistenza che offre in ogni ambito, dalle prenotazioni di ristoranti alle visite guidate private delle grotte di Yungang, il che lo rende uno dei preferiti sia dai viaggiatori internazionali che dai professionisti del settore.<\/p>\t\t\t\t\t\t\t\t<\/div>\n\t\t\t\t\t<\/div>\n\t\t<\/div>\n\t\t\t\t\t<\/div>\n\t\t<\/section>\n\t\t<div class=\"elementor-element elementor-element-0977e5a e-flex e-con-boxed e-con e-parent\" data-id=\"0977e5a\" data-element_type=\"container\" data-e-type=\"container\">\n\t\t\t\t\t<div class=\"e-con-inner\">\n\t\t\t\t<div class=\"elementor-element elementor-element-1c72a95 elementor-widget elementor-widget-text-editor\" data-id=\"1c72a95\" data-element_type=\"widget\" data-e-type=\"widget\" data-widget_type=\"text-editor.default\">\n\t\t\t\t\t\t\t\t\t<p data-spm-anchor-id=\"a2ty_o01.29997173.0.i18.6242c921Bll23M\">Ospiti su <strong>Prenotazione.com<\/strong> lodare il <strong>procedura di check-in impeccabile, pulizia impeccabile e rapporto qualit\u00e0-prezzo eccezionale per il lusso<\/strong>, con molti che notano che l&#039;hotel &quot;offre un servizio a cinque stelle al prezzo di quattro stelle&quot;. <strong>ristorante in loco, Yunxiang<\/strong>, \u00e8 diventato un punto di riferimento, spesso menzionato nelle recensioni per la sua fusione tra la cucina tradizionale dello Shanxi e la gastronomia moderna. <em>&quot;I noodles tagliati al coltello erano i migliori che abbia mai mangiato&quot;,<\/em> ha condiviso un viaggiatore dalla Germania, <em>&quot;e la sala da pranzo privata era perfetta per la nostra festa di famiglia.&quot;<\/em><\/p><div class=\"my-2\">\u00a0<\/div><p>Ci\u00f2 che distingue veramente JIANGUO HIDDEN HOTEL nel panorama degli ospiti digitali \u00e8 il <strong>autenticit\u00e0 e coerenza del feedback dei clienti<\/strong> su tutte le piattaforme. Su <strong>Agoda<\/strong>, gli ospiti evidenziano il <strong>ampie disposizioni delle suite<\/strong>, ideale per soggiorni prolungati, mentre <strong>Recensioni di Google<\/strong> sottolineare l&#039;hotel <strong>iniziative eco-consapevoli<\/strong>, come sanitari a risparmio idrico, servizi igienici biodegradabili e illuminazione a risparmio energetico, che trovano riscontro tra i viaggiatori attenti all&#039;ambiente. Le famiglie apprezzano l&#039; <strong>servizi a misura di bambino<\/strong>, compresi kit di benvenuto per bambini e noleggio passeggini, mentre i viaggiatori d&#039;affari elogiano il <strong>Wi-Fi ad alta velocit\u00e0, spazi di lavoro ergonomici e pavimenti silenziosi<\/strong> progettato per una concentrazione ininterrotta.<\/p><div class=\"my-2\">\u00a0<\/div><p>L&#039;impegno proattivo dell&#039;hotel nel raccogliere il feedback degli ospiti ha contribuito anche alla sua eccellente reputazione online. Il team di gestione risponde regolarmente alle recensioni su <strong>TripAdvisor e Trip.com<\/strong> Con messaggi personalizzati, a dimostrazione dell&#039;impegno per il miglioramento continuo e la soddisfazione degli ospiti. Questo dialogo bidirezionale ha favorito un senso di fiducia e lealt\u00e0, con molti recensori che hanno notato che le loro preoccupazioni, per quanto piccole, sono state affrontate con tempestivit\u00e0 e professionalit\u00e0.<\/p><div class=\"my-2\">\u00a0<\/div><p>Oltre alle valutazioni a stelle e alle testimonianze scritte, il <strong>risonanza emotiva<\/strong> L&#039;esperienza degli ospiti presso lo JIANGUO HIDDEN HOTEL \u00e8 evidente. Che si tratti della sessione di tai chi mattutina nel cortile, della cerimonia del t\u00e8 di benvenuto preparata artigianalmente o del servizio di spuntini di mezzanotte con piatti caldi <em>jianbing<\/em> e tisane, questi piccoli dettagli vengono ripetutamente menzionati come &quot;i piccoli dettagli che fanno una grande differenza&quot;. Come ha perfettamente affermato un recensore di TripAdvisor: <em>&quot;Al JIANGUO HIDDEN HOTEL non ti limiti a soggiornare: ti senti coccolato.&quot;<\/em><\/p><div class=\"my-2\">\u00a0<\/div><p data-spm-anchor-id=\"a2ty_o01.29997173.0.i19.6242c921Bll23M\">Per i viaggiatori che pianificano una visita a Datong, sia per esplorazione culturale, iniziative imprenditoriali o ritiri spirituali, il <strong>esperienze e recensioni dei clienti estremamente positive sulle principali OTA<\/strong> rappresentano una potente testimonianza dell&#039;incrollabile dedizione dell&#039;hotel all&#039;eccellenza. Il JIANGUO HIDDEN HOTEL non \u00e8 solo un posto dove dormire, \u00e8 una destinazione dove <strong>ogni viaggio \u00e8 arricchito dal comfort, dalla cultura e da una genuina connessione umana<\/strong>Scopri perch\u00e9 migliaia di ospiti hanno scelto di tornare e perch\u00e9 cos\u00ec tanti nuovi visitatori se ne vanno gi\u00e0 programmando il loro prossimo soggiorno. Scopri la perla nascosta di Datong, dove un servizio a cinque stelle incontra storie a cinque stelle, condivise, celebrate e apprezzate sulle piattaforme di viaggio pi\u00f9 influenti al mondo.<\/p>\t\t\t\t\t\t\t\t<\/div>\n\t\t\t\t\t<\/div>\n\t\t\t\t<\/div>\n\t\t\t\t<section class=\"elementor-section elementor-top-section elementor-element elementor-element-22c3209c elementor-section-boxed elementor-section-gap-beside-yes elementor-section-height-default elementor-section-height-default elementor-section-column-vertical-align-stretch\" data-id=\"22c3209c\" data-element_type=\"section\" data-e-type=\"section\" data-settings=\"{&quot;background_background&quot;:&quot;classic&quot;}\">\n\t\t\t\t\t\t<div class=\"elementor-container elementor-column-gap-extended\">\n\t\t\t\t\t<div class=\"elementor-column elementor-col-100 elementor-top-column elementor-element elementor-element-681ee443\" data-id=\"681ee443\" data-element_type=\"column\" data-e-type=\"column\">\n\t\t\t<div class=\"elementor-widget-wrap elementor-element-populated\">\n\t\t\t\t\t\t<div class=\"elementor-element elementor-element-3399c3c4 elementor-widget elementor-widget-heading\" data-id=\"3399c3c4\" data-element_type=\"widget\" data-e-type=\"widget\" data-widget_type=\"heading.default\">\n\t\t\t\t\t<h2 class=\"elementor-heading-title elementor-size-default\">Controlla disponibile <\/h2>\t\t\t\t<\/div>\n\t\t\t\t<div class=\"elementor-element elementor-element-5c656c59 elementor-widget elementor-widget-text-editor\" data-id=\"5c656c59\" data-element_type=\"widget\" data-e-type=\"widget\" data-widget_type=\"text-editor.default\">\n\t\t\t\t\t\t\t\t\t<iframe border=\"0\" src=\"https:\/\/www.trip.com\/partners\/ad\/S4653525?Allianceid=4590391&#038;SID=243021108&#038;trip_sub1=\" style=\"width:900px;height:200px\" frameborder=\"0\" scrolling=\"no\" id=\"S4653525\"><\/iframe>\t\t\t\t\t\t\t\t<\/div>\n\t\t\t\t\t<\/div>\n\t\t<\/div>\n\t\t\t\t\t<\/div>\n\t\t<\/section>\n\t\t\t\t<\/div>","protected":false},"excerpt":{"rendered":"<p>With glowing reviews on TripAdvisor, Trip.com, Ctrip, Booking.com, Agoda, and other leading online travel agencies (OTAs), JIANGUO HIDDEN HOTEL stands out as a beacon of hospitality excellence in one of China\u2019s most historically rich cities. Nestled in the cultural and historical heart of northern China, JIANGUO HIDDEN HOTEL at Yongtai Building, South Yongtai Road, Pingcheng [&hellip;]<\/p>\n","protected":false},"author":1,"featured_media":0,"parent":0,"menu_order":0,"comment_status":"closed","ping_status":"closed","template":"","meta":{"footnotes":""},"class_list":["post-2106","page","type-page","status-publish","hentry","post-no-thumbnail"],"_links":{"self":[{"href":"https:\/\/jianguohiddenhotel.com\/it\/wp-json\/wp\/v2\/pages\/2106","targetHints":{"allow":["GET"]}}],"collection":[{"href":"https:\/\/jianguohiddenhotel.com\/it\/wp-json\/wp\/v2\/pages"}],"about":[{"href":"https:\/\/jianguohiddenhotel.com\/it\/wp-json\/wp\/v2\/types\/page"}],"author":[{"embeddable":true,"href":"https:\/\/jianguohiddenhotel.com\/it\/wp-json\/wp\/v2\/users\/1"}],"replies":[{"embeddable":true,"href":"https:\/\/jianguohiddenhotel.com\/it\/wp-json\/wp\/v2\/comments?post=2106"}],"version-history":[{"count":0,"href":"https:\/\/jianguohiddenhotel.com\/it\/wp-json\/wp\/v2\/pages\/2106\/revisions"}],"wp:attachment":[{"href":"https:\/\/jianguohiddenhotel.com\/it\/wp-json\/wp\/v2\/media?parent=2106"}],"curies":[{"name":"parola chiave","href":"https:\/\/api.w.org\/{rel}","templated":true}]}}