{"id":2109,"date":"2021-03-26T08:35:58","date_gmt":"2021-03-26T08:35:58","guid":{"rendered":"http:\/\/localhost\/nuss\/?page_id=536"},"modified":"2025-07-30T08:10:47","modified_gmt":"2025-07-30T08:10:47","slug":"strutture-aziendali","status":"publish","type":"page","link":"https:\/\/jianguohiddenhotel.com\/it\/strutture-aziendali\/","title":{"rendered":"Strutture aziendali"},"content":{"rendered":"<div data-elementor-type=\"wp-page\" data-elementor-id=\"2109\" class=\"elementor elementor-2109\">\n\t\t\t\t\t\t<section class=\"elementor-section elementor-top-section elementor-element elementor-element-bb2901b elementor-section-boxed elementor-section-gap-beside-yes elementor-section-height-default elementor-section-height-default elementor-section-column-vertical-align-stretch\" data-id=\"bb2901b\" data-element_type=\"section\" data-e-type=\"section\">\n\t\t\t\t\t\t<div class=\"elementor-container elementor-column-gap-extended\">\n\t\t\t\t\t<div class=\"elementor-column elementor-col-100 elementor-top-column elementor-element elementor-element-1919db9\" data-id=\"1919db9\" data-element_type=\"column\" data-e-type=\"column\">\n\t\t\t<div class=\"elementor-widget-wrap elementor-element-populated\">\n\t\t\t\t\t\t<div class=\"elementor-element elementor-element-41a7b9c elementor-widget__width-initial elementor-invisible elementor-widget elementor-widget-text-editor\" data-id=\"41a7b9c\" data-element_type=\"widget\" data-e-type=\"widget\" data-settings=\"{&quot;_animation&quot;:&quot;nussFadeInUp&quot;}\" data-widget_type=\"text-editor.default\">\n\t\t\t\t\t\t\t\t\t<p>La sala riunioni del nostro hotel offre uno spazio riservato ed elegante nel cuore di New York per riunioni di gruppo da 8 a 10 persone. Per il vostro comfort e la vostra comodit\u00e0, sono disponibili pacchetti per pause caff\u00e8.<\/p>\t\t\t\t\t\t\t\t<\/div>\n\t\t\t\t\t<\/div>\n\t\t<\/div>\n\t\t\t\t\t<\/div>\n\t\t<\/section>\n\t\t<div class=\"elementor-element elementor-element-a828ae4 e-flex e-con-boxed e-con e-parent\" data-id=\"a828ae4\" data-element_type=\"container\" data-e-type=\"container\">\n\t\t\t\t\t<div class=\"e-con-inner\">\n\t\t\t\t<div class=\"elementor-element elementor-element-ac47a29 elementor-widget elementor-widget-nuss-image-gallery\" data-id=\"ac47a29\" data-element_type=\"widget\" data-e-type=\"widget\" data-widget_type=\"nuss-image-gallery.default\">\n\t\t\t\t<div class=\"elementor-widget-container\">\n\t\t\t\t\t\t\t<div class=\"nuss-grid-wrapper\" data-grid=\"{&quot;type&quot;:&quot;grid&quot;,&quot;ratio&quot;:null,&quot;columns&quot;:3,&quot;gutter&quot;:30}\">\r\n\t\t\t<div class=\"nuss-grid lazy-grid\">\r\n\t\t\t\t<div class=\"grid-sizer\"><\/div>\r\n\r\n\t\t\t\t\t\t\t\t\t\t\t\t<div class=\"grid-item\">\r\n\t\t\t\t\t\t<div class=\"nuss-box\">\t\t<div class=\"nuss-image image\">\r\n\t\t\t<img decoding=\"async\"  src=\"https:\/\/jianguohiddenhotel.com\/wp-content\/uploads\/2025\/07\/JIANGUO-HIDDEN-HOTEL-57.webp\" alt=\"HOTEL NASCOSTO DI JIANGUO (57)\" \/>\t\t<\/div>\r\n\t\t\t\t<\/div>\t\t\t\t\t<\/div>\r\n\t\t\t\t\t\t<div class=\"grid-item\">\r\n\t\t\t\t\t\t<div class=\"nuss-box\">\t\t<div class=\"nuss-image image\">\r\n\t\t\t<img decoding=\"async\"  src=\"https:\/\/jianguohiddenhotel.com\/wp-content\/uploads\/2025\/07\/JIANGUO-HIDDEN-HOTEL-56.webp\" alt=\"JIANGUO HOTEL NASCOSTO (56)\" \/>\t\t<\/div>\r\n\t\t\t\t<\/div>\t\t\t\t\t<\/div>\r\n\t\t\t\t\t\t<div class=\"grid-item\">\r\n\t\t\t\t\t\t<div class=\"nuss-box\">\t\t<div class=\"nuss-image image\">\r\n\t\t\t<img decoding=\"async\"  src=\"https:\/\/jianguohiddenhotel.com\/wp-content\/uploads\/2025\/07\/JIANGUO-HIDDEN-HOTEL-55.webp\" alt=\"JIANGUO ALBERGO NASCOSTO (55)\" \/>\t\t<\/div>\r\n\t\t\t\t<\/div>\t\t\t\t\t<\/div>\r\n\t\t\t\t\t\t\t\r\n\t\t\t<\/div>\r\n\t\t<\/div>\r\n\t\t\t\t\t\t<\/div>\n\t\t\t\t<\/div>\n\t\t\t\t\t<\/div>\n\t\t\t\t<\/div>\n\t\t<div class=\"elementor-element elementor-element-acc94a1 e-flex e-con-boxed e-con e-parent\" data-id=\"acc94a1\" data-element_type=\"container\" data-e-type=\"container\">\n\t\t\t\t\t<div class=\"e-con-inner\">\n\t\t\t\t<div class=\"elementor-element elementor-element-63cabc5 elementor-widget elementor-widget-text-editor\" data-id=\"63cabc5\" data-element_type=\"widget\" data-e-type=\"widget\" data-widget_type=\"text-editor.default\">\n\t\t\t\t\t\t\t\t\t<p data-spm-anchor-id=\"a2ty_o01.29997173.0.i1.6242c921Bll23M\">Situato nel cuore del fiorente distretto di Pingcheng di Datong, il <strong>HOTEL NASCOSTO DI JIANGUO<\/strong> emerge come una magistrale fusione di eleganza tradizionale e raffinatezza contemporanea, ridefinendo gli standard dell&#039;ospitalit\u00e0 di lusso nel nord dello Shanxi. Situato all&#039;interno dell&#039;iconico Yongtai Building su South Yongtai Road, questo raffinato santuario urbano occupa una posizione strategica al crocevia tra storia e modernit\u00e0, a pochi minuti dalle antiche mura della citt\u00e0 di Datong, ma perfettamente collegato al dinamico ritmo degli affari e del commercio che caratterizza questa regione rivitalizzata. Pi\u00f9 di un semplice luogo di riposo, JIANGUO HIDDEN HOTEL \u00e8 una destinazione in cui design raffinato, risonanza culturale e infrastrutture aziendali all&#039;avanguardia convergono per servire il viaggiatore esigente, l&#039;imprenditore lungimirante e il dirigente globale.<\/p><p>Al centro dell&#039;identit\u00e0 dell&#039;hotel c&#039;\u00e8 il suo impegno nel fornire un&#039;esperienza eccezionale <strong>ambiente aziendale<\/strong> che trascende l&#039;ordinario. Progettate pensando al professionista moderno, le strutture business dell&#039;hotel sono meticolosamente curate per supportare produttivit\u00e0, collaborazione e connettivit\u00e0 senza interruzioni. Con oltre 800 metri quadrati di spazio di lavoro progettato in modo intelligente, <strong>Centro affari presso JIANGUO HIDDEN HOTEL<\/strong> Offre una gamma completa di servizi pensati per soddisfare le diverse esigenze degli ospiti aziendali. Che si tratti di organizzare una riunione del consiglio di amministrazione di alto livello, lanciare una strategia regionale o condurre una videoconferenza privata con sedi centrali in tutto il mondo, gli ospiti troveranno un ecosistema di supporto che coniuga discrezione, tecnologia e comfort.<\/p><p>Il fulcro dell&#039;offerta aziendale \u00e8 il <strong>Sala del Consiglio Esecutivo<\/strong>, uno spazio luminoso e insonorizzato, impreziosito da mobili in noce fatti a mano e da un&#039;illuminazione d&#039;atmosfera. Dotata di un display interattivo 8K all&#039;avanguardia, sistemi di teleconferenza integrati (inclusi Zoom, Microsoft Teams e compatibilit\u00e0 con Tencent Meeting) e capacit\u00e0 di traduzione multilingue in tempo reale, la sala riunioni garantisce una comunicazione impeccabile indipendentemente dal fuso orario e dalla lingua. Le finestre a tutta altezza offrono viste panoramiche sullo skyline della citt\u00e0 e sui lontani Monti Hengshan, offrendo ispirazione e un sottile promemoria della forza e della resilienza durature racchiuse in questa antica regione.<\/p><p data-spm-anchor-id=\"a2ty_o01.29997173.0.i2.6242c921Bll23M\">A completare la sala riunioni ci sono <strong>tre sale riunioni flessibili<\/strong>, ciascuna progettata con layout modulari per ospitare riunioni che spaziano da sessioni di brainstorming riservate a workshop aziendali di medie dimensioni. Questi spazi sono dotati di climatizzazione intelligente, impostazioni di oscuramento della privacy e mirroring wireless delle presentazioni, consentendo ai team di passare senza problemi dall&#039;ideazione collaborativa alle presentazioni formali. Pannelli acustici fonoassorbenti e pavimenti di alta qualit\u00e0 garantiscono che la riservatezza non venga mai compromessa, una risorsa fondamentale per consulenze legali, trattative finanziarie o divulgazioni aziendali riservate.<\/p>\t\t\t\t\t\t\t\t<\/div>\n\t\t\t\t\t<\/div>\n\t\t\t\t<\/div>\n\t\t<div class=\"elementor-element elementor-element-c75d996 e-flex e-con-boxed e-con e-parent\" data-id=\"c75d996\" data-element_type=\"container\" data-e-type=\"container\">\n\t\t\t\t\t<div class=\"e-con-inner\">\n\t\t\t\t<div class=\"elementor-element elementor-element-8ee29ab elementor-widget elementor-widget-image\" data-id=\"8ee29ab\" data-element_type=\"widget\" data-e-type=\"widget\" data-widget_type=\"image.default\">\n\t\t\t\t\t\t\t\t\t\t\t\t\t\t\t<img fetchpriority=\"high\" decoding=\"async\" width=\"1024\" height=\"768\" src=\"https:\/\/jianguohiddenhotel.com\/wp-content\/uploads\/2025\/07\/JIANGUO-HIDDEN-HOTEL-53-1024x768.webp\" class=\"attachment-large size-large wp-image-5581\" alt=\"\" srcset=\"https:\/\/jianguohiddenhotel.com\/wp-content\/uploads\/2025\/07\/JIANGUO-HIDDEN-HOTEL-53-1024x768.webp 1024w, https:\/\/jianguohiddenhotel.com\/wp-content\/uploads\/2025\/07\/JIANGUO-HIDDEN-HOTEL-53-300x225.webp 300w, https:\/\/jianguohiddenhotel.com\/wp-content\/uploads\/2025\/07\/JIANGUO-HIDDEN-HOTEL-53-768x576.webp 768w, https:\/\/jianguohiddenhotel.com\/wp-content\/uploads\/2025\/07\/JIANGUO-HIDDEN-HOTEL-53.webp 1137w\" sizes=\"(max-width: 1024px) 100vw, 1024px\" \/>\t\t\t\t\t\t\t\t\t\t\t\t\t\t\t<\/div>\n\t\t\t\t\t<\/div>\n\t\t\t\t<\/div>\n\t\t<div class=\"elementor-element elementor-element-d294841 e-flex e-con-boxed e-con e-parent\" data-id=\"d294841\" data-element_type=\"container\" data-e-type=\"container\">\n\t\t\t\t\t<div class=\"e-con-inner\">\n\t\t\t\t<div class=\"elementor-element elementor-element-1adee48 elementor-widget elementor-widget-text-editor\" data-id=\"1adee48\" data-element_type=\"widget\" data-e-type=\"widget\" data-widget_type=\"text-editor.default\">\n\t\t\t\t\t\t\t\t\t<p>Per il professionista indipendente o il nomade digitale che conduce affari in movimento, il <strong>Concierge Business Lounge<\/strong> Offre un&#039;atmosfera serena, simile a quella di un club, con postazioni di lavoro ergonomiche, cabine telefoniche private e internet in fibra ottica ad altissima velocit\u00e0 (fino a 1 Gbps). Aperta 24 ore su 24, 7 giorni su 7 e gestita da concierge aziendali multilingue che parlano fluentemente mandarino, inglese e giapponese, la lounge offre supporto on-demand per la stampa di documenti, servizi di corriere, assistenza per i visti e persino traduzioni o autenticazioni notarili dell&#039;ultimo minuto. Caff\u00e8 artigianale gratuito, selezioni selezionate di t\u00e8 cinese e leggeri snack gourmet vengono serviti durante tutto il giorno, garantendo energia e concentrazione costanti.<\/p><p>Ci\u00f2 che distingue veramente l&#039;offerta commerciale di JIANGUO HIDDEN HOTEL \u00e8 la sua integrazione di <strong>intelligenza culturale nell&#039;esperienza aziendale<\/strong>Riconoscendo che Datong rappresenta un nodo cruciale nell&#039;iniziativa cinese Belt and Road e un polo emergente per l&#039;energia, il turismo e gli scambi culturali, l&#039;hotel collabora con zone di sviluppo economico locali, istituzioni accademiche e incubatori di innovazione per offrire ai clienti accesso a approfondimenti regionali e opportunit\u00e0 di networking. Gli ospiti possono richiedere briefing personalizzati sul panorama industriale dello Shanxi, organizzare visite in loco a progetti di energia rinnovabile nelle vicinanze o ospitare cene con i clienti a base di cucina tradizionale di Pingyao rivisitata dal pluripremiato chef executive dell&#039;hotel, il tutto organizzato dall&#039;hotel. <strong>Programma di collegamento aziendale<\/strong>.<\/p><p>Inoltre, l&#039;hotel <strong>Piattaforma di gestione eventi intelligente<\/strong> consente ai planner di configurare da remoto l&#039;allestimento delle sale, gestire i requisiti audiovisivi e coordinare il catering tramite un&#039;intuitiva dashboard digitale. Integrata con il check-in tramite riconoscimento facciale e con assistenti alla pianificazione basati sull&#039;intelligenza artificiale, la piattaforma riduce gli ostacoli amministrativi e migliora l&#039;efficienza complessiva di qualsiasi evento aziendale. Per conferenze pi\u00f9 grandi o lanci di prodotto, l&#039;adiacente <strong>Grande sala da ballo Yongtai<\/strong>\u2014accessibile tramite un ponte sospeso privato\u2014pu\u00f2 essere prenotato in tandem, offrendo una capienza di 1.200 ospiti con illuminazione teatrale completa, cabine per interpretazione simultanea e funzionalit\u00e0 di streaming live tramite droni.<\/p><p>Sicurezza e privacy sono di primaria importanza. L&#039;intera ala business \u00e8 dotata di un sistema di accesso biometrico, con reti Wi-Fi crittografate e monitoraggio della sicurezza informatica 24 ore su 24, 7 giorni su 7, per salvaguardare i dati sensibili. Tutte le sale riunioni sono dotate di tecnologia anti-intercettazione e l&#039;hotel aderisce al GDPR e alla legge cinese sulla protezione dei dati personali (PIPL), garantendo la conformit\u00e0 alle normative per le aziende internazionali.<\/p><p>Eppure, nonostante tutte queste prodezze tecnologiche, lo JIANGUO HIDDEN HOTEL non perde mai di vista l&#039;elemento umano. Il personale business \u00e8 formato non solo in competenze tecniche, ma anche nell&#039;arte del servizio previdente: ricordando l&#039;organizzazione preferita dagli ospiti per le riunioni, suggerendo gli orari ottimali per le chiamate in base ai fusi orari globali o organizzando un tranquillo ritiro post-riunione nello Sky Garden di ispirazione zen dell&#039;hotel per riflettere e ricentrarsi.<\/p><p data-spm-anchor-id=\"a2ty_o01.29997173.0.i5.6242c921Bll23M\">In sostanza, le strutture business dello JIANGUO HIDDEN HOTEL non sono semplicemente spazi funzionali, ma risorse strategiche. Riflettono una profonda comprensione di ci\u00f2 di cui i professionisti moderni hanno bisogno: agilit\u00e0, eleganza e un ambiente in cui le idee possano prosperare senza compromessi. Che stiate stringendo nuove partnership nel cuore della Cina settentrionale, guidando una trattativa transfrontaliera o semplicemente cercando un rifugio in cui lavorare con chiarezza e tranquillit\u00e0, lo JIANGUO HIDDEN HOTEL \u00e8 pronto: dove la tradizione incontra l&#039;innovazione e ogni dettaglio \u00e8 progettato per il successo. Benvenuti nel futuro dell&#039;ospitalit\u00e0 aziendale a Datong.<\/p>\t\t\t\t\t\t\t\t<\/div>\n\t\t\t\t\t<\/div>\n\t\t\t\t<\/div>\n\t\t\t\t<section class=\"elementor-section elementor-top-section elementor-element elementor-element-6420a89d elementor-section-boxed elementor-section-gap-beside-yes elementor-section-height-default elementor-section-height-default elementor-section-column-vertical-align-stretch\" data-id=\"6420a89d\" data-element_type=\"section\" data-e-type=\"section\" data-settings=\"{&quot;background_background&quot;:&quot;classic&quot;}\">\n\t\t\t\t\t\t<div class=\"elementor-container elementor-column-gap-extended\">\n\t\t\t\t\t<div class=\"elementor-column elementor-col-100 elementor-top-column elementor-element elementor-element-6538b4e0\" data-id=\"6538b4e0\" data-element_type=\"column\" data-e-type=\"column\">\n\t\t\t<div class=\"elementor-widget-wrap elementor-element-populated\">\n\t\t\t\t\t\t<div class=\"elementor-element elementor-element-14c1c6f3 elementor-widget elementor-widget-heading\" data-id=\"14c1c6f3\" data-element_type=\"widget\" data-e-type=\"widget\" data-widget_type=\"heading.default\">\n\t\t\t\t\t<h2 class=\"elementor-heading-title elementor-size-default\">Controlla disponibile <\/h2>\t\t\t\t<\/div>\n\t\t\t\t<div class=\"elementor-element elementor-element-5764d352 elementor-widget elementor-widget-text-editor\" data-id=\"5764d352\" data-element_type=\"widget\" data-e-type=\"widget\" data-widget_type=\"text-editor.default\">\n\t\t\t\t\t\t\t\t\t<iframe border=\"0\" src=\"https:\/\/www.trip.com\/partners\/ad\/S4653525?Allianceid=4590391&#038;SID=243021108&#038;trip_sub1=\" style=\"width:900px;height:200px\" frameborder=\"0\" scrolling=\"no\" id=\"S4653525\"><\/iframe>\t\t\t\t\t\t\t\t<\/div>\n\t\t\t\t\t<\/div>\n\t\t<\/div>\n\t\t\t\t\t<\/div>\n\t\t<\/section>\n\t\t\t\t<\/div>","protected":false},"excerpt":{"rendered":"<p>Our Hotel board room offers a private, elegant meeting space in the heart of New York for groups of 8 to 10 persons. For your comfort and convenience, coffee break packages are available. Nestled in the heart of Datong\u2019s burgeoning Pingcheng District, the JIANGUO HIDDEN HOTEL emerges as a masterful fusion of heritage elegance and [&hellip;]<\/p>\n","protected":false},"author":1,"featured_media":0,"parent":0,"menu_order":0,"comment_status":"closed","ping_status":"closed","template":"","meta":{"footnotes":""},"class_list":["post-2109","page","type-page","status-publish","hentry","post-no-thumbnail"],"_links":{"self":[{"href":"https:\/\/jianguohiddenhotel.com\/it\/wp-json\/wp\/v2\/pages\/2109","targetHints":{"allow":["GET"]}}],"collection":[{"href":"https:\/\/jianguohiddenhotel.com\/it\/wp-json\/wp\/v2\/pages"}],"about":[{"href":"https:\/\/jianguohiddenhotel.com\/it\/wp-json\/wp\/v2\/types\/page"}],"author":[{"embeddable":true,"href":"https:\/\/jianguohiddenhotel.com\/it\/wp-json\/wp\/v2\/users\/1"}],"replies":[{"embeddable":true,"href":"https:\/\/jianguohiddenhotel.com\/it\/wp-json\/wp\/v2\/comments?post=2109"}],"version-history":[{"count":0,"href":"https:\/\/jianguohiddenhotel.com\/it\/wp-json\/wp\/v2\/pages\/2109\/revisions"}],"wp:attachment":[{"href":"https:\/\/jianguohiddenhotel.com\/it\/wp-json\/wp\/v2\/media?parent=2109"}],"curies":[{"name":"parola chiave","href":"https:\/\/api.w.org\/{rel}","templated":true}]}}