{"id":612,"date":"2021-03-26T10:04:13","date_gmt":"2021-03-26T10:04:13","guid":{"rendered":"http:\/\/localhost\/nuss\/?page_id=612"},"modified":"2025-07-30T08:54:29","modified_gmt":"2025-07-30T08:54:29","slug":"ristorante","status":"publish","type":"page","link":"https:\/\/jianguohiddenhotel.com\/it\/ristorante\/","title":{"rendered":"Ristorante"},"content":{"rendered":"<div data-elementor-type=\"wp-page\" data-elementor-id=\"612\" class=\"elementor elementor-612\">\n\t\t\t\t\t\t<section class=\"elementor-section elementor-top-section elementor-element elementor-element-e2effe8 elementor-section-boxed elementor-section-gap-beside-yes elementor-section-height-default elementor-section-height-default elementor-section-column-vertical-align-stretch\" data-id=\"e2effe8\" data-element_type=\"section\" data-e-type=\"section\">\n\t\t\t\t\t\t<div class=\"elementor-container elementor-column-gap-extended\">\n\t\t\t\t\t<div class=\"elementor-column elementor-col-100 elementor-top-column elementor-element elementor-element-e18f688\" data-id=\"e18f688\" data-element_type=\"column\" data-e-type=\"column\">\n\t\t\t<div class=\"elementor-widget-wrap elementor-element-populated\">\n\t\t\t\t\t\t<div class=\"elementor-element elementor-element-6db146d elementor-widget__width-initial elementor-invisible elementor-widget elementor-widget-text-editor\" data-id=\"6db146d\" data-element_type=\"widget\" data-e-type=\"widget\" data-settings=\"{&quot;_animation&quot;:&quot;nussFadeInUp&quot;}\" data-widget_type=\"text-editor.default\">\n\t\t\t\t\t\t\t\t\t<p><strong data-spm-anchor-id=\"a2ty_o01.29997173.0.i43.6242c921Bll23M\">Scopri l&#039;eccellenza culinaria al ristorante Yunxiang, il cuore pulsante dello JIANGUO HIDDEN HOTEL di Datong<\/strong><\/p>\t\t\t\t\t\t\t\t<\/div>\n\t\t\t\t\t<\/div>\n\t\t<\/div>\n\t\t\t\t\t<\/div>\n\t\t<\/section>\n\t\t<div class=\"elementor-element elementor-element-8f7cca6 e-flex e-con-boxed e-con e-parent\" data-id=\"8f7cca6\" data-element_type=\"container\" data-e-type=\"container\">\n\t\t\t\t\t<div class=\"e-con-inner\">\n\t\t\t\t<div class=\"elementor-element elementor-element-521a286 elementor-widget elementor-widget-text-editor\" data-id=\"521a286\" data-element_type=\"widget\" data-e-type=\"widget\" data-widget_type=\"text-editor.default\">\n\t\t\t\t\t\t\t\t\t<p data-spm-anchor-id=\"a2ty_o01.29997173.0.i36.6242c921Bll23M\">Immerso nella serena eleganza di <strong>HOTEL NASCOSTO DI JIANGUO<\/strong> presso l&#039;edificio Yongtai, South Yongtai Road, distretto di Pingcheng, Datong, Shanxi, bugie <strong>Ristorante Yunxiang<\/strong>\u2014una destinazione in cui il ricco patrimonio culinario della Cina settentrionale viene reinterpretato con maestria moderna, integrit\u00e0 stagionale e autenticit\u00e0 profonda. Pi\u00f9 di una semplice esperienza culinaria in hotel, Yunxiang \u00e8 una celebrazione delle radicate tradizioni gastronomiche dello Shanxi, sublimate da tecniche contemporanee, ingredienti di provenienza locale e un impegno costante nel raccontare la cultura attraverso il cibo.<\/p><p>Yunxiang (che significa &quot;Profumo di Nuvola&quot;), il ristorante di punta dello JIANGUO HIDDEN HOTEL, trae ispirazione dalle cime avvolte dalla nebbia dell&#039;Hengshan, dalle antiche rotte commerciali della Via della Seta che un tempo attraversavano Datong e dai sapori secolari del cuore agricolo dello Shanxi. Ogni piatto \u00e8 un omaggio alla tradizione della regione, patria di alcuni dei tesori culinari pi\u00f9 iconici della Cina, dai noodles tagliati a mano al coltello (<em>dao xiao mian<\/em>) agli stufati all&#039;aceto invecchiato, alle prelibatezze a base di miglio e agli stufati di agnello cotti lentamente con erbe di montagna.<\/p><p>Varcata la soglia, sarete accolti da un&#039;atmosfera di raffinata tranquillit\u00e0. Progettato con una fusione tra il minimalismo della dinastia Ming e l&#039;estetica Zen contemporanea, lo spazio \u00e8 caratterizzato da caldi pannelli in legno di noce, stoviglie in ceramica smaltata a mano e un&#039;illuminazione soffusa che cambia a seconda dell&#039;ora del giorno. Le finestre a tutta altezza offrono viste panoramiche sullo skyline di Datong e sulla lontana sagoma delle antiche mura della citt\u00e0, creando un&#039;atmosfera intima e accogliente al tempo stesso.<\/p>\t\t\t\t\t\t\t\t<\/div>\n\t\t\t\t\t<\/div>\n\t\t\t\t<\/div>\n\t\t<div class=\"elementor-element elementor-element-4edb6f4 e-flex e-con-boxed e-con e-parent\" data-id=\"4edb6f4\" data-element_type=\"container\" data-e-type=\"container\">\n\t\t\t\t\t<div class=\"e-con-inner\">\n\t\t\t\t<div class=\"elementor-element elementor-element-6d6c3a5 elementor-widget elementor-widget-nuss-image-gallery\" data-id=\"6d6c3a5\" data-element_type=\"widget\" data-e-type=\"widget\" data-widget_type=\"nuss-image-gallery.default\">\n\t\t\t\t<div class=\"elementor-widget-container\">\n\t\t\t\t\t\t\t<div class=\"nuss-grid-wrapper\" data-grid=\"{&quot;type&quot;:&quot;grid&quot;,&quot;ratio&quot;:null,&quot;columns&quot;:3,&quot;gutter&quot;:30}\">\r\n\t\t\t<div class=\"nuss-grid lazy-grid\">\r\n\t\t\t\t<div class=\"grid-sizer\"><\/div>\r\n\r\n\t\t\t\t\t\t\t\t\t\t\t\t<div class=\"grid-item\">\r\n\t\t\t\t\t\t<div class=\"nuss-box\">\t\t<div class=\"nuss-image image\">\r\n\t\t\t<img decoding=\"async\"  src=\"https:\/\/jianguohiddenhotel.com\/wp-content\/uploads\/2025\/07\/JIANGUO-HIDDEN-HOTEL-76.webp\" alt=\"JIANGUO ALBERGO NASCOSTO (76)\" \/>\t\t<\/div>\r\n\t\t\t\t<\/div>\t\t\t\t\t<\/div>\r\n\t\t\t\t\t\t<div class=\"grid-item\">\r\n\t\t\t\t\t\t<div class=\"nuss-box\">\t\t<div class=\"nuss-image image\">\r\n\t\t\t<img decoding=\"async\"  src=\"https:\/\/jianguohiddenhotel.com\/wp-content\/uploads\/2025\/07\/JIANGUO-HIDDEN-HOTEL-72.webp\" alt=\"JIANGUO ALBERGO NASCOSTO (72)\" \/>\t\t<\/div>\r\n\t\t\t\t<\/div>\t\t\t\t\t<\/div>\r\n\t\t\t\t\t\t<div class=\"grid-item\">\r\n\t\t\t\t\t\t<div class=\"nuss-box\">\t\t<div class=\"nuss-image image\">\r\n\t\t\t<img decoding=\"async\"  src=\"https:\/\/jianguohiddenhotel.com\/wp-content\/uploads\/2025\/07\/JIANGUO-HIDDEN-HOTEL-70.webp\" alt=\"JIANGUO HOTEL NASCOSTO (70)\" \/>\t\t<\/div>\r\n\t\t\t\t<\/div>\t\t\t\t\t<\/div>\r\n\t\t\t\t\t\t<div class=\"grid-item\">\r\n\t\t\t\t\t\t<div class=\"nuss-box\">\t\t<div class=\"nuss-image image\">\r\n\t\t\t<img decoding=\"async\"  src=\"https:\/\/jianguohiddenhotel.com\/wp-content\/uploads\/2025\/07\/JIANGUO-HIDDEN-HOTEL-75.webp\" alt=\"JIANGUO ALBERGO NASCOSTO (75)\" \/>\t\t<\/div>\r\n\t\t\t\t<\/div>\t\t\t\t\t<\/div>\r\n\t\t\t\t\t\t<div class=\"grid-item\">\r\n\t\t\t\t\t\t<div class=\"nuss-box\">\t\t<div class=\"nuss-image image\">\r\n\t\t\t<img decoding=\"async\"  src=\"https:\/\/jianguohiddenhotel.com\/wp-content\/uploads\/2025\/07\/JIANGUO-HIDDEN-HOTEL-74.webp\" alt=\"JIANGUO ALBERGO NASCOSTO (74)\" \/>\t\t<\/div>\r\n\t\t\t\t<\/div>\t\t\t\t\t<\/div>\r\n\t\t\t\t\t\t<div class=\"grid-item\">\r\n\t\t\t\t\t\t<div class=\"nuss-box\">\t\t<div class=\"nuss-image image\">\r\n\t\t\t<img decoding=\"async\"  src=\"https:\/\/jianguohiddenhotel.com\/wp-content\/uploads\/2025\/07\/JIANGUO-HIDDEN-HOTEL-71.webp\" alt=\"JIANGUO ALBERGO NASCOSTO (71)\" \/>\t\t<\/div>\r\n\t\t\t\t<\/div>\t\t\t\t\t<\/div>\r\n\t\t\t\t\t\t\t\r\n\t\t\t<\/div>\r\n\t\t<\/div>\r\n\t\t\t\t\t\t<\/div>\n\t\t\t\t<\/div>\n\t\t\t\t\t<\/div>\n\t\t\t\t<\/div>\n\t\t<div class=\"elementor-element elementor-element-1e79a6d e-flex e-con-boxed e-con e-parent\" data-id=\"1e79a6d\" data-element_type=\"container\" data-e-type=\"container\">\n\t\t\t\t\t<div class=\"e-con-inner\">\n\t\t\t\t<div class=\"elementor-element elementor-element-e41bed1 elementor-widget elementor-widget-text-editor\" data-id=\"e41bed1\" data-element_type=\"widget\" data-e-type=\"widget\" data-widget_type=\"text-editor.default\">\n\t\t\t\t\t\t\t\t\t<p data-spm-anchor-id=\"a2ty_o01.29997173.0.i38.6242c921Bll23M\">Al centro della filosofia di Yunxiang c&#039;\u00e8 <strong>approvvigionamento iperlocale<\/strong>Il nostro chef esecutivo, Li Wei, originario di Datong con oltre due decenni di esperienza nella cucina regionale e internazionale, guida un team culinario appassionato che collabora direttamente con agricoltori, raccoglitori e produttori artigianali in tutto lo Shanxi. Dal grano saraceno biologico coltivato sugli altopiani di Ningwu al pollame allevato all&#039;aperto di Xinzhou, fino all&#039;aceto invecchiato per tre anni in tradizionali giare di argilla, ogni ingrediente racconta una storia di territorio e provenienza.<\/p><p>Il men\u00f9 \u00e8 un viaggio attentamente studiato attraverso lo spettro dei sapori della Cina settentrionale. Tra i piatti pi\u00f9 rappresentativi figurano:<\/p><ul><li><strong>Noodles affumicati tagliati al coltello con funghi selvatici e fagioli neri fermentati<\/strong> \u2013 una rivisitazione moderna di un classico dello Shanxi, servito al tavolo con un tocco teatrale di wok.<\/li><li><strong>Agnello Dongshan brasato con giuggiole secche e bacche di goji<\/strong> \u2013 cotto lentamente per 12 ore, tenero e aromatico, ispirato ai banchetti imperiali del nord.<\/li><li><strong>Frittelle di miglio croccanti con noci al miele e crema di sesamo<\/strong> \u2013 un omaggio alle antiche tradizioni di coltivazione del miglio dello Shanxi, reinventato come un delicato antipasto.<\/li><li><strong>La gioia del Buddha Yungang<\/strong> \u2013 un capolavoro vegetariano a base di tofu di montagna, radice di loto, midollo di bamb\u00f9 e funghi orecchioni, chiamato cos\u00ec in onore delle grotte di Yungang di Datong, patrimonio dell&#039;UNESCO.<\/li><\/ul><p>Per la colazione, gli ospiti vengono deliziati con un&#039;ampia <strong>buffet del patrimonio<\/strong> che unisce i dim sum cinesi con i piatti preferiti occidentali, tra cui quelli fatti in casa <em>baozi<\/em>, frittelle di cipollotto in stile Shanxi, congee biologico con uova conservate e filo di maiale, e dolci appena sfornati con miele e noci locali. Eventuali esigenze alimentari particolari, tra cui opzioni vegane, senza glutine e halal, sono attentamente soddisfatte, previo preavviso.<\/p><p>Yunxiang offre anche <strong>esperienze culinarie private<\/strong> nei suoi esclusivi padiglioni del cortile e nelle sale da t\u00e8, perfetti per incontri intimi, cene di lavoro o celebrazioni culturali. Il nostro <strong>Men\u00f9 degustazione \u201cIl sapore di Pingcheng\u201d<\/strong>, disponibile su prenotazione, guida gli ospiti attraverso otto portate di innovazione stagionale, abbinate a t\u00e8 cinesi selezionati o vini esclusivi dello Shanxi.<\/p><p data-spm-anchor-id=\"a2ty_o01.29997173.0.i40.6242c921Bll23M\">Ma Yunxiang \u00e8 pi\u00f9 di un ristorante: \u00e8 un ambasciatore culturale. Mensile <strong>eventi culinari<\/strong> Invitiamo gli ospiti a partecipare a laboratori di noodles, sessioni di degustazione di aceto e collaborazioni con chef locali che preservano le ricette a rischio di estinzione dello Shanxi. Collaboriamo con la Datong Culinary Heritage Foundation per documentare e far rivivere piatti dimenticati, garantendo che i sapori del passato continuino a ispirare il futuro.<\/p>\t\t\t\t\t\t\t\t<\/div>\n\t\t\t\t\t<\/div>\n\t\t\t\t<\/div>\n\t\t<div class=\"elementor-element elementor-element-f06c144 e-flex e-con-boxed e-con e-parent\" data-id=\"f06c144\" data-element_type=\"container\" data-e-type=\"container\">\n\t\t\t\t\t<div class=\"e-con-inner\">\n\t\t\t\t<div class=\"elementor-element elementor-element-970e5d1 elementor-widget elementor-widget-nuss-image-gallery\" data-id=\"970e5d1\" data-element_type=\"widget\" data-e-type=\"widget\" data-widget_type=\"nuss-image-gallery.default\">\n\t\t\t\t<div class=\"elementor-widget-container\">\n\t\t\t\t\t\t\t<div class=\"nuss-grid-wrapper\" data-grid=\"{&quot;type&quot;:&quot;grid&quot;,&quot;ratio&quot;:null,&quot;columns&quot;:3,&quot;gutter&quot;:30}\">\r\n\t\t\t<div class=\"nuss-grid lazy-grid\">\r\n\t\t\t\t<div class=\"grid-sizer\"><\/div>\r\n\r\n\t\t\t\t\t\t\t\t\t\t\t\t<div class=\"grid-item\">\r\n\t\t\t\t\t\t<div class=\"nuss-box\">\t\t<div class=\"nuss-image image\">\r\n\t\t\t<img decoding=\"async\"  src=\"https:\/\/jianguohiddenhotel.com\/wp-content\/uploads\/2025\/07\/JIANGUO-HIDDEN-HOTEL-65.webp\" alt=\"JIANGUO ALBERGO NASCOSTO (65)\" \/>\t\t<\/div>\r\n\t\t\t\t<\/div>\t\t\t\t\t<\/div>\r\n\t\t\t\t\t\t<div class=\"grid-item\">\r\n\t\t\t\t\t\t<div class=\"nuss-box\">\t\t<div class=\"nuss-image image\">\r\n\t\t\t<img decoding=\"async\"  src=\"https:\/\/jianguohiddenhotel.com\/wp-content\/uploads\/2025\/07\/JIANGUO-HIDDEN-HOTEL-62.webp\" alt=\"JIANGUO ALBERGO NASCOSTO (62)\" \/>\t\t<\/div>\r\n\t\t\t\t<\/div>\t\t\t\t\t<\/div>\r\n\t\t\t\t\t\t<div class=\"grid-item\">\r\n\t\t\t\t\t\t<div class=\"nuss-box\">\t\t<div class=\"nuss-image image\">\r\n\t\t\t<img decoding=\"async\"  src=\"https:\/\/jianguohiddenhotel.com\/wp-content\/uploads\/2025\/07\/JIANGUO-HIDDEN-HOTEL-34.webp\" alt=\"JIANGUO HOTEL NASCOSTO (34)\" \/>\t\t<\/div>\r\n\t\t\t\t<\/div>\t\t\t\t\t<\/div>\r\n\t\t\t\t\t\t<div class=\"grid-item\">\r\n\t\t\t\t\t\t<div class=\"nuss-box\">\t\t<div class=\"nuss-image image\">\r\n\t\t\t<img decoding=\"async\"  src=\"https:\/\/jianguohiddenhotel.com\/wp-content\/uploads\/2025\/07\/JIANGUO-HIDDEN-HOTEL-68.webp\" alt=\"JIANGUO ALBERGO NASCOSTO (68)\" \/>\t\t<\/div>\r\n\t\t\t\t<\/div>\t\t\t\t\t<\/div>\r\n\t\t\t\t\t\t<div class=\"grid-item\">\r\n\t\t\t\t\t\t<div class=\"nuss-box\">\t\t<div class=\"nuss-image image\">\r\n\t\t\t<img decoding=\"async\"  src=\"https:\/\/jianguohiddenhotel.com\/wp-content\/uploads\/2025\/07\/JIANGUO-HIDDEN-HOTEL-50.webp\" alt=\"JIANGUO HOTEL NASCOSTO (50)\" \/>\t\t<\/div>\r\n\t\t\t\t<\/div>\t\t\t\t\t<\/div>\r\n\t\t\t\t\t\t<div class=\"grid-item\">\r\n\t\t\t\t\t\t<div class=\"nuss-box\">\t\t<div class=\"nuss-image image\">\r\n\t\t\t<img decoding=\"async\"  src=\"https:\/\/jianguohiddenhotel.com\/wp-content\/uploads\/2025\/07\/JIANGUO-HIDDEN-HOTEL-69.webp\" alt=\"JIANGUO ALBERGO NASCOSTO (69)\" \/>\t\t<\/div>\r\n\t\t\t\t<\/div>\t\t\t\t\t<\/div>\r\n\t\t\t\t\t\t\t\r\n\t\t\t<\/div>\r\n\t\t<\/div>\r\n\t\t\t\t\t\t<\/div>\n\t\t\t\t<\/div>\n\t\t\t\t\t<\/div>\n\t\t\t\t<\/div>\n\t\t<div class=\"elementor-element elementor-element-53435b1 e-flex e-con-boxed e-con e-parent\" data-id=\"53435b1\" data-element_type=\"container\" data-e-type=\"container\">\n\t\t\t\t\t<div class=\"e-con-inner\">\n\t\t\t\t<div class=\"elementor-element elementor-element-8461420 elementor-widget elementor-widget-text-editor\" data-id=\"8461420\" data-element_type=\"widget\" data-e-type=\"widget\" data-widget_type=\"text-editor.default\">\n\t\t\t\t\t\t\t\t\t<p data-spm-anchor-id=\"a2ty_o01.29997173.0.i42.6242c921Bll23M\">Riconosciuto su <strong>I &quot;Migliori ristoranti di Datong&quot; di TripAdvisor<\/strong>, elogiato su <strong>Trip.com<\/strong> E <strong>Dianping<\/strong> Grazie alla sua cucina autentica ma innovativa, e celebrato dai critici gastronomici per il suo equilibrio tra tradizione e creativit\u00e0, Yunxiang \u00e8 diventato una meta imperdibile, non solo per gli ospiti dell&#039;hotel, ma anche per i palati pi\u00f9 esigenti della Cina settentrionale.<\/p><p data-spm-anchor-id=\"a2ty_o01.29997173.0.i41.6242c921Bll23M\">Che tu voglia sorseggiare una tazza di Phoenix oolong in tutta tranquillit\u00e0 nel nostro bar del t\u00e8, concederti una cena a lume di candela sotto le stelle sulla nostra terrazza panoramica o sperimentare l&#039;arte di un banchetto ispirato alla cucina kaiseki dello Shanxi, il ristorante Yunxiang ti invita a rallentare, assaporare profondamente e a entrare in contatto con l&#039;anima dello Shanxi.<\/p><div class=\"my-2\">\u00a0<\/div><p>A <strong>HOTEL NASCOSTO DI JIANGUO<\/strong>, crediamo che il cibo sia memoria, identit\u00e0 e ospitalit\u00e0 nella sua forma pi\u00f9 pura.<br \/>Benvenuti a <strong>Yunxiang<\/strong>\u2014dove ogni boccone porta con s\u00e9 il profumo della storia e ogni pasto diventa un viaggio.<\/p><p data-spm-anchor-id=\"a2ty_o01.29997173.0.i35.6242c921Bll23M\"><em>Scopri il vero sapore di Datong. Solo al ristorante Yunxiang.<\/em><\/p>\t\t\t\t\t\t\t\t<\/div>\n\t\t\t\t\t<\/div>\n\t\t\t\t<\/div>\n\t\t\t\t<section class=\"elementor-section elementor-top-section elementor-element elementor-element-2ef13886 elementor-section-boxed elementor-section-gap-beside-yes elementor-section-height-default elementor-section-height-default elementor-section-column-vertical-align-stretch\" data-id=\"2ef13886\" data-element_type=\"section\" data-e-type=\"section\" data-settings=\"{&quot;background_background&quot;:&quot;classic&quot;}\">\n\t\t\t\t\t\t<div class=\"elementor-container elementor-column-gap-extended\">\n\t\t\t\t\t<div class=\"elementor-column elementor-col-100 elementor-top-column elementor-element elementor-element-5f88eb06\" data-id=\"5f88eb06\" data-element_type=\"column\" data-e-type=\"column\">\n\t\t\t<div class=\"elementor-widget-wrap elementor-element-populated\">\n\t\t\t\t\t\t<div class=\"elementor-element elementor-element-7bf95790 elementor-widget elementor-widget-heading\" data-id=\"7bf95790\" data-element_type=\"widget\" data-e-type=\"widget\" data-widget_type=\"heading.default\">\n\t\t\t\t\t<h2 class=\"elementor-heading-title elementor-size-default\">Controlla disponibile <\/h2>\t\t\t\t<\/div>\n\t\t\t\t<div class=\"elementor-element elementor-element-4ef3c900 elementor-widget elementor-widget-text-editor\" data-id=\"4ef3c900\" data-element_type=\"widget\" data-e-type=\"widget\" data-widget_type=\"text-editor.default\">\n\t\t\t\t\t\t\t\t\t<iframe border=\"0\" src=\"https:\/\/www.trip.com\/partners\/ad\/S4653525?Allianceid=4590391&#038;SID=243021108&#038;trip_sub1=\" style=\"width:900px;height:200px\" frameborder=\"0\" scrolling=\"no\" id=\"S4653525\"><\/iframe>\t\t\t\t\t\t\t\t<\/div>\n\t\t\t\t\t<\/div>\n\t\t<\/div>\n\t\t\t\t\t<\/div>\n\t\t<\/section>\n\t\t\t\t<\/div>","protected":false},"excerpt":{"rendered":"<p>Discover Culinary Excellence at Yunxiang Restaurant \u2013 The Heartbeat of JIANGUO HIDDEN HOTEL, Datong Nestled within the serene elegance of JIANGUO HIDDEN HOTEL at Yongtai Building, South Yongtai Road, Pingcheng District, Datong, Shanxi, lies Yunxiang Restaurant\u2014a destination where the rich culinary heritage of northern China is reimagined with modern artistry, seasonal integrity, and soulful authenticity. [&hellip;]<\/p>\n","protected":false},"author":1,"featured_media":0,"parent":0,"menu_order":0,"comment_status":"closed","ping_status":"closed","template":"","meta":{"footnotes":""},"class_list":["post-612","page","type-page","status-publish","hentry","post-no-thumbnail"],"_links":{"self":[{"href":"https:\/\/jianguohiddenhotel.com\/it\/wp-json\/wp\/v2\/pages\/612","targetHints":{"allow":["GET"]}}],"collection":[{"href":"https:\/\/jianguohiddenhotel.com\/it\/wp-json\/wp\/v2\/pages"}],"about":[{"href":"https:\/\/jianguohiddenhotel.com\/it\/wp-json\/wp\/v2\/types\/page"}],"author":[{"embeddable":true,"href":"https:\/\/jianguohiddenhotel.com\/it\/wp-json\/wp\/v2\/users\/1"}],"replies":[{"embeddable":true,"href":"https:\/\/jianguohiddenhotel.com\/it\/wp-json\/wp\/v2\/comments?post=612"}],"version-history":[{"count":0,"href":"https:\/\/jianguohiddenhotel.com\/it\/wp-json\/wp\/v2\/pages\/612\/revisions"}],"wp:attachment":[{"href":"https:\/\/jianguohiddenhotel.com\/it\/wp-json\/wp\/v2\/media?parent=612"}],"curies":[{"name":"parola chiave","href":"https:\/\/api.w.org\/{rel}","templated":true}]}}