{"id":647,"date":"2021-03-29T02:13:52","date_gmt":"2021-03-29T02:13:52","guid":{"rendered":"http:\/\/localhost\/nuss\/?page_id=647"},"modified":"2025-07-30T09:40:27","modified_gmt":"2025-07-30T09:40:27","slug":"servizi","status":"publish","type":"page","link":"https:\/\/jianguohiddenhotel.com\/it\/servizi\/","title":{"rendered":"Servizi"},"content":{"rendered":"<div data-elementor-type=\"wp-page\" data-elementor-id=\"647\" class=\"elementor elementor-647\">\n\t\t\t\t\t\t<section class=\"elementor-section elementor-top-section elementor-element elementor-element-3353bc8 elementor-section-boxed elementor-section-gap-beside-yes elementor-section-height-default elementor-section-height-default elementor-section-column-vertical-align-stretch\" data-id=\"3353bc8\" data-element_type=\"section\" data-e-type=\"section\">\n\t\t\t\t\t\t<div class=\"elementor-container elementor-column-gap-extended\">\n\t\t\t\t\t<div class=\"elementor-column elementor-col-100 elementor-top-column elementor-element elementor-element-0a2bc64\" data-id=\"0a2bc64\" data-element_type=\"column\" data-e-type=\"column\">\n\t\t\t<div class=\"elementor-widget-wrap elementor-element-populated\">\n\t\t\t\t\t\t<div class=\"elementor-element elementor-element-447e3ef elementor-widget__width-initial elementor-invisible elementor-widget elementor-widget-text-editor\" data-id=\"447e3ef\" data-element_type=\"widget\" data-e-type=\"widget\" data-settings=\"{&quot;_animation&quot;:&quot;nussFadeInUp&quot;}\" data-widget_type=\"text-editor.default\">\n\t\t\t\t\t\t\t\t\t<p><strong data-spm-anchor-id=\"a2ty_o01.29997173.0.i48.6242c921Bll23M\">L&#039;arte dell&#039;ospitalit\u00e0 al JIANGUO HIDDEN HOTEL, Datong<\/strong><\/p>\t\t\t\t\t\t\t\t<\/div>\n\t\t\t\t\t<\/div>\n\t\t<\/div>\n\t\t\t\t\t<\/div>\n\t\t<\/section>\n\t\t<div class=\"elementor-element elementor-element-1051969 e-flex e-con-boxed e-con e-parent\" data-id=\"1051969\" data-element_type=\"container\" data-e-type=\"container\">\n\t\t\t\t\t<div class=\"e-con-inner\">\n\t\t\t\t<div class=\"elementor-element elementor-element-8c23577 elementor-widget elementor-widget-text-editor\" data-id=\"8c23577\" data-element_type=\"widget\" data-e-type=\"widget\" data-widget_type=\"text-editor.default\">\n\t\t\t\t\t\t\t\t\t<p data-spm-anchor-id=\"a2ty_o01.29997173.0.i47.6242c921Bll23M\">A <strong>HOTEL NASCOSTO DI JIANGUO<\/strong>, immerso nella raffinata eleganza dell&#039;edificio Yongtai, sulla South Yongtai Road, nello storico distretto di Pingcheng a Datong, nello Shanxi, il lusso non si misura solo dall&#039;opulenza, ma dalla cura dei dettagli, dalla precisione dei dettagli e dalla grazia discreta di un servizio personalizzato. Qui, ogni ospite \u00e8 accolto non come un visitatore, ma come un ospite d&#039;onore, e ogni momento del vostro soggiorno \u00e8 curato con cura attraverso una suite completa di servizi. <strong>servizi su misura<\/strong> progettato per migliorare la tua esperienza oltre ogni aspettativa.<\/p><p>Fin dal momento in cui ci si avvicina all&#039;ingresso sobrio dell&#039;hotel, incorniciato da un tranquillo cortile d&#039;acqua e illuminato dalla luce soffusa delle lanterne, ci si immerge in un&#039;atmosfera di serena raffinatezza. Questo \u00e8 il primo capitolo di una storia plasmata dall&#039;intenzione, dove la tradizione incontra l&#039;innovazione e dove il servizio non \u00e8 solo eseguito, ma vissuto.<\/p><h3><strong>Arrivo e Concierge: un viaggio inizia con la grazia<\/strong><\/h3><p>La tua esperienza inizia con un arrivo senza intoppi. Che tu arrivi in auto privata, con trasferimento aeroportuale o con il treno ad alta velocit\u00e0, il nostro <strong>Team di concierge multilingue 24 ore su 24, 7 giorni su 7<\/strong>Il personale, fluente in mandarino, inglese, giapponese e coreano, garantisce un&#039;accoglienza fluida nel tranquillo mondo dell&#039;hotel. Drink di benvenuto gratuiti aromatizzati con erbe locali e un check-in personalizzato presso la vostra suite o nell&#039;intima lounge della hall sono il presupposto per un soggiorno all&#039;insegna del comfort e della cura.<\/p><p>Il nostro concierge \u00e8 pi\u00f9 di una guida: \u00e8 il tuo tramite culturale. Che tu voglia un tour privato all&#039;alba, <strong>Grotte di Yungang<\/strong>, una visita curata al <strong>Tempio sospeso del monte Heng<\/strong>o prenotazioni presso i ristoranti locali pi\u00f9 esclusivi di Datong, il nostro team crea itinerari personalizzati in base ai tuoi interessi. Possono organizzare tour tradizionali <strong>Spettacoli d&#039;opera nello Shanxi<\/strong>, laboratori di calligrafia con maestri locali o anche una visita ai siti ancestrali della famiglia per gli ospiti che vogliono scoprire le radici del patrimonio culturale della Cina settentrionale.<\/p><h3><strong>Sistemazione e servizi in camera: un santuario progettato per la serenit\u00e0<\/strong><\/h3><p>Ognuna delle nostre 188 camere e suite \u00e8 un santuario di equilibrio e bellezza, che fonde un design moderno e minimalista con elementi classici cinesi: paraventi in legno intagliati a mano, caldi pavimenti in pietra e tessuti in seta personalizzati. Ma sono i servizi offerti da questi spazi a trasformare il comfort in trascendenza.<\/p><ul><li><strong>Tecnologia per stanze intelligenti<\/strong>: Controlla l&#039;illuminazione, la temperatura, le tende e l&#039;intrattenimento tramite un elegante tablet in camera o un&#039;app mobile.<\/li><li><strong>Men\u00f9 Cuscini e Aromi<\/strong>: Scegli tra sette tipi di cuscini ipoallergenici e cinque fragranze esclusive ispirate ai paesaggi naturali dello Shanxi: pino di Hengshan, osmanto dei giardini cittadini o crisantemo selvatico degli altopiani.<\/li><li><strong>Servizio in camera 24 ore su 24<\/strong>: Con selezioni da <strong>Ristorante Yunxiang<\/strong>, compresi piatti confortanti da gustare a tarda notte come il tirato a mano <em>dao xiao mian<\/em> noodles e congee alle erbe.<\/li><li><strong>Rituale di preparazione serale<\/strong>: Una cerimonia premurosa con asciugamani caldi, una tazza di t\u00e8 pu&#039;er invecchiato e un biglietto scritto a mano con le previsioni meteo e gli eventi culturali pi\u00f9 importanti del giorno successivo.<\/li><\/ul><h3><strong>Benessere e ringiovanimento: armonia per corpo e mente<\/strong><\/h3><p>Al centro della filosofia del benessere dello JIANGUO HIDDEN HOTEL c&#039;\u00e8 la convinzione che il vero lusso risieda nell&#039;equilibrio. Il nostro <strong>Centro benessere Zenith<\/strong> si estende su oltre 1.200 metri quadrati e offre un rifugio olistico dai ritmi della vita quotidiana.<\/p><ul><li><strong>La Spa della Quiete<\/strong>: Disegno da <strong>Medicina tradizionale cinese (MTC)<\/strong>I nostri trattamenti includono massaggi con pietre di giada, terapia gua sha, impacchi di erbe e sedute di agopuntura. Rituali esclusivi come il &quot;Ringiovanimento delle Montagne Hengshan&quot; utilizzano erbe officinali raccolte localmente e pietre minerali calde per ripristinare il flusso energetico.<\/li><li><strong>Piscina interna riscaldata e circuito idroterapico<\/strong>: Dotato di una piscina lunga 25 metri, getti idromassaggio e una tranquilla zona di riflessione con musica subacquea.<\/li><li><strong>Centro fitness aperto 24 ore su 24<\/strong>: Dotato di cyclette Peloton, macchine cardio e di forza Technogym e sessioni di personal training virtuali.<\/li><li><strong>Programmi di benessere quotidiano<\/strong>: Tai Chi mattutino gratuito nel cortile, sessioni di meditazione guidata e workshop stagionali di qi gong con maestri residenti.<\/li><\/ul><h3><strong>Servizi culinari e di ristorazione: un assaggio dello Shanxi, elevato<\/strong><\/h3><p>Cenare allo JIANGUO HIDDEN HOTEL \u00e8 un viaggio immersivo nell&#039;anima della cucina della Cina settentrionale. Guidati dallo chef esecutivo Li Wei, i nostri servizi culinari vanno oltre il piatto:<\/p><ul><li><strong>Ristorante Yunxiang<\/strong>: Il nostro premiato ristorante aperto tutto il giorno offre una fusione tra la tradizione dello Shanxi e la gastronomia moderna, con postazioni di cucina dal vivo e men\u00f9 degustazione stagionali.<\/li><li><strong>Sky Lounge<\/strong>: Situato al 20\u00b0 piano, questo elegante bar offre cocktail artigianali preparati con ingredienti locali, rare degustazioni di baijiu cinese e viste panoramiche sullo skyline di Datong.<\/li><li><strong>Servizi di banchetti e cene private<\/strong>: Organizzate incontri intimi nei nostri padiglioni da t\u00e8 o grandi festeggiamenti nella Grand Ballroom, con tanto di men\u00f9 personalizzati, musica dal vivo e decorazioni a tema.<\/li><li><strong>Esperienze culinarie<\/strong>: Partecipa a corsi di preparazione dei noodles, sessioni di degustazione di aceto o escursioni dalla fattoria alla tavola nelle fattorie biologiche vicine.<\/li><\/ul><h3><strong>Servizi aziendali ed eventi: dove la visione incontra la precisione<\/strong><\/h3><p>Per il professionista moderno, JIANGUO HIDDEN HOTEL offre una perfetta combinazione di tecnologia, eleganza ed efficienza. Il nostro <strong>Servizi Business &amp; MICE (Meeting, Incentive, Conferenze, Mostre)<\/strong> soddisfare le esigenze di clienti aziendali, imprenditori e delegazioni internazionali.<\/p><ul><li><strong>Sale riunioni e suite per riunioni direzionali<\/strong>: Dotato di display interattivi 8K, sistemi di traduzione in tempo reale, Wi-Fi criptato e design insonorizzato.<\/li><li><strong>Sala business aperta 24 ore su 24, 7 giorni su 7<\/strong>: Dotato di postazioni di lavoro private, servizi di stampa, cabine per videoconferenze e caff\u00e8 e t\u00e8 premium gratuiti.<\/li><li><strong>Pianificazione eventi e supporto tecnico<\/strong>: Dal lancio dei prodotti alle assemblee degli azionisti, il nostro team dedicato gestisce la logistica, l&#039;allestimento audiovisivo, il catering e il coordinamento degli ospiti con precisione militare.<\/li><li><strong>Ritiri aziendali e programmi di team building<\/strong>:I pacchetti personalizzati includono immersione culturale, workshop sulla leadership ed escursioni fuori sede presso siti patrimonio dell&#039;UNESCO.<\/li><\/ul><h3><strong>Servizi per la famiglia e l&#039;accessibilit\u00e0: assistenza attenta per tutti<\/strong><\/h3><p>Crediamo che un servizio eccezionale sia inclusivo. Lo JIANGUO HIDDEN HOTEL si impegna a garantire che ogni ospite, indipendentemente dall&#039;et\u00e0 o dalle capacit\u00e0, si senta accolto e supportato.<\/p><ul><li><strong>Servizi per famiglie<\/strong>: Culle gratuite, accappatoi per bambini, noleggio passeggini e un men\u00f9 per bambini curato con ingredienti sani e locali.<\/li><li><strong>Servizi di accessibilit\u00e0<\/strong>: Camere accessibili alle sedie a rotelle, percorsi tattili, impianti ad induzione magnetica e personale formato per un&#039;ospitalit\u00e0 inclusiva.<\/li><li><strong>Accordi che ammettono animali domestici<\/strong>: Sebbene gli animali domestici non siano ammessi, offriamo servizi di pet sitting e possiamo organizzare sistemazioni per animali domestici nelle vicinanze.<\/li><\/ul><h3><strong>Sostenibilit\u00e0 e gestione culturale: servizio con uno scopo<\/strong><\/h3><p>I nostri servizi vanno oltre la soddisfazione degli ospiti: riflettono un impegno pi\u00f9 profondo per la sostenibilit\u00e0 e la conservazione del patrimonio culturale. Dai servizi biodegradabili e dai sistemi di risparmio idrico alle partnership con artigiani locali e ai progetti di restauro del patrimonio, ogni servizio \u00e8 progettato con un&#039;attenzione alla responsabilit\u00e0. Gli ospiti possono partecipare al nostro <strong>\u201cResta con il significato\u201d<\/strong> programma che sostiene la conservazione degli antichi murales, dei templi e delle tradizioni culinarie dello Shanxi.<\/p><div class=\"py-2 my-3\"><hr \/><\/div><p>A <strong>HOTEL NASCOSTO DI JIANGUO<\/strong>Il servizio non \u00e8 una transazione, \u00e8 una relazione. \u00c8 il gesto silenzioso di un membro dello staff che ricorda il vostro t\u00e8 preferito, il calore di un concierge che organizza una cena a sorpresa per il vostro anniversario, o la pace che si prova in un bagno di mezzanotte sotto le stelle nella nostra piscina per idroterapia sul tetto.<\/p><p>Questa non \u00e8 solo ospitalit\u00e0.<br \/>Questo \u00e8 <strong>l&#039;arte della cura nascosta<\/strong>\u2014dove ogni dettaglio \u00e8 curato, ogni esigenza anticipata e ogni ospite se ne va non solo soddisfatto, ma trasformato.<\/p><p data-spm-anchor-id=\"a2ty_o01.29997173.0.i46.6242c921Bll23M\">Benvenuti a un nuovo standard di servizio nel cuore di Datong.<br \/>Benvenuti a <strong>HOTEL NASCOSTO DI JIANGUO<\/strong>.<\/p>\t\t\t\t\t\t\t\t<\/div>\n\t\t\t\t\t<\/div>\n\t\t\t\t<\/div>\n\t\t\t\t<section class=\"elementor-section elementor-top-section elementor-element elementor-element-7c4769fd elementor-section-boxed elementor-section-gap-beside-yes elementor-section-height-default elementor-section-height-default elementor-section-column-vertical-align-stretch\" data-id=\"7c4769fd\" data-element_type=\"section\" data-e-type=\"section\" data-settings=\"{&quot;background_background&quot;:&quot;classic&quot;}\">\n\t\t\t\t\t\t<div class=\"elementor-container elementor-column-gap-extended\">\n\t\t\t\t\t<div class=\"elementor-column elementor-col-100 elementor-top-column elementor-element elementor-element-61ff4843\" data-id=\"61ff4843\" data-element_type=\"column\" data-e-type=\"column\">\n\t\t\t<div class=\"elementor-widget-wrap elementor-element-populated\">\n\t\t\t\t\t\t<div class=\"elementor-element elementor-element-36146791 elementor-widget elementor-widget-heading\" data-id=\"36146791\" data-element_type=\"widget\" data-e-type=\"widget\" data-widget_type=\"heading.default\">\n\t\t\t\t\t<h2 class=\"elementor-heading-title elementor-size-default\">Controlla disponibile <\/h2>\t\t\t\t<\/div>\n\t\t\t\t<div class=\"elementor-element elementor-element-2f0ae9a1 elementor-widget elementor-widget-text-editor\" data-id=\"2f0ae9a1\" data-element_type=\"widget\" data-e-type=\"widget\" data-widget_type=\"text-editor.default\">\n\t\t\t\t\t\t\t\t\t<iframe border=\"0\" src=\"https:\/\/www.trip.com\/partners\/ad\/S4653525?Allianceid=4590391&#038;SID=243021108&#038;trip_sub1=\" style=\"width:900px;height:200px\" frameborder=\"0\" scrolling=\"no\" id=\"S4653525\"><\/iframe>\t\t\t\t\t\t\t\t<\/div>\n\t\t\t\t\t<\/div>\n\t\t<\/div>\n\t\t\t\t\t<\/div>\n\t\t<\/section>\n\t\t\t\t<\/div>","protected":false},"excerpt":{"rendered":"<p>The Art of Hospitality at JIANGUO HIDDEN HOTEL, Datong At JIANGUO HIDDEN HOTEL, nestled within the refined elegance of Yongtai Building on South Yongtai Road in the historic Pingcheng District of Datong, Shanxi, luxury is not measured by opulence alone\u2014but by the depth of care, the precision of detail, and the quiet grace of personalized [&hellip;]<\/p>\n","protected":false},"author":1,"featured_media":0,"parent":0,"menu_order":0,"comment_status":"closed","ping_status":"closed","template":"","meta":{"footnotes":""},"class_list":["post-647","page","type-page","status-publish","hentry","post-no-thumbnail"],"_links":{"self":[{"href":"https:\/\/jianguohiddenhotel.com\/it\/wp-json\/wp\/v2\/pages\/647","targetHints":{"allow":["GET"]}}],"collection":[{"href":"https:\/\/jianguohiddenhotel.com\/it\/wp-json\/wp\/v2\/pages"}],"about":[{"href":"https:\/\/jianguohiddenhotel.com\/it\/wp-json\/wp\/v2\/types\/page"}],"author":[{"embeddable":true,"href":"https:\/\/jianguohiddenhotel.com\/it\/wp-json\/wp\/v2\/users\/1"}],"replies":[{"embeddable":true,"href":"https:\/\/jianguohiddenhotel.com\/it\/wp-json\/wp\/v2\/comments?post=647"}],"version-history":[{"count":0,"href":"https:\/\/jianguohiddenhotel.com\/it\/wp-json\/wp\/v2\/pages\/647\/revisions"}],"wp:attachment":[{"href":"https:\/\/jianguohiddenhotel.com\/it\/wp-json\/wp\/v2\/media?parent=647"}],"curies":[{"name":"parola chiave","href":"https:\/\/api.w.org\/{rel}","templated":true}]}}